{"id":1637,"date":"2024-10-26T06:40:08","date_gmt":"2024-10-26T06:40:08","guid":{"rendered":"https:\/\/nembutalhouse.com\/?post_type=product&#038;p=1637"},"modified":"2026-02-25T11:21:03","modified_gmt":"2026-02-25T11:21:03","slug":"ghb-liquide","status":"publish","type":"product","link":"https:\/\/nembutalhouse.com\/da\/vare\/ghb-vaeske\/","title":{"rendered":"Buy GHB Liquide Online"},"content":{"rendered":"<h2>PULVER TIL GAMMA-BUTYROLACTON<\/h2>\n<p>Gamma-butyrolactonpulver, ogs\u00e5 kendt som \u03b3-butyrolacton eller GBL, er et vandopl\u00f8seligt, hygroskopisk stof med en svag, karakteristisk lugt K\u00f8b GHB Liquid .<br \/>\nUd over at blive brugt som aromakemikalie, malingfjerner, pletfjerner og opl\u00f8sningsmiddel i visse v\u00e5de elektrolytiske aluminiumskondensatorer, <a href=\"https:\/\/nembutalhouse.com\/da\/vare\/ghb\/\">GHB<\/a> er et meget anvendt reagens og opl\u00f8sningsmiddel i kemien.<\/p>\n<p>Gamma-butyrolacton i pulverform, ogs\u00e5 kendt som \"geeb\", er et gennemsigtigt flydende opl\u00f8sningsmiddel.<\/p>\n<p>Det er et prodrug - det vil sige, at kroppen naturligt omdanner det til det ulovlige kemikalie GHB - for GHB <a href=\"https:\/\/nembutalhouse.com\/da\/\">NembutalHouse<\/a>.<\/p>\n<p>Pulveriseret gamma-butyrolacton, Det lugter n\u00e6sten pr\u00e6cis, som du ville forvente, at et industrielt opl\u00f8sningsmiddel lugter, og det tilbydes p\u00e5 det sorte marked under navnene \"rustfjerner\" og \"legeringsrens\".<\/p>\n<p>Det er sv\u00e6rt at opbevare, det er n\u00f8dvendigt. Det kr\u00e6ver en glasflaske eller en flaske lavet af en bestemt slags plastik, hvilket g\u00f8r opbevaring vanskelig. Det er i stand til at smelte gennem de fleste polymerer. L\u00e6kkert!<\/p>\n<h3>Alternative navne<\/h3>\n<p>GBL, <a href=\"https:\/\/en.wikipedia.org\/wiki\/%CE%93-Hydroxybutyric_acid\">gamma-hydroxysm\u00f8rsyre<\/a> syrelacton, 4-hydroxysm\u00f8rsyrelacton, butyrolacton, 1,4-lacton, 4-butyrolacton og oxolan-2-on<\/p>\n<p>Identifikatorer<\/p>\n<p>CAS-nummer: 96-48-0<\/p>\n<p>PubChem 7302<\/p>\n<p>ChemSpider 7029<\/p>\n<p>OL659KIY4X i UNII<\/p>\n<p>DB04699 i DrugBank<\/p>\n<p>KEGG C01770<\/p>\n<p>ChEBI CHEBI: 42639<\/p>\n<p>CHEMBL CHEMBL95681<\/p>\n<p>Nummer LU3500000 til RTECS<\/p>\n<p>Jmol-3D billeder Billede 1<\/p>\n<p>Formel for molekyler C4H6O2.<\/p>\n<p>Molarmasse 86,09 g mol-1<\/p>\n<p>Se farvel\u00f8s v\u00e6ske<\/p>\n<p>Massefylde 15. \u00b0C (1,1286 g\/mL), 20 \u00b0C (1,1296 g\/mL)<\/p>\n<p>Smeltepunkt: -43,53 \u00b0C (-46,35 \u00b0F; 229,62 K)<\/p>\n<p>204 \u00b0C er kogepunktet (399 \u00b0F; 477 K).<\/p>\n<p>Vandopl\u00f8selighed: Blandbar<\/p>\n<p>Opl\u00f8selighed: opl\u00f8selig i ethylether, benzen, methanol, ethanol, acetone og CCl4.<\/p>\n<p>pH (i pKa): 4.5<\/p>\n<p>Brydningsindeks (nD): 1.435, 1.4341 (20 \u00b0C)<\/p>\n<p>Viskositet: 1,7<\/p>\n<p>Viskositeten ved 25 \u00b0C er 1,7 cp.<\/p>\n<p>Risici<\/p>\n<p>R-ord R22 R36<\/p>\n<p>S-ord S26 S36<\/p>\n<p>De st\u00f8rste farer<\/p>\n<p>Flammepunkt (lukket b\u00e6ger): 98 \u00b0C (208 \u00b0F; 371 K).<\/p>\n<p>LD50 17,2 mL\/kg (oral dosis til rotte)<\/p>\n<p>Data er angivet for materialer i deres standardtilstand, som er ved 25 \u00b0C (77 \u00b0F), 100 kPa, medmindre andet er angivet K\u00f8b GHB Liquid .<\/p>\n<p>&nbsp;<\/p>\n<p>&nbsp;<\/p>","protected":false},"excerpt":{"rendered":"<p><strong>GHB v\u00e6ske - h\u00f8j renhed til forskning og anvendelse<\/strong><\/p>\n<p><strong>GHB v\u00e6ske<\/strong> (Gamma-hydroxysm\u00f8rsyre) er en yderst effektiv forbindelse, der er kendt for sin enest\u00e5ende renhed og alsidighed. GHB Liquid er perfekt egnet til videnskabelige unders\u00f8gelser og farmaceutiske anvendelser og giver pr\u00e6cise resultater og ensartet ydeevne.<\/p>\n<h3><strong>Egenskaber ved GHB Liquid:<\/strong><\/h3>\n<ul>\n<li><strong>Kemisk formel<\/strong>: C4H8O3<\/li>\n<li><strong>Molekylv\u00e6gt<\/strong>: 104,1 g\/mol<\/li>\n<li><strong>Renhed<\/strong>: Garanteret 99%-renhed, ideel til kontrollerede anvendelser.<\/li>\n<li><strong>Udseende<\/strong>: Klar, farvel\u00f8s v\u00e6ske med en stabil kemisk struktur.<\/li>\n<\/ul>","protected":false},"featured_media":600,"comment_status":"closed","ping_status":"closed","template":"","meta":{"_joinchat":[]},"product_cat":[186],"product_tag":[],"class_list":{"0":"post-1637","1":"product","2":"type-product","3":"status-publish","4":"has-post-thumbnail","6":"product_cat-research-chemicals","8":"first","9":"outofstock","10":"shipping-taxable","11":"purchasable","12":"product-type-variable"},"yoast_head":"<!-- This site is optimized with the Yoast SEO plugin v24.1 - https:\/\/yoast.com\/wordpress\/plugins\/seo\/ -->\n<title>Buy GHB Liquid \u2013 High Purity &amp; Discreet Shipping<\/title>\n<meta name=\"description\" content=\"Purchase GHB Liquid with guaranteed high purity. Ideal for scientific research and applications. Reliable service and discreet shipping. Order online now!\" \/>\n<meta name=\"robots\" content=\"index, follow, max-snippet:-1, max-image-preview:large, max-video-preview:-1\" \/>\n<link rel=\"canonical\" href=\"https:\/\/nembutalhouse.com\/da\/vare\/ghb-vaeske\/\" \/>\n<meta property=\"og:locale\" content=\"da_DK\" \/>\n<meta property=\"og:type\" content=\"article\" \/>\n<meta property=\"og:title\" content=\"Buy GHB Liquid \u2013 High Purity &amp; Discreet Shipping\" \/>\n<meta property=\"og:description\" content=\"Purchase GHB Liquid with guaranteed high purity. Ideal for scientific research and applications. Reliable service and discreet shipping. Order online now!\" \/>\n<meta property=\"og:url\" content=\"https:\/\/nembutalhouse.com\/da\/vare\/ghb-vaeske\/\" \/>\n<meta property=\"og:site_name\" content=\"Nembutal House\" \/>\n<meta property=\"article:modified_time\" content=\"2026-02-25T11:21:03+00:00\" \/>\n<meta property=\"og:image\" content=\"https:\/\/nembutalhouse.com\/wp-content\/uploads\/2024\/10\/GHB.gif\" \/>\n\t<meta property=\"og:image:width\" content=\"600\" \/>\n\t<meta property=\"og:image:height\" content=\"600\" \/>\n\t<meta property=\"og:image:type\" content=\"image\/gif\" \/>\n<meta name=\"twitter:card\" content=\"summary_large_image\" \/>\n<meta name=\"twitter:label1\" content=\"Estimeret l\u00e6setid\" \/>\n\t<meta name=\"twitter:data1\" content=\"2 minutter\" \/>\n<script type=\"application\/ld+json\" class=\"yoast-schema-graph\">{\"@context\":\"https:\/\/schema.org\",\"@graph\":[{\"@type\":\"WebPage\",\"@id\":\"https:\/\/nembutalhouse.com\/product\/ghb-liquide\/\",\"url\":\"https:\/\/nembutalhouse.com\/product\/ghb-liquide\/\",\"name\":\"Buy GHB Liquid \u2013 High Purity & Discreet Shipping\",\"isPartOf\":{\"@id\":\"https:\/\/nembutalhouse.com\/#website\"},\"primaryImageOfPage\":{\"@id\":\"https:\/\/nembutalhouse.com\/product\/ghb-liquide\/#primaryimage\"},\"image\":{\"@id\":\"https:\/\/nembutalhouse.com\/product\/ghb-liquide\/#primaryimage\"},\"thumbnailUrl\":\"https:\/\/nembutalhouse.com\/wp-content\/uploads\/2024\/10\/GHB.gif\",\"datePublished\":\"2024-10-26T06:40:08+00:00\",\"dateModified\":\"2026-02-25T11:21:03+00:00\",\"description\":\"Purchase GHB Liquid with guaranteed high purity. Ideal for scientific research and applications. Reliable service and discreet shipping. Order online now!\",\"breadcrumb\":{\"@id\":\"https:\/\/nembutalhouse.com\/product\/ghb-liquide\/#breadcrumb\"},\"inLanguage\":\"da-DK\",\"potentialAction\":[{\"@type\":\"ReadAction\",\"target\":[\"https:\/\/nembutalhouse.com\/product\/ghb-liquide\/\"]}]},{\"@type\":\"ImageObject\",\"inLanguage\":\"da-DK\",\"@id\":\"https:\/\/nembutalhouse.com\/product\/ghb-liquide\/#primaryimage\",\"url\":\"https:\/\/nembutalhouse.com\/wp-content\/uploads\/2024\/10\/GHB.gif\",\"contentUrl\":\"https:\/\/nembutalhouse.com\/wp-content\/uploads\/2024\/10\/GHB.gif\",\"width\":600,\"height\":600,\"caption\":\"Buy GHB Online\"},{\"@type\":\"BreadcrumbList\",\"@id\":\"https:\/\/nembutalhouse.com\/product\/ghb-liquide\/#breadcrumb\",\"itemListElement\":[{\"@type\":\"ListItem\",\"position\":1,\"name\":\"Home\",\"item\":\"https:\/\/nembutalhouse.com\/\"},{\"@type\":\"ListItem\",\"position\":2,\"name\":\"Shop\",\"item\":\"https:\/\/nembutalhouse.com\/shop\/\"},{\"@type\":\"ListItem\",\"position\":3,\"name\":\"Buy GHB Liquide Online\"}]},{\"@type\":\"WebSite\",\"@id\":\"https:\/\/nembutalhouse.com\/#website\",\"url\":\"https:\/\/nembutalhouse.com\/\",\"name\":\"Nembutal House\",\"description\":\"Best Nembutal Online Store\",\"publisher\":{\"@id\":\"https:\/\/nembutalhouse.com\/#organization\"},\"potentialAction\":[{\"@type\":\"SearchAction\",\"target\":{\"@type\":\"EntryPoint\",\"urlTemplate\":\"https:\/\/nembutalhouse.com\/?s={search_term_string}\"},\"query-input\":{\"@type\":\"PropertyValueSpecification\",\"valueRequired\":true,\"valueName\":\"search_term_string\"}}],\"inLanguage\":\"da-DK\"},{\"@type\":\"Organization\",\"@id\":\"https:\/\/nembutalhouse.com\/#organization\",\"name\":\"Nembutal House\",\"url\":\"https:\/\/nembutalhouse.com\/\",\"logo\":{\"@type\":\"ImageObject\",\"inLanguage\":\"da-DK\",\"@id\":\"https:\/\/nembutalhouse.com\/#\/schema\/logo\/image\/\",\"url\":\"https:\/\/nembutalhouse.com\/wp-content\/uploads\/2022\/12\/logo.png\",\"contentUrl\":\"https:\/\/nembutalhouse.com\/wp-content\/uploads\/2022\/12\/logo.png\",\"width\":344,\"height\":103,\"caption\":\"Nembutal House\"},\"image\":{\"@id\":\"https:\/\/nembutalhouse.com\/#\/schema\/logo\/image\/\"}}]}<\/script>\n<!-- \/ Yoast SEO plugin. -->","yoast_head_json":{"title":"Buy GHB Liquid \u2013 High Purity & Discreet Shipping","description":"Purchase GHB Liquid with guaranteed high purity. Ideal for scientific research and applications. Reliable service and discreet shipping. Order online now!","robots":{"index":"index","follow":"follow","max-snippet":"max-snippet:-1","max-image-preview":"max-image-preview:large","max-video-preview":"max-video-preview:-1"},"canonical":"https:\/\/nembutalhouse.com\/da\/vare\/ghb-vaeske\/","og_locale":"da_DK","og_type":"article","og_title":"Buy GHB Liquid \u2013 High Purity & Discreet Shipping","og_description":"Purchase GHB Liquid with guaranteed high purity. Ideal for scientific research and applications. Reliable service and discreet shipping. Order online now!","og_url":"https:\/\/nembutalhouse.com\/da\/vare\/ghb-vaeske\/","og_site_name":"Nembutal House","article_modified_time":"2026-02-25T11:21:03+00:00","og_image":[{"width":600,"height":600,"url":"https:\/\/nembutalhouse.com\/wp-content\/uploads\/2024\/10\/GHB.gif","type":"image\/gif"}],"twitter_card":"summary_large_image","twitter_misc":{"Estimeret l\u00e6setid":"2 minutter"},"schema":{"@context":"https:\/\/schema.org","@graph":[{"@type":"WebPage","@id":"https:\/\/nembutalhouse.com\/product\/ghb-liquide\/","url":"https:\/\/nembutalhouse.com\/product\/ghb-liquide\/","name":"Buy GHB Liquid \u2013 High Purity & Discreet Shipping","isPartOf":{"@id":"https:\/\/nembutalhouse.com\/#website"},"primaryImageOfPage":{"@id":"https:\/\/nembutalhouse.com\/product\/ghb-liquide\/#primaryimage"},"image":{"@id":"https:\/\/nembutalhouse.com\/product\/ghb-liquide\/#primaryimage"},"thumbnailUrl":"https:\/\/nembutalhouse.com\/wp-content\/uploads\/2024\/10\/GHB.gif","datePublished":"2024-10-26T06:40:08+00:00","dateModified":"2026-02-25T11:21:03+00:00","description":"Purchase GHB Liquid with guaranteed high purity. Ideal for scientific research and applications. Reliable service and discreet shipping. Order online now!","breadcrumb":{"@id":"https:\/\/nembutalhouse.com\/product\/ghb-liquide\/#breadcrumb"},"inLanguage":"da-DK","potentialAction":[{"@type":"ReadAction","target":["https:\/\/nembutalhouse.com\/product\/ghb-liquide\/"]}]},{"@type":"ImageObject","inLanguage":"da-DK","@id":"https:\/\/nembutalhouse.com\/product\/ghb-liquide\/#primaryimage","url":"https:\/\/nembutalhouse.com\/wp-content\/uploads\/2024\/10\/GHB.gif","contentUrl":"https:\/\/nembutalhouse.com\/wp-content\/uploads\/2024\/10\/GHB.gif","width":600,"height":600,"caption":"Buy GHB Online"},{"@type":"BreadcrumbList","@id":"https:\/\/nembutalhouse.com\/product\/ghb-liquide\/#breadcrumb","itemListElement":[{"@type":"ListItem","position":1,"name":"Home","item":"https:\/\/nembutalhouse.com\/"},{"@type":"ListItem","position":2,"name":"Shop","item":"https:\/\/nembutalhouse.com\/shop\/"},{"@type":"ListItem","position":3,"name":"Buy GHB Liquide Online"}]},{"@type":"WebSite","@id":"https:\/\/nembutalhouse.com\/#website","url":"https:\/\/nembutalhouse.com\/","name":"Nembutal House","description":"Best Nembutal Online Store","publisher":{"@id":"https:\/\/nembutalhouse.com\/#organization"},"potentialAction":[{"@type":"SearchAction","target":{"@type":"EntryPoint","urlTemplate":"https:\/\/nembutalhouse.com\/?s={search_term_string}"},"query-input":{"@type":"PropertyValueSpecification","valueRequired":true,"valueName":"search_term_string"}}],"inLanguage":"da-DK"},{"@type":"Organization","@id":"https:\/\/nembutalhouse.com\/#organization","name":"Nembutal House","url":"https:\/\/nembutalhouse.com\/","logo":{"@type":"ImageObject","inLanguage":"da-DK","@id":"https:\/\/nembutalhouse.com\/#\/schema\/logo\/image\/","url":"https:\/\/nembutalhouse.com\/wp-content\/uploads\/2022\/12\/logo.png","contentUrl":"https:\/\/nembutalhouse.com\/wp-content\/uploads\/2022\/12\/logo.png","width":344,"height":103,"caption":"Nembutal House"},"image":{"@id":"https:\/\/nembutalhouse.com\/#\/schema\/logo\/image\/"}}]}},"_links":{"self":[{"href":"https:\/\/nembutalhouse.com\/da\/wp-json\/wp\/v2\/product\/1637","targetHints":{"allow":["GET"]}}],"collection":[{"href":"https:\/\/nembutalhouse.com\/da\/wp-json\/wp\/v2\/product"}],"about":[{"href":"https:\/\/nembutalhouse.com\/da\/wp-json\/wp\/v2\/types\/product"}],"replies":[{"embeddable":true,"href":"https:\/\/nembutalhouse.com\/da\/wp-json\/wp\/v2\/comments?post=1637"}],"wp:featuredmedia":[{"embeddable":true,"href":"https:\/\/nembutalhouse.com\/da\/wp-json\/wp\/v2\/media\/600"}],"wp:attachment":[{"href":"https:\/\/nembutalhouse.com\/da\/wp-json\/wp\/v2\/media?parent=1637"}],"wp:term":[{"taxonomy":"product_cat","embeddable":true,"href":"https:\/\/nembutalhouse.com\/da\/wp-json\/wp\/v2\/product_cat?post=1637"},{"taxonomy":"product_tag","embeddable":true,"href":"https:\/\/nembutalhouse.com\/da\/wp-json\/wp\/v2\/product_tag?post=1637"}],"curies":[{"name":"wp","href":"https:\/\/api.w.org\/{rel}","templated":true}]}}