{"id":15,"date":"2022-12-13T18:41:56","date_gmt":"2022-12-13T18:41:56","guid":{"rendered":"https:\/\/nembutalhouse.com\/?post_type=product&#038;p=15"},"modified":"2026-03-06T11:08:44","modified_gmt":"2026-03-06T11:08:44","slug":"buy-nembutal-powder-online","status":"publish","type":"product","link":"https:\/\/nembutalhouse.com\/da\/vare\/kob-nembutal-pulver-online\/","title":{"rendered":"K\u00f8b Nembutal Powder Online"},"content":{"rendered":"<h2 style=\"text-align: justify;\">K\u00f8b Nembutal Powder Online<\/h2>\n<p style=\"text-align: justify;\">If you are looking to buy the best quality Nembutal powder, our shop is perfect choice for you. Our quality product meets your expectations and delivers the comfort you have always desired from Nembutal powder. All our pentobarbital products are lab tested to ensure the highest quality first to customers. So now we have a reputation that we have to maintain.<\/p>\n<h3 style=\"text-align: justify;\">S\u00e6lg \u00e6gte Nembutal-pulver online:<\/h3>\n<p style=\"text-align: justify;\">At finde Nembutal-pulverleverand\u00f8rer, der leverer \u00e6gte pulver online, kan v\u00e6re ret vanskeligt det meste af tiden. Mange s\u00e6lgere svindel s\u00e6lger Nembutal pulver online, og renheden af pulveret er ogs\u00e5 tvivlsom. De fleste af dem kender ikke fakta, s\u00e5som oprindelsen af dette stof og metoden til distribution og kontrol af Nembutal-pulver. Og du kan st\u00f8de p\u00e5 en del af dem. Men fik ingen resultater med det produkt, du k\u00f8bte. Det er derfor, vi er her for at give dig 100 % \u00e6gte pentobarbital, s\u00e5 du effektivt kan \u00e6ndre dit liv, s\u00e5 du kan <a href=\"https:\/\/en.wikipedia.org\/?title=Nembutal&amp;redirect=no\"><strong>k\u00f8b Nembutal pulver<\/strong><\/a> fra os.<\/p>\n<h3 style=\"text-align: justify;\">Opn\u00e5 den alsidige brug af Nembutal:<\/h3>\n<p style=\"text-align: justify;\">Nembutal pulver er alsidigt, fordi du kan bruge det p\u00e5 forskellige m\u00e5der alt efter dine behov. Derfor er Nembutal perfekt alsidig. Hvis du vil g\u00f8re det til en v\u00e6ske til brug p\u00e5 anden m\u00e5de, kan du g\u00f8re det ved at fortynde det med vand. Eutanasi er et meget kontroversielt emne. Du kan bestille Nembutal pulver online via vores side. Men n\u00e5r det kommer til eutanasistadiet, eller kort sagt, processen med at f\u00e5 sj\u00e6le ud af universet, udf\u00f8res perfekt med brugen af Nembutal-pulver. Processen med at lave pentobarbital foreg\u00e5r, og det er derfra, det meste af Nembutal kommer.<\/p>\n<p style=\"text-align: justify;\">N\u00e5r du k\u00f8ber Nembutal-pulver online, vil du vide, at vi er den mest betroede Nembutal-pulverleverand\u00f8r. Vi leverer det mest autentiske <a href=\"https:\/\/nembutalhouse.com\/da\/vare\/kob-nembutal-pulver-online\/\"><strong>Nembutal pulver til salg<\/strong><\/a>. F\u00e5 din Nembutal pulver levering fra os blot ved at afgive en online ordre.<\/p>\n<h3 style=\"text-align: justify;\">Hvorfor Nembutal pulver?<\/h3>\n<p style=\"text-align: justify;\">Klassen af Nembutal-pulveret kendt som barbiturater. Opfundet i slutningen af det 19. \u00e5rhundrede, undertrykker disse handlinger forskellige aspekter af hjernefunktionen. Barbiturater bruges til mange form\u00e5l. Disse omfatter behandling af s\u00f8vnforstyrrelser, epilepsi og hjerneskader \u2013 samt generel an\u00e6stesi og psykiatri. Du skal unders\u00f8ge det bedste sted at k\u00f8be Nembutal-pulver.<\/p>\n<p style=\"text-align: justify;\">Barbiturater er kendt for at give sedation og kan bruges effektivt til at lindre n\u00f8d. I h\u00f8j volumen kan disse l\u00e6gemidler for\u00e5rsage respirationsdepression og d\u00f8d p\u00e5 grund af de risici, der er forbundet med overdosering. De er s\u00e5ledes blevet trukket tilbage fra normal medicinsk brug i l\u00f8bet af de seneste 20 \u00e5r.<\/p>\n<p style=\"text-align: justify;\">L\u00e6gemidlet kan nu f\u00e5s direkte fra producenten eller <a href=\"https:\/\/nembutalhouse.com\/da\/\" target=\"_blank\" rel=\"noopener\"><strong>k\u00f8b Nembutal online<\/strong><\/a>. Ud over l\u00e6gekonsultation, familiest\u00f8tte og andre foranstaltninger kr\u00e6ver brug af disse behandlinger ofte en masse dygtighed og forvirring om, hvor man kan k\u00f8be Nembutal-pulver.<\/p>\n<p style=\"text-align: justify;\">Ikke alene er argumentet om behovet for d\u00f8dshj\u00e6lp forkert. Men at legalisere eutanasi og Nembutal med det vil sandsynligvis v\u00e6re ineffektivt. Dette vil resultere i begr\u00e6nset adgang til passende pleje for de fleste patienter, som ikke opfylder de strenge kriterier for d\u00f8dshj\u00e6lp.<\/p>","protected":false},"excerpt":{"rendered":"<p>Hvert gram pulver indeholder 750 milligram (mg) nembutalpulver.<\/p>","protected":false},"featured_media":17,"comment_status":"open","ping_status":"closed","template":"","meta":{"_joinchat":[]},"product_cat":[16],"product_tag":[556,545,17,537,547,538,18,19,554,551,20,544,21,22,23,24,25,26,27,28,29,30,31,32,560,33,542,34,561,549,552,539,559,557,548,558,35,36,37,38,39,541,40,41,42,43,555,553,44,550,45,46,543,47,546,540],"class_list":{"0":"post-15","1":"product","2":"type-product","3":"status-publish","4":"has-post-thumbnail","6":"product_cat-nembutal","7":"product_tag-best-cheap-price-nembutal-powder","8":"product_tag-best-place-to-buy-nembutal-powder","9":"product_tag-buy-nembutal-online","10":"product_tag-buy-nembutal-powder","11":"product_tag-buy-nembutal-powder-legally","12":"product_tag-buy-nembutal-powder-online","13":"product_tag-buy-nembutal-powder-online-without-prescription","14":"product_tag-buy-nembutal-uk","15":"product_tag-cheap-nembutal-powders","16":"product_tag-high-quality-nembutal-powder","17":"product_tag-how-can-i-get-nembutal","18":"product_tag-how-to-buy-nembutal-powder","19":"product_tag-how-to-make-nembutal","20":"product_tag-how-to-obtain-nembutal","21":"product_tag-how-to-purchase-nembutal","22":"product_tag-nembutal","23":"product_tag-nembutal-buy","24":"product_tag-nembutal-buy-india","25":"product_tag-nembutal-for-sale","26":"product_tag-nembutal-for-sale-online","27":"product_tag-nembutal-for-sale-usa","28":"product_tag-nembutal-order-online","29":"product_tag-nembutal-pentobarbital-for-sale-in-usa","30":"product_tag-nembutal-pentobarbital-sodium-for-sale","31":"product_tag-nembutal-powder-for-cleaning","32":"product_tag-nembutal-powder-for-sale","33":"product_tag-nembutal-powder-liquid","34":"product_tag-nembutal-powder-near-me","35":"product_tag-nembutal-powder-powder","36":"product_tag-nembutal-powder-price","37":"product_tag-nembutal-powder-store","38":"product_tag-nembutal-powder-supplier","39":"product_tag-nembutal-powder-wiki","40":"product_tag-nembutal-powder-worldwide","41":"product_tag-nembutal-powders-online","42":"product_tag-nembutal-powders-use","43":"product_tag-nembutal-sodium","44":"product_tag-nembutal-suicide","45":"product_tag-nembutal-where-to-buy","46":"product_tag-order-nembutal","47":"product_tag-order-nembutal-online","48":"product_tag-order-nembutal-powder","49":"product_tag-order-nembutal-powder-online","50":"product_tag-pentobarbital","51":"product_tag-pentobarbital-for-sale","52":"product_tag-pentobarbital-vs-phenobarbital","53":"product_tag-purcharse-nembutal-powder","54":"product_tag-shop-nembutal-powder","55":"product_tag-sodium-pentobarbital","56":"product_tag-top-quality-nembutal-powder","57":"product_tag-what-is-nembutal","58":"product_tag-where-to-buy-nembutal","59":"product_tag-where-to-buy-nembutal-powder","60":"product_tag-where-to-buy-nembutal-powder-online","61":"product_tag-where-to-order-nembutal-powder","62":"product_tag-wholesale-nembutal-powder-bulk-online","64":"first","65":"instock","66":"shipping-taxable","67":"purchasable","68":"product-type-variable","69":"has-default-attributes"},"yoast_head":"<!-- This site is optimized with the Yoast SEO plugin v24.1 - https:\/\/yoast.com\/wordpress\/plugins\/seo\/ -->\n<title>Buy Nembutal Powder Online - Nembutal Powder for Sale<\/title>\n<meta name=\"description\" content=\"You can buy nembutal powder online at the best prices from our online store. We have cheap and high-quality nembutal powder for sale and providing worldwide delivery. You can order from anytime, anywhere.\" \/>\n<meta name=\"robots\" content=\"index, follow, max-snippet:-1, max-image-preview:large, max-video-preview:-1\" \/>\n<link rel=\"canonical\" href=\"https:\/\/nembutalhouse.com\/da\/vare\/kob-nembutal-pulver-online\/\" \/>\n<meta property=\"og:locale\" content=\"da_DK\" \/>\n<meta property=\"og:type\" content=\"article\" \/>\n<meta property=\"og:title\" content=\"Buy Nembutal Powder Online - Nembutal Powder for Sale\" \/>\n<meta property=\"og:description\" content=\"You can buy nembutal powder online at the best prices from our online store. We have cheap and high-quality nembutal powder for sale and providing worldwide delivery. You can order from anytime, anywhere.\" \/>\n<meta property=\"og:url\" content=\"https:\/\/nembutalhouse.com\/da\/vare\/kob-nembutal-pulver-online\/\" \/>\n<meta property=\"og:site_name\" content=\"Nembutal House\" \/>\n<meta property=\"article:modified_time\" content=\"2026-03-06T11:08:44+00:00\" \/>\n<meta property=\"og:image\" content=\"https:\/\/nembutalhouse.com\/wp-content\/uploads\/2022\/12\/nembutal-powder.jpg\" \/>\n\t<meta property=\"og:image:width\" content=\"1000\" \/>\n\t<meta property=\"og:image:height\" content=\"1000\" \/>\n\t<meta property=\"og:image:type\" content=\"image\/jpeg\" \/>\n<meta name=\"twitter:card\" content=\"summary_large_image\" \/>\n<meta name=\"twitter:label1\" content=\"Estimeret l\u00e6setid\" \/>\n\t<meta name=\"twitter:data1\" content=\"3 minutter\" \/>\n<script type=\"application\/ld+json\" class=\"yoast-schema-graph\">{\"@context\":\"https:\/\/schema.org\",\"@graph\":[{\"@type\":\"WebPage\",\"@id\":\"https:\/\/nembutalhouse.com\/product\/buy-nembutal-powder-online\/\",\"url\":\"https:\/\/nembutalhouse.com\/product\/buy-nembutal-powder-online\/\",\"name\":\"Buy Nembutal Powder Online - Nembutal Powder for Sale\",\"isPartOf\":{\"@id\":\"https:\/\/nembutalhouse.com\/#website\"},\"primaryImageOfPage\":{\"@id\":\"https:\/\/nembutalhouse.com\/product\/buy-nembutal-powder-online\/#primaryimage\"},\"image\":{\"@id\":\"https:\/\/nembutalhouse.com\/product\/buy-nembutal-powder-online\/#primaryimage\"},\"thumbnailUrl\":\"https:\/\/nembutalhouse.com\/wp-content\/uploads\/2022\/12\/nembutal-powder.jpg\",\"datePublished\":\"2022-12-13T18:41:56+00:00\",\"dateModified\":\"2026-03-06T11:08:44+00:00\",\"description\":\"You can buy nembutal powder online at the best prices from our online store. We have cheap and high-quality nembutal powder for sale and providing worldwide delivery. You can order from anytime, anywhere.\",\"breadcrumb\":{\"@id\":\"https:\/\/nembutalhouse.com\/product\/buy-nembutal-powder-online\/#breadcrumb\"},\"inLanguage\":\"da-DK\",\"potentialAction\":[{\"@type\":\"ReadAction\",\"target\":[\"https:\/\/nembutalhouse.com\/product\/buy-nembutal-powder-online\/\"]}]},{\"@type\":\"ImageObject\",\"inLanguage\":\"da-DK\",\"@id\":\"https:\/\/nembutalhouse.com\/product\/buy-nembutal-powder-online\/#primaryimage\",\"url\":\"https:\/\/nembutalhouse.com\/wp-content\/uploads\/2022\/12\/nembutal-powder.jpg\",\"contentUrl\":\"https:\/\/nembutalhouse.com\/wp-content\/uploads\/2022\/12\/nembutal-powder.jpg\",\"width\":1000,\"height\":1000,\"caption\":\"buy nembutal powder online\"},{\"@type\":\"BreadcrumbList\",\"@id\":\"https:\/\/nembutalhouse.com\/product\/buy-nembutal-powder-online\/#breadcrumb\",\"itemListElement\":[{\"@type\":\"ListItem\",\"position\":1,\"name\":\"Home\",\"item\":\"https:\/\/nembutalhouse.com\/\"},{\"@type\":\"ListItem\",\"position\":2,\"name\":\"Shop\",\"item\":\"https:\/\/nembutalhouse.com\/shop\/\"},{\"@type\":\"ListItem\",\"position\":3,\"name\":\"Buy Nembutal Powder Online\"}]},{\"@type\":\"WebSite\",\"@id\":\"https:\/\/nembutalhouse.com\/#website\",\"url\":\"https:\/\/nembutalhouse.com\/\",\"name\":\"Nembutal House\",\"description\":\"Best Nembutal Online Store\",\"publisher\":{\"@id\":\"https:\/\/nembutalhouse.com\/#organization\"},\"potentialAction\":[{\"@type\":\"SearchAction\",\"target\":{\"@type\":\"EntryPoint\",\"urlTemplate\":\"https:\/\/nembutalhouse.com\/?s={search_term_string}\"},\"query-input\":{\"@type\":\"PropertyValueSpecification\",\"valueRequired\":true,\"valueName\":\"search_term_string\"}}],\"inLanguage\":\"da-DK\"},{\"@type\":\"Organization\",\"@id\":\"https:\/\/nembutalhouse.com\/#organization\",\"name\":\"Nembutal House\",\"url\":\"https:\/\/nembutalhouse.com\/\",\"logo\":{\"@type\":\"ImageObject\",\"inLanguage\":\"da-DK\",\"@id\":\"https:\/\/nembutalhouse.com\/#\/schema\/logo\/image\/\",\"url\":\"https:\/\/nembutalhouse.com\/wp-content\/uploads\/2022\/12\/logo.png\",\"contentUrl\":\"https:\/\/nembutalhouse.com\/wp-content\/uploads\/2022\/12\/logo.png\",\"width\":344,\"height\":103,\"caption\":\"Nembutal House\"},\"image\":{\"@id\":\"https:\/\/nembutalhouse.com\/#\/schema\/logo\/image\/\"}}]}<\/script>\n<!-- \/ Yoast SEO plugin. -->","yoast_head_json":{"title":"Buy Nembutal Powder Online - Nembutal Powder for Sale","description":"You can buy nembutal powder online at the best prices from our online store. We have cheap and high-quality nembutal powder for sale and providing worldwide delivery. You can order from anytime, anywhere.","robots":{"index":"index","follow":"follow","max-snippet":"max-snippet:-1","max-image-preview":"max-image-preview:large","max-video-preview":"max-video-preview:-1"},"canonical":"https:\/\/nembutalhouse.com\/da\/vare\/kob-nembutal-pulver-online\/","og_locale":"da_DK","og_type":"article","og_title":"Buy Nembutal Powder Online - Nembutal Powder for Sale","og_description":"You can buy nembutal powder online at the best prices from our online store. We have cheap and high-quality nembutal powder for sale and providing worldwide delivery. You can order from anytime, anywhere.","og_url":"https:\/\/nembutalhouse.com\/da\/vare\/kob-nembutal-pulver-online\/","og_site_name":"Nembutal House","article_modified_time":"2026-03-06T11:08:44+00:00","og_image":[{"width":1000,"height":1000,"url":"https:\/\/nembutalhouse.com\/wp-content\/uploads\/2022\/12\/nembutal-powder.jpg","type":"image\/jpeg"}],"twitter_card":"summary_large_image","twitter_misc":{"Estimeret l\u00e6setid":"3 minutter"},"schema":{"@context":"https:\/\/schema.org","@graph":[{"@type":"WebPage","@id":"https:\/\/nembutalhouse.com\/product\/buy-nembutal-powder-online\/","url":"https:\/\/nembutalhouse.com\/product\/buy-nembutal-powder-online\/","name":"Buy Nembutal Powder Online - Nembutal Powder for Sale","isPartOf":{"@id":"https:\/\/nembutalhouse.com\/#website"},"primaryImageOfPage":{"@id":"https:\/\/nembutalhouse.com\/product\/buy-nembutal-powder-online\/#primaryimage"},"image":{"@id":"https:\/\/nembutalhouse.com\/product\/buy-nembutal-powder-online\/#primaryimage"},"thumbnailUrl":"https:\/\/nembutalhouse.com\/wp-content\/uploads\/2022\/12\/nembutal-powder.jpg","datePublished":"2022-12-13T18:41:56+00:00","dateModified":"2026-03-06T11:08:44+00:00","description":"You can buy nembutal powder online at the best prices from our online store. We have cheap and high-quality nembutal powder for sale and providing worldwide delivery. You can order from anytime, anywhere.","breadcrumb":{"@id":"https:\/\/nembutalhouse.com\/product\/buy-nembutal-powder-online\/#breadcrumb"},"inLanguage":"da-DK","potentialAction":[{"@type":"ReadAction","target":["https:\/\/nembutalhouse.com\/product\/buy-nembutal-powder-online\/"]}]},{"@type":"ImageObject","inLanguage":"da-DK","@id":"https:\/\/nembutalhouse.com\/product\/buy-nembutal-powder-online\/#primaryimage","url":"https:\/\/nembutalhouse.com\/wp-content\/uploads\/2022\/12\/nembutal-powder.jpg","contentUrl":"https:\/\/nembutalhouse.com\/wp-content\/uploads\/2022\/12\/nembutal-powder.jpg","width":1000,"height":1000,"caption":"buy nembutal powder online"},{"@type":"BreadcrumbList","@id":"https:\/\/nembutalhouse.com\/product\/buy-nembutal-powder-online\/#breadcrumb","itemListElement":[{"@type":"ListItem","position":1,"name":"Home","item":"https:\/\/nembutalhouse.com\/"},{"@type":"ListItem","position":2,"name":"Shop","item":"https:\/\/nembutalhouse.com\/shop\/"},{"@type":"ListItem","position":3,"name":"Buy Nembutal Powder Online"}]},{"@type":"WebSite","@id":"https:\/\/nembutalhouse.com\/#website","url":"https:\/\/nembutalhouse.com\/","name":"Nembutal House","description":"Best Nembutal Online Store","publisher":{"@id":"https:\/\/nembutalhouse.com\/#organization"},"potentialAction":[{"@type":"SearchAction","target":{"@type":"EntryPoint","urlTemplate":"https:\/\/nembutalhouse.com\/?s={search_term_string}"},"query-input":{"@type":"PropertyValueSpecification","valueRequired":true,"valueName":"search_term_string"}}],"inLanguage":"da-DK"},{"@type":"Organization","@id":"https:\/\/nembutalhouse.com\/#organization","name":"Nembutal House","url":"https:\/\/nembutalhouse.com\/","logo":{"@type":"ImageObject","inLanguage":"da-DK","@id":"https:\/\/nembutalhouse.com\/#\/schema\/logo\/image\/","url":"https:\/\/nembutalhouse.com\/wp-content\/uploads\/2022\/12\/logo.png","contentUrl":"https:\/\/nembutalhouse.com\/wp-content\/uploads\/2022\/12\/logo.png","width":344,"height":103,"caption":"Nembutal House"},"image":{"@id":"https:\/\/nembutalhouse.com\/#\/schema\/logo\/image\/"}}]}},"_links":{"self":[{"href":"https:\/\/nembutalhouse.com\/da\/wp-json\/wp\/v2\/product\/15","targetHints":{"allow":["GET"]}}],"collection":[{"href":"https:\/\/nembutalhouse.com\/da\/wp-json\/wp\/v2\/product"}],"about":[{"href":"https:\/\/nembutalhouse.com\/da\/wp-json\/wp\/v2\/types\/product"}],"replies":[{"embeddable":true,"href":"https:\/\/nembutalhouse.com\/da\/wp-json\/wp\/v2\/comments?post=15"}],"wp:featuredmedia":[{"embeddable":true,"href":"https:\/\/nembutalhouse.com\/da\/wp-json\/wp\/v2\/media\/17"}],"wp:attachment":[{"href":"https:\/\/nembutalhouse.com\/da\/wp-json\/wp\/v2\/media?parent=15"}],"wp:term":[{"taxonomy":"product_cat","embeddable":true,"href":"https:\/\/nembutalhouse.com\/da\/wp-json\/wp\/v2\/product_cat?post=15"},{"taxonomy":"product_tag","embeddable":true,"href":"https:\/\/nembutalhouse.com\/da\/wp-json\/wp\/v2\/product_tag?post=15"}],"curies":[{"name":"wp","href":"https:\/\/api.w.org\/{rel}","templated":true}]}}