{"id":1479,"date":"2024-10-16T11:51:00","date_gmt":"2024-10-16T11:51:00","guid":{"rendered":"https:\/\/nembutalhouse.com\/?post_type=product&#038;p=1479"},"modified":"2026-02-26T12:56:27","modified_gmt":"2026-02-26T12:56:27","slug":"buy-4-fluorococaine-4-fc-online","status":"publish","type":"product","link":"https:\/\/nembutalhouse.com\/da\/vare\/buy-4-fluorococaine-4-fc-online\/","title":{"rendered":"Buy 4-Fluorococaine (4-FC) Online"},"content":{"rendered":"<h2>Buy 4-Fluorococaine (4-FC) Online<\/h2>\n<p>Det h\u00e6mmer genoptagelsen af dopamin, men er en meget st\u00e6rkere serotonin-genoptagelsesh\u00e6mmer. Det har f\u00f8rt til forskellige resultater i dyrefors\u00f8g.<\/p>\n<p>4Fluorococain har samme potentiale som kokain, men kan v\u00e6re meget kraftigere som f\u00f8lge af den st\u00e6rkere genoptagelse af serotonin. <a href=\"https:\/\/en.wikipedia.org\/wiki\/4%E2%80%B2-Fluorococaine\">4Fluorococain<\/a> kan derfor ikke sammenlignes med CFT eller 2\u2032-hydroxy-analog salicylmethylecgonin<\/p>\n<h3>Systematisk (IUPAC) navn<\/h3>\n<p>methyl (1R,2R,3S,5S)-3-<a href=\"https:\/\/nembutalhouse.com\/da\/vare\/buy-4-fluorococaine-4-fc-online\/\">(4-fluorobenzoyloxy)<\/a>-8-methyl-8-azabicyclo[3.2.1] octane-2-carboxylate<\/p>\n<p>Kliniske data<\/p>\n<p>Graviditets-kat.?<\/p>\n<p>Juridisk status?<\/p>\n<p>Identifikatorer<\/p>\n<p>CAS-nummer 134507-62-3<\/p>\n<p>ATC-kode?<\/p>\n<p>PubChem CID 126112<\/p>\n<p>ChemSpider 112124 Ja<\/p>\n<p>Kemiske data<\/p>\n<p>Formel C17H20FNO4<\/p>\n<p>Mol. masse 321.343<\/p>\n<h3>NEMBUTALHUS KEMIKALIER<\/h3>\n<h3>VI LEVERER FORSKNINGSKEMIKALIER TIL HELE VERDEN<\/h3>\n<p>trov\u00e6rdige, kontrollerede, verificerede, sikre og autoriserede leverand\u00f8rer af forskningskemikalier<\/p>\n<p>Vi pr\u00e6senterer NembutalHouse , en velrenommeret leverand\u00f8r af forskningskemikalier, der leverer banebrydende materialer til dine projekter. Du har brug for en leverand\u00f8r, du kan stole p\u00e5, til at tilbyde kemikalier, der er 100% autentiske og rene, og du kan v\u00e6re sikker p\u00e5 dette, n\u00e5r du arbejder med os. Vi er meget stolte af vores omd\u00f8mme som en af de mest velrenommerede leverand\u00f8rer i internetbranchen, som vi har opbygget gennem vores engagement i kvalitet og videnskabelig integritet.<\/p>\n<p>Vores kunder kan drage fordel af vores forskellige betalingsmuligheder, p\u00e5lidelige levering og det bredeste udvalg af forskningskemikalier. P\u00e5 denne m\u00e5de kan vi hj\u00e6lpe flere forskere p\u00e5 tv\u00e6rs af alle kontinenter med at finde de ualmindelige og sj\u00e6ldent studerede forskningsressourcer, der regelm\u00e6ssigt kan p\u00e5virke forskningen inden for fysik, kemi, biologi eller farmakologi betydeligt. Vi udforsker l\u00f8bende metoder til at forbedre vores tilbud og tilf\u00f8jer, hvor det er muligt, nye forskningskemikalier til vores produktliste for at opfylde vores form\u00e5l.<\/p>\n<p>Afh\u00e6ngigt af deres umiddelbare behov kan vores kunder k\u00f8be ordrer i st\u00f8rre eller mindre antal. Vi bestr\u00e6ber os p\u00e5 at v\u00e6re inkluderende og hensynsfulde over for de pr\u00e6ferencer, som vores kunder over hele verden giver udtryk for, ud over at levere forskningskemikalier, som vores kunder specifikt \u00f8nsker. Vores ultimative m\u00e5l er at lette det videnskabelige samfunds adgang til forskningskemikalier af h\u00f8j kvalitet til en overkommelig pris og samtidig fremme viden p\u00e5 en teknisk m\u00e5de.<\/p>\n<p>Please be advised that research products are delivered by <a href=\"https:\/\/nembutalhouse.com\/da\/\">NembutalHouse<\/a> Company.<\/p>\n<p>V\u00e6r opm\u00e6rksom p\u00e5, at NembutalHouse Company kun tillader streng brug af sine forskningsartikler til legitime videnskabelige unders\u00f8gelser, der udf\u00f8res i sikre, kontrollerede laboratoriemilj\u00f8er i overensstemmelse med lokale love og regler. Vores varer er strengt forbudt til konsum, uanset hvad.<\/p>\n<p>First Research Chemical Store, Inc.<\/p>\n<p>4-benzokokain (4-FC)<\/p>","protected":false},"excerpt":{"rendered":"<p>Buy 4-Fluorococaine (4-FC) Online It inhibits a reuptake of dopamine, but is a much stronger serotonin reuptake inhibitor. This has lead to various results in animal studies. 4Fluorococaine has the&hellip;<\/p>","protected":false},"featured_media":1571,"comment_status":"open","ping_status":"closed","template":"","meta":{"_joinchat":[]},"product_cat":[181],"product_tag":[1758,1776,1753,1764,1765,1768,1754,1774,1775,1773,1772,1761,1751,1763,1752,1770,1767,1760,1756,1757,1771,1769,1766,1759,1762,1755],"class_list":{"0":"post-1479","1":"product","2":"type-product","3":"status-publish","4":"has-post-thumbnail","6":"product_cat-cocaine","7":"product_tag-4fluorococaine-powder","8":"product_tag-4fluorococaine-powder-for-cleaning","9":"product_tag-4fluorococaine-powder-for-sale","10":"product_tag-4fluorococaine-powder-online","11":"product_tag-4fluorococaine-powder-price","12":"product_tag-4fluorococaine-powder-store","13":"product_tag-4fluorococaine-powder-supplier","14":"product_tag-4fluorococaine-powder-use","15":"product_tag-4fluorococaine-powder-wiki","16":"product_tag-4fluorococaine-powder-worldwide","17":"product_tag-best-cheap-price-4fluorococaine-powder","18":"product_tag-best-place-to-buy-4fluorococaine-powder","19":"product_tag-buy-4fluorococaine-powder","20":"product_tag-buy-4fluorococaine-powder-legally","21":"product_tag-buy-4fluorococaine-powder-online","22":"product_tag-cheap-4fluorococaine-powder","23":"product_tag-high-quality-4fluorococaine-powder","24":"product_tag-how-to-buy-4fluorococaine-powder","25":"product_tag-order-4fluorococaine-powder","26":"product_tag-order-4fluorococaine-powder-online","27":"product_tag-purcharse-4fluorococaine-powder-powder","28":"product_tag-shop-4fluorococaine-powder","29":"product_tag-top-quality-4fluorococaine-powder","30":"product_tag-where-to-buy-4fluorococaine-powder","31":"product_tag-where-to-order-4fluorococaine-powder","32":"product_tag-wholesale-4fluorococaine-powder-bulk-online","34":"first","35":"instock","36":"shipping-taxable","37":"purchasable","38":"product-type-variable"},"yoast_head":"<!-- This site is optimized with the Yoast SEO plugin v24.1 - https:\/\/yoast.com\/wordpress\/plugins\/seo\/ -->\n<title>Buy 4Fluorococaine Online - 4Fluorococaine for Sale Online<\/title>\n<meta name=\"description\" content=\"Here is the chance to grab 4fluorococaine for sale at cheap prices. Our online NembutalHouse store is selling 4fluorococaine worldwide. Order to buy 4fluorococaine online soon.\" \/>\n<meta name=\"robots\" content=\"index, follow, max-snippet:-1, max-image-preview:large, max-video-preview:-1\" \/>\n<link rel=\"canonical\" href=\"https:\/\/nembutalhouse.com\/da\/vare\/buy-4-fluorococaine-4-fc-online\/\" \/>\n<meta property=\"og:locale\" content=\"da_DK\" \/>\n<meta property=\"og:type\" content=\"article\" \/>\n<meta property=\"og:title\" content=\"Buy 4Fluorococaine Online - 4Fluorococaine for Sale Online\" \/>\n<meta property=\"og:description\" content=\"Here is the chance to grab 4fluorococaine for sale at cheap prices. Our online NembutalHouse store is selling 4fluorococaine worldwide. Order to buy 4fluorococaine online soon.\" \/>\n<meta property=\"og:url\" content=\"https:\/\/nembutalhouse.com\/da\/vare\/buy-4-fluorococaine-4-fc-online\/\" \/>\n<meta property=\"og:site_name\" content=\"Nembutal House\" \/>\n<meta property=\"article:modified_time\" content=\"2026-02-26T12:56:27+00:00\" \/>\n<meta property=\"og:image\" content=\"https:\/\/nembutalhouse.com\/wp-content\/uploads\/2024\/10\/4fluorococaine.gif\" \/>\n\t<meta property=\"og:image:width\" content=\"600\" \/>\n\t<meta property=\"og:image:height\" content=\"600\" \/>\n\t<meta property=\"og:image:type\" content=\"image\/gif\" \/>\n<meta name=\"twitter:card\" content=\"summary_large_image\" \/>\n<meta name=\"twitter:label1\" content=\"Estimeret l\u00e6setid\" \/>\n\t<meta name=\"twitter:data1\" content=\"2 minutter\" \/>\n<script type=\"application\/ld+json\" class=\"yoast-schema-graph\">{\"@context\":\"https:\/\/schema.org\",\"@graph\":[{\"@type\":\"WebPage\",\"@id\":\"https:\/\/nembutalhouse.com\/product\/buy-4-fluorococaine-4-fc-online\/\",\"url\":\"https:\/\/nembutalhouse.com\/product\/buy-4-fluorococaine-4-fc-online\/\",\"name\":\"Buy 4Fluorococaine Online - 4Fluorococaine for Sale Online\",\"isPartOf\":{\"@id\":\"https:\/\/nembutalhouse.com\/#website\"},\"primaryImageOfPage\":{\"@id\":\"https:\/\/nembutalhouse.com\/product\/buy-4-fluorococaine-4-fc-online\/#primaryimage\"},\"image\":{\"@id\":\"https:\/\/nembutalhouse.com\/product\/buy-4-fluorococaine-4-fc-online\/#primaryimage\"},\"thumbnailUrl\":\"https:\/\/nembutalhouse.com\/wp-content\/uploads\/2024\/10\/4fluorococaine.gif\",\"datePublished\":\"2024-10-16T11:51:00+00:00\",\"dateModified\":\"2026-02-26T12:56:27+00:00\",\"description\":\"Here is the chance to grab 4fluorococaine for sale at cheap prices. Our online NembutalHouse store is selling 4fluorococaine worldwide. Order to buy 4fluorococaine online soon.\",\"breadcrumb\":{\"@id\":\"https:\/\/nembutalhouse.com\/product\/buy-4-fluorococaine-4-fc-online\/#breadcrumb\"},\"inLanguage\":\"da-DK\",\"potentialAction\":[{\"@type\":\"ReadAction\",\"target\":[\"https:\/\/nembutalhouse.com\/product\/buy-4-fluorococaine-4-fc-online\/\"]}]},{\"@type\":\"ImageObject\",\"inLanguage\":\"da-DK\",\"@id\":\"https:\/\/nembutalhouse.com\/product\/buy-4-fluorococaine-4-fc-online\/#primaryimage\",\"url\":\"https:\/\/nembutalhouse.com\/wp-content\/uploads\/2024\/10\/4fluorococaine.gif\",\"contentUrl\":\"https:\/\/nembutalhouse.com\/wp-content\/uploads\/2024\/10\/4fluorococaine.gif\",\"width\":600,\"height\":600,\"caption\":\"Buy 4-Fluorococaine (4-FC) Online\"},{\"@type\":\"BreadcrumbList\",\"@id\":\"https:\/\/nembutalhouse.com\/product\/buy-4-fluorococaine-4-fc-online\/#breadcrumb\",\"itemListElement\":[{\"@type\":\"ListItem\",\"position\":1,\"name\":\"Home\",\"item\":\"https:\/\/nembutalhouse.com\/\"},{\"@type\":\"ListItem\",\"position\":2,\"name\":\"Shop\",\"item\":\"https:\/\/nembutalhouse.com\/shop\/\"},{\"@type\":\"ListItem\",\"position\":3,\"name\":\"Buy 4-Fluorococaine (4-FC) Online\"}]},{\"@type\":\"WebSite\",\"@id\":\"https:\/\/nembutalhouse.com\/#website\",\"url\":\"https:\/\/nembutalhouse.com\/\",\"name\":\"Nembutal House\",\"description\":\"Best Nembutal Online Store\",\"publisher\":{\"@id\":\"https:\/\/nembutalhouse.com\/#organization\"},\"potentialAction\":[{\"@type\":\"SearchAction\",\"target\":{\"@type\":\"EntryPoint\",\"urlTemplate\":\"https:\/\/nembutalhouse.com\/?s={search_term_string}\"},\"query-input\":{\"@type\":\"PropertyValueSpecification\",\"valueRequired\":true,\"valueName\":\"search_term_string\"}}],\"inLanguage\":\"da-DK\"},{\"@type\":\"Organization\",\"@id\":\"https:\/\/nembutalhouse.com\/#organization\",\"name\":\"Nembutal House\",\"url\":\"https:\/\/nembutalhouse.com\/\",\"logo\":{\"@type\":\"ImageObject\",\"inLanguage\":\"da-DK\",\"@id\":\"https:\/\/nembutalhouse.com\/#\/schema\/logo\/image\/\",\"url\":\"https:\/\/nembutalhouse.com\/wp-content\/uploads\/2022\/12\/logo.png\",\"contentUrl\":\"https:\/\/nembutalhouse.com\/wp-content\/uploads\/2022\/12\/logo.png\",\"width\":344,\"height\":103,\"caption\":\"Nembutal House\"},\"image\":{\"@id\":\"https:\/\/nembutalhouse.com\/#\/schema\/logo\/image\/\"}}]}<\/script>\n<!-- \/ Yoast SEO plugin. -->","yoast_head_json":{"title":"Buy 4Fluorococaine Online - 4Fluorococaine for Sale Online","description":"Here is the chance to grab 4fluorococaine for sale at cheap prices. Our online NembutalHouse store is selling 4fluorococaine worldwide. Order to buy 4fluorococaine online soon.","robots":{"index":"index","follow":"follow","max-snippet":"max-snippet:-1","max-image-preview":"max-image-preview:large","max-video-preview":"max-video-preview:-1"},"canonical":"https:\/\/nembutalhouse.com\/da\/vare\/buy-4-fluorococaine-4-fc-online\/","og_locale":"da_DK","og_type":"article","og_title":"Buy 4Fluorococaine Online - 4Fluorococaine for Sale Online","og_description":"Here is the chance to grab 4fluorococaine for sale at cheap prices. Our online NembutalHouse store is selling 4fluorococaine worldwide. Order to buy 4fluorococaine online soon.","og_url":"https:\/\/nembutalhouse.com\/da\/vare\/buy-4-fluorococaine-4-fc-online\/","og_site_name":"Nembutal House","article_modified_time":"2026-02-26T12:56:27+00:00","og_image":[{"width":600,"height":600,"url":"https:\/\/nembutalhouse.com\/wp-content\/uploads\/2024\/10\/4fluorococaine.gif","type":"image\/gif"}],"twitter_card":"summary_large_image","twitter_misc":{"Estimeret l\u00e6setid":"2 minutter"},"schema":{"@context":"https:\/\/schema.org","@graph":[{"@type":"WebPage","@id":"https:\/\/nembutalhouse.com\/product\/buy-4-fluorococaine-4-fc-online\/","url":"https:\/\/nembutalhouse.com\/product\/buy-4-fluorococaine-4-fc-online\/","name":"Buy 4Fluorococaine Online - 4Fluorococaine for Sale Online","isPartOf":{"@id":"https:\/\/nembutalhouse.com\/#website"},"primaryImageOfPage":{"@id":"https:\/\/nembutalhouse.com\/product\/buy-4-fluorococaine-4-fc-online\/#primaryimage"},"image":{"@id":"https:\/\/nembutalhouse.com\/product\/buy-4-fluorococaine-4-fc-online\/#primaryimage"},"thumbnailUrl":"https:\/\/nembutalhouse.com\/wp-content\/uploads\/2024\/10\/4fluorococaine.gif","datePublished":"2024-10-16T11:51:00+00:00","dateModified":"2026-02-26T12:56:27+00:00","description":"Here is the chance to grab 4fluorococaine for sale at cheap prices. Our online NembutalHouse store is selling 4fluorococaine worldwide. Order to buy 4fluorococaine online soon.","breadcrumb":{"@id":"https:\/\/nembutalhouse.com\/product\/buy-4-fluorococaine-4-fc-online\/#breadcrumb"},"inLanguage":"da-DK","potentialAction":[{"@type":"ReadAction","target":["https:\/\/nembutalhouse.com\/product\/buy-4-fluorococaine-4-fc-online\/"]}]},{"@type":"ImageObject","inLanguage":"da-DK","@id":"https:\/\/nembutalhouse.com\/product\/buy-4-fluorococaine-4-fc-online\/#primaryimage","url":"https:\/\/nembutalhouse.com\/wp-content\/uploads\/2024\/10\/4fluorococaine.gif","contentUrl":"https:\/\/nembutalhouse.com\/wp-content\/uploads\/2024\/10\/4fluorococaine.gif","width":600,"height":600,"caption":"Buy 4-Fluorococaine (4-FC) Online"},{"@type":"BreadcrumbList","@id":"https:\/\/nembutalhouse.com\/product\/buy-4-fluorococaine-4-fc-online\/#breadcrumb","itemListElement":[{"@type":"ListItem","position":1,"name":"Home","item":"https:\/\/nembutalhouse.com\/"},{"@type":"ListItem","position":2,"name":"Shop","item":"https:\/\/nembutalhouse.com\/shop\/"},{"@type":"ListItem","position":3,"name":"Buy 4-Fluorococaine (4-FC) Online"}]},{"@type":"WebSite","@id":"https:\/\/nembutalhouse.com\/#website","url":"https:\/\/nembutalhouse.com\/","name":"Nembutal House","description":"Best Nembutal Online Store","publisher":{"@id":"https:\/\/nembutalhouse.com\/#organization"},"potentialAction":[{"@type":"SearchAction","target":{"@type":"EntryPoint","urlTemplate":"https:\/\/nembutalhouse.com\/?s={search_term_string}"},"query-input":{"@type":"PropertyValueSpecification","valueRequired":true,"valueName":"search_term_string"}}],"inLanguage":"da-DK"},{"@type":"Organization","@id":"https:\/\/nembutalhouse.com\/#organization","name":"Nembutal House","url":"https:\/\/nembutalhouse.com\/","logo":{"@type":"ImageObject","inLanguage":"da-DK","@id":"https:\/\/nembutalhouse.com\/#\/schema\/logo\/image\/","url":"https:\/\/nembutalhouse.com\/wp-content\/uploads\/2022\/12\/logo.png","contentUrl":"https:\/\/nembutalhouse.com\/wp-content\/uploads\/2022\/12\/logo.png","width":344,"height":103,"caption":"Nembutal House"},"image":{"@id":"https:\/\/nembutalhouse.com\/#\/schema\/logo\/image\/"}}]}},"_links":{"self":[{"href":"https:\/\/nembutalhouse.com\/da\/wp-json\/wp\/v2\/product\/1479","targetHints":{"allow":["GET"]}}],"collection":[{"href":"https:\/\/nembutalhouse.com\/da\/wp-json\/wp\/v2\/product"}],"about":[{"href":"https:\/\/nembutalhouse.com\/da\/wp-json\/wp\/v2\/types\/product"}],"replies":[{"embeddable":true,"href":"https:\/\/nembutalhouse.com\/da\/wp-json\/wp\/v2\/comments?post=1479"}],"wp:featuredmedia":[{"embeddable":true,"href":"https:\/\/nembutalhouse.com\/da\/wp-json\/wp\/v2\/media\/1571"}],"wp:attachment":[{"href":"https:\/\/nembutalhouse.com\/da\/wp-json\/wp\/v2\/media?parent=1479"}],"wp:term":[{"taxonomy":"product_cat","embeddable":true,"href":"https:\/\/nembutalhouse.com\/da\/wp-json\/wp\/v2\/product_cat?post=1479"},{"taxonomy":"product_tag","embeddable":true,"href":"https:\/\/nembutalhouse.com\/da\/wp-json\/wp\/v2\/product_tag?post=1479"}],"curies":[{"name":"wp","href":"https:\/\/api.w.org\/{rel}","templated":true}]}}