{"id":1441,"date":"2024-10-16T11:50:49","date_gmt":"2024-10-16T11:50:49","guid":{"rendered":"https:\/\/nembutalhouse.com\/?post_type=product&#038;p=1441"},"modified":"2026-03-06T08:31:42","modified_gmt":"2026-03-06T08:31:42","slug":"buy-7-abf-online","status":"publish","type":"product","link":"https:\/\/nembutalhouse.com\/da\/vare\/buy-7-abf-online\/","title":{"rendered":"K\u00f8b 7-ABF online"},"content":{"rendered":"<h2>K\u00f8b 7-ABF online<\/h2>\n<p>Vi er glade for at kunne pr\u00e6sentere dig for vores banebrydende forskningskemikalie, 7-ABF.<\/p>\n<p><a href=\"https:\/\/nembutalhouse.com\/da\/vare\/buy-7-abf-online\/\">7-ABF<\/a> er en unik forbindelse, der har vakt opm\u00e6rksomhed blandt forskere p\u00e5 grund af dens potentielle anvendelse i videnskabelige unders\u00f8gelser. Det tilh\u00f8rer en specialiseret klasse af forskningskemikalier og giver sp\u00e6ndende muligheder for forskellige forskningsform\u00e5l.<\/p>\n<p>Vores 7-ABF er omhyggeligt syntetiseret for at sikre enest\u00e5ende renhed og kvalitet. Dette forskningskemikalie giver forskere en p\u00e5lidelig og konsekvent kilde til deres eksperimenter og unders\u00f8gelser.<\/p>\n<p>Forskere har rapporteret, at 7-ABF kan have interessante egenskaber, der potentielt kan p\u00e5virke visse biologiske processer og veje. Det er dog vigtigt at bem\u00e6rke, at dette produkt udelukkende er beregnet til forskningsform\u00e5l og ikke b\u00f8r bruges til menneskef\u00f8de.<\/p>\n<p>Hos NembutalHouse prioriterer vi kundetilfredshed og sikkerhed. Vi tilbyder diskret levering over hele verden for at beskytte dit privatliv og din bekvemmelighed. Vores produkter gennemg\u00e5r strenge tests for at sikre, at de opfylder de h\u00f8jeste standarder for kvalitet og \u00e6gthed.<\/p>\n<p>Husk at h\u00e5ndtere alle forskningskemikalier ansvarligt og i overensstemmelse med lokale regler og retningslinjer. Det er afg\u00f8rende at have ordentlige laboratoriefaciliteter og ekspertise, n\u00e5r man arbejder med 7-<a href=\"https:\/\/en.wikipedia.org\/wiki\/ABF_Freight_System\">ABF<\/a>.<\/p>\n<p>Udnyt potentialet i din forskning med 7-ABF fra <a href=\"https:\/\/nembutalhouse.com\/da\/\">NembutalHouse<\/a>. Bestil nu, og begynd p\u00e5 din videnskabelige rejse med selvtillid!<\/p>","protected":false},"excerpt":{"rendered":"<p>Buy 7-ABF Online We are excited to introduce you to our cutting-edge research chemical, 7-ABF. 7-ABF is a unique compound that has garnered attention among researchers for its potential applications&hellip;<\/p>","protected":false},"featured_media":1563,"comment_status":"open","ping_status":"closed","template":"","meta":{"_joinchat":[]},"product_cat":[186],"product_tag":[1628,1646,1623,1634,1635,1638,1624,1644,1645,1643,1642,1631,1621,1633,1622,1640,1637,1630,1626,1627,1641,1639,1636,1629,1632,1625],"class_list":{"0":"post-1441","1":"product","2":"type-product","3":"status-publish","4":"has-post-thumbnail","6":"product_cat-research-chemicals","7":"product_tag-7-abf-powder","8":"product_tag-7-abf-powder-for-cleaning","9":"product_tag-7-abf-powder-for-sale","10":"product_tag-7-abf-powder-online","11":"product_tag-7-abf-powder-price","12":"product_tag-7-abf-powder-store","13":"product_tag-7-abf-powder-supplier","14":"product_tag-7-abf-powder-use","15":"product_tag-7-abf-powder-wiki","16":"product_tag-7-abf-powder-worldwide","17":"product_tag-best-cheap-price-7-abf-powder","18":"product_tag-best-place-to-buy-7-abf-powder","19":"product_tag-buy-7-abf-powder","20":"product_tag-buy-7-abf-powder-legally","21":"product_tag-buy-7-abf-powder-online","22":"product_tag-cheap-7-abf-powder","23":"product_tag-high-quality-7-abf-powder","24":"product_tag-how-to-buy-7-abf-powder","25":"product_tag-order-7-abf-powder","26":"product_tag-order-7-abf-powder-online","27":"product_tag-purcharse-7-abf-powder-powder","28":"product_tag-shop-7-abf-powder","29":"product_tag-top-quality-7-abf-powder","30":"product_tag-where-to-buy-7-abf-powder","31":"product_tag-where-to-order-7-abf-powder","32":"product_tag-wholesale-7-abf-powder-bulk-online","34":"first","35":"instock","36":"shipping-taxable","37":"purchasable","38":"product-type-variable"},"yoast_head":"<!-- This site is optimized with the Yoast SEO plugin v24.1 - https:\/\/yoast.com\/wordpress\/plugins\/seo\/ -->\n<title>Buy 7-ABF Online - Best Quality 7-ABF for Sale | NembutalHouse<\/title>\n<meta name=\"description\" content=\"Get 7-abf for sale at pocket-friendly prices from our NembutalHouse store. We will help you buy 7-abf online. Accept your order and deliver it to you soon!\" \/>\n<meta name=\"robots\" content=\"index, follow, max-snippet:-1, max-image-preview:large, max-video-preview:-1\" \/>\n<link rel=\"canonical\" href=\"https:\/\/nembutalhouse.com\/da\/vare\/buy-7-abf-online\/\" \/>\n<meta property=\"og:locale\" content=\"da_DK\" \/>\n<meta property=\"og:type\" content=\"article\" \/>\n<meta property=\"og:title\" content=\"Buy 7-ABF Online - Best Quality 7-ABF for Sale | NembutalHouse\" \/>\n<meta property=\"og:description\" content=\"Get 7-abf for sale at pocket-friendly prices from our NembutalHouse store. We will help you buy 7-abf online. Accept your order and deliver it to you soon!\" \/>\n<meta property=\"og:url\" content=\"https:\/\/nembutalhouse.com\/da\/vare\/buy-7-abf-online\/\" \/>\n<meta property=\"og:site_name\" content=\"Nembutal House\" \/>\n<meta property=\"article:modified_time\" content=\"2026-03-06T08:31:42+00:00\" \/>\n<meta property=\"og:image\" content=\"https:\/\/nembutalhouse.com\/wp-content\/uploads\/2024\/10\/7-ABF.gif\" \/>\n\t<meta property=\"og:image:width\" content=\"600\" \/>\n\t<meta property=\"og:image:height\" content=\"600\" \/>\n\t<meta property=\"og:image:type\" content=\"image\/gif\" \/>\n<meta name=\"twitter:card\" content=\"summary_large_image\" \/>\n<meta name=\"twitter:label1\" content=\"Estimeret l\u00e6setid\" \/>\n\t<meta name=\"twitter:data1\" content=\"2 minutter\" \/>\n<script type=\"application\/ld+json\" class=\"yoast-schema-graph\">{\"@context\":\"https:\/\/schema.org\",\"@graph\":[{\"@type\":\"WebPage\",\"@id\":\"https:\/\/nembutalhouse.com\/product\/buy-7-abf-online\/\",\"url\":\"https:\/\/nembutalhouse.com\/product\/buy-7-abf-online\/\",\"name\":\"Buy 7-ABF Online - Best Quality 7-ABF for Sale | NembutalHouse\",\"isPartOf\":{\"@id\":\"https:\/\/nembutalhouse.com\/#website\"},\"primaryImageOfPage\":{\"@id\":\"https:\/\/nembutalhouse.com\/product\/buy-7-abf-online\/#primaryimage\"},\"image\":{\"@id\":\"https:\/\/nembutalhouse.com\/product\/buy-7-abf-online\/#primaryimage\"},\"thumbnailUrl\":\"https:\/\/nembutalhouse.com\/wp-content\/uploads\/2024\/10\/7-ABF.gif\",\"datePublished\":\"2024-10-16T11:50:49+00:00\",\"dateModified\":\"2026-03-06T08:31:42+00:00\",\"description\":\"Get 7-abf for sale at pocket-friendly prices from our NembutalHouse store. We will help you buy 7-abf online. Accept your order and deliver it to you soon!\",\"breadcrumb\":{\"@id\":\"https:\/\/nembutalhouse.com\/product\/buy-7-abf-online\/#breadcrumb\"},\"inLanguage\":\"da-DK\",\"potentialAction\":[{\"@type\":\"ReadAction\",\"target\":[\"https:\/\/nembutalhouse.com\/product\/buy-7-abf-online\/\"]}]},{\"@type\":\"ImageObject\",\"inLanguage\":\"da-DK\",\"@id\":\"https:\/\/nembutalhouse.com\/product\/buy-7-abf-online\/#primaryimage\",\"url\":\"https:\/\/nembutalhouse.com\/wp-content\/uploads\/2024\/10\/7-ABF.gif\",\"contentUrl\":\"https:\/\/nembutalhouse.com\/wp-content\/uploads\/2024\/10\/7-ABF.gif\",\"width\":600,\"height\":600,\"caption\":\"Buy 7-ABF Online\"},{\"@type\":\"BreadcrumbList\",\"@id\":\"https:\/\/nembutalhouse.com\/product\/buy-7-abf-online\/#breadcrumb\",\"itemListElement\":[{\"@type\":\"ListItem\",\"position\":1,\"name\":\"Home\",\"item\":\"https:\/\/nembutalhouse.com\/\"},{\"@type\":\"ListItem\",\"position\":2,\"name\":\"Shop\",\"item\":\"https:\/\/nembutalhouse.com\/shop\/\"},{\"@type\":\"ListItem\",\"position\":3,\"name\":\"Buy 7-ABF Online\"}]},{\"@type\":\"WebSite\",\"@id\":\"https:\/\/nembutalhouse.com\/#website\",\"url\":\"https:\/\/nembutalhouse.com\/\",\"name\":\"Nembutal House\",\"description\":\"Best Nembutal Online Store\",\"publisher\":{\"@id\":\"https:\/\/nembutalhouse.com\/#organization\"},\"potentialAction\":[{\"@type\":\"SearchAction\",\"target\":{\"@type\":\"EntryPoint\",\"urlTemplate\":\"https:\/\/nembutalhouse.com\/?s={search_term_string}\"},\"query-input\":{\"@type\":\"PropertyValueSpecification\",\"valueRequired\":true,\"valueName\":\"search_term_string\"}}],\"inLanguage\":\"da-DK\"},{\"@type\":\"Organization\",\"@id\":\"https:\/\/nembutalhouse.com\/#organization\",\"name\":\"Nembutal House\",\"url\":\"https:\/\/nembutalhouse.com\/\",\"logo\":{\"@type\":\"ImageObject\",\"inLanguage\":\"da-DK\",\"@id\":\"https:\/\/nembutalhouse.com\/#\/schema\/logo\/image\/\",\"url\":\"https:\/\/nembutalhouse.com\/wp-content\/uploads\/2022\/12\/logo.png\",\"contentUrl\":\"https:\/\/nembutalhouse.com\/wp-content\/uploads\/2022\/12\/logo.png\",\"width\":344,\"height\":103,\"caption\":\"Nembutal House\"},\"image\":{\"@id\":\"https:\/\/nembutalhouse.com\/#\/schema\/logo\/image\/\"}}]}<\/script>\n<!-- \/ Yoast SEO plugin. -->","yoast_head_json":{"title":"Buy 7-ABF Online - Best Quality 7-ABF for Sale | NembutalHouse","description":"Get 7-abf for sale at pocket-friendly prices from our NembutalHouse store. We will help you buy 7-abf online. Accept your order and deliver it to you soon!","robots":{"index":"index","follow":"follow","max-snippet":"max-snippet:-1","max-image-preview":"max-image-preview:large","max-video-preview":"max-video-preview:-1"},"canonical":"https:\/\/nembutalhouse.com\/da\/vare\/buy-7-abf-online\/","og_locale":"da_DK","og_type":"article","og_title":"Buy 7-ABF Online - Best Quality 7-ABF for Sale | NembutalHouse","og_description":"Get 7-abf for sale at pocket-friendly prices from our NembutalHouse store. We will help you buy 7-abf online. Accept your order and deliver it to you soon!","og_url":"https:\/\/nembutalhouse.com\/da\/vare\/buy-7-abf-online\/","og_site_name":"Nembutal House","article_modified_time":"2026-03-06T08:31:42+00:00","og_image":[{"width":600,"height":600,"url":"https:\/\/nembutalhouse.com\/wp-content\/uploads\/2024\/10\/7-ABF.gif","type":"image\/gif"}],"twitter_card":"summary_large_image","twitter_misc":{"Estimeret l\u00e6setid":"2 minutter"},"schema":{"@context":"https:\/\/schema.org","@graph":[{"@type":"WebPage","@id":"https:\/\/nembutalhouse.com\/product\/buy-7-abf-online\/","url":"https:\/\/nembutalhouse.com\/product\/buy-7-abf-online\/","name":"Buy 7-ABF Online - Best Quality 7-ABF for Sale | NembutalHouse","isPartOf":{"@id":"https:\/\/nembutalhouse.com\/#website"},"primaryImageOfPage":{"@id":"https:\/\/nembutalhouse.com\/product\/buy-7-abf-online\/#primaryimage"},"image":{"@id":"https:\/\/nembutalhouse.com\/product\/buy-7-abf-online\/#primaryimage"},"thumbnailUrl":"https:\/\/nembutalhouse.com\/wp-content\/uploads\/2024\/10\/7-ABF.gif","datePublished":"2024-10-16T11:50:49+00:00","dateModified":"2026-03-06T08:31:42+00:00","description":"Get 7-abf for sale at pocket-friendly prices from our NembutalHouse store. We will help you buy 7-abf online. Accept your order and deliver it to you soon!","breadcrumb":{"@id":"https:\/\/nembutalhouse.com\/product\/buy-7-abf-online\/#breadcrumb"},"inLanguage":"da-DK","potentialAction":[{"@type":"ReadAction","target":["https:\/\/nembutalhouse.com\/product\/buy-7-abf-online\/"]}]},{"@type":"ImageObject","inLanguage":"da-DK","@id":"https:\/\/nembutalhouse.com\/product\/buy-7-abf-online\/#primaryimage","url":"https:\/\/nembutalhouse.com\/wp-content\/uploads\/2024\/10\/7-ABF.gif","contentUrl":"https:\/\/nembutalhouse.com\/wp-content\/uploads\/2024\/10\/7-ABF.gif","width":600,"height":600,"caption":"Buy 7-ABF Online"},{"@type":"BreadcrumbList","@id":"https:\/\/nembutalhouse.com\/product\/buy-7-abf-online\/#breadcrumb","itemListElement":[{"@type":"ListItem","position":1,"name":"Home","item":"https:\/\/nembutalhouse.com\/"},{"@type":"ListItem","position":2,"name":"Shop","item":"https:\/\/nembutalhouse.com\/shop\/"},{"@type":"ListItem","position":3,"name":"Buy 7-ABF Online"}]},{"@type":"WebSite","@id":"https:\/\/nembutalhouse.com\/#website","url":"https:\/\/nembutalhouse.com\/","name":"Nembutal House","description":"Best Nembutal Online Store","publisher":{"@id":"https:\/\/nembutalhouse.com\/#organization"},"potentialAction":[{"@type":"SearchAction","target":{"@type":"EntryPoint","urlTemplate":"https:\/\/nembutalhouse.com\/?s={search_term_string}"},"query-input":{"@type":"PropertyValueSpecification","valueRequired":true,"valueName":"search_term_string"}}],"inLanguage":"da-DK"},{"@type":"Organization","@id":"https:\/\/nembutalhouse.com\/#organization","name":"Nembutal House","url":"https:\/\/nembutalhouse.com\/","logo":{"@type":"ImageObject","inLanguage":"da-DK","@id":"https:\/\/nembutalhouse.com\/#\/schema\/logo\/image\/","url":"https:\/\/nembutalhouse.com\/wp-content\/uploads\/2022\/12\/logo.png","contentUrl":"https:\/\/nembutalhouse.com\/wp-content\/uploads\/2022\/12\/logo.png","width":344,"height":103,"caption":"Nembutal House"},"image":{"@id":"https:\/\/nembutalhouse.com\/#\/schema\/logo\/image\/"}}]}},"_links":{"self":[{"href":"https:\/\/nembutalhouse.com\/da\/wp-json\/wp\/v2\/product\/1441","targetHints":{"allow":["GET"]}}],"collection":[{"href":"https:\/\/nembutalhouse.com\/da\/wp-json\/wp\/v2\/product"}],"about":[{"href":"https:\/\/nembutalhouse.com\/da\/wp-json\/wp\/v2\/types\/product"}],"replies":[{"embeddable":true,"href":"https:\/\/nembutalhouse.com\/da\/wp-json\/wp\/v2\/comments?post=1441"}],"wp:featuredmedia":[{"embeddable":true,"href":"https:\/\/nembutalhouse.com\/da\/wp-json\/wp\/v2\/media\/1563"}],"wp:attachment":[{"href":"https:\/\/nembutalhouse.com\/da\/wp-json\/wp\/v2\/media?parent=1441"}],"wp:term":[{"taxonomy":"product_cat","embeddable":true,"href":"https:\/\/nembutalhouse.com\/da\/wp-json\/wp\/v2\/product_cat?post=1441"},{"taxonomy":"product_tag","embeddable":true,"href":"https:\/\/nembutalhouse.com\/da\/wp-json\/wp\/v2\/product_tag?post=1441"}],"curies":[{"name":"wp","href":"https:\/\/api.w.org\/{rel}","templated":true}]}}