{"id":1356,"date":"2024-10-16T11:50:21","date_gmt":"2024-10-16T11:50:21","guid":{"rendered":"https:\/\/nembutalhouse.com\/?post_type=product&#038;p=1356"},"modified":"2026-03-03T06:02:05","modified_gmt":"2026-03-03T06:02:05","slug":"buy-a-pvp-crystals-online","status":"publish","type":"product","link":"https:\/\/nembutalhouse.com\/da\/vare\/buy-a-pvp-crystals-online\/","title":{"rendered":"Buy A-PVP CRYSTALS Online"},"content":{"rendered":"<h2>Buy A-PVP CRYSTALS Online<\/h2>\n<p><a href=\"https:\/\/nembutalhouse.com\/da\/vare\/buy-a-pvp-crystals-online\/\">Alpha-PVP<\/a>ogs\u00e5 kendt som A-PVP CRYSTALS, er et kraftigt stimulerende middel, og det tages normalt for at opn\u00e5 eufori. Nogle forskere betegner det ogs\u00e5 som et psykoaktivt stof. I begyndelsen af 1960'erne blev det opdaget, og det har en styrke p\u00e5 1\/4 i forhold til MDPV.<\/p>\n<p>Virkningerne er ogs\u00e5 nogenlunde ens. A-PVP CRYSTALS findes normalt i form af hvide bjergkrystaller. Forskellige anvendelser og virkninger af A-PVP Du b\u00f8r blande Alpha-PVP med andre stoffer, f\u00f8r du indtager det.<\/p>\n<p>Derudover kan du ogs\u00e5 inhalere det eller indtage det oralt. Doseringen b\u00f8r kun besluttes af l\u00e6gen, og du b\u00f8r ikke tage flere doser inden for en enkelt time. <a href=\"https:\/\/nembutalhouse.com\/da\/\">NembutalHouse<\/a><\/p>\n<p>Selv om styrken er mindre, kan A-PVP CRYSTALS sammenlignes med kokain.<\/p>\n<p>Hvis du l\u00e6gger det under tungen, vil du opleve, at det opl\u00f8ses meget hurtigt. Samtidig kan du f\u00e5 en f\u00f8lelsesl\u00f8s fornemmelse.<\/p>\n<p>Eufori tager tid at indfinde sig, men b\u00f8r v\u00e6re der inden for 30 minutter efter indtagelsen. Efter f\u00f8lelsesl\u00f8sheden vil du se, at blodtrykket er steget mildt.<\/p>\n<p>Samtidig mister du ogs\u00e5 lysten til at drikke vand.<\/p>\n<p>N\u00e5r der er g\u00e5et 45 minutter eller mere efter indtagelsen, vil du f\u00f8le en mild stimulering, og du kan endda f\u00f8le dig s\u00f8vnig.<\/p>\n<p>Samlet set b\u00f8r virkningerne ikke vare i mere end 3 timer, og du vil m\u00e5ske ikke f\u00f8le trang til at f\u00e5 en ny dosis snart.<\/p>\n<p>Hvis du bruger insufflationsmetoden, vil du helt sikkert f\u00e5 den euforiske f\u00f8lelse i en relativt l\u00e6ngere periode. N\u00e5r det er sagt, er det sv\u00e6rt at g\u00e6tte styrken, da nogle patienter bliver p\u00e5virket meget langsomt, mens andre bliver p\u00e5virket ret hurtigt.<\/p>\n<p>S\u00e5 snart det samme kommer ind i kundens n\u00e6se, begynder det at virke. Inden for 10 minutter efter indtagelse vil du opleve eufori (under insufflationsmetoden).<\/p>\n<p>Du kan endda opleve hyppige blackouts, og inden for en time efter indtagelsen b\u00f8r du begynde at f\u00f8le dig d\u00f8sig.<\/p>\n<p>V\u00e6r opm\u00e6rksom p\u00e5, at den h\u00f8je f\u00f8lelse, du normalt oplever med <a href=\"https:\/\/en.wikipedia.org\/wiki\/%CE%91-Pyrrolidinopentiophenone\">Alpha-PVP<\/a> holder ikke i lang tid. If\u00f8lge nogle patienter virker det bedre at indtage krystalformen, da det ikke ender med at br\u00e6nde patientens n\u00e6se.<\/p>\n<p>Den overv\u00e6ldende oplevelse varer ikke mere end 3 timer, men om du vil tage en ny dosis snart eller ej, afh\u00e6nger af din erfaring med denne type stimulanser.<\/p>\n<p>Bem\u00e6rk, at hvis du er en kreativ person, kan Alpha-PVP hj\u00e6lpe dig. Du vil f\u00e5 en ekstrem f\u00f8lelse af lykke og et h\u00f8jt energiniveau.<\/p>\n<p>Du vil ikke have lyst til mad, og kroppen vil v\u00e6re helt afslappet. V\u00e6r opm\u00e6rksom p\u00e5, at du kun b\u00f8r tage denne medicin i lave doser.<\/p>\n<p>Med h\u00f8jere doser kan tingene meget let komme ud af kontrol.<\/p>\n<p>Der er masser af online ressourcer, hvorfra du kan k\u00f8be Alpha-PVP, men det anbefales, at du kontrollerer kilden p\u00e5 en ordentlig m\u00e5de og l\u00e6ser anmeldelserne s\u00e5 meget som muligt.<\/p>\n<p>V\u00e6r opm\u00e6rksom p\u00e5, at virkningerne af disse l\u00e6gemidler p\u00e5 et menneske varierer p\u00e5 baggrund af visse faktorer som: h\u00f8jde, v\u00e6gt og stofskifte.<\/p>","protected":false},"excerpt":{"rendered":"<p>Buy A-PVP CRYSTALS Online Alpha-PVP, also known as A-PVP CRYSTALS, is a powerful stimulant and it is usually taken for achieving euphoria. Some researchers refer to it as a psychoactive&hellip;<\/p>","protected":false},"featured_media":1540,"comment_status":"open","ping_status":"closed","template":"","meta":{"_joinchat":[]},"product_cat":[188],"product_tag":[1241,1259,1236,1247,1248,1251,1237,1257,1258,1256,1255,1244,1234,1246,1235,1253,1250,1243,1239,1240,1254,1252,1249,1242,1245,1238],"class_list":{"0":"post-1356","1":"product","2":"type-product","3":"status-publish","4":"has-post-thumbnail","6":"product_cat-stimulants","7":"product_tag-a-pvp","8":"product_tag-a-pvp-for-cleaning","9":"product_tag-a-pvp-for-sale","10":"product_tag-a-pvp-online","11":"product_tag-a-pvp-price","12":"product_tag-a-pvp-store","13":"product_tag-a-pvp-supplier","14":"product_tag-a-pvp-use","15":"product_tag-a-pvp-wiki","16":"product_tag-a-pvp-worldwide","17":"product_tag-best-cheap-price-a-pvp","18":"product_tag-best-place-to-buy-a-pvp","19":"product_tag-buy-a-pvp","20":"product_tag-buy-a-pvp-legally","21":"product_tag-buy-a-pvp-online","22":"product_tag-cheap-a-pvps","23":"product_tag-high-quality-a-pvp","24":"product_tag-how-to-buy-a-pvp","25":"product_tag-order-a-pvp","26":"product_tag-order-a-pvp-online","27":"product_tag-purcharse-a-pvp-powder","28":"product_tag-shop-a-pvp","29":"product_tag-top-quality-a-pvp","30":"product_tag-where-to-buy-a-pvp","31":"product_tag-where-to-order-a-pvp","32":"product_tag-wholesale-a-pvp-bulk-online","34":"first","35":"instock","36":"shipping-taxable","37":"purchasable","38":"product-type-variable"},"yoast_head":"<!-- This site is optimized with the Yoast SEO plugin v24.1 - https:\/\/yoast.com\/wordpress\/plugins\/seo\/ -->\n<title>Buy A-PVP Online - Best Quality A-PVP for Sale Online<\/title>\n<meta name=\"description\" content=\"At our NembutalHouse, you can get a-pvp for sale at cheap rates. Here you can buy a-pvp online with high-quality from our store now with fast &amp; secure shipping service. Order Now!\" \/>\n<meta name=\"robots\" content=\"index, follow, max-snippet:-1, max-image-preview:large, max-video-preview:-1\" \/>\n<link rel=\"canonical\" href=\"https:\/\/nembutalhouse.com\/da\/vare\/buy-a-pvp-crystals-online\/\" \/>\n<meta property=\"og:locale\" content=\"da_DK\" \/>\n<meta property=\"og:type\" content=\"article\" \/>\n<meta property=\"og:title\" content=\"Buy A-PVP Online - Best Quality A-PVP for Sale Online\" \/>\n<meta property=\"og:description\" content=\"At our NembutalHouse, you can get a-pvp for sale at cheap rates. Here you can buy a-pvp online with high-quality from our store now with fast &amp; secure shipping service. Order Now!\" \/>\n<meta property=\"og:url\" content=\"https:\/\/nembutalhouse.com\/da\/vare\/buy-a-pvp-crystals-online\/\" \/>\n<meta property=\"og:site_name\" content=\"Nembutal House\" \/>\n<meta property=\"article:modified_time\" content=\"2026-03-03T06:02:05+00:00\" \/>\n<meta property=\"og:image\" content=\"https:\/\/nembutalhouse.com\/wp-content\/uploads\/2024\/10\/A-PVP.gif\" \/>\n\t<meta property=\"og:image:width\" content=\"600\" \/>\n\t<meta property=\"og:image:height\" content=\"600\" \/>\n\t<meta property=\"og:image:type\" content=\"image\/gif\" \/>\n<meta name=\"twitter:card\" content=\"summary_large_image\" \/>\n<meta name=\"twitter:label1\" content=\"Estimeret l\u00e6setid\" \/>\n\t<meta name=\"twitter:data1\" content=\"3 minutter\" \/>\n<script type=\"application\/ld+json\" class=\"yoast-schema-graph\">{\"@context\":\"https:\/\/schema.org\",\"@graph\":[{\"@type\":\"WebPage\",\"@id\":\"https:\/\/nembutalhouse.com\/product\/buy-a-pvp-crystals-online\/\",\"url\":\"https:\/\/nembutalhouse.com\/product\/buy-a-pvp-crystals-online\/\",\"name\":\"Buy A-PVP Online - Best Quality A-PVP for Sale Online\",\"isPartOf\":{\"@id\":\"https:\/\/nembutalhouse.com\/#website\"},\"primaryImageOfPage\":{\"@id\":\"https:\/\/nembutalhouse.com\/product\/buy-a-pvp-crystals-online\/#primaryimage\"},\"image\":{\"@id\":\"https:\/\/nembutalhouse.com\/product\/buy-a-pvp-crystals-online\/#primaryimage\"},\"thumbnailUrl\":\"https:\/\/nembutalhouse.com\/wp-content\/uploads\/2024\/10\/A-PVP.gif\",\"datePublished\":\"2024-10-16T11:50:21+00:00\",\"dateModified\":\"2026-03-03T06:02:05+00:00\",\"description\":\"At our NembutalHouse, you can get a-pvp for sale at cheap rates. Here you can buy a-pvp online with high-quality from our store now with fast & secure shipping service. Order Now!\",\"breadcrumb\":{\"@id\":\"https:\/\/nembutalhouse.com\/product\/buy-a-pvp-crystals-online\/#breadcrumb\"},\"inLanguage\":\"da-DK\",\"potentialAction\":[{\"@type\":\"ReadAction\",\"target\":[\"https:\/\/nembutalhouse.com\/product\/buy-a-pvp-crystals-online\/\"]}]},{\"@type\":\"ImageObject\",\"inLanguage\":\"da-DK\",\"@id\":\"https:\/\/nembutalhouse.com\/product\/buy-a-pvp-crystals-online\/#primaryimage\",\"url\":\"https:\/\/nembutalhouse.com\/wp-content\/uploads\/2024\/10\/A-PVP.gif\",\"contentUrl\":\"https:\/\/nembutalhouse.com\/wp-content\/uploads\/2024\/10\/A-PVP.gif\",\"width\":600,\"height\":600,\"caption\":\"Buy A-PVP CRYSTALS Online\"},{\"@type\":\"BreadcrumbList\",\"@id\":\"https:\/\/nembutalhouse.com\/product\/buy-a-pvp-crystals-online\/#breadcrumb\",\"itemListElement\":[{\"@type\":\"ListItem\",\"position\":1,\"name\":\"Home\",\"item\":\"https:\/\/nembutalhouse.com\/\"},{\"@type\":\"ListItem\",\"position\":2,\"name\":\"Shop\",\"item\":\"https:\/\/nembutalhouse.com\/shop\/\"},{\"@type\":\"ListItem\",\"position\":3,\"name\":\"Buy A-PVP CRYSTALS Online\"}]},{\"@type\":\"WebSite\",\"@id\":\"https:\/\/nembutalhouse.com\/#website\",\"url\":\"https:\/\/nembutalhouse.com\/\",\"name\":\"Nembutal House\",\"description\":\"Best Nembutal Online Store\",\"publisher\":{\"@id\":\"https:\/\/nembutalhouse.com\/#organization\"},\"potentialAction\":[{\"@type\":\"SearchAction\",\"target\":{\"@type\":\"EntryPoint\",\"urlTemplate\":\"https:\/\/nembutalhouse.com\/?s={search_term_string}\"},\"query-input\":{\"@type\":\"PropertyValueSpecification\",\"valueRequired\":true,\"valueName\":\"search_term_string\"}}],\"inLanguage\":\"da-DK\"},{\"@type\":\"Organization\",\"@id\":\"https:\/\/nembutalhouse.com\/#organization\",\"name\":\"Nembutal House\",\"url\":\"https:\/\/nembutalhouse.com\/\",\"logo\":{\"@type\":\"ImageObject\",\"inLanguage\":\"da-DK\",\"@id\":\"https:\/\/nembutalhouse.com\/#\/schema\/logo\/image\/\",\"url\":\"https:\/\/nembutalhouse.com\/wp-content\/uploads\/2022\/12\/logo.png\",\"contentUrl\":\"https:\/\/nembutalhouse.com\/wp-content\/uploads\/2022\/12\/logo.png\",\"width\":344,\"height\":103,\"caption\":\"Nembutal House\"},\"image\":{\"@id\":\"https:\/\/nembutalhouse.com\/#\/schema\/logo\/image\/\"}}]}<\/script>\n<!-- \/ Yoast SEO plugin. -->","yoast_head_json":{"title":"Buy A-PVP Online - Best Quality A-PVP for Sale Online","description":"At our NembutalHouse, you can get a-pvp for sale at cheap rates. Here you can buy a-pvp online with high-quality from our store now with fast & secure shipping service. Order Now!","robots":{"index":"index","follow":"follow","max-snippet":"max-snippet:-1","max-image-preview":"max-image-preview:large","max-video-preview":"max-video-preview:-1"},"canonical":"https:\/\/nembutalhouse.com\/da\/vare\/buy-a-pvp-crystals-online\/","og_locale":"da_DK","og_type":"article","og_title":"Buy A-PVP Online - Best Quality A-PVP for Sale Online","og_description":"At our NembutalHouse, you can get a-pvp for sale at cheap rates. Here you can buy a-pvp online with high-quality from our store now with fast & secure shipping service. Order Now!","og_url":"https:\/\/nembutalhouse.com\/da\/vare\/buy-a-pvp-crystals-online\/","og_site_name":"Nembutal House","article_modified_time":"2026-03-03T06:02:05+00:00","og_image":[{"width":600,"height":600,"url":"https:\/\/nembutalhouse.com\/wp-content\/uploads\/2024\/10\/A-PVP.gif","type":"image\/gif"}],"twitter_card":"summary_large_image","twitter_misc":{"Estimeret l\u00e6setid":"3 minutter"},"schema":{"@context":"https:\/\/schema.org","@graph":[{"@type":"WebPage","@id":"https:\/\/nembutalhouse.com\/product\/buy-a-pvp-crystals-online\/","url":"https:\/\/nembutalhouse.com\/product\/buy-a-pvp-crystals-online\/","name":"Buy A-PVP Online - Best Quality A-PVP for Sale Online","isPartOf":{"@id":"https:\/\/nembutalhouse.com\/#website"},"primaryImageOfPage":{"@id":"https:\/\/nembutalhouse.com\/product\/buy-a-pvp-crystals-online\/#primaryimage"},"image":{"@id":"https:\/\/nembutalhouse.com\/product\/buy-a-pvp-crystals-online\/#primaryimage"},"thumbnailUrl":"https:\/\/nembutalhouse.com\/wp-content\/uploads\/2024\/10\/A-PVP.gif","datePublished":"2024-10-16T11:50:21+00:00","dateModified":"2026-03-03T06:02:05+00:00","description":"At our NembutalHouse, you can get a-pvp for sale at cheap rates. Here you can buy a-pvp online with high-quality from our store now with fast & secure shipping service. Order Now!","breadcrumb":{"@id":"https:\/\/nembutalhouse.com\/product\/buy-a-pvp-crystals-online\/#breadcrumb"},"inLanguage":"da-DK","potentialAction":[{"@type":"ReadAction","target":["https:\/\/nembutalhouse.com\/product\/buy-a-pvp-crystals-online\/"]}]},{"@type":"ImageObject","inLanguage":"da-DK","@id":"https:\/\/nembutalhouse.com\/product\/buy-a-pvp-crystals-online\/#primaryimage","url":"https:\/\/nembutalhouse.com\/wp-content\/uploads\/2024\/10\/A-PVP.gif","contentUrl":"https:\/\/nembutalhouse.com\/wp-content\/uploads\/2024\/10\/A-PVP.gif","width":600,"height":600,"caption":"Buy A-PVP CRYSTALS Online"},{"@type":"BreadcrumbList","@id":"https:\/\/nembutalhouse.com\/product\/buy-a-pvp-crystals-online\/#breadcrumb","itemListElement":[{"@type":"ListItem","position":1,"name":"Home","item":"https:\/\/nembutalhouse.com\/"},{"@type":"ListItem","position":2,"name":"Shop","item":"https:\/\/nembutalhouse.com\/shop\/"},{"@type":"ListItem","position":3,"name":"Buy A-PVP CRYSTALS Online"}]},{"@type":"WebSite","@id":"https:\/\/nembutalhouse.com\/#website","url":"https:\/\/nembutalhouse.com\/","name":"Nembutal House","description":"Best Nembutal Online Store","publisher":{"@id":"https:\/\/nembutalhouse.com\/#organization"},"potentialAction":[{"@type":"SearchAction","target":{"@type":"EntryPoint","urlTemplate":"https:\/\/nembutalhouse.com\/?s={search_term_string}"},"query-input":{"@type":"PropertyValueSpecification","valueRequired":true,"valueName":"search_term_string"}}],"inLanguage":"da-DK"},{"@type":"Organization","@id":"https:\/\/nembutalhouse.com\/#organization","name":"Nembutal House","url":"https:\/\/nembutalhouse.com\/","logo":{"@type":"ImageObject","inLanguage":"da-DK","@id":"https:\/\/nembutalhouse.com\/#\/schema\/logo\/image\/","url":"https:\/\/nembutalhouse.com\/wp-content\/uploads\/2022\/12\/logo.png","contentUrl":"https:\/\/nembutalhouse.com\/wp-content\/uploads\/2022\/12\/logo.png","width":344,"height":103,"caption":"Nembutal House"},"image":{"@id":"https:\/\/nembutalhouse.com\/#\/schema\/logo\/image\/"}}]}},"_links":{"self":[{"href":"https:\/\/nembutalhouse.com\/da\/wp-json\/wp\/v2\/product\/1356","targetHints":{"allow":["GET"]}}],"collection":[{"href":"https:\/\/nembutalhouse.com\/da\/wp-json\/wp\/v2\/product"}],"about":[{"href":"https:\/\/nembutalhouse.com\/da\/wp-json\/wp\/v2\/types\/product"}],"replies":[{"embeddable":true,"href":"https:\/\/nembutalhouse.com\/da\/wp-json\/wp\/v2\/comments?post=1356"}],"wp:featuredmedia":[{"embeddable":true,"href":"https:\/\/nembutalhouse.com\/da\/wp-json\/wp\/v2\/media\/1540"}],"wp:attachment":[{"href":"https:\/\/nembutalhouse.com\/da\/wp-json\/wp\/v2\/media?parent=1356"}],"wp:term":[{"taxonomy":"product_cat","embeddable":true,"href":"https:\/\/nembutalhouse.com\/da\/wp-json\/wp\/v2\/product_cat?post=1356"},{"taxonomy":"product_tag","embeddable":true,"href":"https:\/\/nembutalhouse.com\/da\/wp-json\/wp\/v2\/product_tag?post=1356"}],"curies":[{"name":"wp","href":"https:\/\/api.w.org\/{rel}","templated":true}]}}