{"id":1355,"date":"2024-10-16T11:50:21","date_gmt":"2024-10-16T11:50:21","guid":{"rendered":"https:\/\/nembutalhouse.com\/?post_type=product&#038;p=1355"},"modified":"2026-03-03T05:57:55","modified_gmt":"2026-03-03T05:57:55","slug":"buy-benzolam-online","status":"publish","type":"product","link":"https:\/\/nembutalhouse.com\/da\/vare\/buy-benzolam-online\/","title":{"rendered":"Buy Benzolam Online"},"content":{"rendered":"<h2>K\u00f8b Benzolam online<\/h2>\n<p><a href=\"https:\/\/en.wikipedia.org\/wiki\/Benzodiazepine\">Benzolam<\/a>Alpha-PVP er et st\u00e6rkt stimulerende stof, der typisk bruges til at fremkalde eufori. Det omtales ogs\u00e5 som et psykoaktivt stof i visse unders\u00f8gelser. Det blev fundet i begyndelsen af 1960'erne og har en styrke p\u00e5 1\/4 i forhold til MDPV.<\/p>\n<p>Derudover er konsekvenserne nogenlunde de samme. Typisk findes A-PVP KRYSTALER som hvide bjergkrystaller. Forskellige anvendelser og virkninger af A-PVP F\u00f8r du indtager Alpha-PVP, skal du blande det med andre stoffer.<\/p>\n<p>Derudover har du mulighed for at sluge det eller inhalere det. Det er kun l\u00e6gen, der skal bestemme doseringen, og du b\u00f8r ikke tage mere end \u00e9n inden for en time.<\/p>\n<p>Benzolam kan sammenlignes med kokain, omend det er mindre st\u00e6rkt. <a href=\"https:\/\/nembutalhouse.com\/da\/\">NembutalHouse<\/a><\/p>\n<p>L\u00e6g det under tungen, og du vil opdage, at det opl\u00f8ses hurtigt. Samtidig kan du f\u00e5 en f\u00f8lelsesl\u00f8s fornemmelse.<\/p>\n<p>Selv om det tager lidt tid at manifestere sig, b\u00f8r euforien indfinde sig 30 minutter efter indtagelse. Du vil m\u00e6rke en lille stigning i blodtrykket efter f\u00f8lelsesl\u00f8sheden.<\/p>\n<p>Desuden vil du ikke l\u00e6ngere have lyst til at drikke vand.<\/p>\n<p>N\u00e5r du har indtaget noget, vil du opleve en mindre stimulering og m\u00e5ske endda s\u00f8vnighed 45 minutter eller mere senere.<\/p>\n<p>Generelt b\u00f8r virkningen ikke vare ved i mere end tre timer, og det er ikke sikkert, at du f\u00f8ler behov for at tage en ny dosis med det samme.<\/p>\n<p>Du vil utvivlsomt opleve eufori i l\u00e6ngere tid, hvis du bruger insufflationsmetoden. Ikke desto mindre kan det v\u00e6re en udfordring at vurdere styrken, fordi nogle personer oplever en meget gradvis effekt, mens andre oplever en ret hurtig effekt.<\/p>\n<p>Det begynder at virke, s\u00e5 snart kunden ind\u00e5nder det. Efter indtagelse vil du f\u00f8le dig euforisk inden for ti minutter (under indbl\u00e6sningsmetoden).<\/p>\n<p>N\u00e5r du har indtaget det, skal du f\u00f8le dig s\u00f8vnig inden for en time, og du kan endda ofte f\u00e5 blackouts.<\/p>\n<p>Det er vigtigt at forst\u00e5, at den eufori, der f\u00f8lger med <a href=\"https:\/\/nembutalhouse.com\/da\/vare\/buy-benzolam-online\/\">Benzolam<\/a> forsvinder som regel hurtigt. Nogle mennesker h\u00e6vder, at det er mere effektivt at indtage krystalformen, da den.<\/p>\n<p>Den intense fornemmelse varer ikke l\u00e6ngere end tre timer, men hvor lang tid du oplever med denne form for stimulans, afg\u00f8r, om du tager en ny dosis i den n\u00e6rmeste fremtid.<\/p>\n<p>V\u00e6r opm\u00e6rksom p\u00e5, at Alpha-PVP kan hj\u00e6lpe dig, hvis du anser dig selv for at v\u00e6re kreativ. Du vil opleve intens gl\u00e6de og en b\u00f8lge af vitalitet.<\/p>\n<p>Din krop vil v\u00e6re helt afslappet, og du vil ikke have nogen trang til mad. V\u00e6r opm\u00e6rksom p\u00e5, at du kun b\u00f8r tage sm\u00e5 m\u00e6ngder af denne medicin.<\/p>\n<p>\u00d8get dosering g\u00f8r det meget nemt at f\u00e5 tingene ud af kontrol.<\/p>\n<p>Benzolam kan k\u00f8bes online fra en r\u00e6kke forskellige steder, men det anbefales at unders\u00f8ge kilden grundigt og l\u00e6se s\u00e5 mange anmeldelser som muligt.<\/p>\n<p>V\u00e6r opm\u00e6rksom p\u00e5, at en persons respons p\u00e5 disse l\u00e6gemidler kan variere afh\u00e6ngigt af en r\u00e6kke faktorer, herunder h\u00f8jde, v\u00e6gt og stofskifte.<\/p>\n<p>&nbsp;<\/p>\n<p>&nbsp;<\/p>","protected":false},"excerpt":{"rendered":"<p>Purchase Benzolam Online Benzolam, commonly known as Alpha-PVP, is a potent stimulant that is typically used to produce euphoria. It is also referred to as a psychoactive drug by certain&hellip;<\/p>","protected":false},"featured_media":1520,"comment_status":"open","ping_status":"closed","template":"","meta":{"_joinchat":[]},"product_cat":[186],"product_tag":[1215,1233,1210,1221,1222,1225,1211,1231,1232,1230,1229,1218,1220,1208,1209,1227,1224,1217,1213,1214,1228,1226,1223,1216,1219,1212],"class_list":{"0":"post-1355","1":"product","2":"type-product","3":"status-publish","4":"has-post-thumbnail","6":"product_cat-research-chemicals","7":"product_tag-benzolam-powder","8":"product_tag-benzolam-powder-for-cleaning","9":"product_tag-benzolam-powder-for-sale","10":"product_tag-benzolam-powder-online","11":"product_tag-benzolam-powder-price","12":"product_tag-benzolam-powder-store","13":"product_tag-benzolam-powder-supplier","14":"product_tag-benzolam-powder-use","15":"product_tag-benzolam-powder-wiki","16":"product_tag-benzolam-powder-worldwide","17":"product_tag-best-cheap-price-benzolam-powder","18":"product_tag-best-place-to-buy-benzolam","19":"product_tag-buy-benzolam-legally","20":"product_tag-buy-benzolam-powder","21":"product_tag-buy-benzolam-powder-online","22":"product_tag-cheap-benzolam-powders","23":"product_tag-high-quality-benzolam-powder","24":"product_tag-how-to-buy-benzolam","25":"product_tag-order-benzolam-powder","26":"product_tag-order-benzolam-powder-online","27":"product_tag-purcharse-benzolam-powder-powder","28":"product_tag-shop-benzolam-powder","29":"product_tag-top-quality-benzolam-powder","30":"product_tag-where-to-buy-benzolam","31":"product_tag-where-to-order-benzolam","32":"product_tag-wholesale-benzolam-powder-bulk-online","34":"first","35":"instock","36":"shipping-taxable","37":"purchasable","38":"product-type-variable"},"yoast_head":"<!-- This site is optimized with the Yoast SEO plugin v24.1 - https:\/\/yoast.com\/wordpress\/plugins\/seo\/ -->\n<title>Benzolam for Sale - Buy Benzolam Online - Order Benzolam<\/title>\n<meta name=\"description\" content=\"You can now get benzolam for sale from our top best store NembutalHouse. Our staff will assist you to buy benzolam online at the best prices. Order benzolam online today with worldwide shipping!\" \/>\n<meta name=\"robots\" content=\"index, follow, max-snippet:-1, max-image-preview:large, max-video-preview:-1\" \/>\n<link rel=\"canonical\" href=\"https:\/\/nembutalhouse.com\/da\/vare\/buy-benzolam-online\/\" \/>\n<meta property=\"og:locale\" content=\"da_DK\" \/>\n<meta property=\"og:type\" content=\"article\" \/>\n<meta property=\"og:title\" content=\"Benzolam for Sale - Buy Benzolam Online - Order Benzolam\" \/>\n<meta property=\"og:description\" content=\"You can now get benzolam for sale from our top best store NembutalHouse. Our staff will assist you to buy benzolam online at the best prices. Order benzolam online today with worldwide shipping!\" \/>\n<meta property=\"og:url\" content=\"https:\/\/nembutalhouse.com\/da\/vare\/buy-benzolam-online\/\" \/>\n<meta property=\"og:site_name\" content=\"Nembutal House\" \/>\n<meta property=\"article:modified_time\" content=\"2026-03-03T05:57:55+00:00\" \/>\n<meta property=\"og:image\" content=\"https:\/\/nembutalhouse.com\/wp-content\/uploads\/2024\/10\/Benzolam.gif\" \/>\n\t<meta property=\"og:image:width\" content=\"600\" \/>\n\t<meta property=\"og:image:height\" content=\"600\" \/>\n\t<meta property=\"og:image:type\" content=\"image\/gif\" \/>\n<meta name=\"twitter:card\" content=\"summary_large_image\" \/>\n<meta name=\"twitter:label1\" content=\"Estimeret l\u00e6setid\" \/>\n\t<meta name=\"twitter:data1\" content=\"3 minutter\" \/>\n<script type=\"application\/ld+json\" class=\"yoast-schema-graph\">{\"@context\":\"https:\/\/schema.org\",\"@graph\":[{\"@type\":\"WebPage\",\"@id\":\"https:\/\/nembutalhouse.com\/product\/buy-benzolam-online\/\",\"url\":\"https:\/\/nembutalhouse.com\/product\/buy-benzolam-online\/\",\"name\":\"Benzolam for Sale - Buy Benzolam Online - Order Benzolam\",\"isPartOf\":{\"@id\":\"https:\/\/nembutalhouse.com\/#website\"},\"primaryImageOfPage\":{\"@id\":\"https:\/\/nembutalhouse.com\/product\/buy-benzolam-online\/#primaryimage\"},\"image\":{\"@id\":\"https:\/\/nembutalhouse.com\/product\/buy-benzolam-online\/#primaryimage\"},\"thumbnailUrl\":\"https:\/\/nembutalhouse.com\/wp-content\/uploads\/2024\/10\/Benzolam.gif\",\"datePublished\":\"2024-10-16T11:50:21+00:00\",\"dateModified\":\"2026-03-03T05:57:55+00:00\",\"description\":\"You can now get benzolam for sale from our top best store NembutalHouse. Our staff will assist you to buy benzolam online at the best prices. Order benzolam online today with worldwide shipping!\",\"breadcrumb\":{\"@id\":\"https:\/\/nembutalhouse.com\/product\/buy-benzolam-online\/#breadcrumb\"},\"inLanguage\":\"da-DK\",\"potentialAction\":[{\"@type\":\"ReadAction\",\"target\":[\"https:\/\/nembutalhouse.com\/product\/buy-benzolam-online\/\"]}]},{\"@type\":\"ImageObject\",\"inLanguage\":\"da-DK\",\"@id\":\"https:\/\/nembutalhouse.com\/product\/buy-benzolam-online\/#primaryimage\",\"url\":\"https:\/\/nembutalhouse.com\/wp-content\/uploads\/2024\/10\/Benzolam.gif\",\"contentUrl\":\"https:\/\/nembutalhouse.com\/wp-content\/uploads\/2024\/10\/Benzolam.gif\",\"width\":600,\"height\":600,\"caption\":\"Buy Benzolam Online\"},{\"@type\":\"BreadcrumbList\",\"@id\":\"https:\/\/nembutalhouse.com\/product\/buy-benzolam-online\/#breadcrumb\",\"itemListElement\":[{\"@type\":\"ListItem\",\"position\":1,\"name\":\"Home\",\"item\":\"https:\/\/nembutalhouse.com\/\"},{\"@type\":\"ListItem\",\"position\":2,\"name\":\"Shop\",\"item\":\"https:\/\/nembutalhouse.com\/shop\/\"},{\"@type\":\"ListItem\",\"position\":3,\"name\":\"Buy Benzolam Online\"}]},{\"@type\":\"WebSite\",\"@id\":\"https:\/\/nembutalhouse.com\/#website\",\"url\":\"https:\/\/nembutalhouse.com\/\",\"name\":\"Nembutal House\",\"description\":\"Best Nembutal Online Store\",\"publisher\":{\"@id\":\"https:\/\/nembutalhouse.com\/#organization\"},\"potentialAction\":[{\"@type\":\"SearchAction\",\"target\":{\"@type\":\"EntryPoint\",\"urlTemplate\":\"https:\/\/nembutalhouse.com\/?s={search_term_string}\"},\"query-input\":{\"@type\":\"PropertyValueSpecification\",\"valueRequired\":true,\"valueName\":\"search_term_string\"}}],\"inLanguage\":\"da-DK\"},{\"@type\":\"Organization\",\"@id\":\"https:\/\/nembutalhouse.com\/#organization\",\"name\":\"Nembutal House\",\"url\":\"https:\/\/nembutalhouse.com\/\",\"logo\":{\"@type\":\"ImageObject\",\"inLanguage\":\"da-DK\",\"@id\":\"https:\/\/nembutalhouse.com\/#\/schema\/logo\/image\/\",\"url\":\"https:\/\/nembutalhouse.com\/wp-content\/uploads\/2022\/12\/logo.png\",\"contentUrl\":\"https:\/\/nembutalhouse.com\/wp-content\/uploads\/2022\/12\/logo.png\",\"width\":344,\"height\":103,\"caption\":\"Nembutal House\"},\"image\":{\"@id\":\"https:\/\/nembutalhouse.com\/#\/schema\/logo\/image\/\"}}]}<\/script>\n<!-- \/ Yoast SEO plugin. -->","yoast_head_json":{"title":"Benzolam for Sale - Buy Benzolam Online - Order Benzolam","description":"You can now get benzolam for sale from our top best store NembutalHouse. Our staff will assist you to buy benzolam online at the best prices. Order benzolam online today with worldwide shipping!","robots":{"index":"index","follow":"follow","max-snippet":"max-snippet:-1","max-image-preview":"max-image-preview:large","max-video-preview":"max-video-preview:-1"},"canonical":"https:\/\/nembutalhouse.com\/da\/vare\/buy-benzolam-online\/","og_locale":"da_DK","og_type":"article","og_title":"Benzolam for Sale - Buy Benzolam Online - Order Benzolam","og_description":"You can now get benzolam for sale from our top best store NembutalHouse. Our staff will assist you to buy benzolam online at the best prices. Order benzolam online today with worldwide shipping!","og_url":"https:\/\/nembutalhouse.com\/da\/vare\/buy-benzolam-online\/","og_site_name":"Nembutal House","article_modified_time":"2026-03-03T05:57:55+00:00","og_image":[{"width":600,"height":600,"url":"https:\/\/nembutalhouse.com\/wp-content\/uploads\/2024\/10\/Benzolam.gif","type":"image\/gif"}],"twitter_card":"summary_large_image","twitter_misc":{"Estimeret l\u00e6setid":"3 minutter"},"schema":{"@context":"https:\/\/schema.org","@graph":[{"@type":"WebPage","@id":"https:\/\/nembutalhouse.com\/product\/buy-benzolam-online\/","url":"https:\/\/nembutalhouse.com\/product\/buy-benzolam-online\/","name":"Benzolam for Sale - Buy Benzolam Online - Order Benzolam","isPartOf":{"@id":"https:\/\/nembutalhouse.com\/#website"},"primaryImageOfPage":{"@id":"https:\/\/nembutalhouse.com\/product\/buy-benzolam-online\/#primaryimage"},"image":{"@id":"https:\/\/nembutalhouse.com\/product\/buy-benzolam-online\/#primaryimage"},"thumbnailUrl":"https:\/\/nembutalhouse.com\/wp-content\/uploads\/2024\/10\/Benzolam.gif","datePublished":"2024-10-16T11:50:21+00:00","dateModified":"2026-03-03T05:57:55+00:00","description":"You can now get benzolam for sale from our top best store NembutalHouse. Our staff will assist you to buy benzolam online at the best prices. Order benzolam online today with worldwide shipping!","breadcrumb":{"@id":"https:\/\/nembutalhouse.com\/product\/buy-benzolam-online\/#breadcrumb"},"inLanguage":"da-DK","potentialAction":[{"@type":"ReadAction","target":["https:\/\/nembutalhouse.com\/product\/buy-benzolam-online\/"]}]},{"@type":"ImageObject","inLanguage":"da-DK","@id":"https:\/\/nembutalhouse.com\/product\/buy-benzolam-online\/#primaryimage","url":"https:\/\/nembutalhouse.com\/wp-content\/uploads\/2024\/10\/Benzolam.gif","contentUrl":"https:\/\/nembutalhouse.com\/wp-content\/uploads\/2024\/10\/Benzolam.gif","width":600,"height":600,"caption":"Buy Benzolam Online"},{"@type":"BreadcrumbList","@id":"https:\/\/nembutalhouse.com\/product\/buy-benzolam-online\/#breadcrumb","itemListElement":[{"@type":"ListItem","position":1,"name":"Home","item":"https:\/\/nembutalhouse.com\/"},{"@type":"ListItem","position":2,"name":"Shop","item":"https:\/\/nembutalhouse.com\/shop\/"},{"@type":"ListItem","position":3,"name":"Buy Benzolam Online"}]},{"@type":"WebSite","@id":"https:\/\/nembutalhouse.com\/#website","url":"https:\/\/nembutalhouse.com\/","name":"Nembutal House","description":"Best Nembutal Online Store","publisher":{"@id":"https:\/\/nembutalhouse.com\/#organization"},"potentialAction":[{"@type":"SearchAction","target":{"@type":"EntryPoint","urlTemplate":"https:\/\/nembutalhouse.com\/?s={search_term_string}"},"query-input":{"@type":"PropertyValueSpecification","valueRequired":true,"valueName":"search_term_string"}}],"inLanguage":"da-DK"},{"@type":"Organization","@id":"https:\/\/nembutalhouse.com\/#organization","name":"Nembutal House","url":"https:\/\/nembutalhouse.com\/","logo":{"@type":"ImageObject","inLanguage":"da-DK","@id":"https:\/\/nembutalhouse.com\/#\/schema\/logo\/image\/","url":"https:\/\/nembutalhouse.com\/wp-content\/uploads\/2022\/12\/logo.png","contentUrl":"https:\/\/nembutalhouse.com\/wp-content\/uploads\/2022\/12\/logo.png","width":344,"height":103,"caption":"Nembutal House"},"image":{"@id":"https:\/\/nembutalhouse.com\/#\/schema\/logo\/image\/"}}]}},"_links":{"self":[{"href":"https:\/\/nembutalhouse.com\/da\/wp-json\/wp\/v2\/product\/1355","targetHints":{"allow":["GET"]}}],"collection":[{"href":"https:\/\/nembutalhouse.com\/da\/wp-json\/wp\/v2\/product"}],"about":[{"href":"https:\/\/nembutalhouse.com\/da\/wp-json\/wp\/v2\/types\/product"}],"replies":[{"embeddable":true,"href":"https:\/\/nembutalhouse.com\/da\/wp-json\/wp\/v2\/comments?post=1355"}],"wp:featuredmedia":[{"embeddable":true,"href":"https:\/\/nembutalhouse.com\/da\/wp-json\/wp\/v2\/media\/1520"}],"wp:attachment":[{"href":"https:\/\/nembutalhouse.com\/da\/wp-json\/wp\/v2\/media?parent=1355"}],"wp:term":[{"taxonomy":"product_cat","embeddable":true,"href":"https:\/\/nembutalhouse.com\/da\/wp-json\/wp\/v2\/product_cat?post=1355"},{"taxonomy":"product_tag","embeddable":true,"href":"https:\/\/nembutalhouse.com\/da\/wp-json\/wp\/v2\/product_tag?post=1355"}],"curies":[{"name":"wp","href":"https:\/\/api.w.org\/{rel}","templated":true}]}}