{"id":1316,"date":"2024-10-16T11:50:01","date_gmt":"2024-10-16T11:50:01","guid":{"rendered":"https:\/\/nembutalhouse.com\/?post_type=product&#038;p=1316"},"modified":"2026-03-06T08:19:10","modified_gmt":"2026-03-06T08:19:10","slug":"buy-1p-lsd-online","status":"publish","type":"product","link":"https:\/\/nembutalhouse.com\/da\/vare\/buy-1p-lsd-online\/","title":{"rendered":"K\u00f8b 1P-LSD online"},"content":{"rendered":"<h2>K\u00f8b 1P-LSD online<\/h2>\n<h3>1P-LSD: Hvad er det?<\/h3>\n<p>Buy 1P-LSD 100mcg h\u00f8rer til lysergamid-klassen af beroligende midler og har psykedeliske effekter. Blandt de beroligende midler, der unders\u00f8ges hyppigst, er 1P-LSD, og det er meget vellidt af kemiske eksperter.<\/p>\n<h3>Hvordan kan jeg k\u00f8be 1P-LSD online?<\/h3>\n<p><a href=\"https:\/\/nembutalhouse.com\/da\/\">NembutalHouse.com<\/a> er stedet at k\u00f8be 1P-LSD. Vi sender kun postordre p\u00e5 1P-LSD, som kommer i blotterform. Vi tillader kun brug af vores Buy 1P-LSD 100mcg til forskningsform\u00e5l; hverken mennesker eller dyr m\u00e5 indtage det.<\/p>\n<p>Du skal overholde alle lokale myndigheders love og regler vedr\u00f8rende forskningskemikalier, hvis du har til hensigt at k\u00f8be vores 1P-LSD.<\/p>\n<h3>Leveres med 1P-LSD<\/h3>\n<p>Vi eksporterer 1P-LSD til videnskabelig brug til alle lande i verden, hvor det er tilladt. Hvis det er ulovligt i dit land. Vi eksporterer 1P-LSD til videnskabelig brug til alle lande i verden, hvor det er tilladt. Du sidder fast, hvis <a href=\"https:\/\/en.wikipedia.org\/wiki\/1P-LSD\">1P-LSD<\/a> er forbudt i dit land. Vores forsendelse er p\u00e5lidelig og hurtig. Derudover har vi flere muligheder. Du kan med garanti finde det ideelle leveringsvalg her.<\/p>\n<h3>F\u00e5s lige nu i blotters og drops<\/h3>\n<p>For at f\u00e5 den l\u00e6ngste holdbarhed skal du altid opbevare det p\u00e5 et k\u00f8ligt og t\u00f8rt sted. Dette produkt er kun beregnet til brug i retsmedicinske og forskningsm\u00e6ssige sammenh\u00e6nge. Derfor er det IKKE beregnet til i<a href=\"https:\/\/nembutalhouse.com\/da\/vare\/1p-lsd\/\">&#8211;<\/a>vivo-eksperimenter af enhver art p\u00e5 dyr eller andre levende v\u00e6sener, og det er heller ikke beregnet til menneskef\u00f8de.<\/p>\n<h3>Hvorfor v\u00e6lge 1P-LSD fra Nembulathouse?<\/h3>\n<p>Som en <strong>leverand\u00f8r af 1P-LSD til forskning<\/strong>, <strong>Nembulathouse<\/strong> er forpligtet til at levere grundigt testede produkter, der opfylder de h\u00f8je standarder, der kr\u00e6ves af <strong>certificerede laboratorier<\/strong>:<\/p>\n<ul>\n<li><strong>1P-LSD med h\u00f8j renhed til laboratorier<\/strong>: Hvert parti gennemg\u00e5r strenge test for at garantere optimal renhed, der er afg\u00f8rende for <strong>pr\u00e6cise videnskabelige anvendelser<\/strong>.<\/li>\n<li><strong>Konsekvent og p\u00e5lidelig kvalitet<\/strong>: Vores 1P-LSD er formuleret til at levere en stabil og p\u00e5lidelig ydelse, hvilket g\u00f8r den ideel til <strong>analytiske unders\u00f8gelser og laboratorieforskning<\/strong>.<\/li>\n<li><strong>Sikker online-bestilling<\/strong>: <strong>Nembulathouse<\/strong> giver en forenklet og sikker proces til <strong>K\u00f8b af 1P-LSD online<\/strong>, der sikrer sikkerhed og overholdelse for forskningspersonale.<\/li>\n<\/ul>\n<h3>Anvendelser og sikkerhedsretningslinjer<\/h3>\n<p><strong>Nembulathouse<\/strong>'s <a href=\"https:\/\/nembutalhouse.com\/da\/vare\/buy-1p-lsd-online\/\"><strong>1P-LSD til forskning<\/strong><\/a> er designet til <strong>analytiske anvendelser og videnskabelige unders\u00f8gelser<\/strong>. Vi inkluderer detaljerede sikkerhedsprotokoller for at sikre sikker og forskriftsm\u00e6ssig brug:<\/p>\n<ul>\n<li><strong>Sikker opbevaring<\/strong>: Opbevar 1P-LSD p\u00e5 et k\u00f8ligt, t\u00f8rt sted, v\u00e6k fra direkte lys for at bevare kvaliteten.<\/li>\n<li><strong>H\u00e5ndter med forsigtighed<\/strong>: Brug personlige v\u00e6rnemidler (PPE), og arbejd i et godt ventileret milj\u00f8 for at sikre en sikker h\u00e5ndtering.<\/li>\n<li><strong>Kun til forskningsbrug<\/strong>: Dette produkt er udelukkende beregnet til kvalificerede forskere og certificerede laboratorier.<\/li>\n<\/ul>\n<h3>Bestil 1P-LSD af h\u00f8j renhed til dine videnskabelige studier<\/h3>\n<p>Med <strong>Nembulathouse<\/strong>f\u00e5r du adgang til en <strong>p\u00e5lidelig levering af 1P-LSD til laboratoriebrug<\/strong>. Vores engagement i kvalitet og sikkerhed g\u00f8r <strong>Nembulathouse<\/strong> det p\u00e5lidelige valg for professionelle forskere. <strong>Kontakt os<\/strong> for et tilbud eller for at f\u00e5 mere at vide om vores udvalg af forskningsprodukter med h\u00f8j renhed.<\/p>","protected":false},"excerpt":{"rendered":"<p>1P-LSD er en <strong>lysergamid<\/strong> forbindelse, der har samme struktur som <strong>LSD (lysergisk syrediethylamid)<\/strong>men med en <strong>propionylgruppe<\/strong> bundet til nitrogenpositionen i indolringen. Denne lille \u00e6ndring g\u00f8r det muligt at v\u00e6re <strong>metaboliseret til LSD<\/strong> i kroppen, hvilket giver det effekter, der kan sammenlignes med LSD. Det er en <strong>psykedelisk stof<\/strong> almindeligt brugt til b\u00e5de rekreative og <strong>eksperimentelle form\u00e5l<\/strong>.<\/p>\n<h4><strong>Kemisk formel og sagsnummer<\/strong><\/h4>\n<ul>\n<li><strong>Kemisk navn<\/strong>: 1-Propionyl-lysergsyre-diethylamid<\/li>\n<li><strong>Kemisk formel<\/strong>: C21H26N2O2<\/li>\n<li><strong>CAS-nummer<\/strong>: 1181100-01-1<\/li>\n<\/ul>","protected":false},"featured_media":1512,"comment_status":"open","ping_status":"closed","template":"","meta":{"_joinchat":[]},"product_cat":[186],"product_tag":[1047,1052,1070,1072,1058,1059,1062,1068,1069,1067,1048,1066,1055,1045,1046,1057,1071,1064,1061,1054,1050,1051,1073,1065,1063,1060,1053,1056,1049],"class_list":{"0":"post-1316","1":"product","2":"type-product","3":"status-publish","4":"has-post-thumbnail","6":"product_cat-research-chemicals","7":"product_tag-1p-lsd-for-sale","8":"product_tag-1p-lsd-powder","9":"product_tag-1p-lsd-powder-for-cleaning","10":"product_tag-1p-lsd-powder-for-sale","11":"product_tag-1p-lsd-powder-online","12":"product_tag-1p-lsd-powder-price","13":"product_tag-1p-lsd-powder-store","14":"product_tag-1p-lsd-powder-use","15":"product_tag-1p-lsd-powder-wiki","16":"product_tag-1p-lsd-powder-worldwide","17":"product_tag-1p-lsd-supplier","18":"product_tag-best-cheap-price-1p-lsd-powder","19":"product_tag-best-place-to-buy-1p-lsd-powder","20":"product_tag-buy-1p-1p-lsd","21":"product_tag-buy-1p-lsd-online","22":"product_tag-buy-1p-lsd-powder-legally","23":"product_tag-buy-1p-lsd-powder-online","24":"product_tag-cheap-1p-lsd-powders","25":"product_tag-high-quality-1p-lsd-powder","26":"product_tag-how-to-buy-1p-lsd-powder","27":"product_tag-order-1p-lsd","28":"product_tag-order-1p-lsd-online","29":"product_tag-order-1p-lsd-powder","30":"product_tag-purcharse-1p-lsd-powder-powder","31":"product_tag-shop-1p-lsd-powder","32":"product_tag-top-quality-1p-lsd-powder","33":"product_tag-where-to-buy-1p-lsd-powder","34":"product_tag-where-to-order-1p-lsd-powder","35":"product_tag-wholesale-1p-lsd-bulk-online","37":"first","38":"instock","39":"shipping-taxable","40":"purchasable","41":"product-type-variable"},"yoast_head":"<!-- This site is optimized with the Yoast SEO plugin v24.1 - https:\/\/yoast.com\/wordpress\/plugins\/seo\/ -->\n<title>Buy 1P-LSD Online - 1P-LSD for Sale | NembutalHouse<\/title>\n<meta name=\"description\" content=\"Discover top-notch 1p-lsd for sale at our online store - buy 1p-lsd powder conveniently and securely to fuel your research. Explore and buy 1p-lsd online, advancing your scientific endeavors with ease. Order Now!\" \/>\n<meta name=\"robots\" content=\"index, follow, max-snippet:-1, max-image-preview:large, max-video-preview:-1\" \/>\n<link rel=\"canonical\" href=\"https:\/\/nembutalhouse.com\/da\/vare\/buy-1p-lsd-online\/\" \/>\n<meta property=\"og:locale\" content=\"da_DK\" \/>\n<meta property=\"og:type\" content=\"article\" \/>\n<meta property=\"og:title\" content=\"Buy 1P-LSD Online - 1P-LSD for Sale | NembutalHouse\" \/>\n<meta property=\"og:description\" content=\"Discover top-notch 1p-lsd for sale at our online store - buy 1p-lsd powder conveniently and securely to fuel your research. Explore and buy 1p-lsd online, advancing your scientific endeavors with ease. Order Now!\" \/>\n<meta property=\"og:url\" content=\"https:\/\/nembutalhouse.com\/da\/vare\/buy-1p-lsd-online\/\" \/>\n<meta property=\"og:site_name\" content=\"Nembutal House\" \/>\n<meta property=\"article:modified_time\" content=\"2026-03-06T08:19:10+00:00\" \/>\n<meta property=\"og:image\" content=\"https:\/\/nembutalhouse.com\/wp-content\/uploads\/2024\/10\/1P-LSD.gif\" \/>\n\t<meta property=\"og:image:width\" content=\"600\" \/>\n\t<meta property=\"og:image:height\" content=\"600\" \/>\n\t<meta property=\"og:image:type\" content=\"image\/gif\" \/>\n<meta name=\"twitter:card\" content=\"summary_large_image\" \/>\n<meta name=\"twitter:label1\" content=\"Estimeret l\u00e6setid\" \/>\n\t<meta name=\"twitter:data1\" content=\"3 minutter\" \/>\n<script type=\"application\/ld+json\" class=\"yoast-schema-graph\">{\"@context\":\"https:\/\/schema.org\",\"@graph\":[{\"@type\":\"WebPage\",\"@id\":\"https:\/\/nembutalhouse.com\/product\/buy-1p-lsd-online\/\",\"url\":\"https:\/\/nembutalhouse.com\/product\/buy-1p-lsd-online\/\",\"name\":\"Buy 1P-LSD Online - 1P-LSD for Sale | NembutalHouse\",\"isPartOf\":{\"@id\":\"https:\/\/nembutalhouse.com\/#website\"},\"primaryImageOfPage\":{\"@id\":\"https:\/\/nembutalhouse.com\/product\/buy-1p-lsd-online\/#primaryimage\"},\"image\":{\"@id\":\"https:\/\/nembutalhouse.com\/product\/buy-1p-lsd-online\/#primaryimage\"},\"thumbnailUrl\":\"https:\/\/nembutalhouse.com\/wp-content\/uploads\/2024\/10\/1P-LSD.gif\",\"datePublished\":\"2024-10-16T11:50:01+00:00\",\"dateModified\":\"2026-03-06T08:19:10+00:00\",\"description\":\"Discover top-notch 1p-lsd for sale at our online store - buy 1p-lsd powder conveniently and securely to fuel your research. Explore and buy 1p-lsd online, advancing your scientific endeavors with ease. Order Now!\",\"breadcrumb\":{\"@id\":\"https:\/\/nembutalhouse.com\/product\/buy-1p-lsd-online\/#breadcrumb\"},\"inLanguage\":\"da-DK\",\"potentialAction\":[{\"@type\":\"ReadAction\",\"target\":[\"https:\/\/nembutalhouse.com\/product\/buy-1p-lsd-online\/\"]}]},{\"@type\":\"ImageObject\",\"inLanguage\":\"da-DK\",\"@id\":\"https:\/\/nembutalhouse.com\/product\/buy-1p-lsd-online\/#primaryimage\",\"url\":\"https:\/\/nembutalhouse.com\/wp-content\/uploads\/2024\/10\/1P-LSD.gif\",\"contentUrl\":\"https:\/\/nembutalhouse.com\/wp-content\/uploads\/2024\/10\/1P-LSD.gif\",\"width\":600,\"height\":600,\"caption\":\"Buy 1P-LSD Online\"},{\"@type\":\"BreadcrumbList\",\"@id\":\"https:\/\/nembutalhouse.com\/product\/buy-1p-lsd-online\/#breadcrumb\",\"itemListElement\":[{\"@type\":\"ListItem\",\"position\":1,\"name\":\"Home\",\"item\":\"https:\/\/nembutalhouse.com\/\"},{\"@type\":\"ListItem\",\"position\":2,\"name\":\"Shop\",\"item\":\"https:\/\/nembutalhouse.com\/shop\/\"},{\"@type\":\"ListItem\",\"position\":3,\"name\":\"Buy 1P-LSD Online\"}]},{\"@type\":\"WebSite\",\"@id\":\"https:\/\/nembutalhouse.com\/#website\",\"url\":\"https:\/\/nembutalhouse.com\/\",\"name\":\"Nembutal House\",\"description\":\"Best Nembutal Online Store\",\"publisher\":{\"@id\":\"https:\/\/nembutalhouse.com\/#organization\"},\"potentialAction\":[{\"@type\":\"SearchAction\",\"target\":{\"@type\":\"EntryPoint\",\"urlTemplate\":\"https:\/\/nembutalhouse.com\/?s={search_term_string}\"},\"query-input\":{\"@type\":\"PropertyValueSpecification\",\"valueRequired\":true,\"valueName\":\"search_term_string\"}}],\"inLanguage\":\"da-DK\"},{\"@type\":\"Organization\",\"@id\":\"https:\/\/nembutalhouse.com\/#organization\",\"name\":\"Nembutal House\",\"url\":\"https:\/\/nembutalhouse.com\/\",\"logo\":{\"@type\":\"ImageObject\",\"inLanguage\":\"da-DK\",\"@id\":\"https:\/\/nembutalhouse.com\/#\/schema\/logo\/image\/\",\"url\":\"https:\/\/nembutalhouse.com\/wp-content\/uploads\/2022\/12\/logo.png\",\"contentUrl\":\"https:\/\/nembutalhouse.com\/wp-content\/uploads\/2022\/12\/logo.png\",\"width\":344,\"height\":103,\"caption\":\"Nembutal House\"},\"image\":{\"@id\":\"https:\/\/nembutalhouse.com\/#\/schema\/logo\/image\/\"}}]}<\/script>\n<!-- \/ Yoast SEO plugin. -->","yoast_head_json":{"title":"Buy 1P-LSD Online - 1P-LSD for Sale | NembutalHouse","description":"Discover top-notch 1p-lsd for sale at our online store - buy 1p-lsd powder conveniently and securely to fuel your research. Explore and buy 1p-lsd online, advancing your scientific endeavors with ease. Order Now!","robots":{"index":"index","follow":"follow","max-snippet":"max-snippet:-1","max-image-preview":"max-image-preview:large","max-video-preview":"max-video-preview:-1"},"canonical":"https:\/\/nembutalhouse.com\/da\/vare\/buy-1p-lsd-online\/","og_locale":"da_DK","og_type":"article","og_title":"Buy 1P-LSD Online - 1P-LSD for Sale | NembutalHouse","og_description":"Discover top-notch 1p-lsd for sale at our online store - buy 1p-lsd powder conveniently and securely to fuel your research. Explore and buy 1p-lsd online, advancing your scientific endeavors with ease. Order Now!","og_url":"https:\/\/nembutalhouse.com\/da\/vare\/buy-1p-lsd-online\/","og_site_name":"Nembutal House","article_modified_time":"2026-03-06T08:19:10+00:00","og_image":[{"width":600,"height":600,"url":"https:\/\/nembutalhouse.com\/wp-content\/uploads\/2024\/10\/1P-LSD.gif","type":"image\/gif"}],"twitter_card":"summary_large_image","twitter_misc":{"Estimeret l\u00e6setid":"3 minutter"},"schema":{"@context":"https:\/\/schema.org","@graph":[{"@type":"WebPage","@id":"https:\/\/nembutalhouse.com\/product\/buy-1p-lsd-online\/","url":"https:\/\/nembutalhouse.com\/product\/buy-1p-lsd-online\/","name":"Buy 1P-LSD Online - 1P-LSD for Sale | NembutalHouse","isPartOf":{"@id":"https:\/\/nembutalhouse.com\/#website"},"primaryImageOfPage":{"@id":"https:\/\/nembutalhouse.com\/product\/buy-1p-lsd-online\/#primaryimage"},"image":{"@id":"https:\/\/nembutalhouse.com\/product\/buy-1p-lsd-online\/#primaryimage"},"thumbnailUrl":"https:\/\/nembutalhouse.com\/wp-content\/uploads\/2024\/10\/1P-LSD.gif","datePublished":"2024-10-16T11:50:01+00:00","dateModified":"2026-03-06T08:19:10+00:00","description":"Discover top-notch 1p-lsd for sale at our online store - buy 1p-lsd powder conveniently and securely to fuel your research. Explore and buy 1p-lsd online, advancing your scientific endeavors with ease. Order Now!","breadcrumb":{"@id":"https:\/\/nembutalhouse.com\/product\/buy-1p-lsd-online\/#breadcrumb"},"inLanguage":"da-DK","potentialAction":[{"@type":"ReadAction","target":["https:\/\/nembutalhouse.com\/product\/buy-1p-lsd-online\/"]}]},{"@type":"ImageObject","inLanguage":"da-DK","@id":"https:\/\/nembutalhouse.com\/product\/buy-1p-lsd-online\/#primaryimage","url":"https:\/\/nembutalhouse.com\/wp-content\/uploads\/2024\/10\/1P-LSD.gif","contentUrl":"https:\/\/nembutalhouse.com\/wp-content\/uploads\/2024\/10\/1P-LSD.gif","width":600,"height":600,"caption":"Buy 1P-LSD Online"},{"@type":"BreadcrumbList","@id":"https:\/\/nembutalhouse.com\/product\/buy-1p-lsd-online\/#breadcrumb","itemListElement":[{"@type":"ListItem","position":1,"name":"Home","item":"https:\/\/nembutalhouse.com\/"},{"@type":"ListItem","position":2,"name":"Shop","item":"https:\/\/nembutalhouse.com\/shop\/"},{"@type":"ListItem","position":3,"name":"Buy 1P-LSD Online"}]},{"@type":"WebSite","@id":"https:\/\/nembutalhouse.com\/#website","url":"https:\/\/nembutalhouse.com\/","name":"Nembutal House","description":"Best Nembutal Online Store","publisher":{"@id":"https:\/\/nembutalhouse.com\/#organization"},"potentialAction":[{"@type":"SearchAction","target":{"@type":"EntryPoint","urlTemplate":"https:\/\/nembutalhouse.com\/?s={search_term_string}"},"query-input":{"@type":"PropertyValueSpecification","valueRequired":true,"valueName":"search_term_string"}}],"inLanguage":"da-DK"},{"@type":"Organization","@id":"https:\/\/nembutalhouse.com\/#organization","name":"Nembutal House","url":"https:\/\/nembutalhouse.com\/","logo":{"@type":"ImageObject","inLanguage":"da-DK","@id":"https:\/\/nembutalhouse.com\/#\/schema\/logo\/image\/","url":"https:\/\/nembutalhouse.com\/wp-content\/uploads\/2022\/12\/logo.png","contentUrl":"https:\/\/nembutalhouse.com\/wp-content\/uploads\/2022\/12\/logo.png","width":344,"height":103,"caption":"Nembutal House"},"image":{"@id":"https:\/\/nembutalhouse.com\/#\/schema\/logo\/image\/"}}]}},"_links":{"self":[{"href":"https:\/\/nembutalhouse.com\/da\/wp-json\/wp\/v2\/product\/1316","targetHints":{"allow":["GET"]}}],"collection":[{"href":"https:\/\/nembutalhouse.com\/da\/wp-json\/wp\/v2\/product"}],"about":[{"href":"https:\/\/nembutalhouse.com\/da\/wp-json\/wp\/v2\/types\/product"}],"replies":[{"embeddable":true,"href":"https:\/\/nembutalhouse.com\/da\/wp-json\/wp\/v2\/comments?post=1316"}],"wp:featuredmedia":[{"embeddable":true,"href":"https:\/\/nembutalhouse.com\/da\/wp-json\/wp\/v2\/media\/1512"}],"wp:attachment":[{"href":"https:\/\/nembutalhouse.com\/da\/wp-json\/wp\/v2\/media?parent=1316"}],"wp:term":[{"taxonomy":"product_cat","embeddable":true,"href":"https:\/\/nembutalhouse.com\/da\/wp-json\/wp\/v2\/product_cat?post=1316"},{"taxonomy":"product_tag","embeddable":true,"href":"https:\/\/nembutalhouse.com\/da\/wp-json\/wp\/v2\/product_tag?post=1316"}],"curies":[{"name":"wp","href":"https:\/\/api.w.org\/{rel}","templated":true}]}}