{"id":1197,"date":"2024-10-16T11:48:32","date_gmt":"2024-10-16T11:48:32","guid":{"rendered":"https:\/\/nembutalhouse.com\/?post_type=product&#038;p=1197"},"modified":"2026-03-06T07:33:56","modified_gmt":"2026-03-06T07:33:56","slug":"buy-4-mec-online-2-2","status":"publish","type":"product","link":"https:\/\/nembutalhouse.com\/da\/vare\/buy-4-mec-online-2-2\/","title":{"rendered":"Buy 4-MEC Online"},"content":{"rendered":"<h2>Buy 4-MEC Online<\/h2>\n<h3>4-methyl-N-ethyl Cathinon<\/h3>\n<p>Several designer recreational drugs that are marketed as &#8220;legal high&#8221; substitutes for regulated stimulants like methamphetamine and 3,4-methylenedioxymethamphetamine contain 4-methylethcathinone (4-MEC), a cathinone derivative.1, 2, 3 This compound&#8217;s hydrochloride version is meant to serve as a benchmark for forensic examination of materials that might contain <a href=\"https:\/\/nembutalhouse.com\/da\/vare\/buy-4-mec-online-2\/\">buy 4-MEC online<\/a>.<\/p>\n<p>Tekniske detaljer<\/p>\n<p>2-(ethylamino)-1-(4-methylphenyl)-1-propanon, monohydrochlorid er det formelle navn.<\/p>\n<p>CAS-nummer: 1266688-86-1<\/p>\n<p>Synonymer<\/p>\n<p>4-methyl-N-ethyl Cathinon<\/p>\n<p>4. MEC<\/p>\n<p>Formel for molekylet: C12H17NO - HCl<\/p>\n<p>V\u00e6gt af formel: 227.7<\/p>\n<p>Renhed \u226598%<\/p>\n<p>Oprettelse af et krystallinsk fast stof<\/p>\n<p>\u03bbmax: 260 nm<\/p>\n<p>CC1=CC=C(C(C(NCC)C)=O) SMILESC=C1.Cl<\/p>\n<p>Kode for InChI: InChI=1S\/C12H17NO.ClH\/c12(14)11-7-5-9(2) 1-4-13-10(3)h5-8,10,13H,4H2,1-3H3;1H 6-8-11<\/p>\n<p>RQTXXFLUWZXGIE-UHFFFAOYSA-N er InChI-n\u00f8glen.<\/p>\n<h3>Kemikalier i Nembutal-huset<\/h3>\n<p>VI ER EN GLOBAL LEVERAND\u00d8R AF FORSKNINGSKEMIKALIER<\/p>\n<p>Med hensyn til<\/p>\n<p>p\u00e5lidelige, trov\u00e6rdige, sikre og autoriserede leverand\u00f8rer af forskningskemikalier<\/p>\n<p>You can find cutting-edge materials for your projects at <a href=\"https:\/\/nembutalhouse.com\/da\/\">NembutalHouse<\/a> Chemicals, one of the most reputable research chemical stores. you can find cutting-edge materials for your projects at NembutalHouse Chemicals, one of the most reputable research chemical stores. You need a supplier you can rely on to offer chemicals that are 100% authentic and pure, and you can be positive about this when you work with us. We take great pride in our reputation as one of the most reputable providers in the internet industry, which we have built through our commitment to quality and scientific integrity.<\/p>\n<p>Vores kunder kan drage fordel af vores forskellige betalingsmuligheder, p\u00e5lidelige levering og det bredeste udvalg af forskningskemikalier. P\u00e5 den m\u00e5de kan vi hj\u00e6lpe mange forskere fra alle kontinenter med at finde de ualmindelige og underbelyste unders\u00f8gelsesressourcer, der ofte har en betydelig indflydelse p\u00e5 forskning, der er farmakologisk, kemisk, biologisk eller fysisk. Vi udforsker l\u00f8bende metoder til at forbedre vores tilbud og tilf\u00f8jer, hvor det er muligt, nye forskningskemikalier til vores produktliste for at opfylde vores form\u00e5l.<\/p>\n<p>Afh\u00e6ngigt af deres umiddelbare behov kan vores kunder k\u00f8be ordrer i st\u00f8rre eller mindre antal. Vi bestr\u00e6ber os p\u00e5 at v\u00e6re inkluderende og hensynsfulde over for de pr\u00e6ferencer, som vores kunder over hele verden giver udtryk for, ud over at levere forskningskemikalier, som vores kunder specifikt \u00f8nsker. Vores ultimative m\u00e5l er at lette det videnskabelige samfunds adgang til forskningskemikalier af h\u00f8j kvalitet til en overkommelig pris og samtidig fremme viden p\u00e5 en teknisk m\u00e5de.<\/p>\n<p>V\u00e6r opm\u00e6rksom p\u00e5, at NembutalHouse Company kun tillader streng brug af sine forskningsartikler til legitim videnskabelig forskning, der udf\u00f8res i et sikkert, kontrolleret laboratoriemilj\u00f8 i overensstemmelse med lokale love og regler. Vores varer er strengt forbudt til konsum, uanset hvad.<\/p>\n<h3>First Research Chemical Store, Inc.<\/h3>\n<p>We have been providing research chemicals to medical facilities, toxicologists, biochemists, pharmacologists, chemistry students, pharmaceutical scientists, and educational <a href=\"https:\/\/en.wikipedia.org\/wiki\/4-Methylethcathinone\">organizations<\/a>.<\/p>\n<p>&nbsp;<\/p>","protected":false},"excerpt":{"rendered":"<p>Buy 4-MEC Online 4-methyl-N-ethyl The cathinone Several designer recreational drugs that are marketed as &#8220;legal high&#8221; substitutes for regulated stimulants like methamphetamine and 3,4-methylenedioxymethamphetamine contain 4-methylethcathinone (4-MEC), a cathinone derivative.1,&hellip;<\/p>","protected":false},"featured_media":1214,"comment_status":"open","ping_status":"closed","template":"","meta":{"_joinchat":[]},"product_cat":[186],"product_tag":[],"class_list":{"0":"post-1197","1":"product","2":"type-product","3":"status-publish","4":"has-post-thumbnail","6":"product_cat-research-chemicals","8":"first","9":"instock","10":"shipping-taxable","11":"purchasable","12":"product-type-variable"},"yoast_head":"<!-- This site is optimized with the Yoast SEO plugin v24.1 - https:\/\/yoast.com\/wordpress\/plugins\/seo\/ -->\n<title>Achetez 4-MEC en ligne - 4-MEC \u00e0 vendre<\/title>\n<meta name=\"description\" content=\"Nous sommes le magasin leader proposant 4-MEC \u00e0 la vente. Si vous souhaitez acheter 4-MEC en ligne, contactez-nous imm\u00e9diatement et faites livrer votre commande. Commandez maintenant !\" \/>\n<meta name=\"robots\" content=\"index, follow, max-snippet:-1, max-image-preview:large, max-video-preview:-1\" \/>\n<link rel=\"canonical\" href=\"https:\/\/nembutalhouse.com\/da\/vare\/buy-4-mec-online-2-2\/\" \/>\n<meta property=\"og:locale\" content=\"da_DK\" \/>\n<meta property=\"og:type\" content=\"article\" \/>\n<meta property=\"og:title\" content=\"Achetez 4-MEC en ligne - 4-MEC \u00e0 vendre\" \/>\n<meta property=\"og:description\" content=\"Nous sommes le magasin leader proposant 4-MEC \u00e0 la vente. Si vous souhaitez acheter 4-MEC en ligne, contactez-nous imm\u00e9diatement et faites livrer votre commande. Commandez maintenant !\" \/>\n<meta property=\"og:url\" content=\"https:\/\/nembutalhouse.com\/da\/vare\/buy-4-mec-online-2-2\/\" \/>\n<meta property=\"og:site_name\" content=\"Nembutal House\" \/>\n<meta property=\"article:modified_time\" content=\"2026-03-06T07:33:56+00:00\" \/>\n<meta property=\"og:image\" content=\"https:\/\/nembutalhouse.com\/wp-content\/uploads\/2024\/10\/4-MEC.gif\" \/>\n\t<meta property=\"og:image:width\" content=\"600\" \/>\n\t<meta property=\"og:image:height\" content=\"600\" \/>\n\t<meta property=\"og:image:type\" content=\"image\/gif\" \/>\n<meta name=\"twitter:card\" content=\"summary_large_image\" \/>\n<meta name=\"twitter:label1\" content=\"Estimeret l\u00e6setid\" \/>\n\t<meta name=\"twitter:data1\" content=\"3 minutter\" \/>\n<script type=\"application\/ld+json\" class=\"yoast-schema-graph\">{\"@context\":\"https:\/\/schema.org\",\"@graph\":[{\"@type\":\"WebPage\",\"@id\":\"https:\/\/nembutalhouse.com\/product\/buy-4-mec-online-2-2\/\",\"url\":\"https:\/\/nembutalhouse.com\/product\/buy-4-mec-online-2-2\/\",\"name\":\"Achetez 4-MEC en ligne - 4-MEC \u00e0 vendre\",\"isPartOf\":{\"@id\":\"https:\/\/nembutalhouse.com\/#website\"},\"primaryImageOfPage\":{\"@id\":\"https:\/\/nembutalhouse.com\/product\/buy-4-mec-online-2-2\/#primaryimage\"},\"image\":{\"@id\":\"https:\/\/nembutalhouse.com\/product\/buy-4-mec-online-2-2\/#primaryimage\"},\"thumbnailUrl\":\"https:\/\/nembutalhouse.com\/wp-content\/uploads\/2024\/10\/4-MEC.gif\",\"datePublished\":\"2024-10-16T11:48:32+00:00\",\"dateModified\":\"2026-03-06T07:33:56+00:00\",\"description\":\"Nous sommes le magasin leader proposant 4-MEC \u00e0 la vente. Si vous souhaitez acheter 4-MEC en ligne, contactez-nous imm\u00e9diatement et faites livrer votre commande. Commandez maintenant !\",\"breadcrumb\":{\"@id\":\"https:\/\/nembutalhouse.com\/product\/buy-4-mec-online-2-2\/#breadcrumb\"},\"inLanguage\":\"da-DK\",\"potentialAction\":[{\"@type\":\"ReadAction\",\"target\":[\"https:\/\/nembutalhouse.com\/product\/buy-4-mec-online-2-2\/\"]}]},{\"@type\":\"ImageObject\",\"inLanguage\":\"da-DK\",\"@id\":\"https:\/\/nembutalhouse.com\/product\/buy-4-mec-online-2-2\/#primaryimage\",\"url\":\"https:\/\/nembutalhouse.com\/wp-content\/uploads\/2024\/10\/4-MEC.gif\",\"contentUrl\":\"https:\/\/nembutalhouse.com\/wp-content\/uploads\/2024\/10\/4-MEC.gif\",\"width\":600,\"height\":600,\"caption\":\"Buy 4-MEC Online\"},{\"@type\":\"BreadcrumbList\",\"@id\":\"https:\/\/nembutalhouse.com\/product\/buy-4-mec-online-2-2\/#breadcrumb\",\"itemListElement\":[{\"@type\":\"ListItem\",\"position\":1,\"name\":\"Home\",\"item\":\"https:\/\/nembutalhouse.com\/\"},{\"@type\":\"ListItem\",\"position\":2,\"name\":\"Shop\",\"item\":\"https:\/\/nembutalhouse.com\/shop\/\"},{\"@type\":\"ListItem\",\"position\":3,\"name\":\"Buy 4-MEC Online\"}]},{\"@type\":\"WebSite\",\"@id\":\"https:\/\/nembutalhouse.com\/#website\",\"url\":\"https:\/\/nembutalhouse.com\/\",\"name\":\"Nembutal House\",\"description\":\"Best Nembutal Online Store\",\"publisher\":{\"@id\":\"https:\/\/nembutalhouse.com\/#organization\"},\"potentialAction\":[{\"@type\":\"SearchAction\",\"target\":{\"@type\":\"EntryPoint\",\"urlTemplate\":\"https:\/\/nembutalhouse.com\/?s={search_term_string}\"},\"query-input\":{\"@type\":\"PropertyValueSpecification\",\"valueRequired\":true,\"valueName\":\"search_term_string\"}}],\"inLanguage\":\"da-DK\"},{\"@type\":\"Organization\",\"@id\":\"https:\/\/nembutalhouse.com\/#organization\",\"name\":\"Nembutal House\",\"url\":\"https:\/\/nembutalhouse.com\/\",\"logo\":{\"@type\":\"ImageObject\",\"inLanguage\":\"da-DK\",\"@id\":\"https:\/\/nembutalhouse.com\/#\/schema\/logo\/image\/\",\"url\":\"https:\/\/nembutalhouse.com\/wp-content\/uploads\/2022\/12\/logo.png\",\"contentUrl\":\"https:\/\/nembutalhouse.com\/wp-content\/uploads\/2022\/12\/logo.png\",\"width\":344,\"height\":103,\"caption\":\"Nembutal House\"},\"image\":{\"@id\":\"https:\/\/nembutalhouse.com\/#\/schema\/logo\/image\/\"}}]}<\/script>\n<!-- \/ Yoast SEO plugin. -->","yoast_head_json":{"title":"Achetez 4-MEC en ligne - 4-MEC \u00e0 vendre","description":"Nous sommes le magasin leader proposant 4-MEC \u00e0 la vente. Si vous souhaitez acheter 4-MEC en ligne, contactez-nous imm\u00e9diatement et faites livrer votre commande. Commandez maintenant !","robots":{"index":"index","follow":"follow","max-snippet":"max-snippet:-1","max-image-preview":"max-image-preview:large","max-video-preview":"max-video-preview:-1"},"canonical":"https:\/\/nembutalhouse.com\/da\/vare\/buy-4-mec-online-2-2\/","og_locale":"da_DK","og_type":"article","og_title":"Achetez 4-MEC en ligne - 4-MEC \u00e0 vendre","og_description":"Nous sommes le magasin leader proposant 4-MEC \u00e0 la vente. Si vous souhaitez acheter 4-MEC en ligne, contactez-nous imm\u00e9diatement et faites livrer votre commande. Commandez maintenant !","og_url":"https:\/\/nembutalhouse.com\/da\/vare\/buy-4-mec-online-2-2\/","og_site_name":"Nembutal House","article_modified_time":"2026-03-06T07:33:56+00:00","og_image":[{"width":600,"height":600,"url":"https:\/\/nembutalhouse.com\/wp-content\/uploads\/2024\/10\/4-MEC.gif","type":"image\/gif"}],"twitter_card":"summary_large_image","twitter_misc":{"Estimeret l\u00e6setid":"3 minutter"},"schema":{"@context":"https:\/\/schema.org","@graph":[{"@type":"WebPage","@id":"https:\/\/nembutalhouse.com\/product\/buy-4-mec-online-2-2\/","url":"https:\/\/nembutalhouse.com\/product\/buy-4-mec-online-2-2\/","name":"Achetez 4-MEC en ligne - 4-MEC \u00e0 vendre","isPartOf":{"@id":"https:\/\/nembutalhouse.com\/#website"},"primaryImageOfPage":{"@id":"https:\/\/nembutalhouse.com\/product\/buy-4-mec-online-2-2\/#primaryimage"},"image":{"@id":"https:\/\/nembutalhouse.com\/product\/buy-4-mec-online-2-2\/#primaryimage"},"thumbnailUrl":"https:\/\/nembutalhouse.com\/wp-content\/uploads\/2024\/10\/4-MEC.gif","datePublished":"2024-10-16T11:48:32+00:00","dateModified":"2026-03-06T07:33:56+00:00","description":"Nous sommes le magasin leader proposant 4-MEC \u00e0 la vente. Si vous souhaitez acheter 4-MEC en ligne, contactez-nous imm\u00e9diatement et faites livrer votre commande. Commandez maintenant !","breadcrumb":{"@id":"https:\/\/nembutalhouse.com\/product\/buy-4-mec-online-2-2\/#breadcrumb"},"inLanguage":"da-DK","potentialAction":[{"@type":"ReadAction","target":["https:\/\/nembutalhouse.com\/product\/buy-4-mec-online-2-2\/"]}]},{"@type":"ImageObject","inLanguage":"da-DK","@id":"https:\/\/nembutalhouse.com\/product\/buy-4-mec-online-2-2\/#primaryimage","url":"https:\/\/nembutalhouse.com\/wp-content\/uploads\/2024\/10\/4-MEC.gif","contentUrl":"https:\/\/nembutalhouse.com\/wp-content\/uploads\/2024\/10\/4-MEC.gif","width":600,"height":600,"caption":"Buy 4-MEC Online"},{"@type":"BreadcrumbList","@id":"https:\/\/nembutalhouse.com\/product\/buy-4-mec-online-2-2\/#breadcrumb","itemListElement":[{"@type":"ListItem","position":1,"name":"Home","item":"https:\/\/nembutalhouse.com\/"},{"@type":"ListItem","position":2,"name":"Shop","item":"https:\/\/nembutalhouse.com\/shop\/"},{"@type":"ListItem","position":3,"name":"Buy 4-MEC Online"}]},{"@type":"WebSite","@id":"https:\/\/nembutalhouse.com\/#website","url":"https:\/\/nembutalhouse.com\/","name":"Nembutal House","description":"Best Nembutal Online Store","publisher":{"@id":"https:\/\/nembutalhouse.com\/#organization"},"potentialAction":[{"@type":"SearchAction","target":{"@type":"EntryPoint","urlTemplate":"https:\/\/nembutalhouse.com\/?s={search_term_string}"},"query-input":{"@type":"PropertyValueSpecification","valueRequired":true,"valueName":"search_term_string"}}],"inLanguage":"da-DK"},{"@type":"Organization","@id":"https:\/\/nembutalhouse.com\/#organization","name":"Nembutal House","url":"https:\/\/nembutalhouse.com\/","logo":{"@type":"ImageObject","inLanguage":"da-DK","@id":"https:\/\/nembutalhouse.com\/#\/schema\/logo\/image\/","url":"https:\/\/nembutalhouse.com\/wp-content\/uploads\/2022\/12\/logo.png","contentUrl":"https:\/\/nembutalhouse.com\/wp-content\/uploads\/2022\/12\/logo.png","width":344,"height":103,"caption":"Nembutal House"},"image":{"@id":"https:\/\/nembutalhouse.com\/#\/schema\/logo\/image\/"}}]}},"_links":{"self":[{"href":"https:\/\/nembutalhouse.com\/da\/wp-json\/wp\/v2\/product\/1197","targetHints":{"allow":["GET"]}}],"collection":[{"href":"https:\/\/nembutalhouse.com\/da\/wp-json\/wp\/v2\/product"}],"about":[{"href":"https:\/\/nembutalhouse.com\/da\/wp-json\/wp\/v2\/types\/product"}],"replies":[{"embeddable":true,"href":"https:\/\/nembutalhouse.com\/da\/wp-json\/wp\/v2\/comments?post=1197"}],"wp:featuredmedia":[{"embeddable":true,"href":"https:\/\/nembutalhouse.com\/da\/wp-json\/wp\/v2\/media\/1214"}],"wp:attachment":[{"href":"https:\/\/nembutalhouse.com\/da\/wp-json\/wp\/v2\/media?parent=1197"}],"wp:term":[{"taxonomy":"product_cat","embeddable":true,"href":"https:\/\/nembutalhouse.com\/da\/wp-json\/wp\/v2\/product_cat?post=1197"},{"taxonomy":"product_tag","embeddable":true,"href":"https:\/\/nembutalhouse.com\/da\/wp-json\/wp\/v2\/product_tag?post=1197"}],"curies":[{"name":"wp","href":"https:\/\/api.w.org\/{rel}","templated":true}]}}