{"id":1172,"date":"2024-10-16T11:48:09","date_gmt":"2024-10-16T11:48:09","guid":{"rendered":"https:\/\/nembutalhouse.com\/?post_type=product&#038;p=1172"},"modified":"2026-03-06T07:37:27","modified_gmt":"2026-03-06T07:37:27","slug":"buy-5f-emb-online-2","status":"publish","type":"product","link":"https:\/\/nembutalhouse.com\/da\/vare\/buy-5f-emb-online-2\/","title":{"rendered":"Buy 5f-EMB Online"},"content":{"rendered":"<h2>K\u00f8b 5f-EMB online hos NembutalHouse.<\/h2>\n<p><a href=\"https:\/\/nembutalhouse.com\/da\/vare\/buy-5f-emb-online-2\/\">Purchase 5f-EMB<\/a>.Synthetic and natural components were combined to make 5f-EMB, a novel synthetic research molecule. The primary objective of research chemicals is to enable a more thorough investigation of these substances in order to gain a better understanding of their characteristics. 5f-EMB is only meant to be used in forensic or scientific labs. <a href=\"https:\/\/nembutalhouse.com\/da\/\">Nembutalhus<\/a> is the greatest option for purchasing 5f-EMB online.<\/p>\n<p>Da 5f-EMB er et relativt nyt kemikalie p\u00e5 markedet, ved man kun lidt om dets virkning p\u00e5 menneskekroppen. Dets kemiske formel er c21h29fn203, og dets molekylmasse er 376,5. Flere laboratorieeksperimenter blev brugt til at bestemme de data, der blev leveret. Andre data forbinder 5f-EMB med andre forbindelser p\u00e5 grund af deres relative lighed.<\/p>\n<p>Det forventes, at 5f-EMB vil have en sammenlignelig effekt, fordi videnskabelig dokumentation viser, at stoffet er en potent cannabinoidreceptoragonist.<\/p>\n<p>A variety of chemicals have been related to 5f-EMB through research undertaken in scientific institutes. We shall investigate this material to determine whether its qualities and composition are known. However, as there is currently no information available regarding this chemical&#8217;s advantages, toxicity, side effects, or long-term impacts, it is not meant for human consumption. Purchase <a href=\"https:\/\/en.wikipedia.org\/wiki\/5F-EMB-PINACA\">5f-EMB.<\/a><\/p>\n<h3>fordele ved 5f-EMB.<\/h3>\n<p>If\u00f8lge forskning kan det v\u00e6re en fordel at k\u00f8be 5f-EMB online:<\/p>\n<p>Kvalme og opkastninger for\u00e5rsaget af kemoterapi kan h\u00e5ndteres.<\/p>\n<p>Det mindsker inflammation og lindrer ubehag.<\/p>\n<p>N\u00e5r kr\u00e6ftcellerne udryddes, standses tumorv\u00e6ksten.<\/p>\n<p>Det hj\u00e6lper personer med multipel sklerose, som har ansp\u00e6ndte muskler.<\/p>\n<p>Det hj\u00e6lper mennesker med aids og kr\u00e6ft og \u00f8ger appetitten.<\/p>\n<h3>Hvorfor er 5f-EMB Online den bedste mulighed, der findes?<\/h3>\n<p>Den bedste 5f-EMB er tilg\u00e6ngelig for k\u00f8b over hele verden fra Nembutalhouse. Vi opretholder konkurrencedygtige produktpriser p\u00e5 markedet. Vores onlinebutik har adgang til ekspert logistisk og teknologisk support. Vi bruger skjult emballage og har en hurtig forsendelsespolitik. Vi gennemf\u00f8rer din ordre s\u00e5 hurtigt som muligt, hvis du bringer den til os. K\u00f8b 5f-EMB online lige nu!<\/p>\n<h3>K\u00f8b 5F-MDMB-2201.<\/h3>\n<p>En ny syntetisk cannabinoid er 5F-MDMB-2201. Du beh\u00f8ver ikke lede l\u00e6ngere, hvis du har v\u00e6ret p\u00e5 udkig efter den nyeste cannabinoid p\u00e5 markedet. 5F-MDMB-2201 er en potent cannabinoidreceptoragonist.<\/p>\n<p>Afslapning, kropslig lethed, hum\u00f8rforbedring, stressreduktion, farveforbedring, \u00f8get musikalsk bevidsthed og eufori er almindelige resultater af laboratoriefors\u00f8g. Du kan v\u00e6re blandt de f\u00f8rste laboratorier, der tilf\u00f8jer dette utrolige kemikalie til dit lager, hvis du er hurtig.<\/p>\n<h3>Hvilken butik s\u00e6lger 5F-MDMB-2201?<\/h3>\n<p>Vores kemikaliebutik s\u00e6lger 5F-MDMB-2201, som er af h\u00f8jeste kvalitet. Normalt kommer det i pulverform. Vi har dog ofte alternative former til r\u00e5dighed, s\u00e5 sp\u00f8rg, hvis du vil have en anden form; vi har h\u00f8jst sandsynligt en.<\/p>\n<p>&nbsp;<\/p>","protected":false},"excerpt":{"rendered":"<p>Purchase 5f-EMB online at NembutalHouse. Purchase 5f-EMB.Synthetic and natural components were combined to make 5f-EMB, a novel synthetic research molecule. The primary objective of research chemicals is to enable a&hellip;<\/p>","protected":false},"featured_media":1180,"comment_status":"open","ping_status":"closed","template":"","meta":{"_joinchat":[]},"product_cat":[186],"product_tag":[1963,1981,1958,1969,1970,1973,1959,1979,1980,1978,1977,1966,1956,1968,1957,1975,1972,1965,1961,1962,1976,1974,1971,1964,1967,1960],"class_list":{"0":"post-1172","1":"product","2":"type-product","3":"status-publish","4":"has-post-thumbnail","6":"product_cat-research-chemicals","7":"product_tag-5f-emb-powder","8":"product_tag-5f-emb-powder-for-cleaning","9":"product_tag-5f-emb-powder-for-sale","10":"product_tag-5f-emb-powder-online","11":"product_tag-5f-emb-powder-price","12":"product_tag-5f-emb-powder-store","13":"product_tag-5f-emb-powder-supplier","14":"product_tag-5f-emb-powder-use","15":"product_tag-5f-emb-powder-wiki","16":"product_tag-5f-emb-powder-worldwide","17":"product_tag-best-cheap-price-5f-emb-powder","18":"product_tag-best-place-to-buy-5f-emb-powder","19":"product_tag-buy-5f-emb-powder","20":"product_tag-buy-5f-emb-powder-legally","21":"product_tag-buy-5f-emb-powder-online","22":"product_tag-cheap-5f-emb-powder","23":"product_tag-high-quality-5f-emb-powder","24":"product_tag-how-to-buy-5f-emb-powder","25":"product_tag-order-5f-emb-powder","26":"product_tag-order-5f-emb-powder-online","27":"product_tag-purcharse-5f-emb-powder-powder","28":"product_tag-shop-5f-emb-powder","29":"product_tag-top-quality-5f-emb-powder","30":"product_tag-where-to-buy-5f-emb-powder","31":"product_tag-where-to-order-5f-emb-powder","32":"product_tag-wholesale-5f-emb-powder-bulk-online","34":"first","35":"instock","36":"shipping-taxable","37":"purchasable","38":"product-type-variable"},"yoast_head":"<!-- This site is optimized with the Yoast SEO plugin v24.1 - https:\/\/yoast.com\/wordpress\/plugins\/seo\/ -->\n<title>Buy 5F-EMB Online - 5F-EMB for Sale - Order 5F-EMB Online<\/title>\n<meta name=\"description\" content=\"You can buy 5f-emb online at the best prices from our online store. We have cheap and high-quality 5f-emb for sale and providing worldwide delivery. You can order from anytime, anywhere.\" \/>\n<meta name=\"robots\" content=\"index, follow, max-snippet:-1, max-image-preview:large, max-video-preview:-1\" \/>\n<link rel=\"canonical\" href=\"https:\/\/nembutalhouse.com\/da\/vare\/buy-5f-emb-online-2\/\" \/>\n<meta property=\"og:locale\" content=\"da_DK\" \/>\n<meta property=\"og:type\" content=\"article\" \/>\n<meta property=\"og:title\" content=\"Buy 5F-EMB Online - 5F-EMB for Sale - Order 5F-EMB Online\" \/>\n<meta property=\"og:description\" content=\"You can buy 5f-emb online at the best prices from our online store. We have cheap and high-quality 5f-emb for sale and providing worldwide delivery. You can order from anytime, anywhere.\" \/>\n<meta property=\"og:url\" content=\"https:\/\/nembutalhouse.com\/da\/vare\/buy-5f-emb-online-2\/\" \/>\n<meta property=\"og:site_name\" content=\"Nembutal House\" \/>\n<meta property=\"article:modified_time\" content=\"2026-03-06T07:37:27+00:00\" \/>\n<meta property=\"og:image\" content=\"https:\/\/nembutalhouse.com\/wp-content\/uploads\/2024\/10\/5f-EMB.gif\" \/>\n\t<meta property=\"og:image:width\" content=\"600\" \/>\n\t<meta property=\"og:image:height\" content=\"600\" \/>\n\t<meta property=\"og:image:type\" content=\"image\/gif\" \/>\n<meta name=\"twitter:card\" content=\"summary_large_image\" \/>\n<meta name=\"twitter:label1\" content=\"Estimeret l\u00e6setid\" \/>\n\t<meta name=\"twitter:data1\" content=\"3 minutter\" \/>\n<script type=\"application\/ld+json\" class=\"yoast-schema-graph\">{\"@context\":\"https:\/\/schema.org\",\"@graph\":[{\"@type\":\"WebPage\",\"@id\":\"https:\/\/nembutalhouse.com\/product\/buy-5f-emb-online-2\/\",\"url\":\"https:\/\/nembutalhouse.com\/product\/buy-5f-emb-online-2\/\",\"name\":\"Buy 5F-EMB Online - 5F-EMB for Sale - Order 5F-EMB Online\",\"isPartOf\":{\"@id\":\"https:\/\/nembutalhouse.com\/#website\"},\"primaryImageOfPage\":{\"@id\":\"https:\/\/nembutalhouse.com\/product\/buy-5f-emb-online-2\/#primaryimage\"},\"image\":{\"@id\":\"https:\/\/nembutalhouse.com\/product\/buy-5f-emb-online-2\/#primaryimage\"},\"thumbnailUrl\":\"https:\/\/nembutalhouse.com\/wp-content\/uploads\/2024\/10\/5f-EMB.gif\",\"datePublished\":\"2024-10-16T11:48:09+00:00\",\"dateModified\":\"2026-03-06T07:37:27+00:00\",\"description\":\"You can buy 5f-emb online at the best prices from our online store. We have cheap and high-quality 5f-emb for sale and providing worldwide delivery. You can order from anytime, anywhere.\",\"breadcrumb\":{\"@id\":\"https:\/\/nembutalhouse.com\/product\/buy-5f-emb-online-2\/#breadcrumb\"},\"inLanguage\":\"da-DK\",\"potentialAction\":[{\"@type\":\"ReadAction\",\"target\":[\"https:\/\/nembutalhouse.com\/product\/buy-5f-emb-online-2\/\"]}]},{\"@type\":\"ImageObject\",\"inLanguage\":\"da-DK\",\"@id\":\"https:\/\/nembutalhouse.com\/product\/buy-5f-emb-online-2\/#primaryimage\",\"url\":\"https:\/\/nembutalhouse.com\/wp-content\/uploads\/2024\/10\/5f-EMB.gif\",\"contentUrl\":\"https:\/\/nembutalhouse.com\/wp-content\/uploads\/2024\/10\/5f-EMB.gif\",\"width\":600,\"height\":600,\"caption\":\"Buy 5f-EMB Online\"},{\"@type\":\"BreadcrumbList\",\"@id\":\"https:\/\/nembutalhouse.com\/product\/buy-5f-emb-online-2\/#breadcrumb\",\"itemListElement\":[{\"@type\":\"ListItem\",\"position\":1,\"name\":\"Home\",\"item\":\"https:\/\/nembutalhouse.com\/\"},{\"@type\":\"ListItem\",\"position\":2,\"name\":\"Shop\",\"item\":\"https:\/\/nembutalhouse.com\/shop\/\"},{\"@type\":\"ListItem\",\"position\":3,\"name\":\"Buy 5f-EMB Online\"}]},{\"@type\":\"WebSite\",\"@id\":\"https:\/\/nembutalhouse.com\/#website\",\"url\":\"https:\/\/nembutalhouse.com\/\",\"name\":\"Nembutal House\",\"description\":\"Best Nembutal Online Store\",\"publisher\":{\"@id\":\"https:\/\/nembutalhouse.com\/#organization\"},\"potentialAction\":[{\"@type\":\"SearchAction\",\"target\":{\"@type\":\"EntryPoint\",\"urlTemplate\":\"https:\/\/nembutalhouse.com\/?s={search_term_string}\"},\"query-input\":{\"@type\":\"PropertyValueSpecification\",\"valueRequired\":true,\"valueName\":\"search_term_string\"}}],\"inLanguage\":\"da-DK\"},{\"@type\":\"Organization\",\"@id\":\"https:\/\/nembutalhouse.com\/#organization\",\"name\":\"Nembutal House\",\"url\":\"https:\/\/nembutalhouse.com\/\",\"logo\":{\"@type\":\"ImageObject\",\"inLanguage\":\"da-DK\",\"@id\":\"https:\/\/nembutalhouse.com\/#\/schema\/logo\/image\/\",\"url\":\"https:\/\/nembutalhouse.com\/wp-content\/uploads\/2022\/12\/logo.png\",\"contentUrl\":\"https:\/\/nembutalhouse.com\/wp-content\/uploads\/2022\/12\/logo.png\",\"width\":344,\"height\":103,\"caption\":\"Nembutal House\"},\"image\":{\"@id\":\"https:\/\/nembutalhouse.com\/#\/schema\/logo\/image\/\"}}]}<\/script>\n<!-- \/ Yoast SEO plugin. -->","yoast_head_json":{"title":"Buy 5F-EMB Online - 5F-EMB for Sale - Order 5F-EMB Online","description":"You can buy 5f-emb online at the best prices from our online store. We have cheap and high-quality 5f-emb for sale and providing worldwide delivery. You can order from anytime, anywhere.","robots":{"index":"index","follow":"follow","max-snippet":"max-snippet:-1","max-image-preview":"max-image-preview:large","max-video-preview":"max-video-preview:-1"},"canonical":"https:\/\/nembutalhouse.com\/da\/vare\/buy-5f-emb-online-2\/","og_locale":"da_DK","og_type":"article","og_title":"Buy 5F-EMB Online - 5F-EMB for Sale - Order 5F-EMB Online","og_description":"You can buy 5f-emb online at the best prices from our online store. We have cheap and high-quality 5f-emb for sale and providing worldwide delivery. You can order from anytime, anywhere.","og_url":"https:\/\/nembutalhouse.com\/da\/vare\/buy-5f-emb-online-2\/","og_site_name":"Nembutal House","article_modified_time":"2026-03-06T07:37:27+00:00","og_image":[{"width":600,"height":600,"url":"https:\/\/nembutalhouse.com\/wp-content\/uploads\/2024\/10\/5f-EMB.gif","type":"image\/gif"}],"twitter_card":"summary_large_image","twitter_misc":{"Estimeret l\u00e6setid":"3 minutter"},"schema":{"@context":"https:\/\/schema.org","@graph":[{"@type":"WebPage","@id":"https:\/\/nembutalhouse.com\/product\/buy-5f-emb-online-2\/","url":"https:\/\/nembutalhouse.com\/product\/buy-5f-emb-online-2\/","name":"Buy 5F-EMB Online - 5F-EMB for Sale - Order 5F-EMB Online","isPartOf":{"@id":"https:\/\/nembutalhouse.com\/#website"},"primaryImageOfPage":{"@id":"https:\/\/nembutalhouse.com\/product\/buy-5f-emb-online-2\/#primaryimage"},"image":{"@id":"https:\/\/nembutalhouse.com\/product\/buy-5f-emb-online-2\/#primaryimage"},"thumbnailUrl":"https:\/\/nembutalhouse.com\/wp-content\/uploads\/2024\/10\/5f-EMB.gif","datePublished":"2024-10-16T11:48:09+00:00","dateModified":"2026-03-06T07:37:27+00:00","description":"You can buy 5f-emb online at the best prices from our online store. We have cheap and high-quality 5f-emb for sale and providing worldwide delivery. You can order from anytime, anywhere.","breadcrumb":{"@id":"https:\/\/nembutalhouse.com\/product\/buy-5f-emb-online-2\/#breadcrumb"},"inLanguage":"da-DK","potentialAction":[{"@type":"ReadAction","target":["https:\/\/nembutalhouse.com\/product\/buy-5f-emb-online-2\/"]}]},{"@type":"ImageObject","inLanguage":"da-DK","@id":"https:\/\/nembutalhouse.com\/product\/buy-5f-emb-online-2\/#primaryimage","url":"https:\/\/nembutalhouse.com\/wp-content\/uploads\/2024\/10\/5f-EMB.gif","contentUrl":"https:\/\/nembutalhouse.com\/wp-content\/uploads\/2024\/10\/5f-EMB.gif","width":600,"height":600,"caption":"Buy 5f-EMB Online"},{"@type":"BreadcrumbList","@id":"https:\/\/nembutalhouse.com\/product\/buy-5f-emb-online-2\/#breadcrumb","itemListElement":[{"@type":"ListItem","position":1,"name":"Home","item":"https:\/\/nembutalhouse.com\/"},{"@type":"ListItem","position":2,"name":"Shop","item":"https:\/\/nembutalhouse.com\/shop\/"},{"@type":"ListItem","position":3,"name":"Buy 5f-EMB Online"}]},{"@type":"WebSite","@id":"https:\/\/nembutalhouse.com\/#website","url":"https:\/\/nembutalhouse.com\/","name":"Nembutal House","description":"Best Nembutal Online Store","publisher":{"@id":"https:\/\/nembutalhouse.com\/#organization"},"potentialAction":[{"@type":"SearchAction","target":{"@type":"EntryPoint","urlTemplate":"https:\/\/nembutalhouse.com\/?s={search_term_string}"},"query-input":{"@type":"PropertyValueSpecification","valueRequired":true,"valueName":"search_term_string"}}],"inLanguage":"da-DK"},{"@type":"Organization","@id":"https:\/\/nembutalhouse.com\/#organization","name":"Nembutal House","url":"https:\/\/nembutalhouse.com\/","logo":{"@type":"ImageObject","inLanguage":"da-DK","@id":"https:\/\/nembutalhouse.com\/#\/schema\/logo\/image\/","url":"https:\/\/nembutalhouse.com\/wp-content\/uploads\/2022\/12\/logo.png","contentUrl":"https:\/\/nembutalhouse.com\/wp-content\/uploads\/2022\/12\/logo.png","width":344,"height":103,"caption":"Nembutal House"},"image":{"@id":"https:\/\/nembutalhouse.com\/#\/schema\/logo\/image\/"}}]}},"_links":{"self":[{"href":"https:\/\/nembutalhouse.com\/da\/wp-json\/wp\/v2\/product\/1172","targetHints":{"allow":["GET"]}}],"collection":[{"href":"https:\/\/nembutalhouse.com\/da\/wp-json\/wp\/v2\/product"}],"about":[{"href":"https:\/\/nembutalhouse.com\/da\/wp-json\/wp\/v2\/types\/product"}],"replies":[{"embeddable":true,"href":"https:\/\/nembutalhouse.com\/da\/wp-json\/wp\/v2\/comments?post=1172"}],"wp:featuredmedia":[{"embeddable":true,"href":"https:\/\/nembutalhouse.com\/da\/wp-json\/wp\/v2\/media\/1180"}],"wp:attachment":[{"href":"https:\/\/nembutalhouse.com\/da\/wp-json\/wp\/v2\/media?parent=1172"}],"wp:term":[{"taxonomy":"product_cat","embeddable":true,"href":"https:\/\/nembutalhouse.com\/da\/wp-json\/wp\/v2\/product_cat?post=1172"},{"taxonomy":"product_tag","embeddable":true,"href":"https:\/\/nembutalhouse.com\/da\/wp-json\/wp\/v2\/product_tag?post=1172"}],"curies":[{"name":"wp","href":"https:\/\/api.w.org\/{rel}","templated":true}]}}