{"id":580,"date":"2024-10-16T05:33:06","date_gmt":"2024-10-16T05:33:06","guid":{"rendered":"https:\/\/nembutalhouse.com\/?post_type=product&#038;p=580"},"modified":"2026-03-06T08:53:59","modified_gmt":"2026-03-06T08:53:59","slug":"buy-ghb-online","status":"publish","type":"product","link":"https:\/\/nembutalhouse.com\/cs\/produkt\/koupit-ghb-online\/","title":{"rendered":"Buy GHB Online"},"content":{"rendered":"<h2>Buy GHB Online<\/h2>\n<p><a href=\"https:\/\/nembutalhouse.com\/cs\/produkt\/koupit-ghb-online\/\">Gamma-Butyrolactone Powder<\/a>, also known as \u03b3-butyrolactone or GBL, is a water-soluble, hygroscopic substance with a faint, distinctive smell.<br \/>\nIn addition to being employed as an aroma chemical, paint stripper, stain remover, and solvent in certain wet aluminum electrolytic capacitors, GHB is a widely used reagent and solvent in chemistry.<\/p>\n<p>Pr\u00e1\u0161kov\u00fd gama-butyrolakton, zn\u00e1m\u00fd tak\u00e9 jako \"geeb\", je pr\u016fhledn\u00e9 kapaln\u00e9 rozpou\u0161t\u011bdlo.<\/p>\n<p>Jedn\u00e1 se o prol\u00e9\u010divo - to znamen\u00e1, \u017ee se v t\u011ble p\u0159irozen\u011b p\u0159em\u011b\u0148uje na neleg\u00e1ln\u00ed chemickou l\u00e1tku GHB. <a href=\"https:\/\/nembutalhouse.com\/cs\/\">NembutalHouse<\/a>.<\/p>\n<p>Pr\u00e1\u0161kov\u00fd gama-butyrolakton, P\u00e1chne t\u00e9m\u011b\u0159 p\u0159esn\u011b tak, jak byste o\u010dek\u00e1vali, \u017ee bude von\u011bt pr\u016fmyslov\u00e9 rozpou\u0161t\u011bdlo, a na \u010dern\u00e9m trhu je nab\u00edzen pod n\u00e1zvy \"odstra\u0148ova\u010d rzi\" a \"\u010disti\u010d slitin\".<\/p>\n<p>Obt\u00ed\u017en\u011b se skladuje, pot\u0159ebuje. Vy\u017eaduje sklen\u011bnou l\u00e1hev nebo l\u00e1hev z ur\u010dit\u00e9ho druhu plastu, co\u017e zt\u011b\u017euje skladov\u00e1n\u00ed. Je schopen protavit v\u011bt\u0161inu polymer\u016f. Vynikaj\u00edc\u00ed!<\/p>\n<h3>Alternativn\u00ed n\u00e1zvy<\/h3>\n<p>GBL, <a href=\"https:\/\/en.wikipedia.org\/wiki\/%CE%93-Hydroxybutyric_acid\">gama-hydroxym\u00e1seln\u00e1<\/a> lakton kyseliny, lakton kyseliny 4-hydroxym\u00e1seln\u00e9, butyrolakton, 1,4-lakton, 4-butyrolakton a oxolan-2-on<\/p>\n<p>Identifik\u00e1tory<\/p>\n<p>\u010c\u00edslo CAS: 96-48-0<\/p>\n<p>PubChem 7302<\/p>\n<p>ChemSpider 7029<\/p>\n<p>OL659KIY4X v UNII<\/p>\n<p>DB04699 v datab\u00e1zi DrugBank<\/p>\n<p>KEGG C01770<\/p>\n<p>ChEBI CHEBI: 42639<\/p>\n<p>CHEMBL CHEMBL95681<\/p>\n<p>\u010c\u00edslo LU3500000 pro RTECS<\/p>\n<p>Jmol-3D obr\u00e1zky Obr\u00e1zek 1<\/p>\n<p>Vzorec pro molekuly C4H6O2.<\/p>\n<p>Mol\u00e1rn\u00ed hmotnost 86,09 g mol-1<\/p>\n<p>Pod\u00edvejte se na bezbarvou tekutinu<\/p>\n<p>Hustota 15. \u00b0C (1,1286 g\/ml), 20 \u00b0C (1,1296 g\/ml)<\/p>\n<p>Bod t\u00e1n\u00ed: -43,53 \u00b0C (-46,35 \u00b0F; 229,62 K)<\/p>\n<p>204 \u00b0C je bod varu (399 \u00b0F; 477 K).<\/p>\n<p>Rozpustnost ve vod\u011b: Rozpustnost: M\u00edsiteln\u00e1<\/p>\n<p>Rozpustnost: rozpustn\u00fd v ethyletheru, benzenu, methanolu, ethanolu, acetonu a CCl4.<\/p>\n<p>pH (v pKa): 4.5<\/p>\n<p>Index lomu (nD): 1.435, 1.4341 (20 \u00b0C)<\/p>\n<p>Viskozita: 1,7<\/p>\n<p>Viskozita p\u0159i 25 \u00b0C je 1,7 cp.<\/p>\n<p>Rizika<\/p>\n<p>R-slova R22 R36<\/p>\n<p>S-slova S26 S36<\/p>\n<p>Hlavn\u00ed nebezpe\u010d\u00ed<\/p>\n<p>Bod vzplanut\u00ed (uzav\u0159en\u00fd kel\u00edmek): 98 \u00b0C (208 \u00b0F; 371 K).<\/p>\n<p>LD50 17,2 ml\/kg (peror\u00e1ln\u00ed d\u00e1vka pro potkany)<\/p>\n<p>\u00dadaje jsou uvedeny pro materi\u00e1ly ve standardn\u00edm stavu, tj. p\u0159i teplot\u011b 25 \u00b0C a tlaku 100 kPa, pokud nen\u00ed uvedeno jinak.<\/p>\n<p>&nbsp;<\/p>\n<p>&nbsp;<\/p>","protected":false},"excerpt":{"rendered":"<p>Buy GHB Online Gamma-Butyrolactone Powder, also known as \u03b3-butyrolactone or GBL, is a water-soluble, hygroscopic substance with a faint, distinctive smell. In addition to being employed as an aroma chemical,&hellip;<\/p>","protected":false},"featured_media":600,"comment_status":"closed","ping_status":"closed","template":"","meta":{"_joinchat":[]},"product_cat":[186],"product_tag":[774,763,780,753,765,754,772,781,778,755,760,766,779,767,770,756,776,777,775,769,762,782,758,759,773,771,768,761,764,757],"class_list":{"0":"post-580","1":"product","2":"type-product","3":"status-publish","4":"has-post-thumbnail","6":"product_cat-research-chemicals","7":"product_tag-best-cheap-price-ghb","8":"product_tag-best-place-to-buy-ghb","9":"product_tag-buy-gamma-hydroxybutyrate-online","10":"product_tag-buy-ghb","11":"product_tag-buy-ghb-legally","12":"product_tag-buy-ghb-online","13":"product_tag-cheap-ghb","14":"product_tag-gamma-hydroxybutyrate-for-sale","15":"product_tag-ghb-for-cleaning","16":"product_tag-ghb-for-sale","17":"product_tag-ghb-liquid","18":"product_tag-ghb-online","19":"product_tag-ghb-powder","20":"product_tag-ghb-price","21":"product_tag-ghb-store","22":"product_tag-ghb-supplier","23":"product_tag-ghb-use","24":"product_tag-ghb-wiki","25":"product_tag-ghb-worldwide","26":"product_tag-high-quality-ghb","27":"product_tag-how-to-buy-ghb","28":"product_tag-order-gamma-hydroxybutyrate","29":"product_tag-order-ghb","30":"product_tag-order-ghb-online","31":"product_tag-purcharse-ghb","32":"product_tag-shop-ghb","33":"product_tag-top-quality-ghb","34":"product_tag-where-to-buy-ghb","35":"product_tag-where-to-order-ghb","36":"product_tag-wholesale-ghb-bulk-online","38":"first","39":"instock","40":"shipping-taxable","41":"purchasable","42":"product-type-variable"},"yoast_head":"<!-- This site is optimized with the Yoast SEO plugin v24.1 - https:\/\/yoast.com\/wordpress\/plugins\/seo\/ -->\n<title>GHB for Sale - Buy GHB Online - Order GHB Online | NembutalHouse<\/title>\n<meta name=\"description\" content=\"Get ghb for sale at one of the best online stores NembutalHouse. We will help you buy ghb online of high quality. Don&#039;t delay to place your order and take advantage of the newest discounts!\" \/>\n<meta name=\"robots\" content=\"index, follow, max-snippet:-1, max-image-preview:large, max-video-preview:-1\" \/>\n<link rel=\"canonical\" href=\"https:\/\/nembutalhouse.com\/cs\/produkt\/koupit-ghb-online\/\" \/>\n<meta property=\"og:locale\" content=\"cs_CZ\" \/>\n<meta property=\"og:type\" content=\"article\" \/>\n<meta property=\"og:title\" content=\"GHB for Sale - Buy GHB Online - Order GHB Online | NembutalHouse\" \/>\n<meta property=\"og:description\" content=\"Get ghb for sale at one of the best online stores NembutalHouse. We will help you buy ghb online of high quality. Don&#039;t delay to place your order and take advantage of the newest discounts!\" \/>\n<meta property=\"og:url\" content=\"https:\/\/nembutalhouse.com\/cs\/produkt\/koupit-ghb-online\/\" \/>\n<meta property=\"og:site_name\" content=\"Nembutal House\" \/>\n<meta property=\"article:modified_time\" content=\"2026-03-06T08:53:59+00:00\" \/>\n<meta property=\"og:image\" content=\"https:\/\/nembutalhouse.com\/wp-content\/uploads\/2024\/10\/GHB.gif\" \/>\n\t<meta property=\"og:image:width\" content=\"600\" \/>\n\t<meta property=\"og:image:height\" content=\"600\" \/>\n\t<meta property=\"og:image:type\" content=\"image\/gif\" \/>\n<meta name=\"twitter:card\" content=\"summary_large_image\" \/>\n<meta name=\"twitter:label1\" content=\"Odhadovan\u00e1 doba \u010dten\u00ed\" \/>\n\t<meta name=\"twitter:data1\" content=\"2 minuty\" \/>\n<script type=\"application\/ld+json\" class=\"yoast-schema-graph\">{\"@context\":\"https:\/\/schema.org\",\"@graph\":[{\"@type\":\"WebPage\",\"@id\":\"https:\/\/nembutalhouse.com\/product\/buy-ghb-online\/\",\"url\":\"https:\/\/nembutalhouse.com\/product\/buy-ghb-online\/\",\"name\":\"GHB for Sale - Buy GHB Online - Order GHB Online | NembutalHouse\",\"isPartOf\":{\"@id\":\"https:\/\/nembutalhouse.com\/#website\"},\"primaryImageOfPage\":{\"@id\":\"https:\/\/nembutalhouse.com\/product\/buy-ghb-online\/#primaryimage\"},\"image\":{\"@id\":\"https:\/\/nembutalhouse.com\/product\/buy-ghb-online\/#primaryimage\"},\"thumbnailUrl\":\"https:\/\/nembutalhouse.com\/wp-content\/uploads\/2024\/10\/GHB.gif\",\"datePublished\":\"2024-10-16T05:33:06+00:00\",\"dateModified\":\"2026-03-06T08:53:59+00:00\",\"description\":\"Get ghb for sale at one of the best online stores NembutalHouse. We will help you buy ghb online of high quality. Don't delay to place your order and take advantage of the newest discounts!\",\"breadcrumb\":{\"@id\":\"https:\/\/nembutalhouse.com\/product\/buy-ghb-online\/#breadcrumb\"},\"inLanguage\":\"cs\",\"potentialAction\":[{\"@type\":\"ReadAction\",\"target\":[\"https:\/\/nembutalhouse.com\/product\/buy-ghb-online\/\"]}]},{\"@type\":\"ImageObject\",\"inLanguage\":\"cs\",\"@id\":\"https:\/\/nembutalhouse.com\/product\/buy-ghb-online\/#primaryimage\",\"url\":\"https:\/\/nembutalhouse.com\/wp-content\/uploads\/2024\/10\/GHB.gif\",\"contentUrl\":\"https:\/\/nembutalhouse.com\/wp-content\/uploads\/2024\/10\/GHB.gif\",\"width\":600,\"height\":600,\"caption\":\"Buy GHB Online\"},{\"@type\":\"BreadcrumbList\",\"@id\":\"https:\/\/nembutalhouse.com\/product\/buy-ghb-online\/#breadcrumb\",\"itemListElement\":[{\"@type\":\"ListItem\",\"position\":1,\"name\":\"Home\",\"item\":\"https:\/\/nembutalhouse.com\/\"},{\"@type\":\"ListItem\",\"position\":2,\"name\":\"Shop\",\"item\":\"https:\/\/nembutalhouse.com\/shop\/\"},{\"@type\":\"ListItem\",\"position\":3,\"name\":\"Buy GHB Online\"}]},{\"@type\":\"WebSite\",\"@id\":\"https:\/\/nembutalhouse.com\/#website\",\"url\":\"https:\/\/nembutalhouse.com\/\",\"name\":\"Nembutal House\",\"description\":\"Best Nembutal Online Store\",\"publisher\":{\"@id\":\"https:\/\/nembutalhouse.com\/#organization\"},\"potentialAction\":[{\"@type\":\"SearchAction\",\"target\":{\"@type\":\"EntryPoint\",\"urlTemplate\":\"https:\/\/nembutalhouse.com\/?s={search_term_string}\"},\"query-input\":{\"@type\":\"PropertyValueSpecification\",\"valueRequired\":true,\"valueName\":\"search_term_string\"}}],\"inLanguage\":\"cs\"},{\"@type\":\"Organization\",\"@id\":\"https:\/\/nembutalhouse.com\/#organization\",\"name\":\"Nembutal House\",\"url\":\"https:\/\/nembutalhouse.com\/\",\"logo\":{\"@type\":\"ImageObject\",\"inLanguage\":\"cs\",\"@id\":\"https:\/\/nembutalhouse.com\/#\/schema\/logo\/image\/\",\"url\":\"https:\/\/nembutalhouse.com\/wp-content\/uploads\/2022\/12\/logo.png\",\"contentUrl\":\"https:\/\/nembutalhouse.com\/wp-content\/uploads\/2022\/12\/logo.png\",\"width\":344,\"height\":103,\"caption\":\"Nembutal House\"},\"image\":{\"@id\":\"https:\/\/nembutalhouse.com\/#\/schema\/logo\/image\/\"}}]}<\/script>\n<!-- \/ Yoast SEO plugin. -->","yoast_head_json":{"title":"GHB for Sale - Buy GHB Online - Order GHB Online | NembutalHouse","description":"Get ghb for sale at one of the best online stores NembutalHouse. We will help you buy ghb online of high quality. Don't delay to place your order and take advantage of the newest discounts!","robots":{"index":"index","follow":"follow","max-snippet":"max-snippet:-1","max-image-preview":"max-image-preview:large","max-video-preview":"max-video-preview:-1"},"canonical":"https:\/\/nembutalhouse.com\/cs\/produkt\/koupit-ghb-online\/","og_locale":"cs_CZ","og_type":"article","og_title":"GHB for Sale - Buy GHB Online - Order GHB Online | NembutalHouse","og_description":"Get ghb for sale at one of the best online stores NembutalHouse. We will help you buy ghb online of high quality. Don't delay to place your order and take advantage of the newest discounts!","og_url":"https:\/\/nembutalhouse.com\/cs\/produkt\/koupit-ghb-online\/","og_site_name":"Nembutal House","article_modified_time":"2026-03-06T08:53:59+00:00","og_image":[{"width":600,"height":600,"url":"https:\/\/nembutalhouse.com\/wp-content\/uploads\/2024\/10\/GHB.gif","type":"image\/gif"}],"twitter_card":"summary_large_image","twitter_misc":{"Odhadovan\u00e1 doba \u010dten\u00ed":"2 minuty"},"schema":{"@context":"https:\/\/schema.org","@graph":[{"@type":"WebPage","@id":"https:\/\/nembutalhouse.com\/product\/buy-ghb-online\/","url":"https:\/\/nembutalhouse.com\/product\/buy-ghb-online\/","name":"GHB for Sale - Buy GHB Online - Order GHB Online | NembutalHouse","isPartOf":{"@id":"https:\/\/nembutalhouse.com\/#website"},"primaryImageOfPage":{"@id":"https:\/\/nembutalhouse.com\/product\/buy-ghb-online\/#primaryimage"},"image":{"@id":"https:\/\/nembutalhouse.com\/product\/buy-ghb-online\/#primaryimage"},"thumbnailUrl":"https:\/\/nembutalhouse.com\/wp-content\/uploads\/2024\/10\/GHB.gif","datePublished":"2024-10-16T05:33:06+00:00","dateModified":"2026-03-06T08:53:59+00:00","description":"Get ghb for sale at one of the best online stores NembutalHouse. We will help you buy ghb online of high quality. Don't delay to place your order and take advantage of the newest discounts!","breadcrumb":{"@id":"https:\/\/nembutalhouse.com\/product\/buy-ghb-online\/#breadcrumb"},"inLanguage":"cs","potentialAction":[{"@type":"ReadAction","target":["https:\/\/nembutalhouse.com\/product\/buy-ghb-online\/"]}]},{"@type":"ImageObject","inLanguage":"cs","@id":"https:\/\/nembutalhouse.com\/product\/buy-ghb-online\/#primaryimage","url":"https:\/\/nembutalhouse.com\/wp-content\/uploads\/2024\/10\/GHB.gif","contentUrl":"https:\/\/nembutalhouse.com\/wp-content\/uploads\/2024\/10\/GHB.gif","width":600,"height":600,"caption":"Buy GHB Online"},{"@type":"BreadcrumbList","@id":"https:\/\/nembutalhouse.com\/product\/buy-ghb-online\/#breadcrumb","itemListElement":[{"@type":"ListItem","position":1,"name":"Home","item":"https:\/\/nembutalhouse.com\/"},{"@type":"ListItem","position":2,"name":"Shop","item":"https:\/\/nembutalhouse.com\/shop\/"},{"@type":"ListItem","position":3,"name":"Buy GHB Online"}]},{"@type":"WebSite","@id":"https:\/\/nembutalhouse.com\/#website","url":"https:\/\/nembutalhouse.com\/","name":"Nembutal House","description":"Best Nembutal Online Store","publisher":{"@id":"https:\/\/nembutalhouse.com\/#organization"},"potentialAction":[{"@type":"SearchAction","target":{"@type":"EntryPoint","urlTemplate":"https:\/\/nembutalhouse.com\/?s={search_term_string}"},"query-input":{"@type":"PropertyValueSpecification","valueRequired":true,"valueName":"search_term_string"}}],"inLanguage":"cs"},{"@type":"Organization","@id":"https:\/\/nembutalhouse.com\/#organization","name":"Nembutal House","url":"https:\/\/nembutalhouse.com\/","logo":{"@type":"ImageObject","inLanguage":"cs","@id":"https:\/\/nembutalhouse.com\/#\/schema\/logo\/image\/","url":"https:\/\/nembutalhouse.com\/wp-content\/uploads\/2022\/12\/logo.png","contentUrl":"https:\/\/nembutalhouse.com\/wp-content\/uploads\/2022\/12\/logo.png","width":344,"height":103,"caption":"Nembutal House"},"image":{"@id":"https:\/\/nembutalhouse.com\/#\/schema\/logo\/image\/"}}]}},"_links":{"self":[{"href":"https:\/\/nembutalhouse.com\/cs\/wp-json\/wp\/v2\/product\/580","targetHints":{"allow":["GET"]}}],"collection":[{"href":"https:\/\/nembutalhouse.com\/cs\/wp-json\/wp\/v2\/product"}],"about":[{"href":"https:\/\/nembutalhouse.com\/cs\/wp-json\/wp\/v2\/types\/product"}],"replies":[{"embeddable":true,"href":"https:\/\/nembutalhouse.com\/cs\/wp-json\/wp\/v2\/comments?post=580"}],"wp:featuredmedia":[{"embeddable":true,"href":"https:\/\/nembutalhouse.com\/cs\/wp-json\/wp\/v2\/media\/600"}],"wp:attachment":[{"href":"https:\/\/nembutalhouse.com\/cs\/wp-json\/wp\/v2\/media?parent=580"}],"wp:term":[{"taxonomy":"product_cat","embeddable":true,"href":"https:\/\/nembutalhouse.com\/cs\/wp-json\/wp\/v2\/product_cat?post=580"},{"taxonomy":"product_tag","embeddable":true,"href":"https:\/\/nembutalhouse.com\/cs\/wp-json\/wp\/v2\/product_tag?post=580"}],"curies":[{"name":"wp","href":"https:\/\/api.w.org\/{rel}","templated":true}]}}