{"id":577,"date":"2024-10-16T05:27:46","date_gmt":"2024-10-16T05:27:46","guid":{"rendered":"https:\/\/nembutalhouse.com\/?post_type=product&#038;p=577"},"modified":"2026-03-06T07:35:56","modified_gmt":"2026-03-06T07:35:56","slug":"buy-5f-adb-online","status":"publish","type":"product","link":"https:\/\/nembutalhouse.com\/cs\/produkt\/buy-5f-adb-online\/","title":{"rendered":"Buy 5F-ADB Online"},"content":{"rendered":"<h2>Buy 5F-ADB Online<\/h2>\n<p><a href=\"https:\/\/nembutalhouse.com\/cs\/produkt\/buy-5f-adb-online\/\">5F-ADB<\/a> k zakoupen\u00ed. Jedn\u00e1 se o syntetick\u00fd agonista kanabinoidn\u00edch receptor\u016f (SCRA) se strukturou aminoalkylindazolu, kter\u00fd je aktivn\u00ed slo\u017ekou zbo\u017e\u00ed prod\u00e1van\u00e9ho jako alternativa konop\u00ed. Pro 5F-ADB neexistuje \u017e\u00e1dn\u00e9 uznan\u00e9 l\u00e9\u010debn\u00e9 nebo terapeutick\u00e9 pou\u017eit\u00ed. Na n\u011bkolika m\u00edstech je zneu\u017e\u00edv\u00e1n a vyu\u017e\u00edv\u00e1n k nel\u00e9ka\u0159sk\u00fdm \u00fa\u010del\u016fm. N\u011bkter\u00e9 st\u00e1ty nav\u00edc 5F-ADB zn\u00e1rodnily. 5F-ADB p\u0159i kou\u0159en\u00ed napodobuje \u00fa\u010dinky \u03949-tetrahydrokanabinolu (THC). Ve srovn\u00e1n\u00ed s THC jsou k dosa\u017een\u00ed t\u011bchto \u00fa\u010dink\u016f zapot\u0159eb\u00ed men\u0161\u00ed d\u00e1vky. \u010cetn\u00e1 nebezpe\u010d\u00ed spojen\u00e1 s u\u017e\u00edv\u00e1n\u00edm konop\u00ed se vztahuj\u00ed i na 5F-ADB, v\u010detn\u011b mo\u017enosti vzniku akutn\u00ed psych\u00f3zy a probl\u00e9m\u016f u osob s kardiovaskul\u00e1rn\u00edmi poruchami. 5F-ADB je k dispozici ke koupi<br \/>\nP\u0159ehled minulosti spole\u010dnosti 5F-adb<\/p>\n<p>5F-ADB, \u010dasto ozna\u010dovan\u00fd jako 5F-MDMB-PINACA, je syntetick\u00fd kanabinoid odvozen\u00fd od indazolu a pat\u0159\u00edc\u00ed do skupiny indazol-3-karboxamid\u016f. Na internetu se prod\u00e1v\u00e1 jako designov\u00e1 droga a vyu\u017e\u00edv\u00e1 se jako aktivn\u00ed slo\u017eka v syntetick\u00fdch konopn\u00fdch produktech. Poprv\u00e9 byl 5F-ADB objeven v listopadu 2014 v posmrtn\u00fdch vzorc\u00edch zem\u0159el\u00e9 osoby, kter\u00e1 u\u017e\u00edvala produkt obsahuj\u00edc\u00ed tento materi\u00e1l. Po testov\u00e1n\u00ed bylo zji\u0161t\u011bno, \u017ee 5F-ADB byl nalezen u deseti osob, kter\u00e9 zem\u0159ely v Japonsku mezi z\u00e1\u0159\u00edm 2014 a prosincem 2014 na p\u0159ed\u00e1vkov\u00e1n\u00ed drogami, kter\u00e9 dosud nebylo zn\u00e1mo. Na z\u00e1klad\u011b neuv\u011b\u0159iteln\u011b n\u00edzk\u00fdch hladin zji\u0161t\u011bn\u00fdch ve vzorc\u00edch tk\u00e1n\u00ed se p\u0159edpokl\u00e1d\u00e1, \u017ee 5F-ADB je neuv\u011b\u0159iteln\u011b siln\u00fd. Zd\u00e1 se tak\u00e9, \u017ee je mnohem nebezpe\u010dn\u011bj\u0161\u00ed ne\u017e d\u0159\u00edv\u011bj\u0161\u00ed syntetick\u00e9 kanabinoidn\u00ed l\u00e9ky, kter\u00e9 byly d\u0159\u00edve uv\u00e1d\u011bny na trh. 5F-ADB je k dispozici ke koupi. Profil drogy <a href=\"https:\/\/nembutalhouse.com\/cs\/\">NembutalHouse<\/a>.<\/p>\n<h3>WHO zkoum\u00e1 minulost 5f-adb<\/h3>\n<p>Nikdy nebylo provedeno p\u0159edb\u011b\u017en\u00e9 nebo kritick\u00e9 hodnocen\u00ed <a href=\"https:\/\/en.wikipedia.org\/wiki\/5F-ADB\">5F-ADB<\/a>. Na z\u00e1klad\u011b informac\u00ed, kter\u00e9 WHO z\u00edskala, se navrhuje p\u0159\u00edm\u00fd kritick\u00fd p\u0159ezkum. D\u016fvodem je skute\u010dnost, \u017ee 5F-ADB se vyr\u00e1b\u00ed skryt\u011b, p\u0159edstavuje obzvl\u00e1\u0161t\u011b z\u00e1va\u017en\u00e9 riziko pro spole\u010dnost a ve\u0159ejn\u00e9 zdrav\u00ed a podle v\u0161ech stran nem\u00e1 \u017e\u00e1dn\u00fd uznan\u00fd terapeutick\u00fd \u00fa\u010del. P\u0159edb\u011b\u017en\u00e9 \u00fadaje shrom\u00e1\u017ed\u011bn\u00e9 z r\u016fzn\u00fdch zem\u00ed a literatury nazna\u010duj\u00ed, \u017ee tato droga nem\u00e1 \u017e\u00e1dnou zn\u00e1mou l\u00e9ka\u0159skou hodnotu a m\u016f\u017ee zp\u016fsobit v\u00e1\u017en\u00e9 \u0161kody. 5F-ADB je k dispozici ke koupi<\/p>\n<p>&nbsp;<\/p>\n<p>&nbsp;<\/p>","protected":false},"excerpt":{"rendered":"<p>Buy 5F-ADB Online 5F-ADB available for purchase. It is an amino alkylindazole-structured synthetic cannabinoid receptor agonist (SCRA) that is an active component of goods marketed as cannabis alternatives. There is&hellip;<\/p>","protected":false},"featured_media":590,"comment_status":"closed","ping_status":"closed","template":"","meta":{"_joinchat":[]},"product_cat":[186],"product_tag":[708,715,718,704,724,726,703,714,725,723,722,711,701,713,702,720,717,710,706,707,721,719,716,709,712,705],"class_list":{"0":"post-577","1":"product","2":"type-product","3":"status-publish","4":"has-post-thumbnail","6":"product_cat-research-chemicals","7":"product_tag-5f-adb-powder","8":"product_tag-5f-adb-price","9":"product_tag-5f-adb-store","10":"product_tag-5f-adb-supplier","11":"product_tag-5f-adb-use","12":"product_tag-5f-adbfor-cleaning","13":"product_tag-5f-adbfor-sale","14":"product_tag-5f-adbpowder-online","15":"product_tag-5f-adbwiki","16":"product_tag-5f-adbworldwide","17":"product_tag-best-cheap-price-5f-adb","18":"product_tag-best-place-to-buy-5f-adb","19":"product_tag-buy-5f-adb","20":"product_tag-buy-5f-adb-legally","21":"product_tag-buy-5f-adbonline","22":"product_tag-cheap-5f-adbs","23":"product_tag-high-quality-5f-adb","24":"product_tag-how-to-buy-5f-adb","25":"product_tag-order-5f-adb","26":"product_tag-order-5f-adb-online","27":"product_tag-purcharse-5f-adb-powder","28":"product_tag-shop-5f-adb","29":"product_tag-top-quality-5f-adb","30":"product_tag-where-to-buy-5f-adb","31":"product_tag-where-to-order-5f-adb","32":"product_tag-wholesale-5f-adb-bulk-online","34":"first","35":"instock","36":"shipping-taxable","37":"purchasable","38":"product-type-variable"},"yoast_head":"<!-- This site is optimized with the Yoast SEO plugin v24.1 - https:\/\/yoast.com\/wordpress\/plugins\/seo\/ -->\n<title>Buy 5F-ADB Online - 5F-ADB for Sale | NembutalHouse<\/title>\n<meta name=\"description\" content=\"Discover top-notch 5f-adb for sale at our online store - buy 5f-adb conveniently and securely to fuel your research. Explore and order 5f-adb online, advancing your scientific endeavors with ease. Order Now!\" \/>\n<meta name=\"robots\" content=\"index, follow, max-snippet:-1, max-image-preview:large, max-video-preview:-1\" \/>\n<link rel=\"canonical\" href=\"https:\/\/nembutalhouse.com\/cs\/produkt\/buy-5f-adb-online\/\" \/>\n<meta property=\"og:locale\" content=\"cs_CZ\" \/>\n<meta property=\"og:type\" content=\"article\" \/>\n<meta property=\"og:title\" content=\"Buy 5F-ADB Online - 5F-ADB for Sale | NembutalHouse\" \/>\n<meta property=\"og:description\" content=\"Discover top-notch 5f-adb for sale at our online store - buy 5f-adb conveniently and securely to fuel your research. Explore and order 5f-adb online, advancing your scientific endeavors with ease. Order Now!\" \/>\n<meta property=\"og:url\" content=\"https:\/\/nembutalhouse.com\/cs\/produkt\/buy-5f-adb-online\/\" \/>\n<meta property=\"og:site_name\" content=\"Nembutal House\" \/>\n<meta property=\"article:modified_time\" content=\"2026-03-06T07:35:56+00:00\" \/>\n<meta property=\"og:image\" content=\"https:\/\/nembutalhouse.com\/wp-content\/uploads\/2024\/10\/5F-ADB.gif\" \/>\n\t<meta property=\"og:image:width\" content=\"600\" \/>\n\t<meta property=\"og:image:height\" content=\"600\" \/>\n\t<meta property=\"og:image:type\" content=\"image\/gif\" \/>\n<meta name=\"twitter:card\" content=\"summary_large_image\" \/>\n<meta name=\"twitter:label1\" content=\"Odhadovan\u00e1 doba \u010dten\u00ed\" \/>\n\t<meta name=\"twitter:data1\" content=\"2 minuty\" \/>\n<script type=\"application\/ld+json\" class=\"yoast-schema-graph\">{\"@context\":\"https:\/\/schema.org\",\"@graph\":[{\"@type\":\"WebPage\",\"@id\":\"https:\/\/nembutalhouse.com\/product\/buy-5f-adb-online\/\",\"url\":\"https:\/\/nembutalhouse.com\/product\/buy-5f-adb-online\/\",\"name\":\"Buy 5F-ADB Online - 5F-ADB for Sale | NembutalHouse\",\"isPartOf\":{\"@id\":\"https:\/\/nembutalhouse.com\/#website\"},\"primaryImageOfPage\":{\"@id\":\"https:\/\/nembutalhouse.com\/product\/buy-5f-adb-online\/#primaryimage\"},\"image\":{\"@id\":\"https:\/\/nembutalhouse.com\/product\/buy-5f-adb-online\/#primaryimage\"},\"thumbnailUrl\":\"https:\/\/nembutalhouse.com\/wp-content\/uploads\/2024\/10\/5F-ADB.gif\",\"datePublished\":\"2024-10-16T05:27:46+00:00\",\"dateModified\":\"2026-03-06T07:35:56+00:00\",\"description\":\"Discover top-notch 5f-adb for sale at our online store - buy 5f-adb conveniently and securely to fuel your research. Explore and order 5f-adb online, advancing your scientific endeavors with ease. Order Now!\",\"breadcrumb\":{\"@id\":\"https:\/\/nembutalhouse.com\/product\/buy-5f-adb-online\/#breadcrumb\"},\"inLanguage\":\"cs\",\"potentialAction\":[{\"@type\":\"ReadAction\",\"target\":[\"https:\/\/nembutalhouse.com\/product\/buy-5f-adb-online\/\"]}]},{\"@type\":\"ImageObject\",\"inLanguage\":\"cs\",\"@id\":\"https:\/\/nembutalhouse.com\/product\/buy-5f-adb-online\/#primaryimage\",\"url\":\"https:\/\/nembutalhouse.com\/wp-content\/uploads\/2024\/10\/5F-ADB.gif\",\"contentUrl\":\"https:\/\/nembutalhouse.com\/wp-content\/uploads\/2024\/10\/5F-ADB.gif\",\"width\":600,\"height\":600,\"caption\":\"Buy 5F-ADB Online\"},{\"@type\":\"BreadcrumbList\",\"@id\":\"https:\/\/nembutalhouse.com\/product\/buy-5f-adb-online\/#breadcrumb\",\"itemListElement\":[{\"@type\":\"ListItem\",\"position\":1,\"name\":\"Home\",\"item\":\"https:\/\/nembutalhouse.com\/\"},{\"@type\":\"ListItem\",\"position\":2,\"name\":\"Shop\",\"item\":\"https:\/\/nembutalhouse.com\/shop\/\"},{\"@type\":\"ListItem\",\"position\":3,\"name\":\"Buy 5F-ADB Online\"}]},{\"@type\":\"WebSite\",\"@id\":\"https:\/\/nembutalhouse.com\/#website\",\"url\":\"https:\/\/nembutalhouse.com\/\",\"name\":\"Nembutal House\",\"description\":\"Best Nembutal Online Store\",\"publisher\":{\"@id\":\"https:\/\/nembutalhouse.com\/#organization\"},\"potentialAction\":[{\"@type\":\"SearchAction\",\"target\":{\"@type\":\"EntryPoint\",\"urlTemplate\":\"https:\/\/nembutalhouse.com\/?s={search_term_string}\"},\"query-input\":{\"@type\":\"PropertyValueSpecification\",\"valueRequired\":true,\"valueName\":\"search_term_string\"}}],\"inLanguage\":\"cs\"},{\"@type\":\"Organization\",\"@id\":\"https:\/\/nembutalhouse.com\/#organization\",\"name\":\"Nembutal House\",\"url\":\"https:\/\/nembutalhouse.com\/\",\"logo\":{\"@type\":\"ImageObject\",\"inLanguage\":\"cs\",\"@id\":\"https:\/\/nembutalhouse.com\/#\/schema\/logo\/image\/\",\"url\":\"https:\/\/nembutalhouse.com\/wp-content\/uploads\/2022\/12\/logo.png\",\"contentUrl\":\"https:\/\/nembutalhouse.com\/wp-content\/uploads\/2022\/12\/logo.png\",\"width\":344,\"height\":103,\"caption\":\"Nembutal House\"},\"image\":{\"@id\":\"https:\/\/nembutalhouse.com\/#\/schema\/logo\/image\/\"}}]}<\/script>\n<!-- \/ Yoast SEO plugin. -->","yoast_head_json":{"title":"Buy 5F-ADB Online - 5F-ADB for Sale | NembutalHouse","description":"Discover top-notch 5f-adb for sale at our online store - buy 5f-adb conveniently and securely to fuel your research. Explore and order 5f-adb online, advancing your scientific endeavors with ease. Order Now!","robots":{"index":"index","follow":"follow","max-snippet":"max-snippet:-1","max-image-preview":"max-image-preview:large","max-video-preview":"max-video-preview:-1"},"canonical":"https:\/\/nembutalhouse.com\/cs\/produkt\/buy-5f-adb-online\/","og_locale":"cs_CZ","og_type":"article","og_title":"Buy 5F-ADB Online - 5F-ADB for Sale | NembutalHouse","og_description":"Discover top-notch 5f-adb for sale at our online store - buy 5f-adb conveniently and securely to fuel your research. Explore and order 5f-adb online, advancing your scientific endeavors with ease. Order Now!","og_url":"https:\/\/nembutalhouse.com\/cs\/produkt\/buy-5f-adb-online\/","og_site_name":"Nembutal House","article_modified_time":"2026-03-06T07:35:56+00:00","og_image":[{"width":600,"height":600,"url":"https:\/\/nembutalhouse.com\/wp-content\/uploads\/2024\/10\/5F-ADB.gif","type":"image\/gif"}],"twitter_card":"summary_large_image","twitter_misc":{"Odhadovan\u00e1 doba \u010dten\u00ed":"2 minuty"},"schema":{"@context":"https:\/\/schema.org","@graph":[{"@type":"WebPage","@id":"https:\/\/nembutalhouse.com\/product\/buy-5f-adb-online\/","url":"https:\/\/nembutalhouse.com\/product\/buy-5f-adb-online\/","name":"Buy 5F-ADB Online - 5F-ADB for Sale | NembutalHouse","isPartOf":{"@id":"https:\/\/nembutalhouse.com\/#website"},"primaryImageOfPage":{"@id":"https:\/\/nembutalhouse.com\/product\/buy-5f-adb-online\/#primaryimage"},"image":{"@id":"https:\/\/nembutalhouse.com\/product\/buy-5f-adb-online\/#primaryimage"},"thumbnailUrl":"https:\/\/nembutalhouse.com\/wp-content\/uploads\/2024\/10\/5F-ADB.gif","datePublished":"2024-10-16T05:27:46+00:00","dateModified":"2026-03-06T07:35:56+00:00","description":"Discover top-notch 5f-adb for sale at our online store - buy 5f-adb conveniently and securely to fuel your research. Explore and order 5f-adb online, advancing your scientific endeavors with ease. Order Now!","breadcrumb":{"@id":"https:\/\/nembutalhouse.com\/product\/buy-5f-adb-online\/#breadcrumb"},"inLanguage":"cs","potentialAction":[{"@type":"ReadAction","target":["https:\/\/nembutalhouse.com\/product\/buy-5f-adb-online\/"]}]},{"@type":"ImageObject","inLanguage":"cs","@id":"https:\/\/nembutalhouse.com\/product\/buy-5f-adb-online\/#primaryimage","url":"https:\/\/nembutalhouse.com\/wp-content\/uploads\/2024\/10\/5F-ADB.gif","contentUrl":"https:\/\/nembutalhouse.com\/wp-content\/uploads\/2024\/10\/5F-ADB.gif","width":600,"height":600,"caption":"Buy 5F-ADB Online"},{"@type":"BreadcrumbList","@id":"https:\/\/nembutalhouse.com\/product\/buy-5f-adb-online\/#breadcrumb","itemListElement":[{"@type":"ListItem","position":1,"name":"Home","item":"https:\/\/nembutalhouse.com\/"},{"@type":"ListItem","position":2,"name":"Shop","item":"https:\/\/nembutalhouse.com\/shop\/"},{"@type":"ListItem","position":3,"name":"Buy 5F-ADB Online"}]},{"@type":"WebSite","@id":"https:\/\/nembutalhouse.com\/#website","url":"https:\/\/nembutalhouse.com\/","name":"Nembutal House","description":"Best Nembutal Online Store","publisher":{"@id":"https:\/\/nembutalhouse.com\/#organization"},"potentialAction":[{"@type":"SearchAction","target":{"@type":"EntryPoint","urlTemplate":"https:\/\/nembutalhouse.com\/?s={search_term_string}"},"query-input":{"@type":"PropertyValueSpecification","valueRequired":true,"valueName":"search_term_string"}}],"inLanguage":"cs"},{"@type":"Organization","@id":"https:\/\/nembutalhouse.com\/#organization","name":"Nembutal House","url":"https:\/\/nembutalhouse.com\/","logo":{"@type":"ImageObject","inLanguage":"cs","@id":"https:\/\/nembutalhouse.com\/#\/schema\/logo\/image\/","url":"https:\/\/nembutalhouse.com\/wp-content\/uploads\/2022\/12\/logo.png","contentUrl":"https:\/\/nembutalhouse.com\/wp-content\/uploads\/2022\/12\/logo.png","width":344,"height":103,"caption":"Nembutal House"},"image":{"@id":"https:\/\/nembutalhouse.com\/#\/schema\/logo\/image\/"}}]}},"_links":{"self":[{"href":"https:\/\/nembutalhouse.com\/cs\/wp-json\/wp\/v2\/product\/577","targetHints":{"allow":["GET"]}}],"collection":[{"href":"https:\/\/nembutalhouse.com\/cs\/wp-json\/wp\/v2\/product"}],"about":[{"href":"https:\/\/nembutalhouse.com\/cs\/wp-json\/wp\/v2\/types\/product"}],"replies":[{"embeddable":true,"href":"https:\/\/nembutalhouse.com\/cs\/wp-json\/wp\/v2\/comments?post=577"}],"wp:featuredmedia":[{"embeddable":true,"href":"https:\/\/nembutalhouse.com\/cs\/wp-json\/wp\/v2\/media\/590"}],"wp:attachment":[{"href":"https:\/\/nembutalhouse.com\/cs\/wp-json\/wp\/v2\/media?parent=577"}],"wp:term":[{"taxonomy":"product_cat","embeddable":true,"href":"https:\/\/nembutalhouse.com\/cs\/wp-json\/wp\/v2\/product_cat?post=577"},{"taxonomy":"product_tag","embeddable":true,"href":"https:\/\/nembutalhouse.com\/cs\/wp-json\/wp\/v2\/product_tag?post=577"}],"curies":[{"name":"wp","href":"https:\/\/api.w.org\/{rel}","templated":true}]}}