{"id":533,"date":"2024-10-16T04:55:41","date_gmt":"2024-10-16T04:55:41","guid":{"rendered":"https:\/\/nembutalhouse.com\/?post_type=product&#038;p=533"},"modified":"2026-03-06T08:55:49","modified_gmt":"2026-03-06T08:55:49","slug":"buy-dmxe-online","status":"publish","type":"product","link":"https:\/\/nembutalhouse.com\/cs\/produkt\/koupit-dmxe-online\/","title":{"rendered":"Buy DMXE Online"},"content":{"rendered":"<h2>Buy DMXE hydrochloride Online<\/h2>\n<p>Pokud hled\u00e1te <a href=\"https:\/\/en.wikipedia.org\/wiki\/Deoxymethoxetamine\">DMXE<\/a> hydrochlorid, zn\u00e1m\u00e1 v\u00fdzkumn\u00e1 molekula. NembutalHouse je spolehliv\u00fd prodejce, kter\u00fd nab\u00edz\u00ed prvot\u0159\u00eddn\u00ed zbo\u017e\u00ed a mezin\u00e1rodn\u00ed p\u0159epravn\u00ed slu\u017eby. Projdeme si p\u00e1dn\u00e9 argumenty, pro\u010d. <a href=\"https:\/\/nembutalhouse.com\/cs\/\">NembutalHouse<\/a> by m\u011bl b\u00fdt va\u0161\u00edm prvn\u00edm v\u00fdb\u011brem p\u0159i n\u00e1kupu DMXE hydrochloridu online v tomto p\u0159\u00edsp\u011bvku SEO blogu.<br \/>\nBezkonkuren\u010dn\u00ed kalibr v\u00fdrobku:<\/p>\n<p>Spole\u010dnost NembutalHouse klade velk\u00fd d\u016fraz na kvalitu v\u00fdrobk\u016f, aby spl\u0148ovaly n\u00e1ro\u010dn\u00e9 po\u017eadavky v\u011bdeck\u00e9ho v\u00fdzkumu. Hydrochlorid DMXE z\u00edsk\u00e1v\u00e1me od spolehliv\u00fdch dodavatel\u016f a podrobujeme jej p\u0159\u00edsn\u00e9mu procesu kontroly kvality. Db\u00e1me na to, aby ka\u017ed\u00e1 \u0161ar\u017ee hydrochloridu DMXE spl\u0148ovala nejp\u0159\u00edsn\u011bj\u0161\u00ed pr\u016fmyslov\u00e9 po\u017eadavky na \u010distotu, co\u017e zaru\u010duje spolehliv\u00e9 a konzistentn\u00ed v\u00fdsledky va\u0161ich studi\u00ed.<\/p>\n<h3>Komplexn\u00ed v\u00fdb\u011br pro chemick\u00fd v\u00fdzkum:<\/h3>\n<p>Spole\u010dnost NembutalHouse nab\u00edz\u00ed \u0161irok\u00fd v\u00fdb\u011br v\u00fdzkumn\u00fdch chemik\u00e1li\u00ed, kter\u00e9 spl\u0148uj\u00ed r\u016fzn\u00e9 v\u011bdeck\u00e9 po\u017eadavky. Jsme si v\u011bdomi toho, \u017ee pro ka\u017ed\u00fd studijn\u00ed projekt jsou zapot\u0159eb\u00ed konkr\u00e9tn\u00ed l\u00e1tky. M\u016f\u017eete u n\u00e1s nal\u00e9zt pot\u0159ebn\u00e9 z\u00e1soby, jako nap\u0159. <a href=\"https:\/\/nembutalhouse.com\/cs\/produkt\/koupit-dmxe-online\/\">DMXE<\/a> hydrochlorid, kter\u00fd v\u00e1m pom\u016f\u017ee p\u0159i studiu a v\u00fdzkumu d\u00edky na\u0161emu rozs\u00e1hl\u00e9mu sortimentu v\u00fdzkumn\u00fdch chemik\u00e1li\u00ed.<\/p>\n<h3>Mezin\u00e1rodn\u00ed p\u0159eprava:<\/h3>\n<p>Spole\u010dnost NembutalHouse v\u00e1m pom\u016f\u017ee, a\u0165 jste kdekoli. D\u00edky na\u0161emu spokojen\u00e9mu doru\u010dov\u00e1n\u00ed do v\u0161ech zem\u00ed si m\u016f\u017eete b\u00fdt jisti, \u017ee se k v\u00e1m hydrochlorid DMXE a dal\u0161\u00ed chemik\u00e1lie pro v\u00fdzkum dostanou rychle a bezpe\u010dn\u011b. Objedn\u00e1vka z na\u0161eho internetov\u00e9ho obchodu bude bezprobl\u00e9mov\u00e1 d\u00edky na\u0161emu diskr\u00e9tn\u00edmu, bezpe\u010dn\u00e9mu a spolehliv\u00e9mu procesu p\u0159epravy.<\/p>\n<h3>spolehliv\u00e1 pov\u011bst<\/h3>\n<p>Spole\u010dnost NembutalHouse je renomovan\u00fdm dodavatelem v\u00fdzkumn\u00fdch chemik\u00e1li\u00ed se solidn\u00ed histori\u00ed. D\u00edky dlouholet\u00fdm zku\u0161enostem v oboru jsme si z\u00edskali oddan\u00e9 z\u00e1kazn\u00edky, kte\u0159\u00ed se na n\u00e1s spol\u00e9haj\u00ed, \u017ee jim poskytneme prvot\u0159\u00eddn\u00ed zbo\u017e\u00ed a prvot\u0159\u00eddn\u00ed podporu.<\/p>\n<p>Od konkurence n\u00e1s odli\u0161uje na\u0161e oddanost profesionalit\u011b, poctivost a spokojenost klient\u016f.<\/p>\n<h3>Konkuren\u010dn\u00ed sazby:<\/h3>\n<p>Na\u0161e p\u0159esv\u011bd\u010den\u00ed spo\u010d\u00edv\u00e1 ve zp\u0159\u00edstupn\u011bn\u00ed prvot\u0159\u00eddn\u00edch v\u00fdzkumn\u00fdch chemik\u00e1li\u00ed za rozumnou cenu. Spole\u010dnost NembutalHouse poskytuje dostupn\u00e9 ceny, ani\u017e by t\u00edm ob\u011btovala kvalitu na\u0161eho zbo\u017e\u00ed. Usilovn\u011b pracujeme na tom, abychom poskytli vynikaj\u00edc\u00ed hodnotu va\u0161\u00ed investice, proto\u017ee si uv\u011bdomujeme, jak d\u016fle\u017eit\u00e1 jsou finan\u010dn\u00ed omezen\u00ed pro v\u011bdeck\u00fd v\u00fdzkum.<\/p>\n<h3>Odhodlan\u00e1 pomoc klient\u016fm:<\/h3>\n<p>Po\u017eadavky z\u00e1kazn\u00edk\u016f jsou pro n\u00e1s ve spole\u010dnosti NembutalHouse nejvy\u0161\u0161\u00ed prioritou. Na\u0161i profesion\u00e1ln\u00ed pracovn\u00edci z\u00e1kaznick\u00e9ho servisu jsou v\u00e1m kdykoli k dispozici. Na\u0161i zku\u0161en\u00ed pracovn\u00edci v\u00e1m pomohou vybrat nejlep\u0161\u00ed v\u00fdzkumnou chemickou l\u00e1tku pro v\u00e1\u0161 projekt nebo zodpov\u011bd\u011bt jak\u00e9koli dotazy t\u00fdkaj\u00edc\u00ed se hydrochloridu DMXE. Na va\u0161e po\u017eadavky budeme reagovat okam\u017eit\u011b.<\/p>\n<h3>Shrnut\u00ed:<\/h3>\n<p>NembutalHouse je spolehliv\u00fdm celosv\u011btov\u00fdm zdrojem pro online n\u00e1kup DMXE hydrochloridu. Sna\u017e\u00edme se p\u0159ekonat va\u0161e o\u010dek\u00e1v\u00e1n\u00ed d\u00edky na\u0161\u00ed vytrval\u00e9 oddanosti bezkonkuren\u010dn\u00ed kvalit\u011b produkt\u016f, pe\u010dliv\u00e9mu v\u00fdb\u011bru chemick\u00fdch v\u00fdzkum\u016f, glob\u00e1ln\u00ed p\u0159eprav\u011b, konkurenceschopn\u00fdm cen\u00e1m a oddan\u00e9mu z\u00e1kaznick\u00e9mu servisu. Objednejte si u spole\u010dnosti NembutalHouse je\u0161t\u011b dnes a vyu\u017eijte jej\u00ed dokonalost, spolehlivost a pohodl\u00ed pro v\u0161echny va\u0161e pot\u0159eby v oblasti chemick\u00fdch l\u00e1tek pro v\u00fdzkum.<\/p>\n<p>&nbsp;<\/p>\n<p>&nbsp;<\/p>","protected":false},"excerpt":{"rendered":"<p>Buy DMXE hydrochloride Online Look no further if you&#8217;re looking for DMXE hydrochloride, a well-known research molecule. NembutalHouse is a reliable vendor offering premium goods and international shipping services. We&#8217;ll&hellip;<\/p>","protected":false},"featured_media":574,"comment_status":"closed","ping_status":"closed","template":"","meta":{"_joinchat":[]},"product_cat":[186],"product_tag":[642,631,621,633,622,640,646,623,628,634,635,638,624,645,643,644,637,630,626,627,641,639,636,629,632,625],"class_list":{"0":"post-533","1":"product","2":"type-product","3":"status-publish","4":"has-post-thumbnail","6":"product_cat-research-chemicals","7":"product_tag-best-cheap-price-dmxe","8":"product_tag-best-place-to-buy-dmxe","9":"product_tag-buy-dmxe","10":"product_tag-buy-dmxe-legally","11":"product_tag-buy-dmxe-online","12":"product_tag-cheap-dmxes","13":"product_tag-dmxe-for-cleaning","14":"product_tag-dmxe-for-sale","15":"product_tag-dmxe-powder","16":"product_tag-dmxe-powder-online","17":"product_tag-dmxe-price","18":"product_tag-dmxe-store","19":"product_tag-dmxe-supplier","20":"product_tag-dmxe-wiki","21":"product_tag-dmxe-worldwide","22":"product_tag-dmxes-use","23":"product_tag-high-quality-dmxe","24":"product_tag-how-to-buy-dmxe","25":"product_tag-order-dmxe","26":"product_tag-order-dmxe-online","27":"product_tag-purcharse-dmxe","28":"product_tag-shop-dmxe","29":"product_tag-top-quality-dmxe","30":"product_tag-where-to-buy-dmxe","31":"product_tag-where-to-order-dmxe","32":"product_tag-wholesale-dmxe-bulk-online","34":"first","35":"instock","36":"shipping-taxable","37":"purchasable","38":"product-type-variable"},"yoast_head":"<!-- This site is optimized with the Yoast SEO plugin v24.1 - https:\/\/yoast.com\/wordpress\/plugins\/seo\/ -->\n<title>DMXE for Sale - Buy DMXE Online - Order DMXE Online<\/title>\n<meta name=\"description\" content=\"Explore our online store for dmxe for sale, offering high-quality dmxe. Buy dmxe online securely and embark on your research journey with confidence.\" \/>\n<meta name=\"robots\" content=\"index, follow, max-snippet:-1, max-image-preview:large, max-video-preview:-1\" \/>\n<link rel=\"canonical\" href=\"https:\/\/nembutalhouse.com\/cs\/produkt\/koupit-dmxe-online\/\" \/>\n<meta property=\"og:locale\" content=\"cs_CZ\" \/>\n<meta property=\"og:type\" content=\"article\" \/>\n<meta property=\"og:title\" content=\"DMXE for Sale - Buy DMXE Online - Order DMXE Online\" \/>\n<meta property=\"og:description\" content=\"Explore our online store for dmxe for sale, offering high-quality dmxe. Buy dmxe online securely and embark on your research journey with confidence.\" \/>\n<meta property=\"og:url\" content=\"https:\/\/nembutalhouse.com\/cs\/produkt\/koupit-dmxe-online\/\" \/>\n<meta property=\"og:site_name\" content=\"Nembutal House\" \/>\n<meta property=\"article:modified_time\" content=\"2026-03-06T08:55:49+00:00\" \/>\n<meta property=\"og:image\" content=\"https:\/\/nembutalhouse.com\/wp-content\/uploads\/2024\/10\/Dmxe.gif\" \/>\n\t<meta property=\"og:image:width\" content=\"600\" \/>\n\t<meta property=\"og:image:height\" content=\"600\" \/>\n\t<meta property=\"og:image:type\" content=\"image\/gif\" \/>\n<meta name=\"twitter:card\" content=\"summary_large_image\" \/>\n<meta name=\"twitter:label1\" content=\"Odhadovan\u00e1 doba \u010dten\u00ed\" \/>\n\t<meta name=\"twitter:data1\" content=\"3 minuty\" \/>\n<script type=\"application\/ld+json\" class=\"yoast-schema-graph\">{\"@context\":\"https:\/\/schema.org\",\"@graph\":[{\"@type\":\"WebPage\",\"@id\":\"https:\/\/nembutalhouse.com\/product\/buy-dmxe-online\/\",\"url\":\"https:\/\/nembutalhouse.com\/product\/buy-dmxe-online\/\",\"name\":\"DMXE for Sale - Buy DMXE Online - Order DMXE Online\",\"isPartOf\":{\"@id\":\"https:\/\/nembutalhouse.com\/#website\"},\"primaryImageOfPage\":{\"@id\":\"https:\/\/nembutalhouse.com\/product\/buy-dmxe-online\/#primaryimage\"},\"image\":{\"@id\":\"https:\/\/nembutalhouse.com\/product\/buy-dmxe-online\/#primaryimage\"},\"thumbnailUrl\":\"https:\/\/nembutalhouse.com\/wp-content\/uploads\/2024\/10\/Dmxe.gif\",\"datePublished\":\"2024-10-16T04:55:41+00:00\",\"dateModified\":\"2026-03-06T08:55:49+00:00\",\"description\":\"Explore our online store for dmxe for sale, offering high-quality dmxe. Buy dmxe online securely and embark on your research journey with confidence.\",\"breadcrumb\":{\"@id\":\"https:\/\/nembutalhouse.com\/product\/buy-dmxe-online\/#breadcrumb\"},\"inLanguage\":\"cs\",\"potentialAction\":[{\"@type\":\"ReadAction\",\"target\":[\"https:\/\/nembutalhouse.com\/product\/buy-dmxe-online\/\"]}]},{\"@type\":\"ImageObject\",\"inLanguage\":\"cs\",\"@id\":\"https:\/\/nembutalhouse.com\/product\/buy-dmxe-online\/#primaryimage\",\"url\":\"https:\/\/nembutalhouse.com\/wp-content\/uploads\/2024\/10\/Dmxe.gif\",\"contentUrl\":\"https:\/\/nembutalhouse.com\/wp-content\/uploads\/2024\/10\/Dmxe.gif\",\"width\":600,\"height\":600,\"caption\":\"Buy DMXE Online\"},{\"@type\":\"BreadcrumbList\",\"@id\":\"https:\/\/nembutalhouse.com\/product\/buy-dmxe-online\/#breadcrumb\",\"itemListElement\":[{\"@type\":\"ListItem\",\"position\":1,\"name\":\"Home\",\"item\":\"https:\/\/nembutalhouse.com\/\"},{\"@type\":\"ListItem\",\"position\":2,\"name\":\"Shop\",\"item\":\"https:\/\/nembutalhouse.com\/shop\/\"},{\"@type\":\"ListItem\",\"position\":3,\"name\":\"Buy DMXE Online\"}]},{\"@type\":\"WebSite\",\"@id\":\"https:\/\/nembutalhouse.com\/#website\",\"url\":\"https:\/\/nembutalhouse.com\/\",\"name\":\"Nembutal House\",\"description\":\"Best Nembutal Online Store\",\"publisher\":{\"@id\":\"https:\/\/nembutalhouse.com\/#organization\"},\"potentialAction\":[{\"@type\":\"SearchAction\",\"target\":{\"@type\":\"EntryPoint\",\"urlTemplate\":\"https:\/\/nembutalhouse.com\/?s={search_term_string}\"},\"query-input\":{\"@type\":\"PropertyValueSpecification\",\"valueRequired\":true,\"valueName\":\"search_term_string\"}}],\"inLanguage\":\"cs\"},{\"@type\":\"Organization\",\"@id\":\"https:\/\/nembutalhouse.com\/#organization\",\"name\":\"Nembutal House\",\"url\":\"https:\/\/nembutalhouse.com\/\",\"logo\":{\"@type\":\"ImageObject\",\"inLanguage\":\"cs\",\"@id\":\"https:\/\/nembutalhouse.com\/#\/schema\/logo\/image\/\",\"url\":\"https:\/\/nembutalhouse.com\/wp-content\/uploads\/2022\/12\/logo.png\",\"contentUrl\":\"https:\/\/nembutalhouse.com\/wp-content\/uploads\/2022\/12\/logo.png\",\"width\":344,\"height\":103,\"caption\":\"Nembutal House\"},\"image\":{\"@id\":\"https:\/\/nembutalhouse.com\/#\/schema\/logo\/image\/\"}}]}<\/script>\n<!-- \/ Yoast SEO plugin. -->","yoast_head_json":{"title":"DMXE for Sale - Buy DMXE Online - Order DMXE Online","description":"Explore our online store for dmxe for sale, offering high-quality dmxe. Buy dmxe online securely and embark on your research journey with confidence.","robots":{"index":"index","follow":"follow","max-snippet":"max-snippet:-1","max-image-preview":"max-image-preview:large","max-video-preview":"max-video-preview:-1"},"canonical":"https:\/\/nembutalhouse.com\/cs\/produkt\/koupit-dmxe-online\/","og_locale":"cs_CZ","og_type":"article","og_title":"DMXE for Sale - Buy DMXE Online - Order DMXE Online","og_description":"Explore our online store for dmxe for sale, offering high-quality dmxe. Buy dmxe online securely and embark on your research journey with confidence.","og_url":"https:\/\/nembutalhouse.com\/cs\/produkt\/koupit-dmxe-online\/","og_site_name":"Nembutal House","article_modified_time":"2026-03-06T08:55:49+00:00","og_image":[{"width":600,"height":600,"url":"https:\/\/nembutalhouse.com\/wp-content\/uploads\/2024\/10\/Dmxe.gif","type":"image\/gif"}],"twitter_card":"summary_large_image","twitter_misc":{"Odhadovan\u00e1 doba \u010dten\u00ed":"3 minuty"},"schema":{"@context":"https:\/\/schema.org","@graph":[{"@type":"WebPage","@id":"https:\/\/nembutalhouse.com\/product\/buy-dmxe-online\/","url":"https:\/\/nembutalhouse.com\/product\/buy-dmxe-online\/","name":"DMXE for Sale - Buy DMXE Online - Order DMXE Online","isPartOf":{"@id":"https:\/\/nembutalhouse.com\/#website"},"primaryImageOfPage":{"@id":"https:\/\/nembutalhouse.com\/product\/buy-dmxe-online\/#primaryimage"},"image":{"@id":"https:\/\/nembutalhouse.com\/product\/buy-dmxe-online\/#primaryimage"},"thumbnailUrl":"https:\/\/nembutalhouse.com\/wp-content\/uploads\/2024\/10\/Dmxe.gif","datePublished":"2024-10-16T04:55:41+00:00","dateModified":"2026-03-06T08:55:49+00:00","description":"Explore our online store for dmxe for sale, offering high-quality dmxe. Buy dmxe online securely and embark on your research journey with confidence.","breadcrumb":{"@id":"https:\/\/nembutalhouse.com\/product\/buy-dmxe-online\/#breadcrumb"},"inLanguage":"cs","potentialAction":[{"@type":"ReadAction","target":["https:\/\/nembutalhouse.com\/product\/buy-dmxe-online\/"]}]},{"@type":"ImageObject","inLanguage":"cs","@id":"https:\/\/nembutalhouse.com\/product\/buy-dmxe-online\/#primaryimage","url":"https:\/\/nembutalhouse.com\/wp-content\/uploads\/2024\/10\/Dmxe.gif","contentUrl":"https:\/\/nembutalhouse.com\/wp-content\/uploads\/2024\/10\/Dmxe.gif","width":600,"height":600,"caption":"Buy DMXE Online"},{"@type":"BreadcrumbList","@id":"https:\/\/nembutalhouse.com\/product\/buy-dmxe-online\/#breadcrumb","itemListElement":[{"@type":"ListItem","position":1,"name":"Home","item":"https:\/\/nembutalhouse.com\/"},{"@type":"ListItem","position":2,"name":"Shop","item":"https:\/\/nembutalhouse.com\/shop\/"},{"@type":"ListItem","position":3,"name":"Buy DMXE Online"}]},{"@type":"WebSite","@id":"https:\/\/nembutalhouse.com\/#website","url":"https:\/\/nembutalhouse.com\/","name":"Nembutal House","description":"Best Nembutal Online Store","publisher":{"@id":"https:\/\/nembutalhouse.com\/#organization"},"potentialAction":[{"@type":"SearchAction","target":{"@type":"EntryPoint","urlTemplate":"https:\/\/nembutalhouse.com\/?s={search_term_string}"},"query-input":{"@type":"PropertyValueSpecification","valueRequired":true,"valueName":"search_term_string"}}],"inLanguage":"cs"},{"@type":"Organization","@id":"https:\/\/nembutalhouse.com\/#organization","name":"Nembutal House","url":"https:\/\/nembutalhouse.com\/","logo":{"@type":"ImageObject","inLanguage":"cs","@id":"https:\/\/nembutalhouse.com\/#\/schema\/logo\/image\/","url":"https:\/\/nembutalhouse.com\/wp-content\/uploads\/2022\/12\/logo.png","contentUrl":"https:\/\/nembutalhouse.com\/wp-content\/uploads\/2022\/12\/logo.png","width":344,"height":103,"caption":"Nembutal House"},"image":{"@id":"https:\/\/nembutalhouse.com\/#\/schema\/logo\/image\/"}}]}},"_links":{"self":[{"href":"https:\/\/nembutalhouse.com\/cs\/wp-json\/wp\/v2\/product\/533","targetHints":{"allow":["GET"]}}],"collection":[{"href":"https:\/\/nembutalhouse.com\/cs\/wp-json\/wp\/v2\/product"}],"about":[{"href":"https:\/\/nembutalhouse.com\/cs\/wp-json\/wp\/v2\/types\/product"}],"replies":[{"embeddable":true,"href":"https:\/\/nembutalhouse.com\/cs\/wp-json\/wp\/v2\/comments?post=533"}],"wp:featuredmedia":[{"embeddable":true,"href":"https:\/\/nembutalhouse.com\/cs\/wp-json\/wp\/v2\/media\/574"}],"wp:attachment":[{"href":"https:\/\/nembutalhouse.com\/cs\/wp-json\/wp\/v2\/media?parent=533"}],"wp:term":[{"taxonomy":"product_cat","embeddable":true,"href":"https:\/\/nembutalhouse.com\/cs\/wp-json\/wp\/v2\/product_cat?post=533"},{"taxonomy":"product_tag","embeddable":true,"href":"https:\/\/nembutalhouse.com\/cs\/wp-json\/wp\/v2\/product_tag?post=533"}],"curies":[{"name":"wp","href":"https:\/\/api.w.org\/{rel}","templated":true}]}}