{"id":529,"date":"2024-10-16T04:59:57","date_gmt":"2024-10-16T04:59:57","guid":{"rendered":"https:\/\/nembutalhouse.com\/?post_type=product&#038;p=529"},"modified":"2026-03-06T07:35:40","modified_gmt":"2026-03-06T07:35:40","slug":"buy-5cladba-online","status":"publish","type":"product","link":"https:\/\/nembutalhouse.com\/cs\/produkt\/koupit-5cladba-online\/","title":{"rendered":"Buy 5cladba Online"},"content":{"rendered":"<h2>Koupit 5cl-adb-a online<\/h2>\n<p>Koupit online 5cl-adb-a Je tak\u00e9 zn\u00e1m\u00fd jako MDMB-4en-P a je obvykle ur\u010den pouze ke studiu; nen\u00ed ur\u010den ke konzumaci lidmi ani zv\u00ed\u0159aty.<br \/>\n5-cl-adb-a k zakoupen\u00ed<\/p>\n<p><a href=\"https:\/\/nembutalhouse.com\/cs\/\">NembutalHouse<\/a> Prodej nab\u00edz\u00ed 5cl-adb-a na prodej online za n\u00edzkou cenu. Dod\u00e1v\u00e1me, jakmile je produkt ov\u011b\u0159en; mezit\u00edm je 5-cl-adb-a dal\u0161\u00edm upraven\u00fdm kanabinoidem, kter\u00fd se ned\u00e1vno stal dostupn\u00fdm a byl p\u0159id\u00e1n do na\u0161ich z\u00e1sob. Um\u011ble vyroben\u00fd kanabinoid z rodiny indazol-3-karboxamid\u016f je <a href=\"https:\/\/nembutalhouse.com\/cs\/produkt\/koupit-5cladba-online\/\">5-cl-adb-an<\/a>. Poch\u00e1z\u00ed z \u0159ady sm\u011bs\u00ed, kter\u00e9 spole\u010dnost Pfizer poprv\u00e9 vyvinula v roce 2009 jako analgetikum.<\/p>\n<h3>aplikace pro 5cl-adb-a<\/h3>\n<p>P\u0159\u00edpravek 5cl-adb-a, kter\u00fd lze zakoupit na t\u011bchto webov\u00fdch str\u00e1nk\u00e1ch, nen\u00ed ur\u010den k testov\u00e1n\u00ed in vivo ani k pou\u017eit\u00ed u lid\u00ed. Tato polo\u017eka je<\/p>\n<p>navr\u017een\u00e9 pro kriminologick\u00e9 aplikace a logick\u00e9 zkoum\u00e1n\u00ed. 5-cl-adb-a by m\u011bl b\u00fdt pou\u017e\u00edv\u00e1n pouze v podm\u00ednk\u00e1ch v\u00fdzkumn\u00e9ho centra vy\u0161kolen\u00fdm person\u00e1lem.<\/p>\n<p><a href=\"https:\/\/en.wikipedia.org\/wiki\/MDMB-4en-PINACA\">5-CL-ADB-An<\/a> je syntetick\u00fd kanabinoid odvozen\u00fd od indazol\u016f. 5-cl-adb-a se prod\u00e1v\u00e1 jako l\u00e9k pro architekty a je k dispozici ke koupi online. N\u00e1kup 5cl-adb-a online je p\u0159\u00edm\u00fdm p\u0159\u00edkladem amylovan\u00e9ho pod\u0159azen\u00e9ho 5f-adb, kde byl m\u00edsto methylesteru pou\u017eit amylen.<\/p>\n<p>V porovn\u00e1n\u00ed s 5f-adb je mnohem v\u00fdkonn\u011bj\u0161\u00ed, a to i p\u0159i jednoduch\u00e9m vyj\u00e1d\u0159en\u00ed. V p\u0159\u00edpad\u011b, \u017ee hled\u00e1te \u017ehav\u00e9 a siln\u00e9 konop\u00ed, je 5-cl-adb-an to prav\u00e9, co byste m\u011bli hledat. Sta\u010d\u00ed n\u00e1s nyn\u00ed kontaktovat prost\u0159ednictv\u00edm aplikace WhatsApp nebo na\u0161\u00ed \u017eiv\u00e9 n\u00e1v\u0161t\u011bvy a my v\u00e1m poskytneme ve\u0161ker\u00e9 informace, kter\u00e9 byste mohli pot\u0159ebovat ohledn\u011b tohoto nov\u00e9ho kanabinoidu, kter\u00fd se v sou\u010dasn\u00e9 dob\u011b st\u00e1le v\u00edce pou\u017e\u00edv\u00e1. Koupit online 5cl-adb-a.<\/p>\n<p>&nbsp;<\/p>\n<p>&nbsp;<\/p>","protected":false},"excerpt":{"rendered":"<p>Koupit 5cl-adb-a online Koupit online 5cl-adb-a Je tak\u00e9 zn\u00e1m\u00fd jako MDMB-4en-P a je obvykle ur\u010den pouze ke studiu; nen\u00ed ur\u010den ke konzumaci...<\/p>","protected":false},"featured_media":575,"comment_status":"closed","ping_status":"closed","template":"","meta":{"_joinchat":[]},"product_cat":[186],"product_tag":[670,649,652,658,659,662,669,667,668,666,655,647,657,648,664,624,661,654,650,651,665,663,660,653,656,625],"class_list":{"0":"post-529","1":"product","2":"type-product","3":"status-publish","4":"has-post-thumbnail","6":"product_cat-research-chemicals","7":"product_tag-5cladba-for-cleaning","8":"product_tag-5cladba-for-sale","9":"product_tag-5cladba-powder","10":"product_tag-5cladba-powder-online","11":"product_tag-5cladba-price","12":"product_tag-5cladba-store","13":"product_tag-5cladba-wiki","14":"product_tag-5cladba-worldwide","15":"product_tag-5cladbas-use","16":"product_tag-best-cheap-price-5cladba","17":"product_tag-best-place-to-buy-5cladba","18":"product_tag-buy-5cladba","19":"product_tag-buy-5cladba-legally","20":"product_tag-buy-5cladba-online","21":"product_tag-cheap-5cladbas","22":"product_tag-dmxe-supplier","23":"product_tag-high-quality-5cladba","24":"product_tag-how-to-buy-5cladba","25":"product_tag-order-5cladba","26":"product_tag-order-5cladba-online","27":"product_tag-purcharse-5cladba","28":"product_tag-shop-5cladba","29":"product_tag-top-quality-5cladba","30":"product_tag-where-to-buy-5cladba","31":"product_tag-where-to-order-5cladba","32":"product_tag-wholesale-dmxe-bulk-online","34":"first","35":"instock","36":"shipping-taxable","37":"purchasable","38":"product-type-variable"},"yoast_head":"<!-- This site is optimized with the Yoast SEO plugin v24.1 - https:\/\/yoast.com\/wordpress\/plugins\/seo\/ -->\n<title>Buy 5 CLADBA Online - 5 CLADBA Powder for Sale<\/title>\n<meta name=\"description\" content=\"Find premium 5cladba for sale at our online store, providing a secure platform to buy 5cladba online with ease, catering to your research needs.\" \/>\n<meta name=\"robots\" content=\"index, follow, max-snippet:-1, max-image-preview:large, max-video-preview:-1\" \/>\n<link rel=\"canonical\" href=\"https:\/\/nembutalhouse.com\/cs\/produkt\/koupit-5cladba-online\/\" \/>\n<meta property=\"og:locale\" content=\"cs_CZ\" \/>\n<meta property=\"og:type\" content=\"article\" \/>\n<meta property=\"og:title\" content=\"Buy 5 CLADBA Online - 5 CLADBA Powder for Sale\" \/>\n<meta property=\"og:description\" content=\"Find premium 5cladba for sale at our online store, providing a secure platform to buy 5cladba online with ease, catering to your research needs.\" \/>\n<meta property=\"og:url\" content=\"https:\/\/nembutalhouse.com\/cs\/produkt\/koupit-5cladba-online\/\" \/>\n<meta property=\"og:site_name\" content=\"Nembutal House\" \/>\n<meta property=\"article:modified_time\" content=\"2026-03-06T07:35:40+00:00\" \/>\n<meta property=\"og:image\" content=\"https:\/\/nembutalhouse.com\/wp-content\/uploads\/2024\/10\/5cladba.gif\" \/>\n\t<meta property=\"og:image:width\" content=\"600\" \/>\n\t<meta property=\"og:image:height\" content=\"600\" \/>\n\t<meta property=\"og:image:type\" content=\"image\/gif\" \/>\n<meta name=\"twitter:card\" content=\"summary_large_image\" \/>\n<meta name=\"twitter:label1\" content=\"Odhadovan\u00e1 doba \u010dten\u00ed\" \/>\n\t<meta name=\"twitter:data1\" content=\"2 minuty\" \/>\n<script type=\"application\/ld+json\" class=\"yoast-schema-graph\">{\"@context\":\"https:\/\/schema.org\",\"@graph\":[{\"@type\":\"WebPage\",\"@id\":\"https:\/\/nembutalhouse.com\/product\/buy-5cladba-online\/\",\"url\":\"https:\/\/nembutalhouse.com\/product\/buy-5cladba-online\/\",\"name\":\"Buy 5 CLADBA Online - 5 CLADBA Powder for Sale\",\"isPartOf\":{\"@id\":\"https:\/\/nembutalhouse.com\/#website\"},\"primaryImageOfPage\":{\"@id\":\"https:\/\/nembutalhouse.com\/product\/buy-5cladba-online\/#primaryimage\"},\"image\":{\"@id\":\"https:\/\/nembutalhouse.com\/product\/buy-5cladba-online\/#primaryimage\"},\"thumbnailUrl\":\"https:\/\/nembutalhouse.com\/wp-content\/uploads\/2024\/10\/5cladba.gif\",\"datePublished\":\"2024-10-16T04:59:57+00:00\",\"dateModified\":\"2026-03-06T07:35:40+00:00\",\"description\":\"Find premium 5cladba for sale at our online store, providing a secure platform to buy 5cladba online with ease, catering to your research needs.\",\"breadcrumb\":{\"@id\":\"https:\/\/nembutalhouse.com\/product\/buy-5cladba-online\/#breadcrumb\"},\"inLanguage\":\"cs\",\"potentialAction\":[{\"@type\":\"ReadAction\",\"target\":[\"https:\/\/nembutalhouse.com\/product\/buy-5cladba-online\/\"]}]},{\"@type\":\"ImageObject\",\"inLanguage\":\"cs\",\"@id\":\"https:\/\/nembutalhouse.com\/product\/buy-5cladba-online\/#primaryimage\",\"url\":\"https:\/\/nembutalhouse.com\/wp-content\/uploads\/2024\/10\/5cladba.gif\",\"contentUrl\":\"https:\/\/nembutalhouse.com\/wp-content\/uploads\/2024\/10\/5cladba.gif\",\"width\":600,\"height\":600,\"caption\":\"Buy 5cladba Online\"},{\"@type\":\"BreadcrumbList\",\"@id\":\"https:\/\/nembutalhouse.com\/product\/buy-5cladba-online\/#breadcrumb\",\"itemListElement\":[{\"@type\":\"ListItem\",\"position\":1,\"name\":\"Home\",\"item\":\"https:\/\/nembutalhouse.com\/\"},{\"@type\":\"ListItem\",\"position\":2,\"name\":\"Shop\",\"item\":\"https:\/\/nembutalhouse.com\/shop\/\"},{\"@type\":\"ListItem\",\"position\":3,\"name\":\"Buy 5cladba Online\"}]},{\"@type\":\"WebSite\",\"@id\":\"https:\/\/nembutalhouse.com\/#website\",\"url\":\"https:\/\/nembutalhouse.com\/\",\"name\":\"Nembutal House\",\"description\":\"Best Nembutal Online Store\",\"publisher\":{\"@id\":\"https:\/\/nembutalhouse.com\/#organization\"},\"potentialAction\":[{\"@type\":\"SearchAction\",\"target\":{\"@type\":\"EntryPoint\",\"urlTemplate\":\"https:\/\/nembutalhouse.com\/?s={search_term_string}\"},\"query-input\":{\"@type\":\"PropertyValueSpecification\",\"valueRequired\":true,\"valueName\":\"search_term_string\"}}],\"inLanguage\":\"cs\"},{\"@type\":\"Organization\",\"@id\":\"https:\/\/nembutalhouse.com\/#organization\",\"name\":\"Nembutal House\",\"url\":\"https:\/\/nembutalhouse.com\/\",\"logo\":{\"@type\":\"ImageObject\",\"inLanguage\":\"cs\",\"@id\":\"https:\/\/nembutalhouse.com\/#\/schema\/logo\/image\/\",\"url\":\"https:\/\/nembutalhouse.com\/wp-content\/uploads\/2022\/12\/logo.png\",\"contentUrl\":\"https:\/\/nembutalhouse.com\/wp-content\/uploads\/2022\/12\/logo.png\",\"width\":344,\"height\":103,\"caption\":\"Nembutal House\"},\"image\":{\"@id\":\"https:\/\/nembutalhouse.com\/#\/schema\/logo\/image\/\"}}]}<\/script>\n<!-- \/ Yoast SEO plugin. -->","yoast_head_json":{"title":"Buy 5 CLADBA Online - 5 CLADBA Powder for Sale","description":"Find premium 5cladba for sale at our online store, providing a secure platform to buy 5cladba online with ease, catering to your research needs.","robots":{"index":"index","follow":"follow","max-snippet":"max-snippet:-1","max-image-preview":"max-image-preview:large","max-video-preview":"max-video-preview:-1"},"canonical":"https:\/\/nembutalhouse.com\/cs\/produkt\/koupit-5cladba-online\/","og_locale":"cs_CZ","og_type":"article","og_title":"Buy 5 CLADBA Online - 5 CLADBA Powder for Sale","og_description":"Find premium 5cladba for sale at our online store, providing a secure platform to buy 5cladba online with ease, catering to your research needs.","og_url":"https:\/\/nembutalhouse.com\/cs\/produkt\/koupit-5cladba-online\/","og_site_name":"Nembutal House","article_modified_time":"2026-03-06T07:35:40+00:00","og_image":[{"width":600,"height":600,"url":"https:\/\/nembutalhouse.com\/wp-content\/uploads\/2024\/10\/5cladba.gif","type":"image\/gif"}],"twitter_card":"summary_large_image","twitter_misc":{"Odhadovan\u00e1 doba \u010dten\u00ed":"2 minuty"},"schema":{"@context":"https:\/\/schema.org","@graph":[{"@type":"WebPage","@id":"https:\/\/nembutalhouse.com\/product\/buy-5cladba-online\/","url":"https:\/\/nembutalhouse.com\/product\/buy-5cladba-online\/","name":"Buy 5 CLADBA Online - 5 CLADBA Powder for Sale","isPartOf":{"@id":"https:\/\/nembutalhouse.com\/#website"},"primaryImageOfPage":{"@id":"https:\/\/nembutalhouse.com\/product\/buy-5cladba-online\/#primaryimage"},"image":{"@id":"https:\/\/nembutalhouse.com\/product\/buy-5cladba-online\/#primaryimage"},"thumbnailUrl":"https:\/\/nembutalhouse.com\/wp-content\/uploads\/2024\/10\/5cladba.gif","datePublished":"2024-10-16T04:59:57+00:00","dateModified":"2026-03-06T07:35:40+00:00","description":"Find premium 5cladba for sale at our online store, providing a secure platform to buy 5cladba online with ease, catering to your research needs.","breadcrumb":{"@id":"https:\/\/nembutalhouse.com\/product\/buy-5cladba-online\/#breadcrumb"},"inLanguage":"cs","potentialAction":[{"@type":"ReadAction","target":["https:\/\/nembutalhouse.com\/product\/buy-5cladba-online\/"]}]},{"@type":"ImageObject","inLanguage":"cs","@id":"https:\/\/nembutalhouse.com\/product\/buy-5cladba-online\/#primaryimage","url":"https:\/\/nembutalhouse.com\/wp-content\/uploads\/2024\/10\/5cladba.gif","contentUrl":"https:\/\/nembutalhouse.com\/wp-content\/uploads\/2024\/10\/5cladba.gif","width":600,"height":600,"caption":"Buy 5cladba Online"},{"@type":"BreadcrumbList","@id":"https:\/\/nembutalhouse.com\/product\/buy-5cladba-online\/#breadcrumb","itemListElement":[{"@type":"ListItem","position":1,"name":"Home","item":"https:\/\/nembutalhouse.com\/"},{"@type":"ListItem","position":2,"name":"Shop","item":"https:\/\/nembutalhouse.com\/shop\/"},{"@type":"ListItem","position":3,"name":"Buy 5cladba Online"}]},{"@type":"WebSite","@id":"https:\/\/nembutalhouse.com\/#website","url":"https:\/\/nembutalhouse.com\/","name":"Nembutal House","description":"Best Nembutal Online Store","publisher":{"@id":"https:\/\/nembutalhouse.com\/#organization"},"potentialAction":[{"@type":"SearchAction","target":{"@type":"EntryPoint","urlTemplate":"https:\/\/nembutalhouse.com\/?s={search_term_string}"},"query-input":{"@type":"PropertyValueSpecification","valueRequired":true,"valueName":"search_term_string"}}],"inLanguage":"cs"},{"@type":"Organization","@id":"https:\/\/nembutalhouse.com\/#organization","name":"Nembutal House","url":"https:\/\/nembutalhouse.com\/","logo":{"@type":"ImageObject","inLanguage":"cs","@id":"https:\/\/nembutalhouse.com\/#\/schema\/logo\/image\/","url":"https:\/\/nembutalhouse.com\/wp-content\/uploads\/2022\/12\/logo.png","contentUrl":"https:\/\/nembutalhouse.com\/wp-content\/uploads\/2022\/12\/logo.png","width":344,"height":103,"caption":"Nembutal House"},"image":{"@id":"https:\/\/nembutalhouse.com\/#\/schema\/logo\/image\/"}}]}},"_links":{"self":[{"href":"https:\/\/nembutalhouse.com\/cs\/wp-json\/wp\/v2\/product\/529","targetHints":{"allow":["GET"]}}],"collection":[{"href":"https:\/\/nembutalhouse.com\/cs\/wp-json\/wp\/v2\/product"}],"about":[{"href":"https:\/\/nembutalhouse.com\/cs\/wp-json\/wp\/v2\/types\/product"}],"replies":[{"embeddable":true,"href":"https:\/\/nembutalhouse.com\/cs\/wp-json\/wp\/v2\/comments?post=529"}],"wp:featuredmedia":[{"embeddable":true,"href":"https:\/\/nembutalhouse.com\/cs\/wp-json\/wp\/v2\/media\/575"}],"wp:attachment":[{"href":"https:\/\/nembutalhouse.com\/cs\/wp-json\/wp\/v2\/media?parent=529"}],"wp:term":[{"taxonomy":"product_cat","embeddable":true,"href":"https:\/\/nembutalhouse.com\/cs\/wp-json\/wp\/v2\/product_cat?post=529"},{"taxonomy":"product_tag","embeddable":true,"href":"https:\/\/nembutalhouse.com\/cs\/wp-json\/wp\/v2\/product_tag?post=529"}],"curies":[{"name":"wp","href":"https:\/\/api.w.org\/{rel}","templated":true}]}}