{"id":1621,"date":"2024-10-18T05:55:10","date_gmt":"2024-10-18T05:55:10","guid":{"rendered":"https:\/\/nembutalhouse.com\/?post_type=product&#038;p=1621"},"modified":"2026-02-25T11:23:46","modified_gmt":"2026-02-25T11:23:46","slug":"3mmc","status":"publish","type":"product","link":"https:\/\/nembutalhouse.com\/cs\/produkt\/3mmc\/","title":{"rendered":"Buy 3mmc Online"},"content":{"rendered":"<h2>Buy 3mmc Online<\/h2>\n<h3><strong>Co je 3-MMA?<\/strong><\/h3>\n<p>Koupit 3-MMA je psychotropn\u00ed l\u00e1tka, kter\u00e1 pat\u0159\u00ed do skupiny amfetamin\u016f. M\u00e1 entaktogenn\u00ed strukturu, kter\u00e1 je srovnateln\u00e1 s metamfetaminem, a strukturu, kter\u00e1 je podobn\u00e1 metamfetaminu s v\u00fdjimkou methylov\u00e9 skupiny.<\/p>\n<p><a href=\"https:\/\/nembutalhouse.com\/cs\/produkt\/3mmc\/\">3-methylmetamfetamin<\/a>, \u010dasto zn\u00e1m\u00fd jako 3-methoxymetamfetamin, je druh metamfetaminu.<\/p>\n<p>Chemick\u00e1 l\u00e1tka 1-(3-methoxyfenyl)-N-methyl propan-2-amin pat\u0159\u00ed do skupiny fenetylamin\u016f a amfetamin\u016f. Jej\u00ed slou\u010deniny jsou deriv\u00e1ty, proto\u017ee vznikaj\u00ed p\u0159i substituci nebo z\u00e1m\u011bn\u011b. Amfetaminy jsou druhem fenetylaminu, kter\u00fd pro\u0161el substituc\u00ed.<\/p>\n<p>3-methylmetamfetamin byl poprv\u00e9 objeven a vyroben v roce 1970 v It\u00e1lii. David E. Nichols jej pozd\u011bji v roce 1991 znovu objevil jako neurotoxick\u00fd prot\u011bj\u0161ek. V laborato\u0159\u00edch se 3-methylmetamfetamin vyr\u00e1b\u00ed v souladu se v\u0161emi normami kvality.<\/p>\n<p>A\u010dkoli bylo prok\u00e1z\u00e1no, \u017ee br\u00e1n\u00ed reabsorpci serotoninu, o vlastnostech 3-methylmetamfetaminu nen\u00ed nic zn\u00e1mo.<\/p>\n<h3><strong>Odm\u00edtnut\u00ed odpov\u011bdnosti<\/strong><\/h3>\n<p>Lidem a zv\u00ed\u0159at\u016fm by tento p\u0159\u00edpravek nem\u011bl b\u00fdt pod\u00e1v\u00e1n. Je toti\u017e ur\u010den pouze k prodeji pro \u00fa\u010dely laboratorn\u00edho v\u00fdzkumu. D\u016frazn\u011b doporu\u010dujeme, aby se s touto slou\u010deninou zach\u00e1zelo velmi opatrn\u011b, s pou\u017eit\u00edm rukavic, masek a dal\u0161\u00edch prost\u0159edk\u016f proti kontaminaci.<\/p>\n<h3><strong>Je 3-MMA leg\u00e1ln\u00ed?<\/strong><\/h3>\n<p>P\u0159ed n\u00e1kupem 3-Methyl-Methamphetamine doporu\u010dujeme ov\u011b\u0159it si to u p\u0159\u00edslu\u0161n\u00fdch \u00fa\u0159ad\u016f v m\u00edst\u011b bydli\u0161t\u011b nebo v m\u00edst\u011b ur\u010den\u00ed.<\/p>\n<p>D\u00edky p\u0159\u00edsn\u00fdm z\u00e1kon\u016fm o prodeji tohoto v\u00fdrobku jsme p\u0159ijali v\u0161echna pot\u0159ebn\u00e1 bezpe\u010dnostn\u00ed opat\u0159en\u00ed, abychom zajistili, \u017ee na\u0161i spot\u0159ebitel\u00e9 jsou na bezpe\u010dn\u00e9 stran\u011b z\u00e1kona. Z\u00e1kony a pravidla se neust\u00e1le m\u011bn\u00ed, a proto je pro v\u00e1s jako pro klienta velmi d\u016fle\u017eit\u00e9, abyste byli informov\u00e1ni o tom, co se d\u011bje ve va\u0161\u00ed oblasti. Neneseme odpov\u011bdnost za \u017e\u00e1dn\u00e9 pr\u00e1vn\u00ed probl\u00e9my, kter\u00e9 mohou vzniknout p\u0159i z\u00edsk\u00e1v\u00e1n\u00ed 3-methylmetamfetaminu ve va\u0161\u00ed oblasti.<\/p>\n<h3><strong>Kde si mohu koupit 3-MMA?<\/strong><\/h3>\n<p><a href=\"https:\/\/nembutalhouse.com\/cs\/\">NembutalHouse<\/a> je p\u0159edn\u00edm v\u00fdrobcem a distributorem 3-methylmetamfetaminu a dal\u0161\u00edch chemick\u00fdch l\u00e1tek. Jsme hrd\u00ed na to, \u017ee dod\u00e1v\u00e1me vysoce kvalitn\u00ed chemik\u00e1lie, zejm\u00e9na n\u011bkter\u00e9, kter\u00e9 jsou t\u011b\u017eko dostupn\u00e9. <a href=\"https:\/\/en.wikipedia.org\/wiki\/3-Methylmethcathinone\">3-methylmetamfetamin<\/a>e je k dispozici ve form\u011b pr\u00e1\u0161ku a je dod\u00e1v\u00e1n v\u00fdhradn\u011b pro laboratorn\u00ed studie. Tato l\u00e1tka je dostupn\u00e1 pouze dosp\u011bl\u00fdm od 18 let.<\/p>","protected":false},"excerpt":{"rendered":"<p>Buy 3mmc Online What is 3-MMA? Buy 3-MMA\u00a0 is a psychotropic substance that belongs to the amphetamine family. It has an entactogen structure that is comparable to methamphetamine and a&hellip;<\/p>","protected":false},"featured_media":1622,"comment_status":"closed","ping_status":"closed","template":"","meta":{"_joinchat":[]},"product_cat":[188],"product_tag":[815,820,838,840,826,827,830,836,837,835,816,834,823,813,814,825,839,832,829,822,818,819,841,833,831,828,821,824,817],"class_list":{"0":"post-1621","1":"product","2":"type-product","3":"status-publish","4":"has-post-thumbnail","6":"product_cat-stimulants","7":"product_tag-3mmc-for-sale","8":"product_tag-3mmc-powder","9":"product_tag-3mmc-powder-for-cleaning","10":"product_tag-3mmc-powder-for-sale","11":"product_tag-3mmc-powder-online","12":"product_tag-3mmc-powder-price","13":"product_tag-3mmc-powder-store","14":"product_tag-3mmc-powder-use","15":"product_tag-3mmc-powder-wiki","16":"product_tag-3mmc-powder-worldwide","17":"product_tag-3mmc-supplier","18":"product_tag-best-cheap-price-3mmc-powder","19":"product_tag-best-place-to-buy-3mmc-powder","20":"product_tag-buy-3mmc","21":"product_tag-buy-3mmc-online","22":"product_tag-buy-3mmc-powder-legally","23":"product_tag-buy-3mmc-powder-online","24":"product_tag-cheap-3mmc-powders","25":"product_tag-high-quality-3mmc-powder","26":"product_tag-how-to-buy-3mmc-powder","27":"product_tag-order-3mmc","28":"product_tag-order-3mmc-online","29":"product_tag-order-3mmc-powder","30":"product_tag-purcharse-3mmc-powder-powder","31":"product_tag-shop-3mmc-powder","32":"product_tag-top-quality-3mmc-powder","33":"product_tag-where-to-buy-3mmc-powder","34":"product_tag-where-to-order-3mmc-powder","35":"product_tag-wholesale-3mmc-bulk-online","37":"first","38":"instock","39":"shipping-taxable","40":"purchasable","41":"product-type-variable"},"yoast_head":"<!-- This site is optimized with the Yoast SEO plugin v24.1 - https:\/\/yoast.com\/wordpress\/plugins\/seo\/ -->\n<title>Buy 3 MMC Online - 3 MMC for Sale - Order 3 MMC Online<\/title>\n<meta name=\"description\" content=\"You can buy 3mmc online at the best prices from our online store. We have cheap and high-quality 3mmc for sale and providing worldwide delivery. You can order from anytime, anywhere.\" \/>\n<meta name=\"robots\" content=\"index, follow, max-snippet:-1, max-image-preview:large, max-video-preview:-1\" \/>\n<link rel=\"canonical\" href=\"https:\/\/nembutalhouse.com\/cs\/produkt\/3mmc\/\" \/>\n<meta property=\"og:locale\" content=\"cs_CZ\" \/>\n<meta property=\"og:type\" content=\"article\" \/>\n<meta property=\"og:title\" content=\"Buy 3 MMC Online - 3 MMC for Sale - Order 3 MMC Online\" \/>\n<meta property=\"og:description\" content=\"You can buy 3mmc online at the best prices from our online store. We have cheap and high-quality 3mmc for sale and providing worldwide delivery. You can order from anytime, anywhere.\" \/>\n<meta property=\"og:url\" content=\"https:\/\/nembutalhouse.com\/cs\/produkt\/3mmc\/\" \/>\n<meta property=\"og:site_name\" content=\"Nembutal House\" \/>\n<meta property=\"article:modified_time\" content=\"2026-02-25T11:23:46+00:00\" \/>\n<meta property=\"og:image\" content=\"https:\/\/nembutalhouse.com\/wp-content\/uploads\/2024\/10\/3mmc.gif\" \/>\n\t<meta property=\"og:image:width\" content=\"600\" \/>\n\t<meta property=\"og:image:height\" content=\"600\" \/>\n\t<meta property=\"og:image:type\" content=\"image\/gif\" \/>\n<meta name=\"twitter:card\" content=\"summary_large_image\" \/>\n<meta name=\"twitter:label1\" content=\"Odhadovan\u00e1 doba \u010dten\u00ed\" \/>\n\t<meta name=\"twitter:data1\" content=\"2 minuty\" \/>\n<script type=\"application\/ld+json\" class=\"yoast-schema-graph\">{\"@context\":\"https:\/\/schema.org\",\"@graph\":[{\"@type\":\"WebPage\",\"@id\":\"https:\/\/nembutalhouse.com\/product\/3mmc\/\",\"url\":\"https:\/\/nembutalhouse.com\/product\/3mmc\/\",\"name\":\"Buy 3 MMC Online - 3 MMC for Sale - Order 3 MMC Online\",\"isPartOf\":{\"@id\":\"https:\/\/nembutalhouse.com\/#website\"},\"primaryImageOfPage\":{\"@id\":\"https:\/\/nembutalhouse.com\/product\/3mmc\/#primaryimage\"},\"image\":{\"@id\":\"https:\/\/nembutalhouse.com\/product\/3mmc\/#primaryimage\"},\"thumbnailUrl\":\"https:\/\/nembutalhouse.com\/wp-content\/uploads\/2024\/10\/3mmc.gif\",\"datePublished\":\"2024-10-18T05:55:10+00:00\",\"dateModified\":\"2026-02-25T11:23:46+00:00\",\"description\":\"You can buy 3mmc online at the best prices from our online store. We have cheap and high-quality 3mmc for sale and providing worldwide delivery. You can order from anytime, anywhere.\",\"breadcrumb\":{\"@id\":\"https:\/\/nembutalhouse.com\/product\/3mmc\/#breadcrumb\"},\"inLanguage\":\"cs\",\"potentialAction\":[{\"@type\":\"ReadAction\",\"target\":[\"https:\/\/nembutalhouse.com\/product\/3mmc\/\"]}]},{\"@type\":\"ImageObject\",\"inLanguage\":\"cs\",\"@id\":\"https:\/\/nembutalhouse.com\/product\/3mmc\/#primaryimage\",\"url\":\"https:\/\/nembutalhouse.com\/wp-content\/uploads\/2024\/10\/3mmc.gif\",\"contentUrl\":\"https:\/\/nembutalhouse.com\/wp-content\/uploads\/2024\/10\/3mmc.gif\",\"width\":600,\"height\":600,\"caption\":\"Buy 3mmc Online\"},{\"@type\":\"BreadcrumbList\",\"@id\":\"https:\/\/nembutalhouse.com\/product\/3mmc\/#breadcrumb\",\"itemListElement\":[{\"@type\":\"ListItem\",\"position\":1,\"name\":\"Home\",\"item\":\"https:\/\/nembutalhouse.com\/\"},{\"@type\":\"ListItem\",\"position\":2,\"name\":\"Shop\",\"item\":\"https:\/\/nembutalhouse.com\/shop\/\"},{\"@type\":\"ListItem\",\"position\":3,\"name\":\"Buy 3mmc Online\"}]},{\"@type\":\"WebSite\",\"@id\":\"https:\/\/nembutalhouse.com\/#website\",\"url\":\"https:\/\/nembutalhouse.com\/\",\"name\":\"Nembutal House\",\"description\":\"Best Nembutal Online Store\",\"publisher\":{\"@id\":\"https:\/\/nembutalhouse.com\/#organization\"},\"potentialAction\":[{\"@type\":\"SearchAction\",\"target\":{\"@type\":\"EntryPoint\",\"urlTemplate\":\"https:\/\/nembutalhouse.com\/?s={search_term_string}\"},\"query-input\":{\"@type\":\"PropertyValueSpecification\",\"valueRequired\":true,\"valueName\":\"search_term_string\"}}],\"inLanguage\":\"cs\"},{\"@type\":\"Organization\",\"@id\":\"https:\/\/nembutalhouse.com\/#organization\",\"name\":\"Nembutal House\",\"url\":\"https:\/\/nembutalhouse.com\/\",\"logo\":{\"@type\":\"ImageObject\",\"inLanguage\":\"cs\",\"@id\":\"https:\/\/nembutalhouse.com\/#\/schema\/logo\/image\/\",\"url\":\"https:\/\/nembutalhouse.com\/wp-content\/uploads\/2022\/12\/logo.png\",\"contentUrl\":\"https:\/\/nembutalhouse.com\/wp-content\/uploads\/2022\/12\/logo.png\",\"width\":344,\"height\":103,\"caption\":\"Nembutal House\"},\"image\":{\"@id\":\"https:\/\/nembutalhouse.com\/#\/schema\/logo\/image\/\"}}]}<\/script>\n<!-- \/ Yoast SEO plugin. -->","yoast_head_json":{"title":"Buy 3 MMC Online - 3 MMC for Sale - Order 3 MMC Online","description":"You can buy 3mmc online at the best prices from our online store. We have cheap and high-quality 3mmc for sale and providing worldwide delivery. You can order from anytime, anywhere.","robots":{"index":"index","follow":"follow","max-snippet":"max-snippet:-1","max-image-preview":"max-image-preview:large","max-video-preview":"max-video-preview:-1"},"canonical":"https:\/\/nembutalhouse.com\/cs\/produkt\/3mmc\/","og_locale":"cs_CZ","og_type":"article","og_title":"Buy 3 MMC Online - 3 MMC for Sale - Order 3 MMC Online","og_description":"You can buy 3mmc online at the best prices from our online store. We have cheap and high-quality 3mmc for sale and providing worldwide delivery. You can order from anytime, anywhere.","og_url":"https:\/\/nembutalhouse.com\/cs\/produkt\/3mmc\/","og_site_name":"Nembutal House","article_modified_time":"2026-02-25T11:23:46+00:00","og_image":[{"width":600,"height":600,"url":"https:\/\/nembutalhouse.com\/wp-content\/uploads\/2024\/10\/3mmc.gif","type":"image\/gif"}],"twitter_card":"summary_large_image","twitter_misc":{"Odhadovan\u00e1 doba \u010dten\u00ed":"2 minuty"},"schema":{"@context":"https:\/\/schema.org","@graph":[{"@type":"WebPage","@id":"https:\/\/nembutalhouse.com\/product\/3mmc\/","url":"https:\/\/nembutalhouse.com\/product\/3mmc\/","name":"Buy 3 MMC Online - 3 MMC for Sale - Order 3 MMC Online","isPartOf":{"@id":"https:\/\/nembutalhouse.com\/#website"},"primaryImageOfPage":{"@id":"https:\/\/nembutalhouse.com\/product\/3mmc\/#primaryimage"},"image":{"@id":"https:\/\/nembutalhouse.com\/product\/3mmc\/#primaryimage"},"thumbnailUrl":"https:\/\/nembutalhouse.com\/wp-content\/uploads\/2024\/10\/3mmc.gif","datePublished":"2024-10-18T05:55:10+00:00","dateModified":"2026-02-25T11:23:46+00:00","description":"You can buy 3mmc online at the best prices from our online store. We have cheap and high-quality 3mmc for sale and providing worldwide delivery. You can order from anytime, anywhere.","breadcrumb":{"@id":"https:\/\/nembutalhouse.com\/product\/3mmc\/#breadcrumb"},"inLanguage":"cs","potentialAction":[{"@type":"ReadAction","target":["https:\/\/nembutalhouse.com\/product\/3mmc\/"]}]},{"@type":"ImageObject","inLanguage":"cs","@id":"https:\/\/nembutalhouse.com\/product\/3mmc\/#primaryimage","url":"https:\/\/nembutalhouse.com\/wp-content\/uploads\/2024\/10\/3mmc.gif","contentUrl":"https:\/\/nembutalhouse.com\/wp-content\/uploads\/2024\/10\/3mmc.gif","width":600,"height":600,"caption":"Buy 3mmc Online"},{"@type":"BreadcrumbList","@id":"https:\/\/nembutalhouse.com\/product\/3mmc\/#breadcrumb","itemListElement":[{"@type":"ListItem","position":1,"name":"Home","item":"https:\/\/nembutalhouse.com\/"},{"@type":"ListItem","position":2,"name":"Shop","item":"https:\/\/nembutalhouse.com\/shop\/"},{"@type":"ListItem","position":3,"name":"Buy 3mmc Online"}]},{"@type":"WebSite","@id":"https:\/\/nembutalhouse.com\/#website","url":"https:\/\/nembutalhouse.com\/","name":"Nembutal House","description":"Best Nembutal Online Store","publisher":{"@id":"https:\/\/nembutalhouse.com\/#organization"},"potentialAction":[{"@type":"SearchAction","target":{"@type":"EntryPoint","urlTemplate":"https:\/\/nembutalhouse.com\/?s={search_term_string}"},"query-input":{"@type":"PropertyValueSpecification","valueRequired":true,"valueName":"search_term_string"}}],"inLanguage":"cs"},{"@type":"Organization","@id":"https:\/\/nembutalhouse.com\/#organization","name":"Nembutal House","url":"https:\/\/nembutalhouse.com\/","logo":{"@type":"ImageObject","inLanguage":"cs","@id":"https:\/\/nembutalhouse.com\/#\/schema\/logo\/image\/","url":"https:\/\/nembutalhouse.com\/wp-content\/uploads\/2022\/12\/logo.png","contentUrl":"https:\/\/nembutalhouse.com\/wp-content\/uploads\/2022\/12\/logo.png","width":344,"height":103,"caption":"Nembutal House"},"image":{"@id":"https:\/\/nembutalhouse.com\/#\/schema\/logo\/image\/"}}]}},"_links":{"self":[{"href":"https:\/\/nembutalhouse.com\/cs\/wp-json\/wp\/v2\/product\/1621","targetHints":{"allow":["GET"]}}],"collection":[{"href":"https:\/\/nembutalhouse.com\/cs\/wp-json\/wp\/v2\/product"}],"about":[{"href":"https:\/\/nembutalhouse.com\/cs\/wp-json\/wp\/v2\/types\/product"}],"replies":[{"embeddable":true,"href":"https:\/\/nembutalhouse.com\/cs\/wp-json\/wp\/v2\/comments?post=1621"}],"wp:featuredmedia":[{"embeddable":true,"href":"https:\/\/nembutalhouse.com\/cs\/wp-json\/wp\/v2\/media\/1622"}],"wp:attachment":[{"href":"https:\/\/nembutalhouse.com\/cs\/wp-json\/wp\/v2\/media?parent=1621"}],"wp:term":[{"taxonomy":"product_cat","embeddable":true,"href":"https:\/\/nembutalhouse.com\/cs\/wp-json\/wp\/v2\/product_cat?post=1621"},{"taxonomy":"product_tag","embeddable":true,"href":"https:\/\/nembutalhouse.com\/cs\/wp-json\/wp\/v2\/product_tag?post=1621"}],"curies":[{"name":"wp","href":"https:\/\/api.w.org\/{rel}","templated":true}]}}