{"id":15,"date":"2022-12-13T18:41:56","date_gmt":"2022-12-13T18:41:56","guid":{"rendered":"https:\/\/nembutalhouse.com\/?post_type=product&#038;p=15"},"modified":"2026-03-06T11:08:44","modified_gmt":"2026-03-06T11:08:44","slug":"buy-nembutal-powder-online","status":"publish","type":"product","link":"https:\/\/nembutalhouse.com\/cs\/produkt\/koupit-nembutal-v-prasku-online\/","title":{"rendered":"Koupit Nembutal pr\u00e1\u0161ek online"},"content":{"rendered":"<h2 style=\"text-align: justify;\">Koupit Nembutal pr\u00e1\u0161ek online<\/h2>\n<p style=\"text-align: justify;\">If you are looking to buy the best quality Nembutal powder, our shop is perfect choice for you. Our quality product meets your expectations and delivers the comfort you have always desired from Nembutal powder. All our pentobarbital products are lab tested to ensure the highest quality first to customers. So now we have a reputation that we have to maintain.<\/p>\n<h3 style=\"text-align: justify;\">Online prodej origin\u00e1ln\u00edho Nembutalov\u00e9ho pr\u00e1\u0161ku:<\/h3>\n<p style=\"text-align: justify;\">Naj\u00edt dodavatele pr\u00e1\u0161ku Nembutal, kte\u0159\u00ed dod\u00e1vaj\u00ed origin\u00e1ln\u00ed pr\u00e1\u0161ek online, m\u016f\u017ee b\u00fdt v\u011bt\u0161inou docela slo\u017eit\u00e9. Mnoho prodejc\u016f podvodn\u011b prod\u00e1v\u00e1 pr\u00e1\u0161ek Nembutal online a \u010distota pr\u00e1\u0161ku je tak\u00e9 sporn\u00e1. V\u011bt\u0161ina z nich nezn\u00e1 fakta, jako je p\u016fvod t\u00e9to l\u00e1tky a zp\u016fsob distribuce a kontroly pr\u00e1\u0161ku Nembutal. A m\u016f\u017eete jich narazit na docela dost. Ale s produktem, kter\u00fd jste si zakoupili, nebyly \u017e\u00e1dn\u00e9 v\u00fdsledky. To je d\u016fvod, pro\u010d jsme tu, abychom v\u00e1m poskytli 100% prav\u00fd pentobarbital, abyste mohli efektivn\u011b zm\u011bnit sv\u016fj \u017eivot, abyste mohli <a href=\"https:\/\/en.wikipedia.org\/?title=Nembutal&amp;redirect=no\"><strong>koupit pr\u00e1\u0161ek Nembutal<\/strong><\/a> od n\u00e1s.<\/p>\n<h3 style=\"text-align: justify;\">Dos\u00e1hn\u011bte v\u0161estrann\u00e9ho pou\u017eit\u00ed Nembutalu:<\/h3>\n<p style=\"text-align: justify;\">Nembutalov\u00fd pr\u00e1\u0161ek je v\u0161estrann\u00fd, proto\u017ee jej m\u016f\u017eete pou\u017e\u00edt r\u016fzn\u00fdmi zp\u016fsoby podle va\u0161ich pot\u0159eb. To je d\u016fvod, pro\u010d je Nembutal dokonale v\u0161estrann\u00fd. Pokud z n\u011bj chcete ud\u011blat tekutinu pro pou\u017eit\u00ed jin\u00fdm zp\u016fsobem, m\u016f\u017eete to ud\u011blat z\u0159ed\u011bn\u00edm vodou. Eutanazie je velmi kontroverzn\u00ed t\u00e9ma. Pr\u00e1\u0161ek Nembutal si m\u016f\u017eete objednat online prost\u0159ednictv\u00edm na\u0161ich str\u00e1nek. Pokud v\u0161ak dojde na f\u00e1zi eutanazie, nebo jednodu\u0161e \u0159e\u010deno, proces z\u00edsk\u00e1v\u00e1n\u00ed du\u0161\u00ed z vesm\u00edru, je dokonale proveden s pou\u017eit\u00edm pr\u00e1\u0161ku Nembutal. Proces v\u00fdroby pentobarbitalu prob\u00edh\u00e1 a odtud poch\u00e1z\u00ed v\u011bt\u0161ina Nembutalu.<\/p>\n<p style=\"text-align: justify;\">Kdy\u017e si koup\u00edte pr\u00e1\u0161ek Nembutal online, budete v\u011bd\u011bt, \u017ee jsme nejd\u016fv\u011bryhodn\u011bj\u0161\u00edm dodavatelem pr\u00e1\u0161ku Nembutal. Nab\u00edz\u00edme to nejautenti\u010dt\u011bj\u0161\u00ed <a href=\"https:\/\/nembutalhouse.com\/cs\/produkt\/koupit-nembutal-v-prasku-online\/\"><strong>Nembutal pr\u00e1\u0161ek na prodej<\/strong><\/a>. Z\u00edskejte od n\u00e1s dod\u00e1vku pr\u00e1\u0161ku Nembutal pouh\u00fdm zad\u00e1n\u00edm online objedn\u00e1vky.<\/p>\n<h3 style=\"text-align: justify;\">Pro\u010d Nembutal pr\u00e1\u0161ek?<\/h3>\n<p style=\"text-align: justify;\">T\u0159\u00edda pr\u00e1\u0161ku Nembutal zn\u00e1m\u00e1 jako barbitur\u00e1ty. Tyto akce, vynalezen\u00e9 na konci 19. stolet\u00ed, potla\u010duj\u00ed r\u016fzn\u00e9 aspekty mozkov\u00fdch funkc\u00ed. Barbitur\u00e1ty se pou\u017e\u00edvaj\u00ed k mnoha \u00fa\u010del\u016fm. Pat\u0159\u00ed mezi n\u011b l\u00e9\u010dba poruch sp\u00e1nku, epilepsie a poran\u011bn\u00ed mozku \u2013 stejn\u011b jako celkov\u00e1 anestezie a psychiatrie. Mus\u00edte d\u016fkladn\u011b prozkoumat, kde je nejlep\u0161\u00ed koupit pr\u00e1\u0161ek Nembutal.<\/p>\n<p style=\"text-align: justify;\">Je zn\u00e1mo, \u017ee barbitur\u00e1ty poskytuj\u00ed sedaci a mohou b\u00fdt \u00fa\u010dinn\u011b pou\u017eity ke zm\u00edrn\u011bn\u00ed \u00fazkosti. Ve velk\u00e9m mno\u017estv\u00ed mohou tyto l\u00e9ky zp\u016fsobit respira\u010dn\u00ed depresi a smrt kv\u016fli rizik\u016fm spojen\u00fdm s p\u0159ed\u00e1vkov\u00e1n\u00edm. B\u011bhem posledn\u00edch 20 let byly tedy sta\u017eeny z b\u011b\u017en\u00e9ho l\u00e9ka\u0159sk\u00e9ho pou\u017eit\u00ed.<\/p>\n<p style=\"text-align: justify;\">L\u00e9k lze nyn\u00ed z\u00edskat p\u0159\u00edmo od v\u00fdrobce resp <a href=\"https:\/\/nembutalhouse.com\/cs\/\" target=\"_blank\" rel=\"noopener\"><strong>koupit Nembutal online<\/strong><\/a>. Krom\u011b konzultac\u00ed s drogami, podpory rodiny a dal\u0161\u00edch opat\u0159en\u00ed vyu\u017e\u00edvaj\u00edc\u00edch tyto l\u00e9\u010dby \u010dasto vy\u017eaduje mnoho dovednost\u00ed a zmatk\u016f ohledn\u011b toho, kde koupit pr\u00e1\u0161ek Nembutal.<\/p>\n<p style=\"text-align: justify;\">Nejen argument o nutnosti eutanazie je \u0161patn\u00fd. Ale legalizace eutanazie a Nembutalu s n\u00ed bude pravd\u011bpodobn\u011b ne\u00fa\u010dinn\u00e1. To bude m\u00edt za n\u00e1sledek omezen\u00fd p\u0159\u00edstup k odpov\u00eddaj\u00edc\u00ed p\u00e9\u010di pro v\u011bt\u0161inu pacient\u016f, kte\u0159\u00ed nespl\u0148uj\u00ed p\u0159\u00edsn\u00e1 krit\u00e9ria pro eutanazii.<\/p>","protected":false},"excerpt":{"rendered":"<p>Ka\u017ed\u00fd gram pr\u00e1\u0161ku obsahuje 750 miligram\u016f (mg) pr\u00e1\u0161ku nembutalu.<\/p>","protected":false},"featured_media":17,"comment_status":"open","ping_status":"closed","template":"","meta":{"_joinchat":[]},"product_cat":[16],"product_tag":[556,545,17,537,547,538,18,19,554,551,20,544,21,22,23,24,25,26,27,28,29,30,31,32,560,33,542,34,561,549,552,539,559,557,548,558,35,36,37,38,39,541,40,41,42,43,555,553,44,550,45,46,543,47,546,540],"class_list":{"0":"post-15","1":"product","2":"type-product","3":"status-publish","4":"has-post-thumbnail","6":"product_cat-nembutal","7":"product_tag-best-cheap-price-nembutal-powder","8":"product_tag-best-place-to-buy-nembutal-powder","9":"product_tag-buy-nembutal-online","10":"product_tag-buy-nembutal-powder","11":"product_tag-buy-nembutal-powder-legally","12":"product_tag-buy-nembutal-powder-online","13":"product_tag-buy-nembutal-powder-online-without-prescription","14":"product_tag-buy-nembutal-uk","15":"product_tag-cheap-nembutal-powders","16":"product_tag-high-quality-nembutal-powder","17":"product_tag-how-can-i-get-nembutal","18":"product_tag-how-to-buy-nembutal-powder","19":"product_tag-how-to-make-nembutal","20":"product_tag-how-to-obtain-nembutal","21":"product_tag-how-to-purchase-nembutal","22":"product_tag-nembutal","23":"product_tag-nembutal-buy","24":"product_tag-nembutal-buy-india","25":"product_tag-nembutal-for-sale","26":"product_tag-nembutal-for-sale-online","27":"product_tag-nembutal-for-sale-usa","28":"product_tag-nembutal-order-online","29":"product_tag-nembutal-pentobarbital-for-sale-in-usa","30":"product_tag-nembutal-pentobarbital-sodium-for-sale","31":"product_tag-nembutal-powder-for-cleaning","32":"product_tag-nembutal-powder-for-sale","33":"product_tag-nembutal-powder-liquid","34":"product_tag-nembutal-powder-near-me","35":"product_tag-nembutal-powder-powder","36":"product_tag-nembutal-powder-price","37":"product_tag-nembutal-powder-store","38":"product_tag-nembutal-powder-supplier","39":"product_tag-nembutal-powder-wiki","40":"product_tag-nembutal-powder-worldwide","41":"product_tag-nembutal-powders-online","42":"product_tag-nembutal-powders-use","43":"product_tag-nembutal-sodium","44":"product_tag-nembutal-suicide","45":"product_tag-nembutal-where-to-buy","46":"product_tag-order-nembutal","47":"product_tag-order-nembutal-online","48":"product_tag-order-nembutal-powder","49":"product_tag-order-nembutal-powder-online","50":"product_tag-pentobarbital","51":"product_tag-pentobarbital-for-sale","52":"product_tag-pentobarbital-vs-phenobarbital","53":"product_tag-purcharse-nembutal-powder","54":"product_tag-shop-nembutal-powder","55":"product_tag-sodium-pentobarbital","56":"product_tag-top-quality-nembutal-powder","57":"product_tag-what-is-nembutal","58":"product_tag-where-to-buy-nembutal","59":"product_tag-where-to-buy-nembutal-powder","60":"product_tag-where-to-buy-nembutal-powder-online","61":"product_tag-where-to-order-nembutal-powder","62":"product_tag-wholesale-nembutal-powder-bulk-online","64":"first","65":"instock","66":"shipping-taxable","67":"purchasable","68":"product-type-variable","69":"has-default-attributes"},"yoast_head":"<!-- This site is optimized with the Yoast SEO plugin v24.1 - https:\/\/yoast.com\/wordpress\/plugins\/seo\/ -->\n<title>Buy Nembutal Powder Online - Nembutal Powder for Sale<\/title>\n<meta name=\"description\" content=\"You can buy nembutal powder online at the best prices from our online store. We have cheap and high-quality nembutal powder for sale and providing worldwide delivery. You can order from anytime, anywhere.\" \/>\n<meta name=\"robots\" content=\"index, follow, max-snippet:-1, max-image-preview:large, max-video-preview:-1\" \/>\n<link rel=\"canonical\" href=\"https:\/\/nembutalhouse.com\/cs\/produkt\/koupit-nembutal-v-prasku-online\/\" \/>\n<meta property=\"og:locale\" content=\"cs_CZ\" \/>\n<meta property=\"og:type\" content=\"article\" \/>\n<meta property=\"og:title\" content=\"Buy Nembutal Powder Online - Nembutal Powder for Sale\" \/>\n<meta property=\"og:description\" content=\"You can buy nembutal powder online at the best prices from our online store. We have cheap and high-quality nembutal powder for sale and providing worldwide delivery. You can order from anytime, anywhere.\" \/>\n<meta property=\"og:url\" content=\"https:\/\/nembutalhouse.com\/cs\/produkt\/koupit-nembutal-v-prasku-online\/\" \/>\n<meta property=\"og:site_name\" content=\"Nembutal House\" \/>\n<meta property=\"article:modified_time\" content=\"2026-03-06T11:08:44+00:00\" \/>\n<meta property=\"og:image\" content=\"https:\/\/nembutalhouse.com\/wp-content\/uploads\/2022\/12\/nembutal-powder.jpg\" \/>\n\t<meta property=\"og:image:width\" content=\"1000\" \/>\n\t<meta property=\"og:image:height\" content=\"1000\" \/>\n\t<meta property=\"og:image:type\" content=\"image\/jpeg\" \/>\n<meta name=\"twitter:card\" content=\"summary_large_image\" \/>\n<meta name=\"twitter:label1\" content=\"Odhadovan\u00e1 doba \u010dten\u00ed\" \/>\n\t<meta name=\"twitter:data1\" content=\"3 minuty\" \/>\n<script type=\"application\/ld+json\" class=\"yoast-schema-graph\">{\"@context\":\"https:\/\/schema.org\",\"@graph\":[{\"@type\":\"WebPage\",\"@id\":\"https:\/\/nembutalhouse.com\/product\/buy-nembutal-powder-online\/\",\"url\":\"https:\/\/nembutalhouse.com\/product\/buy-nembutal-powder-online\/\",\"name\":\"Buy Nembutal Powder Online - Nembutal Powder for Sale\",\"isPartOf\":{\"@id\":\"https:\/\/nembutalhouse.com\/#website\"},\"primaryImageOfPage\":{\"@id\":\"https:\/\/nembutalhouse.com\/product\/buy-nembutal-powder-online\/#primaryimage\"},\"image\":{\"@id\":\"https:\/\/nembutalhouse.com\/product\/buy-nembutal-powder-online\/#primaryimage\"},\"thumbnailUrl\":\"https:\/\/nembutalhouse.com\/wp-content\/uploads\/2022\/12\/nembutal-powder.jpg\",\"datePublished\":\"2022-12-13T18:41:56+00:00\",\"dateModified\":\"2026-03-06T11:08:44+00:00\",\"description\":\"You can buy nembutal powder online at the best prices from our online store. We have cheap and high-quality nembutal powder for sale and providing worldwide delivery. You can order from anytime, anywhere.\",\"breadcrumb\":{\"@id\":\"https:\/\/nembutalhouse.com\/product\/buy-nembutal-powder-online\/#breadcrumb\"},\"inLanguage\":\"cs\",\"potentialAction\":[{\"@type\":\"ReadAction\",\"target\":[\"https:\/\/nembutalhouse.com\/product\/buy-nembutal-powder-online\/\"]}]},{\"@type\":\"ImageObject\",\"inLanguage\":\"cs\",\"@id\":\"https:\/\/nembutalhouse.com\/product\/buy-nembutal-powder-online\/#primaryimage\",\"url\":\"https:\/\/nembutalhouse.com\/wp-content\/uploads\/2022\/12\/nembutal-powder.jpg\",\"contentUrl\":\"https:\/\/nembutalhouse.com\/wp-content\/uploads\/2022\/12\/nembutal-powder.jpg\",\"width\":1000,\"height\":1000,\"caption\":\"buy nembutal powder online\"},{\"@type\":\"BreadcrumbList\",\"@id\":\"https:\/\/nembutalhouse.com\/product\/buy-nembutal-powder-online\/#breadcrumb\",\"itemListElement\":[{\"@type\":\"ListItem\",\"position\":1,\"name\":\"Home\",\"item\":\"https:\/\/nembutalhouse.com\/\"},{\"@type\":\"ListItem\",\"position\":2,\"name\":\"Shop\",\"item\":\"https:\/\/nembutalhouse.com\/shop\/\"},{\"@type\":\"ListItem\",\"position\":3,\"name\":\"Buy Nembutal Powder Online\"}]},{\"@type\":\"WebSite\",\"@id\":\"https:\/\/nembutalhouse.com\/#website\",\"url\":\"https:\/\/nembutalhouse.com\/\",\"name\":\"Nembutal House\",\"description\":\"Best Nembutal Online Store\",\"publisher\":{\"@id\":\"https:\/\/nembutalhouse.com\/#organization\"},\"potentialAction\":[{\"@type\":\"SearchAction\",\"target\":{\"@type\":\"EntryPoint\",\"urlTemplate\":\"https:\/\/nembutalhouse.com\/?s={search_term_string}\"},\"query-input\":{\"@type\":\"PropertyValueSpecification\",\"valueRequired\":true,\"valueName\":\"search_term_string\"}}],\"inLanguage\":\"cs\"},{\"@type\":\"Organization\",\"@id\":\"https:\/\/nembutalhouse.com\/#organization\",\"name\":\"Nembutal House\",\"url\":\"https:\/\/nembutalhouse.com\/\",\"logo\":{\"@type\":\"ImageObject\",\"inLanguage\":\"cs\",\"@id\":\"https:\/\/nembutalhouse.com\/#\/schema\/logo\/image\/\",\"url\":\"https:\/\/nembutalhouse.com\/wp-content\/uploads\/2022\/12\/logo.png\",\"contentUrl\":\"https:\/\/nembutalhouse.com\/wp-content\/uploads\/2022\/12\/logo.png\",\"width\":344,\"height\":103,\"caption\":\"Nembutal House\"},\"image\":{\"@id\":\"https:\/\/nembutalhouse.com\/#\/schema\/logo\/image\/\"}}]}<\/script>\n<!-- \/ Yoast SEO plugin. -->","yoast_head_json":{"title":"Buy Nembutal Powder Online - Nembutal Powder for Sale","description":"You can buy nembutal powder online at the best prices from our online store. We have cheap and high-quality nembutal powder for sale and providing worldwide delivery. You can order from anytime, anywhere.","robots":{"index":"index","follow":"follow","max-snippet":"max-snippet:-1","max-image-preview":"max-image-preview:large","max-video-preview":"max-video-preview:-1"},"canonical":"https:\/\/nembutalhouse.com\/cs\/produkt\/koupit-nembutal-v-prasku-online\/","og_locale":"cs_CZ","og_type":"article","og_title":"Buy Nembutal Powder Online - Nembutal Powder for Sale","og_description":"You can buy nembutal powder online at the best prices from our online store. We have cheap and high-quality nembutal powder for sale and providing worldwide delivery. You can order from anytime, anywhere.","og_url":"https:\/\/nembutalhouse.com\/cs\/produkt\/koupit-nembutal-v-prasku-online\/","og_site_name":"Nembutal House","article_modified_time":"2026-03-06T11:08:44+00:00","og_image":[{"width":1000,"height":1000,"url":"https:\/\/nembutalhouse.com\/wp-content\/uploads\/2022\/12\/nembutal-powder.jpg","type":"image\/jpeg"}],"twitter_card":"summary_large_image","twitter_misc":{"Odhadovan\u00e1 doba \u010dten\u00ed":"3 minuty"},"schema":{"@context":"https:\/\/schema.org","@graph":[{"@type":"WebPage","@id":"https:\/\/nembutalhouse.com\/product\/buy-nembutal-powder-online\/","url":"https:\/\/nembutalhouse.com\/product\/buy-nembutal-powder-online\/","name":"Buy Nembutal Powder Online - Nembutal Powder for Sale","isPartOf":{"@id":"https:\/\/nembutalhouse.com\/#website"},"primaryImageOfPage":{"@id":"https:\/\/nembutalhouse.com\/product\/buy-nembutal-powder-online\/#primaryimage"},"image":{"@id":"https:\/\/nembutalhouse.com\/product\/buy-nembutal-powder-online\/#primaryimage"},"thumbnailUrl":"https:\/\/nembutalhouse.com\/wp-content\/uploads\/2022\/12\/nembutal-powder.jpg","datePublished":"2022-12-13T18:41:56+00:00","dateModified":"2026-03-06T11:08:44+00:00","description":"You can buy nembutal powder online at the best prices from our online store. We have cheap and high-quality nembutal powder for sale and providing worldwide delivery. You can order from anytime, anywhere.","breadcrumb":{"@id":"https:\/\/nembutalhouse.com\/product\/buy-nembutal-powder-online\/#breadcrumb"},"inLanguage":"cs","potentialAction":[{"@type":"ReadAction","target":["https:\/\/nembutalhouse.com\/product\/buy-nembutal-powder-online\/"]}]},{"@type":"ImageObject","inLanguage":"cs","@id":"https:\/\/nembutalhouse.com\/product\/buy-nembutal-powder-online\/#primaryimage","url":"https:\/\/nembutalhouse.com\/wp-content\/uploads\/2022\/12\/nembutal-powder.jpg","contentUrl":"https:\/\/nembutalhouse.com\/wp-content\/uploads\/2022\/12\/nembutal-powder.jpg","width":1000,"height":1000,"caption":"buy nembutal powder online"},{"@type":"BreadcrumbList","@id":"https:\/\/nembutalhouse.com\/product\/buy-nembutal-powder-online\/#breadcrumb","itemListElement":[{"@type":"ListItem","position":1,"name":"Home","item":"https:\/\/nembutalhouse.com\/"},{"@type":"ListItem","position":2,"name":"Shop","item":"https:\/\/nembutalhouse.com\/shop\/"},{"@type":"ListItem","position":3,"name":"Buy Nembutal Powder Online"}]},{"@type":"WebSite","@id":"https:\/\/nembutalhouse.com\/#website","url":"https:\/\/nembutalhouse.com\/","name":"Nembutal House","description":"Best Nembutal Online Store","publisher":{"@id":"https:\/\/nembutalhouse.com\/#organization"},"potentialAction":[{"@type":"SearchAction","target":{"@type":"EntryPoint","urlTemplate":"https:\/\/nembutalhouse.com\/?s={search_term_string}"},"query-input":{"@type":"PropertyValueSpecification","valueRequired":true,"valueName":"search_term_string"}}],"inLanguage":"cs"},{"@type":"Organization","@id":"https:\/\/nembutalhouse.com\/#organization","name":"Nembutal House","url":"https:\/\/nembutalhouse.com\/","logo":{"@type":"ImageObject","inLanguage":"cs","@id":"https:\/\/nembutalhouse.com\/#\/schema\/logo\/image\/","url":"https:\/\/nembutalhouse.com\/wp-content\/uploads\/2022\/12\/logo.png","contentUrl":"https:\/\/nembutalhouse.com\/wp-content\/uploads\/2022\/12\/logo.png","width":344,"height":103,"caption":"Nembutal House"},"image":{"@id":"https:\/\/nembutalhouse.com\/#\/schema\/logo\/image\/"}}]}},"_links":{"self":[{"href":"https:\/\/nembutalhouse.com\/cs\/wp-json\/wp\/v2\/product\/15","targetHints":{"allow":["GET"]}}],"collection":[{"href":"https:\/\/nembutalhouse.com\/cs\/wp-json\/wp\/v2\/product"}],"about":[{"href":"https:\/\/nembutalhouse.com\/cs\/wp-json\/wp\/v2\/types\/product"}],"replies":[{"embeddable":true,"href":"https:\/\/nembutalhouse.com\/cs\/wp-json\/wp\/v2\/comments?post=15"}],"wp:featuredmedia":[{"embeddable":true,"href":"https:\/\/nembutalhouse.com\/cs\/wp-json\/wp\/v2\/media\/17"}],"wp:attachment":[{"href":"https:\/\/nembutalhouse.com\/cs\/wp-json\/wp\/v2\/media?parent=15"}],"wp:term":[{"taxonomy":"product_cat","embeddable":true,"href":"https:\/\/nembutalhouse.com\/cs\/wp-json\/wp\/v2\/product_cat?post=15"},{"taxonomy":"product_tag","embeddable":true,"href":"https:\/\/nembutalhouse.com\/cs\/wp-json\/wp\/v2\/product_tag?post=15"}],"curies":[{"name":"wp","href":"https:\/\/api.w.org\/{rel}","templated":true}]}}