{"id":1480,"date":"2024-10-16T11:51:00","date_gmt":"2024-10-16T11:51:00","guid":{"rendered":"https:\/\/nembutalhouse.com\/?post_type=product&#038;p=1480"},"modified":"2026-02-26T12:57:49","modified_gmt":"2026-02-26T12:57:49","slug":"buy-4-mec-online-2","status":"publish","type":"product","link":"https:\/\/nembutalhouse.com\/cs\/produkt\/buy-4-mec-online-2\/","title":{"rendered":"Buy 4-MEC Online"},"content":{"rendered":"<h2>Buy 4-MEC Online<\/h2>\n<h3>4-methyl-N-ethyl katinon<\/h3>\n<p><a href=\"https:\/\/nembutalhouse.com\/cs\/produkt\/buy-4-mec-online-2\/\">4-methylethcathinone<\/a>\u00a0 (4-MEC) je kathinonov\u00fd deriv\u00e1t identifikovan\u00fd v n\u011bkolika zna\u010dkov\u00fdch rekrea\u010dn\u00edch drog\u00e1ch, kter\u00e9 se prod\u00e1vaj\u00ed jako \"leg\u00e1ln\u00ed\" n\u00e1hra\u017eky regulovan\u00fdch stimulant\u016f, jako je metamfetamin a 3,4-methylendioxymetamfetamin.1,2,3 Hydrochloridov\u00e1 formulace t\u00e9to slou\u010deniny je ur\u010dena k pou\u017eit\u00ed jako standard pro forenzn\u00ed anal\u00fdzu vzork\u016f, kter\u00e9 mohou obsahovat 4-MEC.<\/p>\n<p>Technick\u00e9 informace<\/p>\n<p>Form\u00e1ln\u00ed n\u00e1zev 2-(ethylamino)-1-(4-methylfenyl)-1-propanon, monohydrochlorid<\/p>\n<p>\u010c\u00edslo CAS 1266688-86-1<\/p>\n<p>Synonyma<\/p>\n<p>4-methyl-N-ethyl katinon<\/p>\n<p><a href=\"https:\/\/en.wikipedia.org\/wiki\/4-Methylethcathinone\">4-MEC<\/a><\/p>\n<p>Molekul\u00e1rn\u00ed vzorec C12H17NO - HCl<\/p>\n<p>Vzorec Hmotnost 227,7<\/p>\n<p>\u010cistota \u226598%<\/p>\n<p>Slo\u017een\u00ed A krystalick\u00e1 pevn\u00e1 l\u00e1tka<\/p>\n<p>\u03bbmax 260 nm<\/p>\n<p>SMILES CC1=CC=C(C(C(NCC)C)=O)C=C1.Cl<\/p>\n<p>InChI Code InChI=1S\/C12H17NO.ClH\/c1-4-13-10(3)12(14)11-7-5-9(2)6-8-11;\/h5-8,10,13H,4H2,1-3H3;1H<\/p>\n<p>Kl\u00ed\u010d InChI RQTXXFLUWZXGIE-UHFFFAOYSA-N<\/p>\n<h3>NEMBUTALHOUSE CHEMICALS<\/h3>\n<h3>DOD\u00c1V\u00c1ME CHEMIK\u00c1LIE PRO V\u00ddZKUM PO CEL\u00c9M SV\u011aT\u011a<\/h3>\n<p>O str\u00e1nk\u00e1ch<\/p>\n<p>d\u016fv\u011bryhodn\u00e9, prov\u011b\u0159en\u00e9, ov\u011b\u0159en\u00e9, bezpe\u010dn\u00e9 a autorizovan\u00e9 dodavatele v\u00fdzkumn\u00fdch chemik\u00e1li\u00ed.<\/p>\n<p>P\u0159edstavujeme <a href=\"https:\/\/nembutalhouse.com\/cs\/\">NembutalHouse<\/a>, renomovan\u00fd dodavatel chemik\u00e1li\u00ed pro v\u00fdzkum, kter\u00fd poskytuje \u0161pi\u010dkov\u00e9 materi\u00e1ly pro va\u0161e projekty. Pot\u0159ebujete dodavatele, na kter\u00e9ho se m\u016f\u017eete spolehnout, \u017ee v\u00e1m nab\u00eddne chemick\u00e9 l\u00e1tky, kter\u00e9 jsou 100% autentick\u00e9 a \u010dist\u00e9, a t\u00edm si m\u016f\u017eete b\u00fdt jisti, kdy\u017e budete spolupracovat s n\u00e1mi. Jsme hrd\u00ed na svou pov\u011bst jednoho z nejrespektovan\u011bj\u0161\u00edch dodavatel\u016f v internetov\u00e9m pr\u016fmyslu, kterou jsme si vybudovali d\u00edky sv\u00e9mu z\u00e1vazku ke kvalit\u011b a v\u011bdeck\u00e9 integrit\u011b.<\/p>\n<p>Na\u0161i klienti mohou vyu\u017e\u00edvat r\u016fzn\u00e9 mo\u017enosti plateb, spolehliv\u00e9 dod\u00e1vky a nej\u0161ir\u0161\u00ed v\u00fdb\u011br v\u00fdzkumn\u00fdch chemik\u00e1li\u00ed. T\u00edmto zp\u016fsobem m\u016f\u017eeme pomoci n\u011bkolika v\u00fdzkumn\u00fdm pracovn\u00edk\u016fm nap\u0159\u00ed\u010d v\u0161emi kontinenty p\u0159i vyhled\u00e1v\u00e1n\u00ed t\u011bch neobvykl\u00fdch a z\u0159\u00eddka studovan\u00fdch v\u00fdzkumn\u00fdch zdroj\u016f, kter\u00e9 pravideln\u011b mohou v\u00fdznamn\u011b ovlivnit v\u00fdzkum prov\u00e1d\u011bn\u00fd v oblasti fyziky, chemie, biologie nebo farmakologie. Neust\u00e1le hled\u00e1me zp\u016fsoby, jak na\u0161i nab\u00eddku roz\u0161\u00ed\u0159it, a pokud je to mo\u017en\u00e9, dopl\u0148ujeme n\u00e1\u0161 seznam produkt\u016f o nov\u00e9 v\u00fdzkumn\u00e9 chemik\u00e1lie, abychom splnili n\u00e1\u0161 \u00fa\u010del.<\/p>\n<p>V z\u00e1vislosti na okam\u017eit\u00fdch po\u017eadavc\u00edch mohou na\u0161i z\u00e1kazn\u00edci nakupovat ve v\u011bt\u0161\u00edm nebo men\u0161\u00edm mno\u017estv\u00ed. Sna\u017e\u00edme se b\u00fdt vst\u0159\u00edcn\u00ed a ohledupln\u00ed k preferenc\u00edm, kter\u00e9 vyjad\u0159uj\u00ed na\u0161i z\u00e1kazn\u00edci po cel\u00e9m sv\u011bt\u011b, a krom\u011b toho dod\u00e1v\u00e1me v\u00fdzkumn\u00e9 chemik\u00e1lie, kter\u00e9 si na\u0161i z\u00e1kazn\u00edci konkr\u00e9tn\u011b p\u0159ej\u00ed. Na\u0161\u00edm kone\u010dn\u00fdm c\u00edlem je usnadnit v\u011bdeck\u00e9 komunit\u011b p\u0159\u00edstup k cenov\u011b dostupn\u00fdm a vysoce kvalitn\u00edm v\u00fdzkumn\u00fdm chemik\u00e1li\u00edm a z\u00e1rove\u0148 technicky rozv\u00edjet znalosti.<\/p>\n<p>Upozor\u0148ujeme, \u017ee v\u00fdzkumn\u00e9 produkty dod\u00e1v\u00e1 spole\u010dnost NembutalHouse.<\/p>\n<p>Upozor\u0148ujeme, \u017ee spole\u010dnost NembutalHouse povoluje d\u016fsledn\u00e9 pou\u017e\u00edv\u00e1n\u00ed sv\u00e9ho v\u00fdzkumn\u00e9ho zbo\u017e\u00ed pouze pro legitimn\u00ed v\u011bdeck\u00fd v\u00fdzkum prov\u00e1d\u011bn\u00fd v bezpe\u010dn\u00e9m a kontrolovan\u00e9m laboratorn\u00edm prost\u0159ed\u00ed v souladu s m\u00edstn\u00edmi z\u00e1kony a p\u0159edpisy. Na\u0161e zbo\u017e\u00ed je p\u0159\u00edsn\u011b zak\u00e1z\u00e1no pro lidskou spot\u0159ebu, a\u0165 u\u017e je jak\u00e1koli.<\/p>\n<p>First Research Chemical Store, Inc.<\/p>\n<p>Dod\u00e1v\u00e1me v\u00fdzkumn\u00e9 chemik\u00e1lie zdravotnick\u00fdm za\u0159\u00edzen\u00edm, toxikolog\u016fm, biochemik\u016fm, farmakolog\u016fm, student\u016fm chemie, farmaceutick\u00fdm v\u011bdc\u016fm a vzd\u011bl\u00e1vac\u00edm organizac\u00edm.<\/p>","protected":false},"excerpt":{"rendered":"<p>Buy 4-MEC Online 4-methyl-N-ethyl Cathinone 4-Methylethcathinone\u00a0 (4-MEC) is a cathinone derivative identified in several designer,\u00a0 recreational drugs that are sold as \u201clegal high\u201d replacements for\u00a0 controlled stimulants such as methamphetamine&hellip;<\/p>","protected":false},"featured_media":1570,"comment_status":"open","ping_status":"closed","template":"","meta":{"_joinchat":[]},"product_cat":[188],"product_tag":[1784,1802,1779,1790,1791,1794,1780,1800,1801,1799,1798,1787,1777,1789,1778,1796,1793,1786,1782,1783,1797,1795,1792,1785,1788,1781],"class_list":{"0":"post-1480","1":"product","2":"type-product","3":"status-publish","4":"has-post-thumbnail","6":"product_cat-stimulants","7":"product_tag-4-mec-hyper","8":"product_tag-4-mec-hyper-for-cleaning","9":"product_tag-4-mec-hyper-for-sale","10":"product_tag-4-mec-hyper-online","11":"product_tag-4-mec-hyper-price","12":"product_tag-4-mec-hyper-store","13":"product_tag-4-mec-hyper-supplier","14":"product_tag-4-mec-hyper-use","15":"product_tag-4-mec-hyper-wiki","16":"product_tag-4-mec-hyper-worldwide","17":"product_tag-best-cheap-price-4-mec-hyper","18":"product_tag-best-place-to-buy-4-mec-hyper","19":"product_tag-buy-4-mec-hyper","20":"product_tag-buy-4-mec-hyper-legally","21":"product_tag-buy-4-mec-hyper-online","22":"product_tag-cheap-4-mec-hyper","23":"product_tag-high-quality-4-mec-hyper","24":"product_tag-how-to-buy-4-mec-hyper","25":"product_tag-order-4-mec-hyper","26":"product_tag-order-4-mec-hyper-online","27":"product_tag-purcharse-4-mec-hyper-powder","28":"product_tag-shop-4-mec-hyper","29":"product_tag-top-quality-4-mec-hyper","30":"product_tag-where-to-buy-4-mec-hyper","31":"product_tag-where-to-order-4-mec-hyper","32":"product_tag-wholesale-4-mec-hyper-bulk-online","34":"first","35":"instock","36":"shipping-taxable","37":"purchasable","38":"product-type-variable"},"yoast_head":"<!-- This site is optimized with the Yoast SEO plugin v24.1 - https:\/\/yoast.com\/wordpress\/plugins\/seo\/ -->\n<title>Buy 4-MEC Hyper Online - 4-MEC Hyper for Sale<\/title>\n<meta name=\"description\" content=\"Our store has the top quality 4-mec-hyper for sale. You can never get over the quality of our products. If you need then, You can buy 4-mec-hyper online right away. Order now!\" \/>\n<meta name=\"robots\" content=\"index, follow, max-snippet:-1, max-image-preview:large, max-video-preview:-1\" \/>\n<link rel=\"canonical\" href=\"https:\/\/nembutalhouse.com\/cs\/produkt\/buy-4-mec-online-2\/\" \/>\n<meta property=\"og:locale\" content=\"cs_CZ\" \/>\n<meta property=\"og:type\" content=\"article\" \/>\n<meta property=\"og:title\" content=\"Buy 4-MEC Hyper Online - 4-MEC Hyper for Sale\" \/>\n<meta property=\"og:description\" content=\"Our store has the top quality 4-mec-hyper for sale. You can never get over the quality of our products. If you need then, You can buy 4-mec-hyper online right away. Order now!\" \/>\n<meta property=\"og:url\" content=\"https:\/\/nembutalhouse.com\/cs\/produkt\/buy-4-mec-online-2\/\" \/>\n<meta property=\"og:site_name\" content=\"Nembutal House\" \/>\n<meta property=\"article:modified_time\" content=\"2026-02-26T12:57:49+00:00\" \/>\n<meta property=\"og:image\" content=\"https:\/\/nembutalhouse.com\/wp-content\/uploads\/2024\/10\/4-MEC-hyper.gif\" \/>\n\t<meta property=\"og:image:width\" content=\"600\" \/>\n\t<meta property=\"og:image:height\" content=\"600\" \/>\n\t<meta property=\"og:image:type\" content=\"image\/gif\" \/>\n<meta name=\"twitter:card\" content=\"summary_large_image\" \/>\n<meta name=\"twitter:label1\" content=\"Odhadovan\u00e1 doba \u010dten\u00ed\" \/>\n\t<meta name=\"twitter:data1\" content=\"2 minuty\" \/>\n<script type=\"application\/ld+json\" class=\"yoast-schema-graph\">{\"@context\":\"https:\/\/schema.org\",\"@graph\":[{\"@type\":\"WebPage\",\"@id\":\"https:\/\/nembutalhouse.com\/product\/buy-4-mec-online-2\/\",\"url\":\"https:\/\/nembutalhouse.com\/product\/buy-4-mec-online-2\/\",\"name\":\"Buy 4-MEC Hyper Online - 4-MEC Hyper for Sale\",\"isPartOf\":{\"@id\":\"https:\/\/nembutalhouse.com\/#website\"},\"primaryImageOfPage\":{\"@id\":\"https:\/\/nembutalhouse.com\/product\/buy-4-mec-online-2\/#primaryimage\"},\"image\":{\"@id\":\"https:\/\/nembutalhouse.com\/product\/buy-4-mec-online-2\/#primaryimage\"},\"thumbnailUrl\":\"https:\/\/nembutalhouse.com\/wp-content\/uploads\/2024\/10\/4-MEC-hyper.gif\",\"datePublished\":\"2024-10-16T11:51:00+00:00\",\"dateModified\":\"2026-02-26T12:57:49+00:00\",\"description\":\"Our store has the top quality 4-mec-hyper for sale. You can never get over the quality of our products. If you need then, You can buy 4-mec-hyper online right away. Order now!\",\"breadcrumb\":{\"@id\":\"https:\/\/nembutalhouse.com\/product\/buy-4-mec-online-2\/#breadcrumb\"},\"inLanguage\":\"cs\",\"potentialAction\":[{\"@type\":\"ReadAction\",\"target\":[\"https:\/\/nembutalhouse.com\/product\/buy-4-mec-online-2\/\"]}]},{\"@type\":\"ImageObject\",\"inLanguage\":\"cs\",\"@id\":\"https:\/\/nembutalhouse.com\/product\/buy-4-mec-online-2\/#primaryimage\",\"url\":\"https:\/\/nembutalhouse.com\/wp-content\/uploads\/2024\/10\/4-MEC-hyper.gif\",\"contentUrl\":\"https:\/\/nembutalhouse.com\/wp-content\/uploads\/2024\/10\/4-MEC-hyper.gif\",\"width\":600,\"height\":600,\"caption\":\"Buy 4-MEC Online\"},{\"@type\":\"BreadcrumbList\",\"@id\":\"https:\/\/nembutalhouse.com\/product\/buy-4-mec-online-2\/#breadcrumb\",\"itemListElement\":[{\"@type\":\"ListItem\",\"position\":1,\"name\":\"Home\",\"item\":\"https:\/\/nembutalhouse.com\/\"},{\"@type\":\"ListItem\",\"position\":2,\"name\":\"Shop\",\"item\":\"https:\/\/nembutalhouse.com\/shop\/\"},{\"@type\":\"ListItem\",\"position\":3,\"name\":\"Buy 4-MEC Online\"}]},{\"@type\":\"WebSite\",\"@id\":\"https:\/\/nembutalhouse.com\/#website\",\"url\":\"https:\/\/nembutalhouse.com\/\",\"name\":\"Nembutal House\",\"description\":\"Best Nembutal Online Store\",\"publisher\":{\"@id\":\"https:\/\/nembutalhouse.com\/#organization\"},\"potentialAction\":[{\"@type\":\"SearchAction\",\"target\":{\"@type\":\"EntryPoint\",\"urlTemplate\":\"https:\/\/nembutalhouse.com\/?s={search_term_string}\"},\"query-input\":{\"@type\":\"PropertyValueSpecification\",\"valueRequired\":true,\"valueName\":\"search_term_string\"}}],\"inLanguage\":\"cs\"},{\"@type\":\"Organization\",\"@id\":\"https:\/\/nembutalhouse.com\/#organization\",\"name\":\"Nembutal House\",\"url\":\"https:\/\/nembutalhouse.com\/\",\"logo\":{\"@type\":\"ImageObject\",\"inLanguage\":\"cs\",\"@id\":\"https:\/\/nembutalhouse.com\/#\/schema\/logo\/image\/\",\"url\":\"https:\/\/nembutalhouse.com\/wp-content\/uploads\/2022\/12\/logo.png\",\"contentUrl\":\"https:\/\/nembutalhouse.com\/wp-content\/uploads\/2022\/12\/logo.png\",\"width\":344,\"height\":103,\"caption\":\"Nembutal House\"},\"image\":{\"@id\":\"https:\/\/nembutalhouse.com\/#\/schema\/logo\/image\/\"}}]}<\/script>\n<!-- \/ Yoast SEO plugin. -->","yoast_head_json":{"title":"Buy 4-MEC Hyper Online - 4-MEC Hyper for Sale","description":"Our store has the top quality 4-mec-hyper for sale. You can never get over the quality of our products. If you need then, You can buy 4-mec-hyper online right away. Order now!","robots":{"index":"index","follow":"follow","max-snippet":"max-snippet:-1","max-image-preview":"max-image-preview:large","max-video-preview":"max-video-preview:-1"},"canonical":"https:\/\/nembutalhouse.com\/cs\/produkt\/buy-4-mec-online-2\/","og_locale":"cs_CZ","og_type":"article","og_title":"Buy 4-MEC Hyper Online - 4-MEC Hyper for Sale","og_description":"Our store has the top quality 4-mec-hyper for sale. You can never get over the quality of our products. If you need then, You can buy 4-mec-hyper online right away. Order now!","og_url":"https:\/\/nembutalhouse.com\/cs\/produkt\/buy-4-mec-online-2\/","og_site_name":"Nembutal House","article_modified_time":"2026-02-26T12:57:49+00:00","og_image":[{"width":600,"height":600,"url":"https:\/\/nembutalhouse.com\/wp-content\/uploads\/2024\/10\/4-MEC-hyper.gif","type":"image\/gif"}],"twitter_card":"summary_large_image","twitter_misc":{"Odhadovan\u00e1 doba \u010dten\u00ed":"2 minuty"},"schema":{"@context":"https:\/\/schema.org","@graph":[{"@type":"WebPage","@id":"https:\/\/nembutalhouse.com\/product\/buy-4-mec-online-2\/","url":"https:\/\/nembutalhouse.com\/product\/buy-4-mec-online-2\/","name":"Buy 4-MEC Hyper Online - 4-MEC Hyper for Sale","isPartOf":{"@id":"https:\/\/nembutalhouse.com\/#website"},"primaryImageOfPage":{"@id":"https:\/\/nembutalhouse.com\/product\/buy-4-mec-online-2\/#primaryimage"},"image":{"@id":"https:\/\/nembutalhouse.com\/product\/buy-4-mec-online-2\/#primaryimage"},"thumbnailUrl":"https:\/\/nembutalhouse.com\/wp-content\/uploads\/2024\/10\/4-MEC-hyper.gif","datePublished":"2024-10-16T11:51:00+00:00","dateModified":"2026-02-26T12:57:49+00:00","description":"Our store has the top quality 4-mec-hyper for sale. You can never get over the quality of our products. If you need then, You can buy 4-mec-hyper online right away. Order now!","breadcrumb":{"@id":"https:\/\/nembutalhouse.com\/product\/buy-4-mec-online-2\/#breadcrumb"},"inLanguage":"cs","potentialAction":[{"@type":"ReadAction","target":["https:\/\/nembutalhouse.com\/product\/buy-4-mec-online-2\/"]}]},{"@type":"ImageObject","inLanguage":"cs","@id":"https:\/\/nembutalhouse.com\/product\/buy-4-mec-online-2\/#primaryimage","url":"https:\/\/nembutalhouse.com\/wp-content\/uploads\/2024\/10\/4-MEC-hyper.gif","contentUrl":"https:\/\/nembutalhouse.com\/wp-content\/uploads\/2024\/10\/4-MEC-hyper.gif","width":600,"height":600,"caption":"Buy 4-MEC Online"},{"@type":"BreadcrumbList","@id":"https:\/\/nembutalhouse.com\/product\/buy-4-mec-online-2\/#breadcrumb","itemListElement":[{"@type":"ListItem","position":1,"name":"Home","item":"https:\/\/nembutalhouse.com\/"},{"@type":"ListItem","position":2,"name":"Shop","item":"https:\/\/nembutalhouse.com\/shop\/"},{"@type":"ListItem","position":3,"name":"Buy 4-MEC Online"}]},{"@type":"WebSite","@id":"https:\/\/nembutalhouse.com\/#website","url":"https:\/\/nembutalhouse.com\/","name":"Nembutal House","description":"Best Nembutal Online Store","publisher":{"@id":"https:\/\/nembutalhouse.com\/#organization"},"potentialAction":[{"@type":"SearchAction","target":{"@type":"EntryPoint","urlTemplate":"https:\/\/nembutalhouse.com\/?s={search_term_string}"},"query-input":{"@type":"PropertyValueSpecification","valueRequired":true,"valueName":"search_term_string"}}],"inLanguage":"cs"},{"@type":"Organization","@id":"https:\/\/nembutalhouse.com\/#organization","name":"Nembutal House","url":"https:\/\/nembutalhouse.com\/","logo":{"@type":"ImageObject","inLanguage":"cs","@id":"https:\/\/nembutalhouse.com\/#\/schema\/logo\/image\/","url":"https:\/\/nembutalhouse.com\/wp-content\/uploads\/2022\/12\/logo.png","contentUrl":"https:\/\/nembutalhouse.com\/wp-content\/uploads\/2022\/12\/logo.png","width":344,"height":103,"caption":"Nembutal House"},"image":{"@id":"https:\/\/nembutalhouse.com\/#\/schema\/logo\/image\/"}}]}},"_links":{"self":[{"href":"https:\/\/nembutalhouse.com\/cs\/wp-json\/wp\/v2\/product\/1480","targetHints":{"allow":["GET"]}}],"collection":[{"href":"https:\/\/nembutalhouse.com\/cs\/wp-json\/wp\/v2\/product"}],"about":[{"href":"https:\/\/nembutalhouse.com\/cs\/wp-json\/wp\/v2\/types\/product"}],"replies":[{"embeddable":true,"href":"https:\/\/nembutalhouse.com\/cs\/wp-json\/wp\/v2\/comments?post=1480"}],"wp:featuredmedia":[{"embeddable":true,"href":"https:\/\/nembutalhouse.com\/cs\/wp-json\/wp\/v2\/media\/1570"}],"wp:attachment":[{"href":"https:\/\/nembutalhouse.com\/cs\/wp-json\/wp\/v2\/media?parent=1480"}],"wp:term":[{"taxonomy":"product_cat","embeddable":true,"href":"https:\/\/nembutalhouse.com\/cs\/wp-json\/wp\/v2\/product_cat?post=1480"},{"taxonomy":"product_tag","embeddable":true,"href":"https:\/\/nembutalhouse.com\/cs\/wp-json\/wp\/v2\/product_tag?post=1480"}],"curies":[{"name":"wp","href":"https:\/\/api.w.org\/{rel}","templated":true}]}}