{"id":1442,"date":"2024-10-16T11:50:49","date_gmt":"2024-10-16T11:50:49","guid":{"rendered":"https:\/\/nembutalhouse.com\/?post_type=product&#038;p=1442"},"modified":"2026-03-06T07:35:26","modified_gmt":"2026-03-06T07:35:26","slug":"buy-5-meo-mipt-online","status":"publish","type":"product","link":"https:\/\/nembutalhouse.com\/cs\/produkt\/buy-5-meo-mipt-online\/","title":{"rendered":"Buy 5-MEO-MIPT Online"},"content":{"rendered":"<h2>Buy 5-MEO-MIPT Online<\/h2>\n<p>P\u0159\u00edpravek 5-MeO-MiPT 10 mg Pellets si m\u016f\u017eete zakoupit online.<br \/>\n5-Methoxy-N-methyl-N-isopropyltryptamin, kter\u00fd nen\u00ed tak zn\u00e1m\u00fd jako 5-MeO-MiPT a Moxy, je psychedelick\u00fd tryptamin. Z chemick\u00e9ho hlediska je 5-MeO-MiPT tryptamin srovnateln\u00fd s 5-MeO-DMT a 5-MeO-DiPT. P\u016fsob\u00ed na serotoninov\u00e9 receptory v mozku a poskytuje euforick\u00e9 opojen\u00ed. V roce 1985 publikovali David Repke a Alexander Shulgin prvn\u00ed \u010dl\u00e1nky, kter\u00e9 popisovaly synt\u00e9zu a farmakologick\u00e9 \u00fa\u010dinky <a href=\"https:\/\/en.wikipedia.org\/wiki\/5-MeO-MiPT\">5-MeO-MiPT<\/a>.<\/p>\n<h3>P\u0159\u00edstupn\u00fd 5-MeO-MiPT.<\/h3>\n<p>The best site to <a href=\"https:\/\/nembutalhouse.com\/cs\/produkt\/buy-5-meo-mipt-online\/\">purchase 5-MeO-MiPT 10mg Pellets<\/a> is right here. Depending on how much you want, you may purchase 5-MeO-MiPT 10mg Pellets here at the greatest quality in quantities of 5, 10, 25, 50, 100, or 250.<\/p>\n<h3>Podm\u00ednky skladov\u00e1n\u00ed 5-MeO-MiPT.<\/h3>\n<p>Jakmile obdr\u017e\u00edte p\u0159\u00edpravek 5-MeO-MiPT 10 mg Pellets, uchov\u00e1vejte jej mimo dosah p\u0159\u00edm\u00e9ho slune\u010dn\u00edho sv\u011btla. Proto\u017ee lysergamidy jsou extr\u00e9mn\u011b citliv\u00e9 na UV z\u00e1\u0159en\u00ed (hlavn\u011b slune\u010dn\u00ed), such\u00e9 prost\u0159ed\u00ed a maxim\u00e1ln\u00ed pokojovou teplotu 20-25 stup\u0148\u016f Celsia, je to obzvl\u00e1\u0161t\u011b d\u016fle\u017eit\u00e9. Pokud je Va\u0161\u00edm c\u00edlem udr\u017eet kvalitu p\u0159\u00edpravku 5-MeO-MiPT 10 mg Pellets po del\u0161\u00ed dobu, <a href=\"https:\/\/nembutalhouse.com\/cs\/\">NembutalHouse<\/a> doporu\u010duje investovat do vakuov\u00e9ho uzav\u00edrac\u00edho stroje. Nezapome\u0148te se n\u00e1s zeptat, pokud m\u00e1te n\u011bjak\u00e9 ot\u00e1zky nebo obavy.<\/p>\n<h3>P\u00e9\u010de o pelety 10-MeO-MiPT.<\/h3>\n<p>D\u016frazn\u011b doporu\u010dujeme pou\u017e\u00edvat rukavice a masku pro bezpe\u010dnost p\u0159i manipulaci s peletami 5-MeO-MiPT 10 mg.<\/p>\n<h3>Kde lze sehnat 10 mg pelety 5-MeO-MiPT?<\/h3>\n<p>V\u00fdzkumn\u00e9 chemik\u00e1lie, jako je 5-MeO-MiPT 10 mg Pellets, si m\u016f\u017eete zakoupit na na\u0161ich webov\u00fdch str\u00e1nk\u00e1ch NembutalHouse. V\u0161echny na\u0161e v\u00fdzkumn\u00e9 l\u00e1tky vyhodnocujeme a analyzujeme, ne\u017e je nab\u00eddneme k prodeji. Je to jedin\u00fd zp\u016fsob, jak zaru\u010dit nejvy\u0161\u0161\u00ed kalibr 5-MeO-MiPT 10mg Pellets. Pokud budete pot\u0159ebovat v\u00fdsledky nebo jinou pomoc, nev\u00e1hejte n\u00e1s kontaktovat. P\u0159\u00edpravek 5-MeO-MiPT 10mg Pellets je nab\u00edzen tak\u00e9 ve form\u011b pr\u00e1\u0161ku (HCl). Chcete-li zjistit, zda je m\u00e1me, pod\u00edvejte se do na\u0161eho katalogu.<\/p>\n<h3>To NembutalHouse: Pro\u010d nakupovat u nich?<\/h3>\n<p>Krom\u011b toho, \u017ee je Lizard Labs jedn\u00edm z prodejc\u016f zbo\u017e\u00ed Lizard Labs, vlastn\u00ed a provozuje tak\u00e9 spole\u010dnost NembutalHouse. M\u016f\u017eeme v\u00e1m zaru\u010dit vynikaj\u00edc\u00ed slu\u017eby a v\u00fdzkumn\u00e9 chemik\u00e1lie za jedny z nejlep\u0161\u00edch dostupn\u00fdch cen, proto\u017ee v t\u00e9to spole\u010dnosti p\u016fsob\u00edme ji\u017e v\u00edce ne\u017e deset let.<\/p>\n<h3>Zvl\u00e1\u0161tn\u00ed po\u017eadavky na n\u00e1kup 10miligramov\u00fdch pelet 5-MeO-MiPT.<\/h3>\n<p>Zde si m\u016f\u017eete zakoupit 5-MeO-MiPT 10 mg Pellets online, ale p\u0159edt\u00edm, ne\u017e tak m\u016f\u017eete u\u010dinit, mus\u00edte b\u00fdt star\u0161\u00ed osmn\u00e1cti let a souhlasit se v\u0161emi podm\u00ednkami, kter\u00e9 jsou uvedeny jak na na\u0161ich webov\u00fdch str\u00e1nk\u00e1ch, tak b\u011bhem procesu objedn\u00e1vky. D\u00e1le nab\u00edz\u00edme v\u00fdhradn\u011b v\u00fdzkumn\u00e9 l\u00e1tky pro testov\u00e1n\u00ed nebo aplikaci v laborato\u0159i. Pokud spl\u0148ujete ka\u017edou z t\u011bchto podm\u00ednek, sta\u010d\u00ed vyplnit a podepsat formul\u00e1\u0159.<\/p>\n<p>&nbsp;<\/p>","protected":false},"excerpt":{"rendered":"<p>Buy 5-MEO-MIPT Online You can purchase 5-MeO-MiPT 10mg Pellets online. Not as well-known as 5-MeO-MiPT and Moxy, 5-Methoxy-N-methyl-N-isopropyltryptamine is a psychedelic tryptamine. Chemically speaking, 5-MeO-MiPT is a tryptamine that is&hellip;<\/p>","protected":false},"featured_media":1565,"comment_status":"open","ping_status":"closed","template":"","meta":{"_joinchat":[]},"product_cat":[186],"product_tag":[1654,1672,1649,1660,1661,1664,1650,1670,1671,1669,1668,1657,1647,1659,1648,1666,1663,1656,1652,1653,1667,1665,1662,1655,1658,1651],"class_list":{"0":"post-1442","1":"product","2":"type-product","3":"status-publish","4":"has-post-thumbnail","6":"product_cat-research-chemicals","7":"product_tag-5-meo-mipt-powder","8":"product_tag-5-meo-mipt-powder-for-cleaning","9":"product_tag-5-meo-mipt-powder-for-sale","10":"product_tag-5-meo-mipt-powder-online","11":"product_tag-5-meo-mipt-powder-price","12":"product_tag-5-meo-mipt-powder-store","13":"product_tag-5-meo-mipt-powder-supplier","14":"product_tag-5-meo-mipt-powder-use","15":"product_tag-5-meo-mipt-powder-wiki","16":"product_tag-5-meo-mipt-powder-worldwide","17":"product_tag-best-cheap-price-5-meo-mipt-powder","18":"product_tag-best-place-to-buy-5-meo-mipt-powder","19":"product_tag-buy-5-meo-mipt-powder","20":"product_tag-buy-5-meo-mipt-powder-legally","21":"product_tag-buy-5-meo-mipt-powder-online","22":"product_tag-cheap-5-meo-mipt-powder","23":"product_tag-high-quality-5-meo-mipt-powder","24":"product_tag-how-to-buy-5-meo-mipt-powder","25":"product_tag-order-5-meo-mipt-powder","26":"product_tag-order-5-meo-mipt-powder-online","27":"product_tag-purcharse-5-meo-mipt-powder-powder","28":"product_tag-shop-5-meo-mipt-powder","29":"product_tag-top-quality-5-meo-mipt-powder","30":"product_tag-where-to-buy-5-meo-mipt-powder","31":"product_tag-where-to-order-5-meo-mipt-powder","32":"product_tag-wholesale-5-meo-mipt-powder-bulk-online","34":"first","35":"instock","36":"shipping-taxable","37":"purchasable","38":"product-type-variable"},"yoast_head":"<!-- This site is optimized with the Yoast SEO plugin v24.1 - https:\/\/yoast.com\/wordpress\/plugins\/seo\/ -->\n<title>Buy 5 MEO-MIIPT Online - Best Quality 5 MEO-MIIPT for Sale<\/title>\n<meta name=\"description\" content=\"You can get 5-meo-mipt for sale at our NembutalHouse store and get it at your doorstep without any hassle. We help you buy 5-meo-mipt online. Order Now!\" \/>\n<meta name=\"robots\" content=\"index, follow, max-snippet:-1, max-image-preview:large, max-video-preview:-1\" \/>\n<link rel=\"canonical\" href=\"https:\/\/nembutalhouse.com\/cs\/produkt\/buy-5-meo-mipt-online\/\" \/>\n<meta property=\"og:locale\" content=\"cs_CZ\" \/>\n<meta property=\"og:type\" content=\"article\" \/>\n<meta property=\"og:title\" content=\"Buy 5 MEO-MIIPT Online - Best Quality 5 MEO-MIIPT for Sale\" \/>\n<meta property=\"og:description\" content=\"You can get 5-meo-mipt for sale at our NembutalHouse store and get it at your doorstep without any hassle. We help you buy 5-meo-mipt online. Order Now!\" \/>\n<meta property=\"og:url\" content=\"https:\/\/nembutalhouse.com\/cs\/produkt\/buy-5-meo-mipt-online\/\" \/>\n<meta property=\"og:site_name\" content=\"Nembutal House\" \/>\n<meta property=\"article:modified_time\" content=\"2026-03-06T07:35:26+00:00\" \/>\n<meta property=\"og:image\" content=\"https:\/\/nembutalhouse.com\/wp-content\/uploads\/2024\/10\/5-MEO-MIPT.gif\" \/>\n\t<meta property=\"og:image:width\" content=\"600\" \/>\n\t<meta property=\"og:image:height\" content=\"600\" \/>\n\t<meta property=\"og:image:type\" content=\"image\/gif\" \/>\n<meta name=\"twitter:card\" content=\"summary_large_image\" \/>\n<meta name=\"twitter:label1\" content=\"Odhadovan\u00e1 doba \u010dten\u00ed\" \/>\n\t<meta name=\"twitter:data1\" content=\"3 minuty\" \/>\n<script type=\"application\/ld+json\" class=\"yoast-schema-graph\">{\"@context\":\"https:\/\/schema.org\",\"@graph\":[{\"@type\":\"WebPage\",\"@id\":\"https:\/\/nembutalhouse.com\/product\/buy-5-meo-mipt-online\/\",\"url\":\"https:\/\/nembutalhouse.com\/product\/buy-5-meo-mipt-online\/\",\"name\":\"Buy 5 MEO-MIIPT Online - Best Quality 5 MEO-MIIPT for Sale\",\"isPartOf\":{\"@id\":\"https:\/\/nembutalhouse.com\/#website\"},\"primaryImageOfPage\":{\"@id\":\"https:\/\/nembutalhouse.com\/product\/buy-5-meo-mipt-online\/#primaryimage\"},\"image\":{\"@id\":\"https:\/\/nembutalhouse.com\/product\/buy-5-meo-mipt-online\/#primaryimage\"},\"thumbnailUrl\":\"https:\/\/nembutalhouse.com\/wp-content\/uploads\/2024\/10\/5-MEO-MIPT.gif\",\"datePublished\":\"2024-10-16T11:50:49+00:00\",\"dateModified\":\"2026-03-06T07:35:26+00:00\",\"description\":\"You can get 5-meo-mipt for sale at our NembutalHouse store and get it at your doorstep without any hassle. We help you buy 5-meo-mipt online. Order Now!\",\"breadcrumb\":{\"@id\":\"https:\/\/nembutalhouse.com\/product\/buy-5-meo-mipt-online\/#breadcrumb\"},\"inLanguage\":\"cs\",\"potentialAction\":[{\"@type\":\"ReadAction\",\"target\":[\"https:\/\/nembutalhouse.com\/product\/buy-5-meo-mipt-online\/\"]}]},{\"@type\":\"ImageObject\",\"inLanguage\":\"cs\",\"@id\":\"https:\/\/nembutalhouse.com\/product\/buy-5-meo-mipt-online\/#primaryimage\",\"url\":\"https:\/\/nembutalhouse.com\/wp-content\/uploads\/2024\/10\/5-MEO-MIPT.gif\",\"contentUrl\":\"https:\/\/nembutalhouse.com\/wp-content\/uploads\/2024\/10\/5-MEO-MIPT.gif\",\"width\":600,\"height\":600,\"caption\":\"Buy 5-MEO-MIPT Online\"},{\"@type\":\"BreadcrumbList\",\"@id\":\"https:\/\/nembutalhouse.com\/product\/buy-5-meo-mipt-online\/#breadcrumb\",\"itemListElement\":[{\"@type\":\"ListItem\",\"position\":1,\"name\":\"Home\",\"item\":\"https:\/\/nembutalhouse.com\/\"},{\"@type\":\"ListItem\",\"position\":2,\"name\":\"Shop\",\"item\":\"https:\/\/nembutalhouse.com\/shop\/\"},{\"@type\":\"ListItem\",\"position\":3,\"name\":\"Buy 5-MEO-MIPT Online\"}]},{\"@type\":\"WebSite\",\"@id\":\"https:\/\/nembutalhouse.com\/#website\",\"url\":\"https:\/\/nembutalhouse.com\/\",\"name\":\"Nembutal House\",\"description\":\"Best Nembutal Online Store\",\"publisher\":{\"@id\":\"https:\/\/nembutalhouse.com\/#organization\"},\"potentialAction\":[{\"@type\":\"SearchAction\",\"target\":{\"@type\":\"EntryPoint\",\"urlTemplate\":\"https:\/\/nembutalhouse.com\/?s={search_term_string}\"},\"query-input\":{\"@type\":\"PropertyValueSpecification\",\"valueRequired\":true,\"valueName\":\"search_term_string\"}}],\"inLanguage\":\"cs\"},{\"@type\":\"Organization\",\"@id\":\"https:\/\/nembutalhouse.com\/#organization\",\"name\":\"Nembutal House\",\"url\":\"https:\/\/nembutalhouse.com\/\",\"logo\":{\"@type\":\"ImageObject\",\"inLanguage\":\"cs\",\"@id\":\"https:\/\/nembutalhouse.com\/#\/schema\/logo\/image\/\",\"url\":\"https:\/\/nembutalhouse.com\/wp-content\/uploads\/2022\/12\/logo.png\",\"contentUrl\":\"https:\/\/nembutalhouse.com\/wp-content\/uploads\/2022\/12\/logo.png\",\"width\":344,\"height\":103,\"caption\":\"Nembutal House\"},\"image\":{\"@id\":\"https:\/\/nembutalhouse.com\/#\/schema\/logo\/image\/\"}}]}<\/script>\n<!-- \/ Yoast SEO plugin. -->","yoast_head_json":{"title":"Buy 5 MEO-MIIPT Online - Best Quality 5 MEO-MIIPT for Sale","description":"You can get 5-meo-mipt for sale at our NembutalHouse store and get it at your doorstep without any hassle. We help you buy 5-meo-mipt online. Order Now!","robots":{"index":"index","follow":"follow","max-snippet":"max-snippet:-1","max-image-preview":"max-image-preview:large","max-video-preview":"max-video-preview:-1"},"canonical":"https:\/\/nembutalhouse.com\/cs\/produkt\/buy-5-meo-mipt-online\/","og_locale":"cs_CZ","og_type":"article","og_title":"Buy 5 MEO-MIIPT Online - Best Quality 5 MEO-MIIPT for Sale","og_description":"You can get 5-meo-mipt for sale at our NembutalHouse store and get it at your doorstep without any hassle. We help you buy 5-meo-mipt online. Order Now!","og_url":"https:\/\/nembutalhouse.com\/cs\/produkt\/buy-5-meo-mipt-online\/","og_site_name":"Nembutal House","article_modified_time":"2026-03-06T07:35:26+00:00","og_image":[{"width":600,"height":600,"url":"https:\/\/nembutalhouse.com\/wp-content\/uploads\/2024\/10\/5-MEO-MIPT.gif","type":"image\/gif"}],"twitter_card":"summary_large_image","twitter_misc":{"Odhadovan\u00e1 doba \u010dten\u00ed":"3 minuty"},"schema":{"@context":"https:\/\/schema.org","@graph":[{"@type":"WebPage","@id":"https:\/\/nembutalhouse.com\/product\/buy-5-meo-mipt-online\/","url":"https:\/\/nembutalhouse.com\/product\/buy-5-meo-mipt-online\/","name":"Buy 5 MEO-MIIPT Online - Best Quality 5 MEO-MIIPT for Sale","isPartOf":{"@id":"https:\/\/nembutalhouse.com\/#website"},"primaryImageOfPage":{"@id":"https:\/\/nembutalhouse.com\/product\/buy-5-meo-mipt-online\/#primaryimage"},"image":{"@id":"https:\/\/nembutalhouse.com\/product\/buy-5-meo-mipt-online\/#primaryimage"},"thumbnailUrl":"https:\/\/nembutalhouse.com\/wp-content\/uploads\/2024\/10\/5-MEO-MIPT.gif","datePublished":"2024-10-16T11:50:49+00:00","dateModified":"2026-03-06T07:35:26+00:00","description":"You can get 5-meo-mipt for sale at our NembutalHouse store and get it at your doorstep without any hassle. We help you buy 5-meo-mipt online. Order Now!","breadcrumb":{"@id":"https:\/\/nembutalhouse.com\/product\/buy-5-meo-mipt-online\/#breadcrumb"},"inLanguage":"cs","potentialAction":[{"@type":"ReadAction","target":["https:\/\/nembutalhouse.com\/product\/buy-5-meo-mipt-online\/"]}]},{"@type":"ImageObject","inLanguage":"cs","@id":"https:\/\/nembutalhouse.com\/product\/buy-5-meo-mipt-online\/#primaryimage","url":"https:\/\/nembutalhouse.com\/wp-content\/uploads\/2024\/10\/5-MEO-MIPT.gif","contentUrl":"https:\/\/nembutalhouse.com\/wp-content\/uploads\/2024\/10\/5-MEO-MIPT.gif","width":600,"height":600,"caption":"Buy 5-MEO-MIPT Online"},{"@type":"BreadcrumbList","@id":"https:\/\/nembutalhouse.com\/product\/buy-5-meo-mipt-online\/#breadcrumb","itemListElement":[{"@type":"ListItem","position":1,"name":"Home","item":"https:\/\/nembutalhouse.com\/"},{"@type":"ListItem","position":2,"name":"Shop","item":"https:\/\/nembutalhouse.com\/shop\/"},{"@type":"ListItem","position":3,"name":"Buy 5-MEO-MIPT Online"}]},{"@type":"WebSite","@id":"https:\/\/nembutalhouse.com\/#website","url":"https:\/\/nembutalhouse.com\/","name":"Nembutal House","description":"Best Nembutal Online Store","publisher":{"@id":"https:\/\/nembutalhouse.com\/#organization"},"potentialAction":[{"@type":"SearchAction","target":{"@type":"EntryPoint","urlTemplate":"https:\/\/nembutalhouse.com\/?s={search_term_string}"},"query-input":{"@type":"PropertyValueSpecification","valueRequired":true,"valueName":"search_term_string"}}],"inLanguage":"cs"},{"@type":"Organization","@id":"https:\/\/nembutalhouse.com\/#organization","name":"Nembutal House","url":"https:\/\/nembutalhouse.com\/","logo":{"@type":"ImageObject","inLanguage":"cs","@id":"https:\/\/nembutalhouse.com\/#\/schema\/logo\/image\/","url":"https:\/\/nembutalhouse.com\/wp-content\/uploads\/2022\/12\/logo.png","contentUrl":"https:\/\/nembutalhouse.com\/wp-content\/uploads\/2022\/12\/logo.png","width":344,"height":103,"caption":"Nembutal House"},"image":{"@id":"https:\/\/nembutalhouse.com\/#\/schema\/logo\/image\/"}}]}},"_links":{"self":[{"href":"https:\/\/nembutalhouse.com\/cs\/wp-json\/wp\/v2\/product\/1442","targetHints":{"allow":["GET"]}}],"collection":[{"href":"https:\/\/nembutalhouse.com\/cs\/wp-json\/wp\/v2\/product"}],"about":[{"href":"https:\/\/nembutalhouse.com\/cs\/wp-json\/wp\/v2\/types\/product"}],"replies":[{"embeddable":true,"href":"https:\/\/nembutalhouse.com\/cs\/wp-json\/wp\/v2\/comments?post=1442"}],"wp:featuredmedia":[{"embeddable":true,"href":"https:\/\/nembutalhouse.com\/cs\/wp-json\/wp\/v2\/media\/1565"}],"wp:attachment":[{"href":"https:\/\/nembutalhouse.com\/cs\/wp-json\/wp\/v2\/media?parent=1442"}],"wp:term":[{"taxonomy":"product_cat","embeddable":true,"href":"https:\/\/nembutalhouse.com\/cs\/wp-json\/wp\/v2\/product_cat?post=1442"},{"taxonomy":"product_tag","embeddable":true,"href":"https:\/\/nembutalhouse.com\/cs\/wp-json\/wp\/v2\/product_tag?post=1442"}],"curies":[{"name":"wp","href":"https:\/\/api.w.org\/{rel}","templated":true}]}}