{"id":1392,"date":"2024-10-16T11:50:31","date_gmt":"2024-10-16T11:50:31","guid":{"rendered":"https:\/\/nembutalhouse.com\/?post_type=product&#038;p=1392"},"modified":"2026-03-06T11:29:47","modified_gmt":"2026-03-06T11:29:47","slug":"buy-o-dsmt-destramadol-online","status":"publish","type":"product","link":"https:\/\/nembutalhouse.com\/cs\/produkt\/buy-o-dsmt-destramadol-online\/","title":{"rendered":"Koupit O-DSMT [Destramadol] online"},"content":{"rendered":"<h2>Koupit O-DSMT [Destramadol] online<\/h2>\n<p><a href=\"https:\/\/nembutalhouse.com\/cs\/produkt\/buy-o-dsmt-destramadol-online\/\">O-desmethyltramadol (O-DSMT)<\/a> je opioid, kter\u00fd se pou\u017e\u00edv\u00e1 p\u0159edev\u0161\u00edm nep\u0159\u00edmo, proto\u017ee je prim\u00e1rn\u00edm metabolitem analgetika tramadolu. Od roku 2010 se p\u0159\u00edle\u017eitostn\u011b pou\u017e\u00edv\u00e1 samostatn\u011b, proto\u017ee se prod\u00e1v\u00e1 prost\u0159ednictv\u00edm \u0161ed\u00e9ho trhu\/trhu s v\u00fdzkumn\u00fdmi chemik\u00e1liemi.<\/p>\n<p>M\u00e1 del\u0161\u00ed trv\u00e1n\u00ed ne\u017e tramadol a typi\u010dt\u011bj\u0161\u00ed \u00fa\u010dinky podobn\u00e9 opioid\u016fm, i kdy\u017e st\u00e1le ovliv\u0148uje monoaminergn\u00ed syst\u00e9my v m\u00ed\u0159e, kter\u00e1 m\u016f\u017ee do jist\u00e9 m\u00edry ovlivnit profil \u00fa\u010dinku. <a href=\"https:\/\/nembutalhouse.com\/cs\/\">NembutalHouse<\/a><\/p>\n<p>O-Desmethyltramadol = O-DSMT; Desmetramadol; O-Demethyltramadol<\/p>\n<p>PubChem: 9838803<\/p>\n<p>Molekulov\u00e1 hmotnost: 249,354 g\/mol<\/p>\n<p>IUPAC: 3-[2-[(dimethylamino)methyl]-1-hydroxycyklohexyl]fenol<\/p>\n<p>Greetings from Medeus Research Chem, your reliable source for high-quality O-DSMT <a href=\"https:\/\/en.wikipedia.org\/wiki\/Desmetramadol\">(O-Desmethyltramadol)<\/a>, a special research chemical with opioid-like qualities. Learn about the advantages and possible uses of O-DSMT in laboratory and scientific research.<\/p>\n<p>Do you want to purchase O-DSMT online? You&#8217;ve arrived at the ideal location. A research compound called O-DSMT (O-Desmethyltramadol) is becoming more well-known due to its analgesic qualities. We offer a trustworthy platform for safely buying O-DSMT, whether you&#8217;re a consumer or a researcher interested in learning more about this substance. We provide premium O-DSMT for sale at Medeus Research Chem, so you may acquire what you need at affordable costs.<\/p>\n<h3>Drug Buyers&#8217; Guide<\/h3>\n<p>Anyone wishing to buy O-DSMT online should consult the Drugbuyers Guide. It offers useful details regarding suppliers, quality control, and legal issues. The Drugbuyers Guide can assist you in making an informed choice whether you&#8217;re searching for the greatest O Dsmt for sale or interested in its applications.<\/p>","protected":false},"excerpt":{"rendered":"<p>Buy O-DSMT [Destramadol] Online O-Desmethyltramadol (O-DSMT) is an opioid that has primarily been used indirectly due to it being a primary metabolite of the analgesic tramadol. Since the 2010s it&hellip;<\/p>","protected":false},"featured_media":1551,"comment_status":"open","ping_status":"closed","template":"","meta":{"_joinchat":[]},"product_cat":[186],"product_tag":[1456,1445,1435,1462,1447,1436,1454,1451,1444,1442,1461,1460,1463,1452,1458,1459,1457,1437,1438,1448,1449,1440,1464,1441,1455,1453,1450,1443,1446,1439],"class_list":{"0":"post-1392","1":"product","2":"type-product","3":"status-publish","4":"has-post-thumbnail","6":"product_cat-research-chemicals","7":"product_tag-best-cheap-price-o-dsmt-destramadol","8":"product_tag-best-place-to-buy-o-dsmt","9":"product_tag-buy-o-dsmt","10":"product_tag-buy-o-dsmt-destramadol-online","11":"product_tag-buy-o-dsmt-legally","12":"product_tag-buy-o-dsmt-online","13":"product_tag-cheap-o-dsmt-destramadols","14":"product_tag-high-quality-o-dsmtpowder","15":"product_tag-how-to-buy-o-dsmt","16":"product_tag-o-dsmt","17":"product_tag-o-dsmt-destramadol","18":"product_tag-o-dsmt-destramadol-for-cleaning","19":"product_tag-o-dsmt-destramadol-for-sale","20":"product_tag-o-dsmt-destramadol-store","21":"product_tag-o-dsmt-destramadol-use","22":"product_tag-o-dsmt-destramadol-wiki","23":"product_tag-o-dsmt-destramadol-worldwide","24":"product_tag-o-dsmt-for-sale","25":"product_tag-o-dsmt-supplier","26":"product_tag-o-dsmtonline","27":"product_tag-o-dsmtprice","28":"product_tag-order-o-dsmt","29":"product_tag-order-o-dsmt-destramadol","30":"product_tag-order-o-dsmt-online","31":"product_tag-purcharse-o-dsmt-destramadol-powder","32":"product_tag-shop-o-dsmt-destramadol","33":"product_tag-top-quality-o-dsmt","34":"product_tag-where-to-buy-o-dsmt","35":"product_tag-where-to-order-o-dsmt","36":"product_tag-wholesale-o-dsmt-bulk-online","38":"first","39":"instock","40":"shipping-taxable","41":"purchasable","42":"product-type-variable"},"yoast_head":"<!-- This site is optimized with the Yoast SEO plugin v24.1 - https:\/\/yoast.com\/wordpress\/plugins\/seo\/ -->\n<title>Buy O-DSMT Online - O-DSMT for Sale - Order O-DSMT Online<\/title>\n<meta name=\"description\" content=\"You can get o-dmst for sale at our online store and get it at your doorstep without any hassle. We help you buy o-dsmt online. Just place your order now!\" \/>\n<meta name=\"robots\" content=\"index, follow, max-snippet:-1, max-image-preview:large, max-video-preview:-1\" \/>\n<link rel=\"canonical\" href=\"https:\/\/nembutalhouse.com\/cs\/produkt\/buy-o-dsmt-destramadol-online\/\" \/>\n<meta property=\"og:locale\" content=\"cs_CZ\" \/>\n<meta property=\"og:type\" content=\"article\" \/>\n<meta property=\"og:title\" content=\"Buy O-DSMT Online - O-DSMT for Sale - Order O-DSMT Online\" \/>\n<meta property=\"og:description\" content=\"You can get o-dmst for sale at our online store and get it at your doorstep without any hassle. We help you buy o-dsmt online. Just place your order now!\" \/>\n<meta property=\"og:url\" content=\"https:\/\/nembutalhouse.com\/cs\/produkt\/buy-o-dsmt-destramadol-online\/\" \/>\n<meta property=\"og:site_name\" content=\"Nembutal House\" \/>\n<meta property=\"article:modified_time\" content=\"2026-03-06T11:29:47+00:00\" \/>\n<meta property=\"og:image\" content=\"https:\/\/nembutalhouse.com\/wp-content\/uploads\/2024\/10\/O-DSMTDestramadol.gif\" \/>\n\t<meta property=\"og:image:width\" content=\"600\" \/>\n\t<meta property=\"og:image:height\" content=\"600\" \/>\n\t<meta property=\"og:image:type\" content=\"image\/gif\" \/>\n<meta name=\"twitter:card\" content=\"summary_large_image\" \/>\n<meta name=\"twitter:label1\" content=\"Odhadovan\u00e1 doba \u010dten\u00ed\" \/>\n\t<meta name=\"twitter:data1\" content=\"2 minuty\" \/>\n<script type=\"application\/ld+json\" class=\"yoast-schema-graph\">{\"@context\":\"https:\/\/schema.org\",\"@graph\":[{\"@type\":\"WebPage\",\"@id\":\"https:\/\/nembutalhouse.com\/product\/buy-o-dsmt-destramadol-online\/\",\"url\":\"https:\/\/nembutalhouse.com\/product\/buy-o-dsmt-destramadol-online\/\",\"name\":\"Buy O-DSMT Online - O-DSMT for Sale - Order O-DSMT Online\",\"isPartOf\":{\"@id\":\"https:\/\/nembutalhouse.com\/#website\"},\"primaryImageOfPage\":{\"@id\":\"https:\/\/nembutalhouse.com\/product\/buy-o-dsmt-destramadol-online\/#primaryimage\"},\"image\":{\"@id\":\"https:\/\/nembutalhouse.com\/product\/buy-o-dsmt-destramadol-online\/#primaryimage\"},\"thumbnailUrl\":\"https:\/\/nembutalhouse.com\/wp-content\/uploads\/2024\/10\/O-DSMTDestramadol.gif\",\"datePublished\":\"2024-10-16T11:50:31+00:00\",\"dateModified\":\"2026-03-06T11:29:47+00:00\",\"description\":\"You can get o-dmst for sale at our online store and get it at your doorstep without any hassle. We help you buy o-dsmt online. Just place your order now!\",\"breadcrumb\":{\"@id\":\"https:\/\/nembutalhouse.com\/product\/buy-o-dsmt-destramadol-online\/#breadcrumb\"},\"inLanguage\":\"cs\",\"potentialAction\":[{\"@type\":\"ReadAction\",\"target\":[\"https:\/\/nembutalhouse.com\/product\/buy-o-dsmt-destramadol-online\/\"]}]},{\"@type\":\"ImageObject\",\"inLanguage\":\"cs\",\"@id\":\"https:\/\/nembutalhouse.com\/product\/buy-o-dsmt-destramadol-online\/#primaryimage\",\"url\":\"https:\/\/nembutalhouse.com\/wp-content\/uploads\/2024\/10\/O-DSMTDestramadol.gif\",\"contentUrl\":\"https:\/\/nembutalhouse.com\/wp-content\/uploads\/2024\/10\/O-DSMTDestramadol.gif\",\"width\":600,\"height\":600,\"caption\":\"Buy O-DSMT [Destramadol] Online\"},{\"@type\":\"BreadcrumbList\",\"@id\":\"https:\/\/nembutalhouse.com\/product\/buy-o-dsmt-destramadol-online\/#breadcrumb\",\"itemListElement\":[{\"@type\":\"ListItem\",\"position\":1,\"name\":\"Home\",\"item\":\"https:\/\/nembutalhouse.com\/\"},{\"@type\":\"ListItem\",\"position\":2,\"name\":\"Shop\",\"item\":\"https:\/\/nembutalhouse.com\/shop\/\"},{\"@type\":\"ListItem\",\"position\":3,\"name\":\"Buy O-DSMT [Destramadol] Online\"}]},{\"@type\":\"WebSite\",\"@id\":\"https:\/\/nembutalhouse.com\/#website\",\"url\":\"https:\/\/nembutalhouse.com\/\",\"name\":\"Nembutal House\",\"description\":\"Best Nembutal Online Store\",\"publisher\":{\"@id\":\"https:\/\/nembutalhouse.com\/#organization\"},\"potentialAction\":[{\"@type\":\"SearchAction\",\"target\":{\"@type\":\"EntryPoint\",\"urlTemplate\":\"https:\/\/nembutalhouse.com\/?s={search_term_string}\"},\"query-input\":{\"@type\":\"PropertyValueSpecification\",\"valueRequired\":true,\"valueName\":\"search_term_string\"}}],\"inLanguage\":\"cs\"},{\"@type\":\"Organization\",\"@id\":\"https:\/\/nembutalhouse.com\/#organization\",\"name\":\"Nembutal House\",\"url\":\"https:\/\/nembutalhouse.com\/\",\"logo\":{\"@type\":\"ImageObject\",\"inLanguage\":\"cs\",\"@id\":\"https:\/\/nembutalhouse.com\/#\/schema\/logo\/image\/\",\"url\":\"https:\/\/nembutalhouse.com\/wp-content\/uploads\/2022\/12\/logo.png\",\"contentUrl\":\"https:\/\/nembutalhouse.com\/wp-content\/uploads\/2022\/12\/logo.png\",\"width\":344,\"height\":103,\"caption\":\"Nembutal House\"},\"image\":{\"@id\":\"https:\/\/nembutalhouse.com\/#\/schema\/logo\/image\/\"}}]}<\/script>\n<!-- \/ Yoast SEO plugin. -->","yoast_head_json":{"title":"Buy O-DSMT Online - O-DSMT for Sale - Order O-DSMT Online","description":"You can get o-dmst for sale at our online store and get it at your doorstep without any hassle. We help you buy o-dsmt online. Just place your order now!","robots":{"index":"index","follow":"follow","max-snippet":"max-snippet:-1","max-image-preview":"max-image-preview:large","max-video-preview":"max-video-preview:-1"},"canonical":"https:\/\/nembutalhouse.com\/cs\/produkt\/buy-o-dsmt-destramadol-online\/","og_locale":"cs_CZ","og_type":"article","og_title":"Buy O-DSMT Online - O-DSMT for Sale - Order O-DSMT Online","og_description":"You can get o-dmst for sale at our online store and get it at your doorstep without any hassle. We help you buy o-dsmt online. Just place your order now!","og_url":"https:\/\/nembutalhouse.com\/cs\/produkt\/buy-o-dsmt-destramadol-online\/","og_site_name":"Nembutal House","article_modified_time":"2026-03-06T11:29:47+00:00","og_image":[{"width":600,"height":600,"url":"https:\/\/nembutalhouse.com\/wp-content\/uploads\/2024\/10\/O-DSMTDestramadol.gif","type":"image\/gif"}],"twitter_card":"summary_large_image","twitter_misc":{"Odhadovan\u00e1 doba \u010dten\u00ed":"2 minuty"},"schema":{"@context":"https:\/\/schema.org","@graph":[{"@type":"WebPage","@id":"https:\/\/nembutalhouse.com\/product\/buy-o-dsmt-destramadol-online\/","url":"https:\/\/nembutalhouse.com\/product\/buy-o-dsmt-destramadol-online\/","name":"Buy O-DSMT Online - O-DSMT for Sale - Order O-DSMT Online","isPartOf":{"@id":"https:\/\/nembutalhouse.com\/#website"},"primaryImageOfPage":{"@id":"https:\/\/nembutalhouse.com\/product\/buy-o-dsmt-destramadol-online\/#primaryimage"},"image":{"@id":"https:\/\/nembutalhouse.com\/product\/buy-o-dsmt-destramadol-online\/#primaryimage"},"thumbnailUrl":"https:\/\/nembutalhouse.com\/wp-content\/uploads\/2024\/10\/O-DSMTDestramadol.gif","datePublished":"2024-10-16T11:50:31+00:00","dateModified":"2026-03-06T11:29:47+00:00","description":"You can get o-dmst for sale at our online store and get it at your doorstep without any hassle. We help you buy o-dsmt online. Just place your order now!","breadcrumb":{"@id":"https:\/\/nembutalhouse.com\/product\/buy-o-dsmt-destramadol-online\/#breadcrumb"},"inLanguage":"cs","potentialAction":[{"@type":"ReadAction","target":["https:\/\/nembutalhouse.com\/product\/buy-o-dsmt-destramadol-online\/"]}]},{"@type":"ImageObject","inLanguage":"cs","@id":"https:\/\/nembutalhouse.com\/product\/buy-o-dsmt-destramadol-online\/#primaryimage","url":"https:\/\/nembutalhouse.com\/wp-content\/uploads\/2024\/10\/O-DSMTDestramadol.gif","contentUrl":"https:\/\/nembutalhouse.com\/wp-content\/uploads\/2024\/10\/O-DSMTDestramadol.gif","width":600,"height":600,"caption":"Buy O-DSMT [Destramadol] Online"},{"@type":"BreadcrumbList","@id":"https:\/\/nembutalhouse.com\/product\/buy-o-dsmt-destramadol-online\/#breadcrumb","itemListElement":[{"@type":"ListItem","position":1,"name":"Home","item":"https:\/\/nembutalhouse.com\/"},{"@type":"ListItem","position":2,"name":"Shop","item":"https:\/\/nembutalhouse.com\/shop\/"},{"@type":"ListItem","position":3,"name":"Buy O-DSMT [Destramadol] Online"}]},{"@type":"WebSite","@id":"https:\/\/nembutalhouse.com\/#website","url":"https:\/\/nembutalhouse.com\/","name":"Nembutal House","description":"Best Nembutal Online Store","publisher":{"@id":"https:\/\/nembutalhouse.com\/#organization"},"potentialAction":[{"@type":"SearchAction","target":{"@type":"EntryPoint","urlTemplate":"https:\/\/nembutalhouse.com\/?s={search_term_string}"},"query-input":{"@type":"PropertyValueSpecification","valueRequired":true,"valueName":"search_term_string"}}],"inLanguage":"cs"},{"@type":"Organization","@id":"https:\/\/nembutalhouse.com\/#organization","name":"Nembutal House","url":"https:\/\/nembutalhouse.com\/","logo":{"@type":"ImageObject","inLanguage":"cs","@id":"https:\/\/nembutalhouse.com\/#\/schema\/logo\/image\/","url":"https:\/\/nembutalhouse.com\/wp-content\/uploads\/2022\/12\/logo.png","contentUrl":"https:\/\/nembutalhouse.com\/wp-content\/uploads\/2022\/12\/logo.png","width":344,"height":103,"caption":"Nembutal House"},"image":{"@id":"https:\/\/nembutalhouse.com\/#\/schema\/logo\/image\/"}}]}},"_links":{"self":[{"href":"https:\/\/nembutalhouse.com\/cs\/wp-json\/wp\/v2\/product\/1392","targetHints":{"allow":["GET"]}}],"collection":[{"href":"https:\/\/nembutalhouse.com\/cs\/wp-json\/wp\/v2\/product"}],"about":[{"href":"https:\/\/nembutalhouse.com\/cs\/wp-json\/wp\/v2\/types\/product"}],"replies":[{"embeddable":true,"href":"https:\/\/nembutalhouse.com\/cs\/wp-json\/wp\/v2\/comments?post=1392"}],"wp:featuredmedia":[{"embeddable":true,"href":"https:\/\/nembutalhouse.com\/cs\/wp-json\/wp\/v2\/media\/1551"}],"wp:attachment":[{"href":"https:\/\/nembutalhouse.com\/cs\/wp-json\/wp\/v2\/media?parent=1392"}],"wp:term":[{"taxonomy":"product_cat","embeddable":true,"href":"https:\/\/nembutalhouse.com\/cs\/wp-json\/wp\/v2\/product_cat?post=1392"},{"taxonomy":"product_tag","embeddable":true,"href":"https:\/\/nembutalhouse.com\/cs\/wp-json\/wp\/v2\/product_tag?post=1392"}],"curies":[{"name":"wp","href":"https:\/\/api.w.org\/{rel}","templated":true}]}}