{"id":1356,"date":"2024-10-16T11:50:21","date_gmt":"2024-10-16T11:50:21","guid":{"rendered":"https:\/\/nembutalhouse.com\/?post_type=product&#038;p=1356"},"modified":"2026-03-03T06:02:05","modified_gmt":"2026-03-03T06:02:05","slug":"buy-a-pvp-crystals-online","status":"publish","type":"product","link":"https:\/\/nembutalhouse.com\/cs\/produkt\/buy-a-pvp-crystals-online\/","title":{"rendered":"Buy A-PVP CRYSTALS Online"},"content":{"rendered":"<h2>Buy A-PVP CRYSTALS Online<\/h2>\n<p><a href=\"https:\/\/nembutalhouse.com\/cs\/produkt\/buy-a-pvp-crystals-online\/\">Alpha-PVP<\/a>, zn\u00e1m\u00fd tak\u00e9 jako A-PVP CRYSTALS, je siln\u00fd stimulant a obvykle se u\u017e\u00edv\u00e1 k dosa\u017een\u00ed euforie. N\u011bkte\u0159\u00ed v\u011bdci jej ozna\u010duj\u00ed tak\u00e9 za psychoaktivn\u00ed l\u00e1tku. Na po\u010d\u00e1tku 60. let 20. stolet\u00ed byl objeven a m\u00e1 1\/4 \u00farove\u0148 \u00fa\u010dinnosti ve srovn\u00e1n\u00ed s MDPV.<\/p>\n<p>\u00da\u010dinky jsou tak\u00e9 trochu podobn\u00e9. A-PVP CRYSTALS se obvykle vyskytuje ve form\u011b b\u00edl\u00e9ho horsk\u00e9ho krystalu. R\u016fzn\u00e1 pou\u017eit\u00ed a \u00fa\u010dinky A-PVP P\u0159ed konzumac\u00ed byste m\u011bli sm\u00edchat alfa-PVP s jin\u00fdmi l\u00e1tkami.<\/p>\n<p>Krom\u011b toho ji m\u016f\u017eete tak\u00e9 inhalovat nebo konzumovat \u00fastn\u011b. O d\u00e1vkov\u00e1n\u00ed by m\u011bl rozhodnout pouze l\u00e9ka\u0159 a nem\u011bli byste m\u00edt v\u00edce d\u00e1vek b\u011bhem jedn\u00e9 hodiny. <a href=\"https:\/\/nembutalhouse.com\/cs\/\">NembutalHouse<\/a><\/p>\n<p>A\u010dkoli je \u00fa\u010dinnost ni\u017e\u0161\u00ed, lze A-PVP CRYSTALS srovn\u00e1vat s kokainem.<\/p>\n<p>Pokud si ji d\u00e1te pod jazyk, zjist\u00edte, \u017ee se velmi rychle rozpust\u00ed. Z\u00e1rove\u0148 m\u016f\u017eete m\u00edt pocit znecitliv\u011bn\u00ed.<\/p>\n<p>Euforie se dostavuje a\u017e po ur\u010dit\u00e9 dob\u011b, ale m\u011bla by se dostavit do 30 minut po konzumaci. Po otup\u011bn\u00ed uvid\u00edte, \u017ee se m\u00edrn\u011b zv\u00fd\u0161il krevn\u00ed tlak.<\/p>\n<p>Z\u00e1rove\u0148 ztrat\u00edte chu\u0165 na pit\u00ed vody.<\/p>\n<p>Kdy\u017e uplyne 45 minut nebo v\u00edce po konzumaci, poc\u00edt\u00edte m\u00edrnou stimulaci a m\u016f\u017eete se dokonce c\u00edtit ospal\u00ed.<\/p>\n<p>Celkov\u011b by \u00fa\u010dinky nem\u011bly trvat d\u00e9le ne\u017e 3 hodiny a nemus\u00edte m\u00edt nutk\u00e1n\u00ed si brzy podat dal\u0161\u00ed d\u00e1vku.<\/p>\n<p>Pokud pou\u017eijete metodu insuflace, budete m\u00edt euforick\u00fd pocit po relativn\u011b del\u0161\u00ed dobu. Jak ji\u017e bylo \u0159e\u010deno, odhadnout s\u00edlu je t\u011b\u017ek\u00e9, proto\u017ee na n\u011bkter\u00e9 pacienty p\u016fsob\u00ed velmi pomalu, zat\u00edmco na jin\u00e9 pom\u011brn\u011b rychle.<\/p>\n<p>Jakmile se dostane do nosu z\u00e1kazn\u00edka, za\u010dne fungovat. Do 10 minut po konzumaci se dostav\u00ed euforie (metoda Under insufflation).<\/p>\n<p>\u010casto se mohou vyskytnout v\u00fdpadky pam\u011bti a do hodiny po konzumaci byste se m\u011bli za\u010d\u00edt c\u00edtit ospal\u00ed.<\/p>\n<p>Vezm\u011bte pros\u00edm na v\u011bdom\u00ed, \u017ee pocit opojen\u00ed, kter\u00fd obvykle za\u017e\u00edv\u00e1te s <a href=\"https:\/\/en.wikipedia.org\/wiki\/%CE%91-Pyrrolidinopentiophenone\">Alpha-PVP<\/a> netrv\u00e1 dlouho. Podle n\u011bkter\u00fdch pacient\u016f funguje l\u00e9pe konzumace krystalick\u00e9 formy, proto\u017ee pacienty nep\u00e1l\u00ed v nose.<\/p>\n<p>Ohromuj\u00edc\u00ed z\u00e1\u017eitek netrv\u00e1 d\u00e9le ne\u017e 3 hodiny, nicm\u00e9n\u011b to, zda si brzy vezmete dal\u0161\u00ed d\u00e1vku, z\u00e1vis\u00ed na va\u0161ich zku\u0161enostech s t\u00edmto typem stimulant\u016f.<\/p>\n<p>Upozor\u0148ujeme, \u017ee pokud jste kreativn\u00ed \u010dlov\u011bk, Alpha-PVP v\u00e1m m\u016f\u017ee pomoci. Z\u00edsk\u00e1te extr\u00e9mn\u00ed pocit \u0161t\u011bst\u00ed a vysokou \u00farove\u0148 energie.<\/p>\n<p>Nebudete m\u00edt chu\u0165 na j\u00eddlo a t\u011blo bude zcela uvoln\u011bn\u00e9. Uv\u011bdomte si pros\u00edm, \u017ee byste tento l\u00e9k m\u011bli u\u017e\u00edvat pouze v n\u00edzk\u00fdch d\u00e1vk\u00e1ch.<\/p>\n<p>P\u0159i vy\u0161\u0161\u00edm d\u00e1vkov\u00e1n\u00ed se v\u011bci mohou snadno vymknout kontrole.<\/p>\n<p>Existuje spousta online zdroj\u016f, odkud si m\u016f\u017eete koupit Alpha-PVP, nicm\u00e9n\u011b se doporu\u010duje, abyste \u0159\u00e1dn\u011b zkontrolovali zdroj a p\u0159e\u010detli si co nejv\u00edce recenz\u00ed.<\/p>\n<p>Uv\u011bdomte si, \u017ee \u00fa\u010dinky t\u011bchto l\u00e9k\u016f na \u010dlov\u011bka se li\u0161\u00ed v z\u00e1vislosti na ur\u010dit\u00fdch faktorech, jako je v\u00fd\u0161ka, hmotnost a rychlost metabolismu.<\/p>","protected":false},"excerpt":{"rendered":"<p>Buy A-PVP CRYSTALS Online Alpha-PVP, also known as A-PVP CRYSTALS, is a powerful stimulant and it is usually taken for achieving euphoria. Some researchers refer to it as a psychoactive&hellip;<\/p>","protected":false},"featured_media":1540,"comment_status":"open","ping_status":"closed","template":"","meta":{"_joinchat":[]},"product_cat":[188],"product_tag":[1241,1259,1236,1247,1248,1251,1237,1257,1258,1256,1255,1244,1234,1246,1235,1253,1250,1243,1239,1240,1254,1252,1249,1242,1245,1238],"class_list":{"0":"post-1356","1":"product","2":"type-product","3":"status-publish","4":"has-post-thumbnail","6":"product_cat-stimulants","7":"product_tag-a-pvp","8":"product_tag-a-pvp-for-cleaning","9":"product_tag-a-pvp-for-sale","10":"product_tag-a-pvp-online","11":"product_tag-a-pvp-price","12":"product_tag-a-pvp-store","13":"product_tag-a-pvp-supplier","14":"product_tag-a-pvp-use","15":"product_tag-a-pvp-wiki","16":"product_tag-a-pvp-worldwide","17":"product_tag-best-cheap-price-a-pvp","18":"product_tag-best-place-to-buy-a-pvp","19":"product_tag-buy-a-pvp","20":"product_tag-buy-a-pvp-legally","21":"product_tag-buy-a-pvp-online","22":"product_tag-cheap-a-pvps","23":"product_tag-high-quality-a-pvp","24":"product_tag-how-to-buy-a-pvp","25":"product_tag-order-a-pvp","26":"product_tag-order-a-pvp-online","27":"product_tag-purcharse-a-pvp-powder","28":"product_tag-shop-a-pvp","29":"product_tag-top-quality-a-pvp","30":"product_tag-where-to-buy-a-pvp","31":"product_tag-where-to-order-a-pvp","32":"product_tag-wholesale-a-pvp-bulk-online","34":"first","35":"instock","36":"shipping-taxable","37":"purchasable","38":"product-type-variable"},"yoast_head":"<!-- This site is optimized with the Yoast SEO plugin v24.1 - https:\/\/yoast.com\/wordpress\/plugins\/seo\/ -->\n<title>Buy A-PVP Online - Best Quality A-PVP for Sale Online<\/title>\n<meta name=\"description\" content=\"At our NembutalHouse, you can get a-pvp for sale at cheap rates. Here you can buy a-pvp online with high-quality from our store now with fast &amp; secure shipping service. Order Now!\" \/>\n<meta name=\"robots\" content=\"index, follow, max-snippet:-1, max-image-preview:large, max-video-preview:-1\" \/>\n<link rel=\"canonical\" href=\"https:\/\/nembutalhouse.com\/cs\/produkt\/buy-a-pvp-crystals-online\/\" \/>\n<meta property=\"og:locale\" content=\"cs_CZ\" \/>\n<meta property=\"og:type\" content=\"article\" \/>\n<meta property=\"og:title\" content=\"Buy A-PVP Online - Best Quality A-PVP for Sale Online\" \/>\n<meta property=\"og:description\" content=\"At our NembutalHouse, you can get a-pvp for sale at cheap rates. Here you can buy a-pvp online with high-quality from our store now with fast &amp; secure shipping service. Order Now!\" \/>\n<meta property=\"og:url\" content=\"https:\/\/nembutalhouse.com\/cs\/produkt\/buy-a-pvp-crystals-online\/\" \/>\n<meta property=\"og:site_name\" content=\"Nembutal House\" \/>\n<meta property=\"article:modified_time\" content=\"2026-03-03T06:02:05+00:00\" \/>\n<meta property=\"og:image\" content=\"https:\/\/nembutalhouse.com\/wp-content\/uploads\/2024\/10\/A-PVP.gif\" \/>\n\t<meta property=\"og:image:width\" content=\"600\" \/>\n\t<meta property=\"og:image:height\" content=\"600\" \/>\n\t<meta property=\"og:image:type\" content=\"image\/gif\" \/>\n<meta name=\"twitter:card\" content=\"summary_large_image\" \/>\n<meta name=\"twitter:label1\" content=\"Odhadovan\u00e1 doba \u010dten\u00ed\" \/>\n\t<meta name=\"twitter:data1\" content=\"3 minuty\" \/>\n<script type=\"application\/ld+json\" class=\"yoast-schema-graph\">{\"@context\":\"https:\/\/schema.org\",\"@graph\":[{\"@type\":\"WebPage\",\"@id\":\"https:\/\/nembutalhouse.com\/product\/buy-a-pvp-crystals-online\/\",\"url\":\"https:\/\/nembutalhouse.com\/product\/buy-a-pvp-crystals-online\/\",\"name\":\"Buy A-PVP Online - Best Quality A-PVP for Sale Online\",\"isPartOf\":{\"@id\":\"https:\/\/nembutalhouse.com\/#website\"},\"primaryImageOfPage\":{\"@id\":\"https:\/\/nembutalhouse.com\/product\/buy-a-pvp-crystals-online\/#primaryimage\"},\"image\":{\"@id\":\"https:\/\/nembutalhouse.com\/product\/buy-a-pvp-crystals-online\/#primaryimage\"},\"thumbnailUrl\":\"https:\/\/nembutalhouse.com\/wp-content\/uploads\/2024\/10\/A-PVP.gif\",\"datePublished\":\"2024-10-16T11:50:21+00:00\",\"dateModified\":\"2026-03-03T06:02:05+00:00\",\"description\":\"At our NembutalHouse, you can get a-pvp for sale at cheap rates. Here you can buy a-pvp online with high-quality from our store now with fast & secure shipping service. Order Now!\",\"breadcrumb\":{\"@id\":\"https:\/\/nembutalhouse.com\/product\/buy-a-pvp-crystals-online\/#breadcrumb\"},\"inLanguage\":\"cs\",\"potentialAction\":[{\"@type\":\"ReadAction\",\"target\":[\"https:\/\/nembutalhouse.com\/product\/buy-a-pvp-crystals-online\/\"]}]},{\"@type\":\"ImageObject\",\"inLanguage\":\"cs\",\"@id\":\"https:\/\/nembutalhouse.com\/product\/buy-a-pvp-crystals-online\/#primaryimage\",\"url\":\"https:\/\/nembutalhouse.com\/wp-content\/uploads\/2024\/10\/A-PVP.gif\",\"contentUrl\":\"https:\/\/nembutalhouse.com\/wp-content\/uploads\/2024\/10\/A-PVP.gif\",\"width\":600,\"height\":600,\"caption\":\"Buy A-PVP CRYSTALS Online\"},{\"@type\":\"BreadcrumbList\",\"@id\":\"https:\/\/nembutalhouse.com\/product\/buy-a-pvp-crystals-online\/#breadcrumb\",\"itemListElement\":[{\"@type\":\"ListItem\",\"position\":1,\"name\":\"Home\",\"item\":\"https:\/\/nembutalhouse.com\/\"},{\"@type\":\"ListItem\",\"position\":2,\"name\":\"Shop\",\"item\":\"https:\/\/nembutalhouse.com\/shop\/\"},{\"@type\":\"ListItem\",\"position\":3,\"name\":\"Buy A-PVP CRYSTALS Online\"}]},{\"@type\":\"WebSite\",\"@id\":\"https:\/\/nembutalhouse.com\/#website\",\"url\":\"https:\/\/nembutalhouse.com\/\",\"name\":\"Nembutal House\",\"description\":\"Best Nembutal Online Store\",\"publisher\":{\"@id\":\"https:\/\/nembutalhouse.com\/#organization\"},\"potentialAction\":[{\"@type\":\"SearchAction\",\"target\":{\"@type\":\"EntryPoint\",\"urlTemplate\":\"https:\/\/nembutalhouse.com\/?s={search_term_string}\"},\"query-input\":{\"@type\":\"PropertyValueSpecification\",\"valueRequired\":true,\"valueName\":\"search_term_string\"}}],\"inLanguage\":\"cs\"},{\"@type\":\"Organization\",\"@id\":\"https:\/\/nembutalhouse.com\/#organization\",\"name\":\"Nembutal House\",\"url\":\"https:\/\/nembutalhouse.com\/\",\"logo\":{\"@type\":\"ImageObject\",\"inLanguage\":\"cs\",\"@id\":\"https:\/\/nembutalhouse.com\/#\/schema\/logo\/image\/\",\"url\":\"https:\/\/nembutalhouse.com\/wp-content\/uploads\/2022\/12\/logo.png\",\"contentUrl\":\"https:\/\/nembutalhouse.com\/wp-content\/uploads\/2022\/12\/logo.png\",\"width\":344,\"height\":103,\"caption\":\"Nembutal House\"},\"image\":{\"@id\":\"https:\/\/nembutalhouse.com\/#\/schema\/logo\/image\/\"}}]}<\/script>\n<!-- \/ Yoast SEO plugin. -->","yoast_head_json":{"title":"Buy A-PVP Online - Best Quality A-PVP for Sale Online","description":"At our NembutalHouse, you can get a-pvp for sale at cheap rates. Here you can buy a-pvp online with high-quality from our store now with fast & secure shipping service. Order Now!","robots":{"index":"index","follow":"follow","max-snippet":"max-snippet:-1","max-image-preview":"max-image-preview:large","max-video-preview":"max-video-preview:-1"},"canonical":"https:\/\/nembutalhouse.com\/cs\/produkt\/buy-a-pvp-crystals-online\/","og_locale":"cs_CZ","og_type":"article","og_title":"Buy A-PVP Online - Best Quality A-PVP for Sale Online","og_description":"At our NembutalHouse, you can get a-pvp for sale at cheap rates. Here you can buy a-pvp online with high-quality from our store now with fast & secure shipping service. Order Now!","og_url":"https:\/\/nembutalhouse.com\/cs\/produkt\/buy-a-pvp-crystals-online\/","og_site_name":"Nembutal House","article_modified_time":"2026-03-03T06:02:05+00:00","og_image":[{"width":600,"height":600,"url":"https:\/\/nembutalhouse.com\/wp-content\/uploads\/2024\/10\/A-PVP.gif","type":"image\/gif"}],"twitter_card":"summary_large_image","twitter_misc":{"Odhadovan\u00e1 doba \u010dten\u00ed":"3 minuty"},"schema":{"@context":"https:\/\/schema.org","@graph":[{"@type":"WebPage","@id":"https:\/\/nembutalhouse.com\/product\/buy-a-pvp-crystals-online\/","url":"https:\/\/nembutalhouse.com\/product\/buy-a-pvp-crystals-online\/","name":"Buy A-PVP Online - Best Quality A-PVP for Sale Online","isPartOf":{"@id":"https:\/\/nembutalhouse.com\/#website"},"primaryImageOfPage":{"@id":"https:\/\/nembutalhouse.com\/product\/buy-a-pvp-crystals-online\/#primaryimage"},"image":{"@id":"https:\/\/nembutalhouse.com\/product\/buy-a-pvp-crystals-online\/#primaryimage"},"thumbnailUrl":"https:\/\/nembutalhouse.com\/wp-content\/uploads\/2024\/10\/A-PVP.gif","datePublished":"2024-10-16T11:50:21+00:00","dateModified":"2026-03-03T06:02:05+00:00","description":"At our NembutalHouse, you can get a-pvp for sale at cheap rates. Here you can buy a-pvp online with high-quality from our store now with fast & secure shipping service. Order Now!","breadcrumb":{"@id":"https:\/\/nembutalhouse.com\/product\/buy-a-pvp-crystals-online\/#breadcrumb"},"inLanguage":"cs","potentialAction":[{"@type":"ReadAction","target":["https:\/\/nembutalhouse.com\/product\/buy-a-pvp-crystals-online\/"]}]},{"@type":"ImageObject","inLanguage":"cs","@id":"https:\/\/nembutalhouse.com\/product\/buy-a-pvp-crystals-online\/#primaryimage","url":"https:\/\/nembutalhouse.com\/wp-content\/uploads\/2024\/10\/A-PVP.gif","contentUrl":"https:\/\/nembutalhouse.com\/wp-content\/uploads\/2024\/10\/A-PVP.gif","width":600,"height":600,"caption":"Buy A-PVP CRYSTALS Online"},{"@type":"BreadcrumbList","@id":"https:\/\/nembutalhouse.com\/product\/buy-a-pvp-crystals-online\/#breadcrumb","itemListElement":[{"@type":"ListItem","position":1,"name":"Home","item":"https:\/\/nembutalhouse.com\/"},{"@type":"ListItem","position":2,"name":"Shop","item":"https:\/\/nembutalhouse.com\/shop\/"},{"@type":"ListItem","position":3,"name":"Buy A-PVP CRYSTALS Online"}]},{"@type":"WebSite","@id":"https:\/\/nembutalhouse.com\/#website","url":"https:\/\/nembutalhouse.com\/","name":"Nembutal House","description":"Best Nembutal Online Store","publisher":{"@id":"https:\/\/nembutalhouse.com\/#organization"},"potentialAction":[{"@type":"SearchAction","target":{"@type":"EntryPoint","urlTemplate":"https:\/\/nembutalhouse.com\/?s={search_term_string}"},"query-input":{"@type":"PropertyValueSpecification","valueRequired":true,"valueName":"search_term_string"}}],"inLanguage":"cs"},{"@type":"Organization","@id":"https:\/\/nembutalhouse.com\/#organization","name":"Nembutal House","url":"https:\/\/nembutalhouse.com\/","logo":{"@type":"ImageObject","inLanguage":"cs","@id":"https:\/\/nembutalhouse.com\/#\/schema\/logo\/image\/","url":"https:\/\/nembutalhouse.com\/wp-content\/uploads\/2022\/12\/logo.png","contentUrl":"https:\/\/nembutalhouse.com\/wp-content\/uploads\/2022\/12\/logo.png","width":344,"height":103,"caption":"Nembutal House"},"image":{"@id":"https:\/\/nembutalhouse.com\/#\/schema\/logo\/image\/"}}]}},"_links":{"self":[{"href":"https:\/\/nembutalhouse.com\/cs\/wp-json\/wp\/v2\/product\/1356","targetHints":{"allow":["GET"]}}],"collection":[{"href":"https:\/\/nembutalhouse.com\/cs\/wp-json\/wp\/v2\/product"}],"about":[{"href":"https:\/\/nembutalhouse.com\/cs\/wp-json\/wp\/v2\/types\/product"}],"replies":[{"embeddable":true,"href":"https:\/\/nembutalhouse.com\/cs\/wp-json\/wp\/v2\/comments?post=1356"}],"wp:featuredmedia":[{"embeddable":true,"href":"https:\/\/nembutalhouse.com\/cs\/wp-json\/wp\/v2\/media\/1540"}],"wp:attachment":[{"href":"https:\/\/nembutalhouse.com\/cs\/wp-json\/wp\/v2\/media?parent=1356"}],"wp:term":[{"taxonomy":"product_cat","embeddable":true,"href":"https:\/\/nembutalhouse.com\/cs\/wp-json\/wp\/v2\/product_cat?post=1356"},{"taxonomy":"product_tag","embeddable":true,"href":"https:\/\/nembutalhouse.com\/cs\/wp-json\/wp\/v2\/product_tag?post=1356"}],"curies":[{"name":"wp","href":"https:\/\/api.w.org\/{rel}","templated":true}]}}