{"id":1318,"date":"2024-10-16T11:50:01","date_gmt":"2024-10-16T11:50:01","guid":{"rendered":"https:\/\/nembutalhouse.com\/?post_type=product&#038;p=1318"},"modified":"2026-03-03T05:15:41","modified_gmt":"2026-03-03T05:15:41","slug":"buy-4f-mph-online","status":"publish","type":"product","link":"https:\/\/nembutalhouse.com\/cs\/produkt\/buy-4f-mph-online\/","title":{"rendered":"Koupit 4F-MPH online"},"content":{"rendered":"<h2>Koupit 4F-MPH online<\/h2>\n<p><a href=\"https:\/\/nembutalhouse.com\/cs\/produkt\/buy-4f-mph-online\/\">Koupit 4F-MPH<\/a> je syntetick\u00e1 molekula ze skupiny substituovan\u00fdch fenetylamin\u016f a piperidin\u016f a fluorovan\u00fd analog methylfenid\u00e1tu. Obsahuje fenetylaminov\u00e9 j\u00e1dro s fenylov\u00fdm kruhem v\u00e1zan\u00fdm na aminoskupinu -NH2 prost\u0159ednictv\u00edm ethylov\u00e9ho \u0159et\u011bzce. Strukturn\u011b je podobn\u00fd amfetaminu, vyzna\u010duje se substituc\u00ed na R\u03b1, kter\u00e1 je za\u010dlen\u011bna do piperidinov\u00e9ho kruhu kon\u010d\u00edc\u00edho na termin\u00e1ln\u00edm aminu fenetylaminov\u00e9ho \u0159et\u011bzce. Nav\u00edc obsahuje methylacet\u00e1t v\u00e1zan\u00fd na R2 nebo jeho strukturu. <a href=\"https:\/\/en.wikipedia.org\/wiki\/4-Fluoromethylphenidate\">4F-MPH<\/a> je strukturn\u011b shodn\u00fd s methylfenid\u00e1tem s v\u00fdjimkou jedin\u00e9ho atomu fluoru v\u00e1zan\u00e9ho na \u010dtvrt\u00e9 pozici fenetylaminov\u00e9ho j\u00e1dra. <a href=\"https:\/\/nembutalhouse.com\/cs\/\">NembutalHouse<\/a><\/p>\n<h3>Purpose of Use<\/h3>\n<p>Just for research purposes. Dopamine and norepinephrine transporter inhibition, stimulant pharmacology, and possible therapeutic uses as an anti-cocaine drug are all studied with 4F-MPH powder. Not meant for ingestion by humans.<\/p>\n<h3>Shipping &amp; Packaging<\/h3>\n<p>Orders are dispatched covertly, and tracking is offered. Shipments from the USA usually arrive within 24 to 72 hours; depending on the location, overseas deliveries could take up to 5 days. Product stability and secrecy are guaranteed by packaging.<\/p>\n<h3>Disclaimer Regarding Law and Compliance<\/h3>\n<p>This product is not intended for human consumption and is only offered for use in research. Before placing an order, customers must confirm that 4F-MPH is legal in their jurisdiction. Buyers must be at least eighteen years old. Depending on the intended purpose, we reserve the right to approve or reject orders.<\/p>","protected":false},"excerpt":{"rendered":"<p>Buy 4F-MPH Online Buy 4F-MPH is a synthetic molecule of the substituted phenethylamine and piperidine classes, and a fluorinated analog of methylphenidate. It contains a phenethylamine core featuring a phenyl&hellip;<\/p>","protected":false},"featured_media":1524,"comment_status":"open","ping_status":"closed","template":"","meta":{"_joinchat":[]},"product_cat":[186],"product_tag":[1111,1129,1106,1117,1118,1121,1107,1127,1128,1126,1125,1114,1104,1116,1105,1123,1120,1113,1109,1110,1124,1122,1119,1112,1115,1108],"class_list":{"0":"post-1318","1":"product","2":"type-product","3":"status-publish","4":"has-post-thumbnail","6":"product_cat-research-chemicals","7":"product_tag-4fmph","8":"product_tag-4fmph-for-cleaning","9":"product_tag-4fmph-for-sale","10":"product_tag-4fmph-online","11":"product_tag-4fmph-price","12":"product_tag-4fmph-store","13":"product_tag-4fmph-supplier","14":"product_tag-4fmph-use","15":"product_tag-4fmph-wiki","16":"product_tag-4fmph-worldwide","17":"product_tag-best-cheap-price-4fmph","18":"product_tag-best-place-to-buy-4fmph","19":"product_tag-buy-4fmph","20":"product_tag-buy-4fmph-legally","21":"product_tag-buy-4fmph-online","22":"product_tag-cheap-4fmphs","23":"product_tag-high-quality-4fmph","24":"product_tag-how-to-buy-4fmph","25":"product_tag-order-4fmph","26":"product_tag-order-4fmph-online","27":"product_tag-purcharse-4fmph-powder","28":"product_tag-shop-4fmph","29":"product_tag-top-quality-4fmph","30":"product_tag-where-to-buy-4fmph","31":"product_tag-where-to-order-4fmph","32":"product_tag-wholesale-4fmph-bulk-online","34":"first","35":"instock","36":"shipping-taxable","37":"purchasable","38":"product-type-variable"},"yoast_head":"<!-- This site is optimized with the Yoast SEO plugin v24.1 - https:\/\/yoast.com\/wordpress\/plugins\/seo\/ -->\n<title>4F-MPH for Sale - Buy 4F-MPH Online | NembutalHouse<\/title>\n<meta name=\"description\" content=\"Get 4f-mph for sale at one of the best online stores NembutalHouse. We will help you buy 4f-mph online of high quality. Don&#039;t delay to place your order and take advantage of the newest discounts!\" \/>\n<meta name=\"robots\" content=\"index, follow, max-snippet:-1, max-image-preview:large, max-video-preview:-1\" \/>\n<link rel=\"canonical\" href=\"https:\/\/nembutalhouse.com\/cs\/produkt\/buy-4f-mph-online\/\" \/>\n<meta property=\"og:locale\" content=\"cs_CZ\" \/>\n<meta property=\"og:type\" content=\"article\" \/>\n<meta property=\"og:title\" content=\"4F-MPH for Sale - Buy 4F-MPH Online | NembutalHouse\" \/>\n<meta property=\"og:description\" content=\"Get 4f-mph for sale at one of the best online stores NembutalHouse. We will help you buy 4f-mph online of high quality. Don&#039;t delay to place your order and take advantage of the newest discounts!\" \/>\n<meta property=\"og:url\" content=\"https:\/\/nembutalhouse.com\/cs\/produkt\/buy-4f-mph-online\/\" \/>\n<meta property=\"og:site_name\" content=\"Nembutal House\" \/>\n<meta property=\"article:modified_time\" content=\"2026-03-03T05:15:41+00:00\" \/>\n<meta property=\"og:image\" content=\"https:\/\/nembutalhouse.com\/wp-content\/uploads\/2024\/10\/4fmph.gif\" \/>\n\t<meta property=\"og:image:width\" content=\"600\" \/>\n\t<meta property=\"og:image:height\" content=\"600\" \/>\n\t<meta property=\"og:image:type\" content=\"image\/gif\" \/>\n<meta name=\"twitter:card\" content=\"summary_large_image\" \/>\n<meta name=\"twitter:label1\" content=\"Odhadovan\u00e1 doba \u010dten\u00ed\" \/>\n\t<meta name=\"twitter:data1\" content=\"2 minuty\" \/>\n<script type=\"application\/ld+json\" class=\"yoast-schema-graph\">{\"@context\":\"https:\/\/schema.org\",\"@graph\":[{\"@type\":\"WebPage\",\"@id\":\"https:\/\/nembutalhouse.com\/product\/buy-4f-mph-online\/\",\"url\":\"https:\/\/nembutalhouse.com\/product\/buy-4f-mph-online\/\",\"name\":\"4F-MPH for Sale - Buy 4F-MPH Online | NembutalHouse\",\"isPartOf\":{\"@id\":\"https:\/\/nembutalhouse.com\/#website\"},\"primaryImageOfPage\":{\"@id\":\"https:\/\/nembutalhouse.com\/product\/buy-4f-mph-online\/#primaryimage\"},\"image\":{\"@id\":\"https:\/\/nembutalhouse.com\/product\/buy-4f-mph-online\/#primaryimage\"},\"thumbnailUrl\":\"https:\/\/nembutalhouse.com\/wp-content\/uploads\/2024\/10\/4fmph.gif\",\"datePublished\":\"2024-10-16T11:50:01+00:00\",\"dateModified\":\"2026-03-03T05:15:41+00:00\",\"description\":\"Get 4f-mph for sale at one of the best online stores NembutalHouse. We will help you buy 4f-mph online of high quality. Don't delay to place your order and take advantage of the newest discounts!\",\"breadcrumb\":{\"@id\":\"https:\/\/nembutalhouse.com\/product\/buy-4f-mph-online\/#breadcrumb\"},\"inLanguage\":\"cs\",\"potentialAction\":[{\"@type\":\"ReadAction\",\"target\":[\"https:\/\/nembutalhouse.com\/product\/buy-4f-mph-online\/\"]}]},{\"@type\":\"ImageObject\",\"inLanguage\":\"cs\",\"@id\":\"https:\/\/nembutalhouse.com\/product\/buy-4f-mph-online\/#primaryimage\",\"url\":\"https:\/\/nembutalhouse.com\/wp-content\/uploads\/2024\/10\/4fmph.gif\",\"contentUrl\":\"https:\/\/nembutalhouse.com\/wp-content\/uploads\/2024\/10\/4fmph.gif\",\"width\":600,\"height\":600,\"caption\":\"Buy 4F-MPH Online\"},{\"@type\":\"BreadcrumbList\",\"@id\":\"https:\/\/nembutalhouse.com\/product\/buy-4f-mph-online\/#breadcrumb\",\"itemListElement\":[{\"@type\":\"ListItem\",\"position\":1,\"name\":\"Home\",\"item\":\"https:\/\/nembutalhouse.com\/\"},{\"@type\":\"ListItem\",\"position\":2,\"name\":\"Shop\",\"item\":\"https:\/\/nembutalhouse.com\/shop\/\"},{\"@type\":\"ListItem\",\"position\":3,\"name\":\"Buy 4F-MPH Online\"}]},{\"@type\":\"WebSite\",\"@id\":\"https:\/\/nembutalhouse.com\/#website\",\"url\":\"https:\/\/nembutalhouse.com\/\",\"name\":\"Nembutal House\",\"description\":\"Best Nembutal Online Store\",\"publisher\":{\"@id\":\"https:\/\/nembutalhouse.com\/#organization\"},\"potentialAction\":[{\"@type\":\"SearchAction\",\"target\":{\"@type\":\"EntryPoint\",\"urlTemplate\":\"https:\/\/nembutalhouse.com\/?s={search_term_string}\"},\"query-input\":{\"@type\":\"PropertyValueSpecification\",\"valueRequired\":true,\"valueName\":\"search_term_string\"}}],\"inLanguage\":\"cs\"},{\"@type\":\"Organization\",\"@id\":\"https:\/\/nembutalhouse.com\/#organization\",\"name\":\"Nembutal House\",\"url\":\"https:\/\/nembutalhouse.com\/\",\"logo\":{\"@type\":\"ImageObject\",\"inLanguage\":\"cs\",\"@id\":\"https:\/\/nembutalhouse.com\/#\/schema\/logo\/image\/\",\"url\":\"https:\/\/nembutalhouse.com\/wp-content\/uploads\/2022\/12\/logo.png\",\"contentUrl\":\"https:\/\/nembutalhouse.com\/wp-content\/uploads\/2022\/12\/logo.png\",\"width\":344,\"height\":103,\"caption\":\"Nembutal House\"},\"image\":{\"@id\":\"https:\/\/nembutalhouse.com\/#\/schema\/logo\/image\/\"}}]}<\/script>\n<!-- \/ Yoast SEO plugin. -->","yoast_head_json":{"title":"4F-MPH for Sale - Buy 4F-MPH Online | NembutalHouse","description":"Get 4f-mph for sale at one of the best online stores NembutalHouse. We will help you buy 4f-mph online of high quality. Don't delay to place your order and take advantage of the newest discounts!","robots":{"index":"index","follow":"follow","max-snippet":"max-snippet:-1","max-image-preview":"max-image-preview:large","max-video-preview":"max-video-preview:-1"},"canonical":"https:\/\/nembutalhouse.com\/cs\/produkt\/buy-4f-mph-online\/","og_locale":"cs_CZ","og_type":"article","og_title":"4F-MPH for Sale - Buy 4F-MPH Online | NembutalHouse","og_description":"Get 4f-mph for sale at one of the best online stores NembutalHouse. We will help you buy 4f-mph online of high quality. Don't delay to place your order and take advantage of the newest discounts!","og_url":"https:\/\/nembutalhouse.com\/cs\/produkt\/buy-4f-mph-online\/","og_site_name":"Nembutal House","article_modified_time":"2026-03-03T05:15:41+00:00","og_image":[{"width":600,"height":600,"url":"https:\/\/nembutalhouse.com\/wp-content\/uploads\/2024\/10\/4fmph.gif","type":"image\/gif"}],"twitter_card":"summary_large_image","twitter_misc":{"Odhadovan\u00e1 doba \u010dten\u00ed":"2 minuty"},"schema":{"@context":"https:\/\/schema.org","@graph":[{"@type":"WebPage","@id":"https:\/\/nembutalhouse.com\/product\/buy-4f-mph-online\/","url":"https:\/\/nembutalhouse.com\/product\/buy-4f-mph-online\/","name":"4F-MPH for Sale - Buy 4F-MPH Online | NembutalHouse","isPartOf":{"@id":"https:\/\/nembutalhouse.com\/#website"},"primaryImageOfPage":{"@id":"https:\/\/nembutalhouse.com\/product\/buy-4f-mph-online\/#primaryimage"},"image":{"@id":"https:\/\/nembutalhouse.com\/product\/buy-4f-mph-online\/#primaryimage"},"thumbnailUrl":"https:\/\/nembutalhouse.com\/wp-content\/uploads\/2024\/10\/4fmph.gif","datePublished":"2024-10-16T11:50:01+00:00","dateModified":"2026-03-03T05:15:41+00:00","description":"Get 4f-mph for sale at one of the best online stores NembutalHouse. We will help you buy 4f-mph online of high quality. Don't delay to place your order and take advantage of the newest discounts!","breadcrumb":{"@id":"https:\/\/nembutalhouse.com\/product\/buy-4f-mph-online\/#breadcrumb"},"inLanguage":"cs","potentialAction":[{"@type":"ReadAction","target":["https:\/\/nembutalhouse.com\/product\/buy-4f-mph-online\/"]}]},{"@type":"ImageObject","inLanguage":"cs","@id":"https:\/\/nembutalhouse.com\/product\/buy-4f-mph-online\/#primaryimage","url":"https:\/\/nembutalhouse.com\/wp-content\/uploads\/2024\/10\/4fmph.gif","contentUrl":"https:\/\/nembutalhouse.com\/wp-content\/uploads\/2024\/10\/4fmph.gif","width":600,"height":600,"caption":"Buy 4F-MPH Online"},{"@type":"BreadcrumbList","@id":"https:\/\/nembutalhouse.com\/product\/buy-4f-mph-online\/#breadcrumb","itemListElement":[{"@type":"ListItem","position":1,"name":"Home","item":"https:\/\/nembutalhouse.com\/"},{"@type":"ListItem","position":2,"name":"Shop","item":"https:\/\/nembutalhouse.com\/shop\/"},{"@type":"ListItem","position":3,"name":"Buy 4F-MPH Online"}]},{"@type":"WebSite","@id":"https:\/\/nembutalhouse.com\/#website","url":"https:\/\/nembutalhouse.com\/","name":"Nembutal House","description":"Best Nembutal Online Store","publisher":{"@id":"https:\/\/nembutalhouse.com\/#organization"},"potentialAction":[{"@type":"SearchAction","target":{"@type":"EntryPoint","urlTemplate":"https:\/\/nembutalhouse.com\/?s={search_term_string}"},"query-input":{"@type":"PropertyValueSpecification","valueRequired":true,"valueName":"search_term_string"}}],"inLanguage":"cs"},{"@type":"Organization","@id":"https:\/\/nembutalhouse.com\/#organization","name":"Nembutal House","url":"https:\/\/nembutalhouse.com\/","logo":{"@type":"ImageObject","inLanguage":"cs","@id":"https:\/\/nembutalhouse.com\/#\/schema\/logo\/image\/","url":"https:\/\/nembutalhouse.com\/wp-content\/uploads\/2022\/12\/logo.png","contentUrl":"https:\/\/nembutalhouse.com\/wp-content\/uploads\/2022\/12\/logo.png","width":344,"height":103,"caption":"Nembutal House"},"image":{"@id":"https:\/\/nembutalhouse.com\/#\/schema\/logo\/image\/"}}]}},"_links":{"self":[{"href":"https:\/\/nembutalhouse.com\/cs\/wp-json\/wp\/v2\/product\/1318","targetHints":{"allow":["GET"]}}],"collection":[{"href":"https:\/\/nembutalhouse.com\/cs\/wp-json\/wp\/v2\/product"}],"about":[{"href":"https:\/\/nembutalhouse.com\/cs\/wp-json\/wp\/v2\/types\/product"}],"replies":[{"embeddable":true,"href":"https:\/\/nembutalhouse.com\/cs\/wp-json\/wp\/v2\/comments?post=1318"}],"wp:featuredmedia":[{"embeddable":true,"href":"https:\/\/nembutalhouse.com\/cs\/wp-json\/wp\/v2\/media\/1524"}],"wp:attachment":[{"href":"https:\/\/nembutalhouse.com\/cs\/wp-json\/wp\/v2\/media?parent=1318"}],"wp:term":[{"taxonomy":"product_cat","embeddable":true,"href":"https:\/\/nembutalhouse.com\/cs\/wp-json\/wp\/v2\/product_cat?post=1318"},{"taxonomy":"product_tag","embeddable":true,"href":"https:\/\/nembutalhouse.com\/cs\/wp-json\/wp\/v2\/product_tag?post=1318"}],"curies":[{"name":"wp","href":"https:\/\/api.w.org\/{rel}","templated":true}]}}