{"id":1165,"date":"2024-10-16T11:48:08","date_gmt":"2024-10-16T11:48:08","guid":{"rendered":"https:\/\/nembutalhouse.com\/?post_type=product&#038;p=1165"},"modified":"2026-03-06T08:29:06","modified_gmt":"2026-03-06T08:29:06","slug":"buy-adbb-online-2","status":"publish","type":"product","link":"https:\/\/nembutalhouse.com\/cs\/produkt\/buy-adbb-online-2\/","title":{"rendered":"Buy ADBB Online"},"content":{"rendered":"<h2>N\u00e1kup pr\u00e1\u0161ku ADBB online.<\/h2>\n<p><a href=\"https:\/\/nembutalhouse.com\/cs\/produkt\/buy-adbb-online-2\/\">Purchase ADBB online<\/a>. Certain synthetic cannabis products contain ingredients of a newly developed synthetic medication called ADBB. They are a strong agonist of the CB1 and CB2 receptors, with respective EC50 values of 0.52 nM and 0.88 nM. However, nothing is known about this compound&#8217;s physiologic and toxicological characteristics.<\/p>\n<h3>K \u010demu slou\u017e\u00ed ADBB?<\/h3>\n<p>P\u0159\u00edpravek ADBB by nem\u011bli u\u017e\u00edvat lid\u00e9. V\u00fdzkumn\u00edci ve forenzn\u00edch laborato\u0159\u00edch vyu\u017e\u00edvaj\u00ed tento l\u00e9k jako studijn\u00ed chemik\u00e1lii.<\/p>\n<h3>Jak\u00e9 ne\u017e\u00e1douc\u00ed \u00fa\u010dinky zp\u016fsobuje ADBB?<\/h3>\n<p>P\u0159i dlouhodob\u00e9m u\u017e\u00edv\u00e1n\u00ed pr\u00e1\u0161ku ADBB jsou mo\u017en\u00e9 n\u00e1sleduj\u00edc\u00ed ne\u017e\u00e1douc\u00ed \u00fa\u010dinky:<\/p>\n<p>o Delirium<\/p>\n<p>o Kardiotoxicita<\/p>\n<p>Z\u00e1chvat<\/p>\n<p>Podchlazen\u00ed<\/p>\n<h3>Jak jste se dozv\u011bd\u011bli o ADB Butinaca?<\/h3>\n<p>Bez logick\u00e9ho testov\u00e1n\u00ed je obt\u00ed\u017en\u00e9 identifikovat ADB Butinaca. Nejrad\u011bji se m\u00eds\u00ed s jin\u00fdmi ADB Butinaca, kter\u00e9 jsou na prodej, a p\u0159irozen\u011b se objevuje jako sv\u011btle hn\u011bd\u00e9 nebo na\u017eloutl\u00e9 \u010d\u00e1stice. Vzhledem k tomu, \u017ee ostatn\u00ed za\u0159\u00edzen\u00ed mohou pou\u017e\u00edvat fas\u00e1dn\u00ed identifik\u00e1tory, jako je odst\u00edn, v\u016fn\u011b a chu\u0165, je p\u0159i mal\u00e9m mno\u017estv\u00ed ADB Butinaca v ochutn\u00e1vce identifikace obt\u00ed\u017en\u00e1. Mohou b\u00fdt tak\u00e9 inspirov\u00e1ny \u00fastn\u011b nebo vampy. Lid\u00e9 vkl\u00e1daj\u00ed obsa\u017een\u00e9 vzorky, kter\u00e9 se prod\u00e1vaj\u00ed jako pouli\u010dn\u00ed droga ADB Butinaca. Po vyu\u017eit\u00ed ADB Butinaca o n\u011bm z\u00e1kazn\u00edci \u0159\u00edkali jen pozitivn\u00ed v\u011bci. V\u011bdci a nad\u0161enci do chemie maj\u00ed fantastickou p\u0159\u00edle\u017eitost prov\u00e1d\u011bt fascinuj\u00edc\u00ed experimenty a ujmout se veden\u00ed p\u0159i ur\u010dov\u00e1n\u00ed z\u00e1kladn\u00edch chemick\u00fdch a fyzik\u00e1ln\u00edch vlastnost\u00ed materi\u00e1lu, proto\u017ee je o n\u011bm zn\u00e1mo tak m\u00e1lo.<\/p>\n<h3>Pro\u010d je ADB Butinaca zakoupena?<\/h3>\n<p>N\u011bkter\u00e9 syntetick\u00e9 konopn\u00e9 produkty ho obsahuj\u00ed. Zn\u00e1m\u00e1 americk\u00e1 farmaceutick\u00e1 korporace Pfizer vytvo\u0159ila tento designov\u00fd l\u00e9k s c\u00edlem vytvo\u0159it mo\u017en\u00e9 analgetikum. Pokud jste v\u00fdzkumn\u00fd pracovn\u00edk a chcete jej pou\u017e\u00edt pro v\u00fdzkum, m\u011bli byste si b\u00fdt v\u011bdomi mo\u017en\u00fdch rizik a ne\u017e\u00e1douc\u00edch \u00fa\u010dink\u016f. Je psychotropn\u00ed, stejn\u011b jako ostatn\u00ed syntetick\u00e9 kanabinoidy. Krom\u011b toho je tato chemick\u00e1 l\u00e1tka spojov\u00e1na s \u0159adou ne\u017e\u00e1douc\u00edch \u00fa\u010dink\u016f. ADB Butinaca m\u016f\u017eete z\u00edskat online od Orange Hems, d\u016fv\u011bryhodn\u00e9 webov\u00e9 str\u00e1nky.<\/p>\n<h3>Jak\u00e9 d\u016fsledky m\u00e1 ADB Butinaca?<\/h3>\n<p>One type of novel overpowering chemical that is typically employed in study is <a href=\"https:\/\/nembutalhouse.com\/cs\/\">ADB-BUTINACA<\/a>.<\/p>\n<h3>Pro\u010d je ADB Butinaca zakoupena?<\/h3>\n<p>N\u011bkter\u00e9 syntetick\u00e9 konopn\u00e9 produkty ho obsahuj\u00ed. Zn\u00e1m\u00e1 americk\u00e1 farmaceutick\u00e1 korporace Pfizer vytvo\u0159ila tento designov\u00fd l\u00e9k s c\u00edlem vytvo\u0159it mo\u017en\u00e9 analgetikum. Pokud jste v\u00fdzkumn\u00fd pracovn\u00edk a chcete jej pou\u017e\u00edt pro v\u00fdzkum, m\u011bli byste si b\u00fdt v\u011bdomi mo\u017en\u00fdch rizik a ne\u017e\u00e1douc\u00edch \u00fa\u010dink\u016f. Je psychotropn\u00ed, stejn\u011b jako ostatn\u00ed syntetick\u00e9 kanabinoidy. Krom\u011b toho je tato chemick\u00e1 l\u00e1tka spojov\u00e1na s \u0159adou ne\u017e\u00e1douc\u00edch \u00fa\u010dink\u016f. ADB Butinaca m\u016f\u017eete z\u00edskat online od Orange Hems, d\u016fv\u011bryhodn\u00e9 webov\u00e9 str\u00e1nky.<\/p>\n<h3>Jak\u00e9 d\u016fsledky m\u00e1 ADB Butinaca?<\/h3>\n<p>Jedn\u00edm z typ\u016f nov\u00fdch p\u0159em\u00e1haj\u00edc\u00edch chemick\u00fdch l\u00e1tek, kter\u00e9 se obvykle pou\u017e\u00edvaj\u00ed ve studii, je ADB-BUTINACA.<\/p>\n<p>Tyto nov\u00e9 syntetick\u00e9 kanabinoidy jsou um\u011bl\u00e9 slou\u010deniny, kter\u00e9 se p\u0159ipojuj\u00ed k v\u00fddaj\u016fm vyvolan\u00fdm va\u0161\u00ed online objedn\u00e1vkou ADB Butinaca.<\/p>\n<p>M\u00e1 adb butinaca kontrolu? koupit adb butinaca cayman, koupit adb butinaca dea, koupit adb butinaca cayman a koupit adb butinaca dea<\/p>\n<p>How to purchase adb butinaca, where to <a href=\"https:\/\/en.wikipedia.org\/wiki\/ADB-BUTINACA\">purchase adb butinaca<\/a>, where to buy high-quality adb butinaca, and how to purchase 5f-adb<\/p>\n<p>5f-adb-33n, 7-adb, trrcshop, adb-butinaca psychonaut, adb-butinaca pou\u017e\u00edv\u00e1, adb-butinaca vedlej\u0161\u00ed \u00fa\u010dinky, a jak leg\u00e1ln\u011b koupit adb butinaca<\/p>\n<p>&nbsp;<\/p>","protected":false},"excerpt":{"rendered":"<p>Purchase ADBB powder online. Purchase ADBB online. Certain synthetic cannabis products contain ingredients of a newly developed synthetic medication called ADBB. They are a strong agonist of the CB1 and&hellip;<\/p>","protected":false},"featured_media":1179,"comment_status":"open","ping_status":"closed","template":"","meta":{"_joinchat":[]},"product_cat":[188],"product_tag":[1989,2007,1984,1995,1996,1999,1985,2005,2006,2004,2003,1992,1982,1994,1983,2001,1998,1991,1987,1988,2002,2000,1997,1990,1993,1986],"class_list":{"0":"post-1165","1":"product","2":"type-product","3":"status-publish","4":"has-post-thumbnail","6":"product_cat-stimulants","7":"product_tag-adbb-brown-powder","8":"product_tag-adbb-brown-powder-for-cleaning","9":"product_tag-adbb-brown-powder-for-sale","10":"product_tag-adbb-brown-powder-online","11":"product_tag-adbb-brown-powder-price","12":"product_tag-adbb-brown-powder-store","13":"product_tag-adbb-brown-powder-supplier","14":"product_tag-adbb-brown-powder-use","15":"product_tag-adbb-brown-powder-wiki","16":"product_tag-adbb-brown-powder-worldwide","17":"product_tag-best-cheap-price-adbb-brown-powder","18":"product_tag-best-place-to-buy-adbb-brown-powder","19":"product_tag-buy-adbb-brown-powder","20":"product_tag-buy-adbb-brown-powder-legally","21":"product_tag-buy-adbb-brown-powder-online","22":"product_tag-cheap-adbb-brown-powder","23":"product_tag-high-quality-adbb-brown-powder","24":"product_tag-how-to-buy-adbb-brown-powder","25":"product_tag-order-adbb-brown-powder","26":"product_tag-order-adbb-brown-powder-online","27":"product_tag-purcharse-adbb-brown-powder-powder","28":"product_tag-shop-adbb-brown-powder","29":"product_tag-top-quality-adbb-brown-powder","30":"product_tag-where-to-buy-adbb-brown-powder","31":"product_tag-where-to-order-adbb-brown-powder","32":"product_tag-wholesale-adbb-brown-powder-bulk-online","34":"first","35":"instock","36":"shipping-taxable","37":"purchasable","38":"product-type-variable"},"yoast_head":"<!-- This site is optimized with the Yoast SEO plugin v24.1 - https:\/\/yoast.com\/wordpress\/plugins\/seo\/ -->\n<title>Buy 3 ADBB Online - ADBB for Sale - Order ADBB Online<\/title>\n<meta name=\"description\" content=\"At our NembutalHouse, you can get adbb for sale at cheap rates. Here you can buy adbb online with high-quality from our store now with fast &amp; secure shipping service. Order Now!\" \/>\n<meta name=\"robots\" content=\"index, follow, max-snippet:-1, max-image-preview:large, max-video-preview:-1\" \/>\n<link rel=\"canonical\" href=\"https:\/\/nembutalhouse.com\/cs\/produkt\/buy-adbb-online-2\/\" \/>\n<meta property=\"og:locale\" content=\"cs_CZ\" \/>\n<meta property=\"og:type\" content=\"article\" \/>\n<meta property=\"og:title\" content=\"Buy 3 ADBB Online - ADBB for Sale - Order ADBB Online\" \/>\n<meta property=\"og:description\" content=\"At our NembutalHouse, you can get adbb for sale at cheap rates. Here you can buy adbb online with high-quality from our store now with fast &amp; secure shipping service. Order Now!\" \/>\n<meta property=\"og:url\" content=\"https:\/\/nembutalhouse.com\/cs\/produkt\/buy-adbb-online-2\/\" \/>\n<meta property=\"og:site_name\" content=\"Nembutal House\" \/>\n<meta property=\"article:modified_time\" content=\"2026-03-06T08:29:06+00:00\" \/>\n<meta property=\"og:image\" content=\"https:\/\/nembutalhouse.com\/wp-content\/uploads\/2024\/10\/ADBB.gif\" \/>\n\t<meta property=\"og:image:width\" content=\"600\" \/>\n\t<meta property=\"og:image:height\" content=\"600\" \/>\n\t<meta property=\"og:image:type\" content=\"image\/gif\" \/>\n<meta name=\"twitter:card\" content=\"summary_large_image\" \/>\n<meta name=\"twitter:label1\" content=\"Odhadovan\u00e1 doba \u010dten\u00ed\" \/>\n\t<meta name=\"twitter:data1\" content=\"3 minuty\" \/>\n<script type=\"application\/ld+json\" class=\"yoast-schema-graph\">{\"@context\":\"https:\/\/schema.org\",\"@graph\":[{\"@type\":\"WebPage\",\"@id\":\"https:\/\/nembutalhouse.com\/product\/buy-adbb-online-2\/\",\"url\":\"https:\/\/nembutalhouse.com\/product\/buy-adbb-online-2\/\",\"name\":\"Buy 3 ADBB Online - ADBB for Sale - Order ADBB Online\",\"isPartOf\":{\"@id\":\"https:\/\/nembutalhouse.com\/#website\"},\"primaryImageOfPage\":{\"@id\":\"https:\/\/nembutalhouse.com\/product\/buy-adbb-online-2\/#primaryimage\"},\"image\":{\"@id\":\"https:\/\/nembutalhouse.com\/product\/buy-adbb-online-2\/#primaryimage\"},\"thumbnailUrl\":\"https:\/\/nembutalhouse.com\/wp-content\/uploads\/2024\/10\/ADBB.gif\",\"datePublished\":\"2024-10-16T11:48:08+00:00\",\"dateModified\":\"2026-03-06T08:29:06+00:00\",\"description\":\"At our NembutalHouse, you can get adbb for sale at cheap rates. Here you can buy adbb online with high-quality from our store now with fast & secure shipping service. Order Now!\",\"breadcrumb\":{\"@id\":\"https:\/\/nembutalhouse.com\/product\/buy-adbb-online-2\/#breadcrumb\"},\"inLanguage\":\"cs\",\"potentialAction\":[{\"@type\":\"ReadAction\",\"target\":[\"https:\/\/nembutalhouse.com\/product\/buy-adbb-online-2\/\"]}]},{\"@type\":\"ImageObject\",\"inLanguage\":\"cs\",\"@id\":\"https:\/\/nembutalhouse.com\/product\/buy-adbb-online-2\/#primaryimage\",\"url\":\"https:\/\/nembutalhouse.com\/wp-content\/uploads\/2024\/10\/ADBB.gif\",\"contentUrl\":\"https:\/\/nembutalhouse.com\/wp-content\/uploads\/2024\/10\/ADBB.gif\",\"width\":600,\"height\":600,\"caption\":\"Buy ADBB Online\"},{\"@type\":\"BreadcrumbList\",\"@id\":\"https:\/\/nembutalhouse.com\/product\/buy-adbb-online-2\/#breadcrumb\",\"itemListElement\":[{\"@type\":\"ListItem\",\"position\":1,\"name\":\"Home\",\"item\":\"https:\/\/nembutalhouse.com\/\"},{\"@type\":\"ListItem\",\"position\":2,\"name\":\"Shop\",\"item\":\"https:\/\/nembutalhouse.com\/shop\/\"},{\"@type\":\"ListItem\",\"position\":3,\"name\":\"Buy ADBB Online\"}]},{\"@type\":\"WebSite\",\"@id\":\"https:\/\/nembutalhouse.com\/#website\",\"url\":\"https:\/\/nembutalhouse.com\/\",\"name\":\"Nembutal House\",\"description\":\"Best Nembutal Online Store\",\"publisher\":{\"@id\":\"https:\/\/nembutalhouse.com\/#organization\"},\"potentialAction\":[{\"@type\":\"SearchAction\",\"target\":{\"@type\":\"EntryPoint\",\"urlTemplate\":\"https:\/\/nembutalhouse.com\/?s={search_term_string}\"},\"query-input\":{\"@type\":\"PropertyValueSpecification\",\"valueRequired\":true,\"valueName\":\"search_term_string\"}}],\"inLanguage\":\"cs\"},{\"@type\":\"Organization\",\"@id\":\"https:\/\/nembutalhouse.com\/#organization\",\"name\":\"Nembutal House\",\"url\":\"https:\/\/nembutalhouse.com\/\",\"logo\":{\"@type\":\"ImageObject\",\"inLanguage\":\"cs\",\"@id\":\"https:\/\/nembutalhouse.com\/#\/schema\/logo\/image\/\",\"url\":\"https:\/\/nembutalhouse.com\/wp-content\/uploads\/2022\/12\/logo.png\",\"contentUrl\":\"https:\/\/nembutalhouse.com\/wp-content\/uploads\/2022\/12\/logo.png\",\"width\":344,\"height\":103,\"caption\":\"Nembutal House\"},\"image\":{\"@id\":\"https:\/\/nembutalhouse.com\/#\/schema\/logo\/image\/\"}}]}<\/script>\n<!-- \/ Yoast SEO plugin. -->","yoast_head_json":{"title":"Buy 3 ADBB Online - ADBB for Sale - Order ADBB Online","description":"At our NembutalHouse, you can get adbb for sale at cheap rates. Here you can buy adbb online with high-quality from our store now with fast & secure shipping service. Order Now!","robots":{"index":"index","follow":"follow","max-snippet":"max-snippet:-1","max-image-preview":"max-image-preview:large","max-video-preview":"max-video-preview:-1"},"canonical":"https:\/\/nembutalhouse.com\/cs\/produkt\/buy-adbb-online-2\/","og_locale":"cs_CZ","og_type":"article","og_title":"Buy 3 ADBB Online - ADBB for Sale - Order ADBB Online","og_description":"At our NembutalHouse, you can get adbb for sale at cheap rates. Here you can buy adbb online with high-quality from our store now with fast & secure shipping service. Order Now!","og_url":"https:\/\/nembutalhouse.com\/cs\/produkt\/buy-adbb-online-2\/","og_site_name":"Nembutal House","article_modified_time":"2026-03-06T08:29:06+00:00","og_image":[{"width":600,"height":600,"url":"https:\/\/nembutalhouse.com\/wp-content\/uploads\/2024\/10\/ADBB.gif","type":"image\/gif"}],"twitter_card":"summary_large_image","twitter_misc":{"Odhadovan\u00e1 doba \u010dten\u00ed":"3 minuty"},"schema":{"@context":"https:\/\/schema.org","@graph":[{"@type":"WebPage","@id":"https:\/\/nembutalhouse.com\/product\/buy-adbb-online-2\/","url":"https:\/\/nembutalhouse.com\/product\/buy-adbb-online-2\/","name":"Buy 3 ADBB Online - ADBB for Sale - Order ADBB Online","isPartOf":{"@id":"https:\/\/nembutalhouse.com\/#website"},"primaryImageOfPage":{"@id":"https:\/\/nembutalhouse.com\/product\/buy-adbb-online-2\/#primaryimage"},"image":{"@id":"https:\/\/nembutalhouse.com\/product\/buy-adbb-online-2\/#primaryimage"},"thumbnailUrl":"https:\/\/nembutalhouse.com\/wp-content\/uploads\/2024\/10\/ADBB.gif","datePublished":"2024-10-16T11:48:08+00:00","dateModified":"2026-03-06T08:29:06+00:00","description":"At our NembutalHouse, you can get adbb for sale at cheap rates. Here you can buy adbb online with high-quality from our store now with fast & secure shipping service. Order Now!","breadcrumb":{"@id":"https:\/\/nembutalhouse.com\/product\/buy-adbb-online-2\/#breadcrumb"},"inLanguage":"cs","potentialAction":[{"@type":"ReadAction","target":["https:\/\/nembutalhouse.com\/product\/buy-adbb-online-2\/"]}]},{"@type":"ImageObject","inLanguage":"cs","@id":"https:\/\/nembutalhouse.com\/product\/buy-adbb-online-2\/#primaryimage","url":"https:\/\/nembutalhouse.com\/wp-content\/uploads\/2024\/10\/ADBB.gif","contentUrl":"https:\/\/nembutalhouse.com\/wp-content\/uploads\/2024\/10\/ADBB.gif","width":600,"height":600,"caption":"Buy ADBB Online"},{"@type":"BreadcrumbList","@id":"https:\/\/nembutalhouse.com\/product\/buy-adbb-online-2\/#breadcrumb","itemListElement":[{"@type":"ListItem","position":1,"name":"Home","item":"https:\/\/nembutalhouse.com\/"},{"@type":"ListItem","position":2,"name":"Shop","item":"https:\/\/nembutalhouse.com\/shop\/"},{"@type":"ListItem","position":3,"name":"Buy ADBB Online"}]},{"@type":"WebSite","@id":"https:\/\/nembutalhouse.com\/#website","url":"https:\/\/nembutalhouse.com\/","name":"Nembutal House","description":"Best Nembutal Online Store","publisher":{"@id":"https:\/\/nembutalhouse.com\/#organization"},"potentialAction":[{"@type":"SearchAction","target":{"@type":"EntryPoint","urlTemplate":"https:\/\/nembutalhouse.com\/?s={search_term_string}"},"query-input":{"@type":"PropertyValueSpecification","valueRequired":true,"valueName":"search_term_string"}}],"inLanguage":"cs"},{"@type":"Organization","@id":"https:\/\/nembutalhouse.com\/#organization","name":"Nembutal House","url":"https:\/\/nembutalhouse.com\/","logo":{"@type":"ImageObject","inLanguage":"cs","@id":"https:\/\/nembutalhouse.com\/#\/schema\/logo\/image\/","url":"https:\/\/nembutalhouse.com\/wp-content\/uploads\/2022\/12\/logo.png","contentUrl":"https:\/\/nembutalhouse.com\/wp-content\/uploads\/2022\/12\/logo.png","width":344,"height":103,"caption":"Nembutal House"},"image":{"@id":"https:\/\/nembutalhouse.com\/#\/schema\/logo\/image\/"}}]}},"_links":{"self":[{"href":"https:\/\/nembutalhouse.com\/cs\/wp-json\/wp\/v2\/product\/1165","targetHints":{"allow":["GET"]}}],"collection":[{"href":"https:\/\/nembutalhouse.com\/cs\/wp-json\/wp\/v2\/product"}],"about":[{"href":"https:\/\/nembutalhouse.com\/cs\/wp-json\/wp\/v2\/types\/product"}],"replies":[{"embeddable":true,"href":"https:\/\/nembutalhouse.com\/cs\/wp-json\/wp\/v2\/comments?post=1165"}],"wp:featuredmedia":[{"embeddable":true,"href":"https:\/\/nembutalhouse.com\/cs\/wp-json\/wp\/v2\/media\/1179"}],"wp:attachment":[{"href":"https:\/\/nembutalhouse.com\/cs\/wp-json\/wp\/v2\/media?parent=1165"}],"wp:term":[{"taxonomy":"product_cat","embeddable":true,"href":"https:\/\/nembutalhouse.com\/cs\/wp-json\/wp\/v2\/product_cat?post=1165"},{"taxonomy":"product_tag","embeddable":true,"href":"https:\/\/nembutalhouse.com\/cs\/wp-json\/wp\/v2\/product_tag?post=1165"}],"curies":[{"name":"wp","href":"https:\/\/api.w.org\/{rel}","templated":true}]}}