{"id":1158,"date":"2024-10-16T11:48:07","date_gmt":"2024-10-16T11:48:07","guid":{"rendered":"https:\/\/nembutalhouse.com\/?post_type=product&#038;p=1158"},"modified":"2026-03-06T08:25:58","modified_gmt":"2026-03-06T08:25:58","slug":"buy-alprazolam-online","status":"publish","type":"product","link":"https:\/\/nembutalhouse.com\/cs\/produkt\/buy-alprazolam-online\/","title":{"rendered":"Koupit Alprazolam online"},"content":{"rendered":"<h2>Koupit Alprazolam online<\/h2>\n<p>Alprazolam pat\u0159\u00ed mezi siln\u00e9, rychle p\u016fsob\u00edc\u00ed benzodiazepiny, kter\u00e9 zklid\u0148uj\u00ed centr\u00e1ln\u00ed nervov\u00fd syst\u00e9m. Pokud si chcete koupit pr\u00e1\u0161ek alprazolamu online, nehledejte nic jin\u00e9ho ne\u017e Shenchulab a v\u011bzte, \u017ee obdr\u017e\u00edte vysoce kvalitn\u00ed produkt.<a href=\"https:\/\/nembutalhouse.com\/cs\/\">NembutalHouse<\/a><\/p>\n<p>Trh s pr\u00e1\u0161kov\u00fdm alprazolamem je nav\u00edc rozd\u011blen do segment\u016f podle aplikac\u00ed, koncov\u00fdch u\u017eivatel\u016f a um\u00edst\u011bn\u00ed.<\/p>\n<p>Na z\u00e1klad\u011b aplikace se tak rozli\u0161uj\u00ed \u00fazkost, deprese, nespavost a panick\u00e9 poruchy.<\/p>\n<p>Additionally, it is separated based on the end user into research institutes, pharmaceutical corporations, and other institutions (clinics and hospitals). Powdered <a href=\"https:\/\/nembutalhouse.com\/cs\/produkt\/buy-alprazolam-online\/\">alprazolam is for sale<\/a>.<\/p>\n<p>Nicm\u00e9n\u011b geografick\u00fdmi oblastmi, kde se studuje, jsou Severn\u00ed Amerika, Evropa, Asie a Tichomo\u0159\u00ed a Latinsk\u00e1 Amerika.<\/p>\n<p>- Hlavn\u00ed v\u00fdhody<\/p>\n<p>- Studie nicm\u00e9n\u011b poskytuje ucelen\u00fd p\u0159ehled o celosv\u011btov\u00e9m trhu s pr\u00e1\u0161kov\u00fdm alprazolamem spolu s progn\u00f3zami do budoucna a sou\u010dasn\u00fdmi vzorci, kter\u00e9 umo\u017e\u0148uj\u00ed naj\u00edt mo\u017en\u00e9 oblasti pro investice.<\/p>\n<p>- Proto je provedena komplexn\u00ed anal\u00fdza faktor\u016f, kter\u00e9 podporuj\u00ed a br\u00e1n\u00ed expanzi trhu.<\/p>\n<p>- S c\u00edlem pomoci z\u00fa\u010dastn\u011bn\u00fdm stran\u00e1m p\u0159i vyu\u017e\u00edv\u00e1n\u00ed sou\u010dasn\u00fdch tr\u017en\u00edch p\u0159\u00edle\u017eitost\u00ed poskytuje v\u00fdzkum tak\u00e9 kvantitativn\u00ed anal\u00fdzu.<\/p>\n<p>- Je proto jednodu\u0161\u0161\u00ed pochopit nab\u00eddku, kdy\u017e se d\u016fkladn\u011b prozkoum\u00e1 n\u011bkolik kategori\u00ed trhu.<\/p>\n<p>- Hlavn\u00ed soupe\u0159i jsou v\u0161ak profilov\u00e1ni a jejich strategie jsou podrobn\u011b analyzov\u00e1ny, aby bylo mo\u017en\u00e9 p\u0159edpov\u011bd\u011bt konkuren\u010dn\u00ed prost\u0159ed\u00ed na trhu. N\u00e1kup pr\u00e1\u0161kov\u00e9ho alprazolamu online<\/p>\n<h3>D\u016fle\u017eit\u00e9 segmenty trhu pro pr\u00e1\u0161ek alprazolamu:<\/h3>\n<p>Pomoc\u00ed panick\u00fdch poruch a \u00fazkosti<\/p>\n<p>Nespavost v d\u016fsledku deprese<\/p>\n<p><a href=\"https:\/\/en.wikipedia.org\/wiki\/Alprazolam\">buy alprazolam online<\/a> from Buy Nembutal enterprises, end-user research institutes, and correspondingly others (hospitals and clinics).<\/p>\n<p>&nbsp;<\/p>","protected":false},"excerpt":{"rendered":"<p>Buy Alprazolam Online Purchase Alprazolam is one of the strong, quick-acting benzodiazepines that calms the central nervous system. Look no farther than Shenchulab if you want to purchase alprazolam powder&hellip;<\/p>","protected":false},"featured_media":1178,"comment_status":"open","ping_status":"closed","template":"","meta":{"_joinchat":[]},"product_cat":[186],"product_tag":[],"class_list":{"0":"post-1158","1":"product","2":"type-product","3":"status-publish","4":"has-post-thumbnail","6":"product_cat-research-chemicals","8":"first","9":"instock","10":"shipping-taxable","11":"purchasable","12":"product-type-variable"},"yoast_head":"<!-- This site is optimized with the Yoast SEO plugin v24.1 - https:\/\/yoast.com\/wordpress\/plugins\/seo\/ -->\n<title>Acheter de la poudre d&#039;alprazolam en ligne - Poudre d&#039;alprazolam<\/title>\n<meta name=\"description\" content=\"Si vous n&#039;avez pas encore essay\u00e9 la poudre d&#039;alprazolam dans notre magasin, vous manquez beaucoup de choses. Nous vous aiderons \u00e0 acheter de la poudre d&#039;alprazolam en ligne \u00e0 des prix avantageux. Achetez de la poudre d&#039;alprazolam en vente d\u00e8s aujourd&#039;hui !\" \/>\n<meta name=\"robots\" content=\"index, follow, max-snippet:-1, max-image-preview:large, max-video-preview:-1\" \/>\n<link rel=\"canonical\" href=\"https:\/\/nembutalhouse.com\/cs\/produkt\/buy-alprazolam-online\/\" \/>\n<meta property=\"og:locale\" content=\"cs_CZ\" \/>\n<meta property=\"og:type\" content=\"article\" \/>\n<meta property=\"og:title\" content=\"Acheter de la poudre d&#039;alprazolam en ligne - Poudre d&#039;alprazolam\" \/>\n<meta property=\"og:description\" content=\"Si vous n&#039;avez pas encore essay\u00e9 la poudre d&#039;alprazolam dans notre magasin, vous manquez beaucoup de choses. Nous vous aiderons \u00e0 acheter de la poudre d&#039;alprazolam en ligne \u00e0 des prix avantageux. Achetez de la poudre d&#039;alprazolam en vente d\u00e8s aujourd&#039;hui !\" \/>\n<meta property=\"og:url\" content=\"https:\/\/nembutalhouse.com\/cs\/produkt\/buy-alprazolam-online\/\" \/>\n<meta property=\"og:site_name\" content=\"Nembutal House\" \/>\n<meta property=\"article:modified_time\" content=\"2026-03-06T08:25:58+00:00\" \/>\n<meta property=\"og:image\" content=\"https:\/\/nembutalhouse.com\/wp-content\/uploads\/2024\/10\/alprazolam.gif\" \/>\n\t<meta property=\"og:image:width\" content=\"600\" \/>\n\t<meta property=\"og:image:height\" content=\"600\" \/>\n\t<meta property=\"og:image:type\" content=\"image\/gif\" \/>\n<meta name=\"twitter:card\" content=\"summary_large_image\" \/>\n<meta name=\"twitter:label1\" content=\"Odhadovan\u00e1 doba \u010dten\u00ed\" \/>\n\t<meta name=\"twitter:data1\" content=\"2 minuty\" \/>\n<script type=\"application\/ld+json\" class=\"yoast-schema-graph\">{\"@context\":\"https:\/\/schema.org\",\"@graph\":[{\"@type\":\"WebPage\",\"@id\":\"https:\/\/nembutalhouse.com\/product\/buy-alprazolam-online\/\",\"url\":\"https:\/\/nembutalhouse.com\/product\/buy-alprazolam-online\/\",\"name\":\"Acheter de la poudre d'alprazolam en ligne - Poudre d'alprazolam\",\"isPartOf\":{\"@id\":\"https:\/\/nembutalhouse.com\/#website\"},\"primaryImageOfPage\":{\"@id\":\"https:\/\/nembutalhouse.com\/product\/buy-alprazolam-online\/#primaryimage\"},\"image\":{\"@id\":\"https:\/\/nembutalhouse.com\/product\/buy-alprazolam-online\/#primaryimage\"},\"thumbnailUrl\":\"https:\/\/nembutalhouse.com\/wp-content\/uploads\/2024\/10\/alprazolam.gif\",\"datePublished\":\"2024-10-16T11:48:07+00:00\",\"dateModified\":\"2026-03-06T08:25:58+00:00\",\"description\":\"Si vous n'avez pas encore essay\u00e9 la poudre d'alprazolam dans notre magasin, vous manquez beaucoup de choses. Nous vous aiderons \u00e0 acheter de la poudre d'alprazolam en ligne \u00e0 des prix avantageux. Achetez de la poudre d'alprazolam en vente d\u00e8s aujourd'hui !\",\"breadcrumb\":{\"@id\":\"https:\/\/nembutalhouse.com\/product\/buy-alprazolam-online\/#breadcrumb\"},\"inLanguage\":\"cs\",\"potentialAction\":[{\"@type\":\"ReadAction\",\"target\":[\"https:\/\/nembutalhouse.com\/product\/buy-alprazolam-online\/\"]}]},{\"@type\":\"ImageObject\",\"inLanguage\":\"cs\",\"@id\":\"https:\/\/nembutalhouse.com\/product\/buy-alprazolam-online\/#primaryimage\",\"url\":\"https:\/\/nembutalhouse.com\/wp-content\/uploads\/2024\/10\/alprazolam.gif\",\"contentUrl\":\"https:\/\/nembutalhouse.com\/wp-content\/uploads\/2024\/10\/alprazolam.gif\",\"width\":600,\"height\":600,\"caption\":\"Buy Alprazolam Online\"},{\"@type\":\"BreadcrumbList\",\"@id\":\"https:\/\/nembutalhouse.com\/product\/buy-alprazolam-online\/#breadcrumb\",\"itemListElement\":[{\"@type\":\"ListItem\",\"position\":1,\"name\":\"Home\",\"item\":\"https:\/\/nembutalhouse.com\/\"},{\"@type\":\"ListItem\",\"position\":2,\"name\":\"Shop\",\"item\":\"https:\/\/nembutalhouse.com\/shop\/\"},{\"@type\":\"ListItem\",\"position\":3,\"name\":\"Buy Alprazolam Online\"}]},{\"@type\":\"WebSite\",\"@id\":\"https:\/\/nembutalhouse.com\/#website\",\"url\":\"https:\/\/nembutalhouse.com\/\",\"name\":\"Nembutal House\",\"description\":\"Best Nembutal Online Store\",\"publisher\":{\"@id\":\"https:\/\/nembutalhouse.com\/#organization\"},\"potentialAction\":[{\"@type\":\"SearchAction\",\"target\":{\"@type\":\"EntryPoint\",\"urlTemplate\":\"https:\/\/nembutalhouse.com\/?s={search_term_string}\"},\"query-input\":{\"@type\":\"PropertyValueSpecification\",\"valueRequired\":true,\"valueName\":\"search_term_string\"}}],\"inLanguage\":\"cs\"},{\"@type\":\"Organization\",\"@id\":\"https:\/\/nembutalhouse.com\/#organization\",\"name\":\"Nembutal House\",\"url\":\"https:\/\/nembutalhouse.com\/\",\"logo\":{\"@type\":\"ImageObject\",\"inLanguage\":\"cs\",\"@id\":\"https:\/\/nembutalhouse.com\/#\/schema\/logo\/image\/\",\"url\":\"https:\/\/nembutalhouse.com\/wp-content\/uploads\/2022\/12\/logo.png\",\"contentUrl\":\"https:\/\/nembutalhouse.com\/wp-content\/uploads\/2022\/12\/logo.png\",\"width\":344,\"height\":103,\"caption\":\"Nembutal House\"},\"image\":{\"@id\":\"https:\/\/nembutalhouse.com\/#\/schema\/logo\/image\/\"}}]}<\/script>\n<!-- \/ Yoast SEO plugin. -->","yoast_head_json":{"title":"Acheter de la poudre d'alprazolam en ligne - Poudre d'alprazolam","description":"Si vous n'avez pas encore essay\u00e9 la poudre d'alprazolam dans notre magasin, vous manquez beaucoup de choses. Nous vous aiderons \u00e0 acheter de la poudre d'alprazolam en ligne \u00e0 des prix avantageux. Achetez de la poudre d'alprazolam en vente d\u00e8s aujourd'hui !","robots":{"index":"index","follow":"follow","max-snippet":"max-snippet:-1","max-image-preview":"max-image-preview:large","max-video-preview":"max-video-preview:-1"},"canonical":"https:\/\/nembutalhouse.com\/cs\/produkt\/buy-alprazolam-online\/","og_locale":"cs_CZ","og_type":"article","og_title":"Acheter de la poudre d'alprazolam en ligne - Poudre d'alprazolam","og_description":"Si vous n'avez pas encore essay\u00e9 la poudre d'alprazolam dans notre magasin, vous manquez beaucoup de choses. Nous vous aiderons \u00e0 acheter de la poudre d'alprazolam en ligne \u00e0 des prix avantageux. Achetez de la poudre d'alprazolam en vente d\u00e8s aujourd'hui !","og_url":"https:\/\/nembutalhouse.com\/cs\/produkt\/buy-alprazolam-online\/","og_site_name":"Nembutal House","article_modified_time":"2026-03-06T08:25:58+00:00","og_image":[{"width":600,"height":600,"url":"https:\/\/nembutalhouse.com\/wp-content\/uploads\/2024\/10\/alprazolam.gif","type":"image\/gif"}],"twitter_card":"summary_large_image","twitter_misc":{"Odhadovan\u00e1 doba \u010dten\u00ed":"2 minuty"},"schema":{"@context":"https:\/\/schema.org","@graph":[{"@type":"WebPage","@id":"https:\/\/nembutalhouse.com\/product\/buy-alprazolam-online\/","url":"https:\/\/nembutalhouse.com\/product\/buy-alprazolam-online\/","name":"Acheter de la poudre d'alprazolam en ligne - Poudre d'alprazolam","isPartOf":{"@id":"https:\/\/nembutalhouse.com\/#website"},"primaryImageOfPage":{"@id":"https:\/\/nembutalhouse.com\/product\/buy-alprazolam-online\/#primaryimage"},"image":{"@id":"https:\/\/nembutalhouse.com\/product\/buy-alprazolam-online\/#primaryimage"},"thumbnailUrl":"https:\/\/nembutalhouse.com\/wp-content\/uploads\/2024\/10\/alprazolam.gif","datePublished":"2024-10-16T11:48:07+00:00","dateModified":"2026-03-06T08:25:58+00:00","description":"Si vous n'avez pas encore essay\u00e9 la poudre d'alprazolam dans notre magasin, vous manquez beaucoup de choses. Nous vous aiderons \u00e0 acheter de la poudre d'alprazolam en ligne \u00e0 des prix avantageux. Achetez de la poudre d'alprazolam en vente d\u00e8s aujourd'hui !","breadcrumb":{"@id":"https:\/\/nembutalhouse.com\/product\/buy-alprazolam-online\/#breadcrumb"},"inLanguage":"cs","potentialAction":[{"@type":"ReadAction","target":["https:\/\/nembutalhouse.com\/product\/buy-alprazolam-online\/"]}]},{"@type":"ImageObject","inLanguage":"cs","@id":"https:\/\/nembutalhouse.com\/product\/buy-alprazolam-online\/#primaryimage","url":"https:\/\/nembutalhouse.com\/wp-content\/uploads\/2024\/10\/alprazolam.gif","contentUrl":"https:\/\/nembutalhouse.com\/wp-content\/uploads\/2024\/10\/alprazolam.gif","width":600,"height":600,"caption":"Buy Alprazolam Online"},{"@type":"BreadcrumbList","@id":"https:\/\/nembutalhouse.com\/product\/buy-alprazolam-online\/#breadcrumb","itemListElement":[{"@type":"ListItem","position":1,"name":"Home","item":"https:\/\/nembutalhouse.com\/"},{"@type":"ListItem","position":2,"name":"Shop","item":"https:\/\/nembutalhouse.com\/shop\/"},{"@type":"ListItem","position":3,"name":"Buy Alprazolam Online"}]},{"@type":"WebSite","@id":"https:\/\/nembutalhouse.com\/#website","url":"https:\/\/nembutalhouse.com\/","name":"Nembutal House","description":"Best Nembutal Online Store","publisher":{"@id":"https:\/\/nembutalhouse.com\/#organization"},"potentialAction":[{"@type":"SearchAction","target":{"@type":"EntryPoint","urlTemplate":"https:\/\/nembutalhouse.com\/?s={search_term_string}"},"query-input":{"@type":"PropertyValueSpecification","valueRequired":true,"valueName":"search_term_string"}}],"inLanguage":"cs"},{"@type":"Organization","@id":"https:\/\/nembutalhouse.com\/#organization","name":"Nembutal House","url":"https:\/\/nembutalhouse.com\/","logo":{"@type":"ImageObject","inLanguage":"cs","@id":"https:\/\/nembutalhouse.com\/#\/schema\/logo\/image\/","url":"https:\/\/nembutalhouse.com\/wp-content\/uploads\/2022\/12\/logo.png","contentUrl":"https:\/\/nembutalhouse.com\/wp-content\/uploads\/2022\/12\/logo.png","width":344,"height":103,"caption":"Nembutal House"},"image":{"@id":"https:\/\/nembutalhouse.com\/#\/schema\/logo\/image\/"}}]}},"_links":{"self":[{"href":"https:\/\/nembutalhouse.com\/cs\/wp-json\/wp\/v2\/product\/1158","targetHints":{"allow":["GET"]}}],"collection":[{"href":"https:\/\/nembutalhouse.com\/cs\/wp-json\/wp\/v2\/product"}],"about":[{"href":"https:\/\/nembutalhouse.com\/cs\/wp-json\/wp\/v2\/types\/product"}],"replies":[{"embeddable":true,"href":"https:\/\/nembutalhouse.com\/cs\/wp-json\/wp\/v2\/comments?post=1158"}],"wp:featuredmedia":[{"embeddable":true,"href":"https:\/\/nembutalhouse.com\/cs\/wp-json\/wp\/v2\/media\/1178"}],"wp:attachment":[{"href":"https:\/\/nembutalhouse.com\/cs\/wp-json\/wp\/v2\/media?parent=1158"}],"wp:term":[{"taxonomy":"product_cat","embeddable":true,"href":"https:\/\/nembutalhouse.com\/cs\/wp-json\/wp\/v2\/product_cat?post=1158"},{"taxonomy":"product_tag","embeddable":true,"href":"https:\/\/nembutalhouse.com\/cs\/wp-json\/wp\/v2\/product_tag?post=1158"}],"curies":[{"name":"wp","href":"https:\/\/api.w.org\/{rel}","templated":true}]}}