{"id":1105,"date":"2024-10-16T11:47:47","date_gmt":"2024-10-16T11:47:47","guid":{"rendered":"https:\/\/nembutalhouse.com\/?post_type=product&#038;p=1105"},"modified":"2026-03-06T07:02:23","modified_gmt":"2026-03-06T07:02:23","slug":"buy-2fdck-online","status":"publish","type":"product","link":"https:\/\/nembutalhouse.com\/cs\/produkt\/koupit-2fdck-online\/","title":{"rendered":"Buy 2fdck Online"},"content":{"rendered":"<h2>Zakoupit 2FDCK online.<\/h2>\n<p><a href=\"https:\/\/nembutalhouse.com\/cs\/produkt\/koupit-2fdck-online\/\">2-fluorodeschloroketamin<\/a>, n\u011bkdy ozna\u010dovan\u00fd jako 2-Fl-2\u2032-Oxo-PCM, fluoroketamin a 2-FDCK, je disociativn\u00ed anestetikum, kter\u00e9 lze zakoupit online. Jedn\u00e1 se o prost\u00fd ketamin, ve kter\u00e9m fluor nahradil chlorovou skupinu. MXPP a 2-fdck, \u010dasto zn\u00e1m\u00fd jako fluoroketamin, jsou v podstat\u011b zam\u011bniteln\u00e9. Pro tuto polo\u017eku se navrhuj\u00ed aplikace v m\u011b\u0159en\u00ed a v\u00fdzkumu. Levn\u00e9 2fdck na prodej<\/p>\n<p>Disociativn\u00ed narkotikum, 2-FDCK Pr\u00e1\u0161ek 2-Fluorodeschloroketamin je tak\u00e9 zn\u00e1m\u00fd jako 2-Fl-2\u2032-Oxo-PCM, Fluoroketamin a 2-FDCK. Jedn\u00e1 se jednodu\u0161e o ketamin, ve kter\u00e9m fluor nahradil chlorovou skupinu.<\/p>\n<p>2-Fl-2\u2032-Oxo-PCM, zn\u00e1m\u00fd tak\u00e9 jako 2-Fluorodeschloroketamin, 2-FDCK a chybn\u011b jako 2-Fluroketamin, Fluoroketamin a 2-FK, je relativn\u011b nezn\u00e1m\u00e1 nov\u00e1 disociativn\u00ed l\u00e1tka pat\u0159\u00edc\u00ed do skupiny arylcyklohexylamin\u016f, kter\u00e1 pod kontrolou vykazuje uklid\u0148uj\u00edc\u00ed, disociativn\u00ed a halucinogenn\u00ed vlastnosti. V z\u00e1sad\u011b je spojen s arylcyklohexylaminy.<\/p>\n<p>jako je deschloroketamin a ketamin, a m\u00e1 \u00fadajn\u011b podobn\u00e9 \u00fa\u010dinky. Zakoupit 2FDCK online. <a href=\"https:\/\/nembutalhouse.com\/cs\/\">NembutalHouse<\/a><\/p>\n<h3>2-fdck disociativn\u00ed<\/h3>\n<p>Podobn\u011b jako jin\u00e9 disociativn\u00ed drogy jej rekrea\u010dn\u00ed u\u017eivatel\u00e9 vyhled\u00e1vaj\u00ed p\u0159edev\u0161\u00edm pro jeho stimuluj\u00edc\u00ed \"mimot\u011bln\u00ed\" \u00fa\u010dinky, kter\u00e9 se ozna\u010duj\u00ed jako \"disociativn\u00ed sedace\" (i kdy\u017e m\u00edra, v jak\u00e9 k n\u00ed doch\u00e1z\u00ed, je prim\u00e1rn\u011b kontrolov\u00e1na). V sou\u010dasn\u00e9 dob\u011b se prod\u00e1v\u00e1 jako m\u00f3dn\u00ed st\u00e1l\u00fd obchod s ketaminem prost\u0159ednictv\u00edm internetov\u00fdch p\u0159epravc\u016f l\u00e1tek, kde byl poprv\u00e9 zp\u0159\u00edstupn\u011bn pozd\u011b. N\u00e1kup 2-FDCK online.<\/p>\n<p>Farmakologie, metabolismus a toxick\u00e9 vlastnosti 2-fluorodeschloroketaminu jsou t\u00e9m\u011b\u0159 nezn\u00e1m\u00e9. Historie jeho u\u017e\u00edv\u00e1n\u00ed u lid\u00ed je pozoruhodn\u011b kr\u00e1tk\u00e1. Velmi se doporu\u010duje, aby v p\u0159\u00edpad\u011b u\u017e\u00edv\u00e1n\u00ed t\u00e9to drogy byly dodr\u017eov\u00e1ny postupy harm decline. leg\u00e1ln\u00ed konopn\u00e9 produkty.<\/p>\n<p>L\u00e9kem na arylcyklohexylaminy je 2-fluorodeschloroketamin, zn\u00e1m\u00fd tak\u00e9 jako 2-(2-fluorofenyl)- 2-methylamino-cyklohexanon. N\u00e1zev \"arylcyklohexylaminy\" poch\u00e1z\u00ed z architektury t\u011bchto l\u00e9k\u016f, kter\u00e9 kombinuj\u00ed aminovou skupinu s cyklohexanov\u00fdm kruhem p\u0159ipojen\u00fdm k vonn\u00e9mu kruhu. V <a href=\"https:\/\/en.wikipedia.org\/wiki\/2-Fluorodeschloroketamine\">2-FDCK<\/a>, je fenylov\u00fd kruh spojen s cyklohexanov\u00fdm kruhem, kter\u00fd byl substituov\u00e1n ketonovou skupinou (cyklohexanon). Spojovac\u00ed alfa uhl\u00edk cyklohexanonov\u00e9ho kruhu (R2) je p\u0159ipojen k aminomethylov\u00e9mu \u0159et\u011bzci (-N-CH3). D\u00e1le je k n\u00e1hrad\u011b fenylov\u00e9ho kruhu na R2 pou\u017eito fluorov\u00e9 shlukov\u00e1n\u00ed.<\/p>\n<h3>Zakoupit 2-FDCK online.<\/h3>\n<p>2. Chir\u00e1ln\u00ed slou\u010denina fluorodescholoroketamin je \u010dasto vyj\u00e1d\u0159ena jako racem\u00e1t. Ve v\u011bd\u011b se p\u0159edpona des- pou\u017e\u00edv\u00e1 k ozna\u010den\u00ed nep\u0159\u00edtomnosti v\u00fdhodn\u00e9ho shluku (v tomto p\u0159\u00edpad\u011b \"chloro\"). 2. D\u016fvodem, pro\u010d je FDCK takto pojmenov\u00e1n, je to, \u017ee jeho fenylov\u00fd kruh m\u00e1 substituci fluorem. na rozd\u00edl od chloru p\u0159\u00edtomn\u00e9ho v ketaminu. Zakupte si 2-FDCK online.<\/p>\n<p>2-Fl-2\u2032-Oxo-PCM je m\u00e9n\u011b zn\u00e1m\u00e1 nov\u00e1 disociativn\u00ed l\u00e1tka ze skupiny arylcyklohexylamin\u016f, kter\u00e1 po koordinaci vykazuje disociativn\u00ed, bolest ti\u0161\u00edc\u00ed a halucinogenn\u00ed \u00fa\u010dinky. Nespr\u00e1vn\u011b se tak\u00e9 ozna\u010duje jako 2-fluroketamin, fluoroketamin a 2-FDCK.<\/p>\n<p>&nbsp;<\/p>\n<p>&nbsp;<\/p>","protected":false},"excerpt":{"rendered":"<p>Purchase 2FDCK online. 2-Fluorodeschloroketamine, sometimes referred to as 2-Fl-2\u2032-Oxo-PCM, Fluoroketamine, and 2-FDCK, is a dissociative anesthetic that can be purchased online. It is a straightforward ketamine in which fluorine has&hellip;<\/p>","protected":false},"featured_media":1609,"comment_status":"closed","ping_status":"closed","template":"","meta":{"_joinchat":[]},"product_cat":[186],"product_tag":[960,965,983,985,971,972,975,981,982,980,961,979,968,958,959,970,984,977,974,967,963,964,986,978,976,973,966,969,962],"class_list":{"0":"post-1105","1":"product","2":"type-product","3":"status-publish","4":"has-post-thumbnail","6":"product_cat-research-chemicals","7":"product_tag-2fdck-for-sale","8":"product_tag-2fdck-powder","9":"product_tag-2fdck-powder-for-cleaning","10":"product_tag-2fdck-powder-for-sale","11":"product_tag-2fdck-powder-online","12":"product_tag-2fdck-powder-price","13":"product_tag-2fdck-powder-store","14":"product_tag-2fdck-powder-use","15":"product_tag-2fdck-powder-wiki","16":"product_tag-2fdck-powder-worldwide","17":"product_tag-2fdck-supplier","18":"product_tag-best-cheap-price-2fdck-powder","19":"product_tag-best-place-to-buy-2fdck-powder","20":"product_tag-buy-2fdck","21":"product_tag-buy-2fdck-online","22":"product_tag-buy-2fdck-powder-legally","23":"product_tag-buy-2fdck-powder-online","24":"product_tag-cheap-2fdck-powders","25":"product_tag-high-quality-2fdck-powder","26":"product_tag-how-to-buy-2fdck-powder","27":"product_tag-order-2fdck","28":"product_tag-order-2fdck-online","29":"product_tag-order-2fdck-powder","30":"product_tag-purcharse-2fdck-powder-powder","31":"product_tag-shop-2fdck-powder","32":"product_tag-top-quality-2fdck-powder","33":"product_tag-where-to-buy-2fdck-powder","34":"product_tag-where-to-order-2fdck-powder","35":"product_tag-wholesale-2fdck-bulk-online","37":"first","38":"instock","39":"shipping-taxable","40":"purchasable","41":"product-type-variable","42":"has-default-attributes"},"yoast_head":"<!-- This site is optimized with the Yoast SEO plugin v24.1 - https:\/\/yoast.com\/wordpress\/plugins\/seo\/ -->\n<title>2FDCK for Sale - Buy 2FDCK Powder Online | NembutalHouse<\/title>\n<meta name=\"description\" content=\"Explore our online store for 2fdck for sale, offering high-quality 2fdck powder. Buy 2fdckonline securely and embark on your research journey with confidence.\" \/>\n<meta name=\"robots\" content=\"index, follow, max-snippet:-1, max-image-preview:large, max-video-preview:-1\" \/>\n<link rel=\"canonical\" href=\"https:\/\/nembutalhouse.com\/cs\/produkt\/koupit-2fdck-online\/\" \/>\n<meta property=\"og:locale\" content=\"cs_CZ\" \/>\n<meta property=\"og:type\" content=\"article\" \/>\n<meta property=\"og:title\" content=\"2FDCK for Sale - Buy 2FDCK Powder Online | NembutalHouse\" \/>\n<meta property=\"og:description\" content=\"Explore our online store for 2fdck for sale, offering high-quality 2fdck powder. Buy 2fdckonline securely and embark on your research journey with confidence.\" \/>\n<meta property=\"og:url\" content=\"https:\/\/nembutalhouse.com\/cs\/produkt\/koupit-2fdck-online\/\" \/>\n<meta property=\"og:site_name\" content=\"Nembutal House\" \/>\n<meta property=\"article:modified_time\" content=\"2026-03-06T07:02:23+00:00\" \/>\n<meta property=\"og:image\" content=\"https:\/\/nembutalhouse.com\/wp-content\/uploads\/2024\/10\/2fdck-1.gif\" \/>\n\t<meta property=\"og:image:width\" content=\"600\" \/>\n\t<meta property=\"og:image:height\" content=\"600\" \/>\n\t<meta property=\"og:image:type\" content=\"image\/gif\" \/>\n<meta name=\"twitter:card\" content=\"summary_large_image\" \/>\n<meta name=\"twitter:label1\" content=\"Odhadovan\u00e1 doba \u010dten\u00ed\" \/>\n\t<meta name=\"twitter:data1\" content=\"3 minuty\" \/>\n<script type=\"application\/ld+json\" class=\"yoast-schema-graph\">{\"@context\":\"https:\/\/schema.org\",\"@graph\":[{\"@type\":\"WebPage\",\"@id\":\"https:\/\/nembutalhouse.com\/product\/buy-2fdck-online\/\",\"url\":\"https:\/\/nembutalhouse.com\/product\/buy-2fdck-online\/\",\"name\":\"2FDCK for Sale - Buy 2FDCK Powder Online | NembutalHouse\",\"isPartOf\":{\"@id\":\"https:\/\/nembutalhouse.com\/#website\"},\"primaryImageOfPage\":{\"@id\":\"https:\/\/nembutalhouse.com\/product\/buy-2fdck-online\/#primaryimage\"},\"image\":{\"@id\":\"https:\/\/nembutalhouse.com\/product\/buy-2fdck-online\/#primaryimage\"},\"thumbnailUrl\":\"https:\/\/nembutalhouse.com\/wp-content\/uploads\/2024\/10\/2fdck-1.gif\",\"datePublished\":\"2024-10-16T11:47:47+00:00\",\"dateModified\":\"2026-03-06T07:02:23+00:00\",\"description\":\"Explore our online store for 2fdck for sale, offering high-quality 2fdck powder. Buy 2fdckonline securely and embark on your research journey with confidence.\",\"breadcrumb\":{\"@id\":\"https:\/\/nembutalhouse.com\/product\/buy-2fdck-online\/#breadcrumb\"},\"inLanguage\":\"cs\",\"potentialAction\":[{\"@type\":\"ReadAction\",\"target\":[\"https:\/\/nembutalhouse.com\/product\/buy-2fdck-online\/\"]}]},{\"@type\":\"ImageObject\",\"inLanguage\":\"cs\",\"@id\":\"https:\/\/nembutalhouse.com\/product\/buy-2fdck-online\/#primaryimage\",\"url\":\"https:\/\/nembutalhouse.com\/wp-content\/uploads\/2024\/10\/2fdck-1.gif\",\"contentUrl\":\"https:\/\/nembutalhouse.com\/wp-content\/uploads\/2024\/10\/2fdck-1.gif\",\"width\":600,\"height\":600,\"caption\":\"Buy 2fdck Online\"},{\"@type\":\"BreadcrumbList\",\"@id\":\"https:\/\/nembutalhouse.com\/product\/buy-2fdck-online\/#breadcrumb\",\"itemListElement\":[{\"@type\":\"ListItem\",\"position\":1,\"name\":\"Home\",\"item\":\"https:\/\/nembutalhouse.com\/\"},{\"@type\":\"ListItem\",\"position\":2,\"name\":\"Shop\",\"item\":\"https:\/\/nembutalhouse.com\/shop\/\"},{\"@type\":\"ListItem\",\"position\":3,\"name\":\"Buy 2fdck Online\"}]},{\"@type\":\"WebSite\",\"@id\":\"https:\/\/nembutalhouse.com\/#website\",\"url\":\"https:\/\/nembutalhouse.com\/\",\"name\":\"Nembutal House\",\"description\":\"Best Nembutal Online Store\",\"publisher\":{\"@id\":\"https:\/\/nembutalhouse.com\/#organization\"},\"potentialAction\":[{\"@type\":\"SearchAction\",\"target\":{\"@type\":\"EntryPoint\",\"urlTemplate\":\"https:\/\/nembutalhouse.com\/?s={search_term_string}\"},\"query-input\":{\"@type\":\"PropertyValueSpecification\",\"valueRequired\":true,\"valueName\":\"search_term_string\"}}],\"inLanguage\":\"cs\"},{\"@type\":\"Organization\",\"@id\":\"https:\/\/nembutalhouse.com\/#organization\",\"name\":\"Nembutal House\",\"url\":\"https:\/\/nembutalhouse.com\/\",\"logo\":{\"@type\":\"ImageObject\",\"inLanguage\":\"cs\",\"@id\":\"https:\/\/nembutalhouse.com\/#\/schema\/logo\/image\/\",\"url\":\"https:\/\/nembutalhouse.com\/wp-content\/uploads\/2022\/12\/logo.png\",\"contentUrl\":\"https:\/\/nembutalhouse.com\/wp-content\/uploads\/2022\/12\/logo.png\",\"width\":344,\"height\":103,\"caption\":\"Nembutal House\"},\"image\":{\"@id\":\"https:\/\/nembutalhouse.com\/#\/schema\/logo\/image\/\"}}]}<\/script>\n<!-- \/ Yoast SEO plugin. -->","yoast_head_json":{"title":"2FDCK for Sale - Buy 2FDCK Powder Online | NembutalHouse","description":"Explore our online store for 2fdck for sale, offering high-quality 2fdck powder. Buy 2fdckonline securely and embark on your research journey with confidence.","robots":{"index":"index","follow":"follow","max-snippet":"max-snippet:-1","max-image-preview":"max-image-preview:large","max-video-preview":"max-video-preview:-1"},"canonical":"https:\/\/nembutalhouse.com\/cs\/produkt\/koupit-2fdck-online\/","og_locale":"cs_CZ","og_type":"article","og_title":"2FDCK for Sale - Buy 2FDCK Powder Online | NembutalHouse","og_description":"Explore our online store for 2fdck for sale, offering high-quality 2fdck powder. Buy 2fdckonline securely and embark on your research journey with confidence.","og_url":"https:\/\/nembutalhouse.com\/cs\/produkt\/koupit-2fdck-online\/","og_site_name":"Nembutal House","article_modified_time":"2026-03-06T07:02:23+00:00","og_image":[{"width":600,"height":600,"url":"https:\/\/nembutalhouse.com\/wp-content\/uploads\/2024\/10\/2fdck-1.gif","type":"image\/gif"}],"twitter_card":"summary_large_image","twitter_misc":{"Odhadovan\u00e1 doba \u010dten\u00ed":"3 minuty"},"schema":{"@context":"https:\/\/schema.org","@graph":[{"@type":"WebPage","@id":"https:\/\/nembutalhouse.com\/product\/buy-2fdck-online\/","url":"https:\/\/nembutalhouse.com\/product\/buy-2fdck-online\/","name":"2FDCK for Sale - Buy 2FDCK Powder Online | NembutalHouse","isPartOf":{"@id":"https:\/\/nembutalhouse.com\/#website"},"primaryImageOfPage":{"@id":"https:\/\/nembutalhouse.com\/product\/buy-2fdck-online\/#primaryimage"},"image":{"@id":"https:\/\/nembutalhouse.com\/product\/buy-2fdck-online\/#primaryimage"},"thumbnailUrl":"https:\/\/nembutalhouse.com\/wp-content\/uploads\/2024\/10\/2fdck-1.gif","datePublished":"2024-10-16T11:47:47+00:00","dateModified":"2026-03-06T07:02:23+00:00","description":"Explore our online store for 2fdck for sale, offering high-quality 2fdck powder. Buy 2fdckonline securely and embark on your research journey with confidence.","breadcrumb":{"@id":"https:\/\/nembutalhouse.com\/product\/buy-2fdck-online\/#breadcrumb"},"inLanguage":"cs","potentialAction":[{"@type":"ReadAction","target":["https:\/\/nembutalhouse.com\/product\/buy-2fdck-online\/"]}]},{"@type":"ImageObject","inLanguage":"cs","@id":"https:\/\/nembutalhouse.com\/product\/buy-2fdck-online\/#primaryimage","url":"https:\/\/nembutalhouse.com\/wp-content\/uploads\/2024\/10\/2fdck-1.gif","contentUrl":"https:\/\/nembutalhouse.com\/wp-content\/uploads\/2024\/10\/2fdck-1.gif","width":600,"height":600,"caption":"Buy 2fdck Online"},{"@type":"BreadcrumbList","@id":"https:\/\/nembutalhouse.com\/product\/buy-2fdck-online\/#breadcrumb","itemListElement":[{"@type":"ListItem","position":1,"name":"Home","item":"https:\/\/nembutalhouse.com\/"},{"@type":"ListItem","position":2,"name":"Shop","item":"https:\/\/nembutalhouse.com\/shop\/"},{"@type":"ListItem","position":3,"name":"Buy 2fdck Online"}]},{"@type":"WebSite","@id":"https:\/\/nembutalhouse.com\/#website","url":"https:\/\/nembutalhouse.com\/","name":"Nembutal House","description":"Best Nembutal Online Store","publisher":{"@id":"https:\/\/nembutalhouse.com\/#organization"},"potentialAction":[{"@type":"SearchAction","target":{"@type":"EntryPoint","urlTemplate":"https:\/\/nembutalhouse.com\/?s={search_term_string}"},"query-input":{"@type":"PropertyValueSpecification","valueRequired":true,"valueName":"search_term_string"}}],"inLanguage":"cs"},{"@type":"Organization","@id":"https:\/\/nembutalhouse.com\/#organization","name":"Nembutal House","url":"https:\/\/nembutalhouse.com\/","logo":{"@type":"ImageObject","inLanguage":"cs","@id":"https:\/\/nembutalhouse.com\/#\/schema\/logo\/image\/","url":"https:\/\/nembutalhouse.com\/wp-content\/uploads\/2022\/12\/logo.png","contentUrl":"https:\/\/nembutalhouse.com\/wp-content\/uploads\/2022\/12\/logo.png","width":344,"height":103,"caption":"Nembutal House"},"image":{"@id":"https:\/\/nembutalhouse.com\/#\/schema\/logo\/image\/"}}]}},"_links":{"self":[{"href":"https:\/\/nembutalhouse.com\/cs\/wp-json\/wp\/v2\/product\/1105","targetHints":{"allow":["GET"]}}],"collection":[{"href":"https:\/\/nembutalhouse.com\/cs\/wp-json\/wp\/v2\/product"}],"about":[{"href":"https:\/\/nembutalhouse.com\/cs\/wp-json\/wp\/v2\/types\/product"}],"replies":[{"embeddable":true,"href":"https:\/\/nembutalhouse.com\/cs\/wp-json\/wp\/v2\/comments?post=1105"}],"wp:featuredmedia":[{"embeddable":true,"href":"https:\/\/nembutalhouse.com\/cs\/wp-json\/wp\/v2\/media\/1609"}],"wp:attachment":[{"href":"https:\/\/nembutalhouse.com\/cs\/wp-json\/wp\/v2\/media?parent=1105"}],"wp:term":[{"taxonomy":"product_cat","embeddable":true,"href":"https:\/\/nembutalhouse.com\/cs\/wp-json\/wp\/v2\/product_cat?post=1105"},{"taxonomy":"product_tag","embeddable":true,"href":"https:\/\/nembutalhouse.com\/cs\/wp-json\/wp\/v2\/product_tag?post=1105"}],"curies":[{"name":"wp","href":"https:\/\/api.w.org\/{rel}","templated":true}]}}