{"id":1104,"date":"2024-10-16T11:47:46","date_gmt":"2024-10-16T11:47:46","guid":{"rendered":"https:\/\/nembutalhouse.com\/?post_type=product&#038;p=1104"},"modified":"2026-03-06T07:02:49","modified_gmt":"2026-03-06T07:02:49","slug":"buy-2mmc-online","status":"publish","type":"product","link":"https:\/\/nembutalhouse.com\/cs\/produkt\/buy-2mmc-online\/","title":{"rendered":"Buy 2mmc Online"},"content":{"rendered":"<h2>Buy 2mmc Online<\/h2>\n<p><a href=\"https:\/\/en.wikipedia.org\/wiki\/2-Methylmethcathinone\">2 mm CRYSTAL<\/a> 3-MMC je stimulant katinonov\u00e9 t\u0159\u00eddy, kter\u00fd m\u00e1 stejnou strukturu jako mefedron.<br \/>\nJeden z nejlep\u0161\u00edch produkt\u016f, kter\u00e9 jsou v sou\u010dasn\u00e9 dob\u011b k dispozici, s \u010distotou 99%+, lze pou\u017e\u00edt jako alternativu mefedronu z podobn\u00fdch v\u00fdzkumn\u00fdch d\u016fvod\u016f.<\/p>\n<p>Nav\u00edc je k dispozici ve form\u011b krystal\u016f,<a href=\"https:\/\/nembutalhouse.com\/cs\/produkt\/buy-2mmc-online\/\"> 2mmc<\/a> CRYSTAL nen\u00ed ur\u010den k lidsk\u00e9 spot\u0159eb\u011b.<\/p>\n<p>Vzhledem k tomu, \u017ee poskytujeme v\u00fdzkumn\u00e9 chemik\u00e1lie ji\u017e v\u00edce ne\u017e 4 roky, z\u00edskali jsme mezi v\u00fdzkumn\u00fdmi pracovn\u00edky dobrou pov\u011bst online i offline. Jsme specializovan\u00fdm dodavatelem nejmodern\u011bj\u0161\u00edch <a href=\"https:\/\/nembutalhouse.com\/cs\/\">v\u00fdzkumn\u00e9 chemik\u00e1lie<\/a> prost\u0159edky a vysoce kvalitn\u00ed laboratorn\u00ed vybaven\u00ed vhodn\u00e9 pro pou\u017eit\u00ed p\u0159i laboratorn\u00edch pokusech. Jsme zn\u00e1m\u00ed poskytov\u00e1n\u00edm v\u00fdjime\u010dn\u00fdch slu\u017eeb z\u00e1kazn\u00edk\u016fm, vysoce kvalitn\u00edch v\u00fdzkumn\u00fdch chemik\u00e1li\u00ed a nej\u0161ir\u0161\u00edho sortimentu chemik\u00e1li\u00ed a nej\u0161ir\u0161\u00edho sortimentu ned\u00e1vno syntetizovan\u00e9ho zbo\u017e\u00ed, d\u00edky \u010demu\u017e jsme se stali partnerem mnoha v\u011bdc\u016f pracuj\u00edc\u00edch v oblasti biochemie a farmakologie.<\/p>\n<p>N\u00e1kup v\u00fdzkumn\u00fdch chemik\u00e1li\u00ed z na\u0161ich webov\u00fdch str\u00e1nek je pro v\u00fdzkumn\u00e9 pracovn\u00edky bezpe\u010dn\u00fd a pohodln\u00fd, proto\u017ee v\u0161echny informace o klientech jsou soukrom\u00e9 a d\u016fv\u011brn\u00e9 a na\u0161e platebn\u00ed procesy jsou bezpe\u010dn\u00e9 a zabezpe\u010den\u00e9. P\u0159ihl\u00e1\u0161en\u00edm do na\u0161eho programu odm\u011bn mohou vracej\u00edc\u00ed se z\u00e1kazn\u00edci u\u0161et\u0159it na sv\u00fdch n\u00e1kupech u n\u00e1s.<\/p>\n<p>Proto\u017ee n\u00e1m na na\u0161ich z\u00e1kazn\u00edc\u00edch velmi z\u00e1le\u017e\u00ed, jsme jedin\u00e1 spole\u010dnost, kter\u00e1 nab\u00edz\u00ed z\u00e1silkovou slu\u017ebu 100% pro v\u0161echny sledovan\u00e9 n\u00e1kupy. Pokud po 21 dnech va\u0161e sledovan\u00e9 zbo\u017e\u00ed z jak\u00e9hokoli d\u016fvodu nedoraz\u00ed, za\u0161leme v\u00e1m ho znovu bez dal\u0161\u00edch n\u00e1klad\u016f.<\/p>\n<p>Abychom zaru\u010dili, \u017ee v\u0161echny chemick\u00e9 vzorky obsahuj\u00ed co nejm\u00e9n\u011b kontaminant\u016f a \u017ee v\u011bdci v\u017edy v\u011bd\u00ed, co z\u00edsk\u00e1vaj\u00ed, jsou v\u0161echny na\u0161e v\u00fdrobky p\u0159ed odesl\u00e1n\u00edm d\u016fkladn\u011b testov\u00e1ny. S na\u0161\u00ed pomoc\u00ed nebylo nikdy snaz\u0161\u00ed pl\u00e1novat \u0161pi\u010dkov\u00e9 experimenty.<\/p>\n<p>N\u00e1kup v\u00fdzkumn\u00fdch chemik\u00e1li\u00ed z na\u0161ich webov\u00fdch str\u00e1nek je pro v\u00fdzkumn\u00e9 pracovn\u00edky bezpe\u010dn\u00fd a pohodln\u00fd, proto\u017ee v\u0161echny informace o klientech jsou soukrom\u00e9 a d\u016fv\u011brn\u00e9 a na\u0161e platebn\u00ed procesy jsou bezpe\u010dn\u00e9 a zabezpe\u010den\u00e9. P\u0159ihl\u00e1\u0161en\u00edm do na\u0161eho programu odm\u011bn mohou vracej\u00edc\u00ed se z\u00e1kazn\u00edci u\u0161et\u0159it na sv\u00fdch n\u00e1kupech u n\u00e1s.<\/p>\n<p>Jsme jedin\u00e1 firma, kter\u00e1 nab\u00edz\u00ed z\u00e1silkovou slu\u017ebu 100% pro v\u0161echny sledovan\u00e9 n\u00e1kupy, co\u017e dokazuje n\u00e1\u0161 z\u00e1vazek poskytovat vynikaj\u00edc\u00ed slu\u017eby z\u00e1kazn\u00edk\u016fm. Pokud va\u0161e sledovan\u00e1 objedn\u00e1vka z jak\u00e9hokoli d\u016fvodu nedoraz\u00ed, prost\u011b ji po 21 dnech znovu ode\u0161leme a vy nebudete platit nic nav\u00edc.<\/p>\n<p>Abychom zaru\u010dili, \u017ee v\u0161echny chemick\u00e9 vzorky obsahuj\u00ed co nejm\u00e9n\u011b kontaminant\u016f a \u017ee v\u011bdci v\u017edy v\u011bd\u00ed, co z\u00edsk\u00e1vaj\u00ed, jsou v\u0161echny na\u0161e v\u00fdrobky p\u0159ed odesl\u00e1n\u00edm d\u016fkladn\u011b testov\u00e1ny. S na\u0161\u00ed pomoc\u00ed nebylo nikdy snaz\u0161\u00ed pl\u00e1novat experimenty na vysok\u00e9 \u00farovni.<\/p>\n<p>&nbsp;<\/p>\n<p>&nbsp;<\/p>","protected":false},"excerpt":{"rendered":"<p>Buy 2mmc Online 2 mm CRYSTAL 3-MMC is a cathinone class stimulant that shares a structure with mephedrone. One of the best products available right now, with a purity of&hellip;<\/p>","protected":false},"featured_media":1608,"comment_status":"closed","ping_status":"closed","template":"","meta":{"_joinchat":[]},"product_cat":[186],"product_tag":[931,936,954,956,942,943,946,952,953,951,932,950,939,929,930,941,955,948,945,938,934,935,957,949,947,944,937,940,933],"class_list":{"0":"post-1104","1":"product","2":"type-product","3":"status-publish","4":"has-post-thumbnail","6":"product_cat-research-chemicals","7":"product_tag-2mmc-for-sale","8":"product_tag-2mmc-powder","9":"product_tag-2mmc-powder-for-cleaning","10":"product_tag-2mmc-powder-for-sale","11":"product_tag-2mmc-powder-online","12":"product_tag-2mmc-powder-price","13":"product_tag-2mmc-powder-store","14":"product_tag-2mmc-powder-use","15":"product_tag-2mmc-powder-wiki","16":"product_tag-2mmc-powder-worldwide","17":"product_tag-2mmc-supplier","18":"product_tag-best-cheap-price-2mmc-powder","19":"product_tag-best-place-to-buy-2mmc-powder","20":"product_tag-buy-2mmc","21":"product_tag-buy-2mmc-online","22":"product_tag-buy-2mmc-powder-legally","23":"product_tag-buy-2mmc-powder-online","24":"product_tag-cheap-2mmc-powders","25":"product_tag-high-quality-2mmc-powder","26":"product_tag-how-to-buy-2mmc-powder","27":"product_tag-order-2mmc","28":"product_tag-order-2mmc-online","29":"product_tag-order-2mmc-powder","30":"product_tag-purcharse-2mmc-powder-powder","31":"product_tag-shop-2mmc-powder","32":"product_tag-top-quality-2mmc-powder","33":"product_tag-where-to-buy-2mmc-powder","34":"product_tag-where-to-order-2mmc-powder","35":"product_tag-wholesale-2mmc-bulk-online","37":"first","38":"instock","39":"shipping-taxable","40":"purchasable","41":"product-type-variable"},"yoast_head":"<!-- This site is optimized with the Yoast SEO plugin v24.1 - https:\/\/yoast.com\/wordpress\/plugins\/seo\/ -->\n<title>Buy 2MMC Online - 2MMC for sale - Order 2MMC<\/title>\n<meta name=\"description\" content=\"Looking to further your research? Buy 2mmc conveniently and securely online, with a straightforward ordering process for 2mmc for sale. Explore the possibilities and buy 2mmc online for your research endeavors today.\" \/>\n<meta name=\"robots\" content=\"index, follow, max-snippet:-1, max-image-preview:large, max-video-preview:-1\" \/>\n<link rel=\"canonical\" href=\"https:\/\/nembutalhouse.com\/cs\/produkt\/buy-2mmc-online\/\" \/>\n<meta property=\"og:locale\" content=\"cs_CZ\" \/>\n<meta property=\"og:type\" content=\"article\" \/>\n<meta property=\"og:title\" content=\"Buy 2MMC Online - 2MMC for sale - Order 2MMC\" \/>\n<meta property=\"og:description\" content=\"Looking to further your research? Buy 2mmc conveniently and securely online, with a straightforward ordering process for 2mmc for sale. Explore the possibilities and buy 2mmc online for your research endeavors today.\" \/>\n<meta property=\"og:url\" content=\"https:\/\/nembutalhouse.com\/cs\/produkt\/buy-2mmc-online\/\" \/>\n<meta property=\"og:site_name\" content=\"Nembutal House\" \/>\n<meta property=\"article:modified_time\" content=\"2026-03-06T07:02:49+00:00\" \/>\n<meta property=\"og:image\" content=\"https:\/\/nembutalhouse.com\/wp-content\/uploads\/2024\/10\/2mmc-1.gif\" \/>\n\t<meta property=\"og:image:width\" content=\"600\" \/>\n\t<meta property=\"og:image:height\" content=\"600\" \/>\n\t<meta property=\"og:image:type\" content=\"image\/gif\" \/>\n<meta name=\"twitter:card\" content=\"summary_large_image\" \/>\n<meta name=\"twitter:label1\" content=\"Odhadovan\u00e1 doba \u010dten\u00ed\" \/>\n\t<meta name=\"twitter:data1\" content=\"2 minuty\" \/>\n<script type=\"application\/ld+json\" class=\"yoast-schema-graph\">{\"@context\":\"https:\/\/schema.org\",\"@graph\":[{\"@type\":\"WebPage\",\"@id\":\"https:\/\/nembutalhouse.com\/product\/buy-2mmc-online\/\",\"url\":\"https:\/\/nembutalhouse.com\/product\/buy-2mmc-online\/\",\"name\":\"Buy 2MMC Online - 2MMC for sale - Order 2MMC\",\"isPartOf\":{\"@id\":\"https:\/\/nembutalhouse.com\/#website\"},\"primaryImageOfPage\":{\"@id\":\"https:\/\/nembutalhouse.com\/product\/buy-2mmc-online\/#primaryimage\"},\"image\":{\"@id\":\"https:\/\/nembutalhouse.com\/product\/buy-2mmc-online\/#primaryimage\"},\"thumbnailUrl\":\"https:\/\/nembutalhouse.com\/wp-content\/uploads\/2024\/10\/2mmc-1.gif\",\"datePublished\":\"2024-10-16T11:47:46+00:00\",\"dateModified\":\"2026-03-06T07:02:49+00:00\",\"description\":\"Looking to further your research? Buy 2mmc conveniently and securely online, with a straightforward ordering process for 2mmc for sale. Explore the possibilities and buy 2mmc online for your research endeavors today.\",\"breadcrumb\":{\"@id\":\"https:\/\/nembutalhouse.com\/product\/buy-2mmc-online\/#breadcrumb\"},\"inLanguage\":\"cs\",\"potentialAction\":[{\"@type\":\"ReadAction\",\"target\":[\"https:\/\/nembutalhouse.com\/product\/buy-2mmc-online\/\"]}]},{\"@type\":\"ImageObject\",\"inLanguage\":\"cs\",\"@id\":\"https:\/\/nembutalhouse.com\/product\/buy-2mmc-online\/#primaryimage\",\"url\":\"https:\/\/nembutalhouse.com\/wp-content\/uploads\/2024\/10\/2mmc-1.gif\",\"contentUrl\":\"https:\/\/nembutalhouse.com\/wp-content\/uploads\/2024\/10\/2mmc-1.gif\",\"width\":600,\"height\":600,\"caption\":\"Buy 2mmc Online\"},{\"@type\":\"BreadcrumbList\",\"@id\":\"https:\/\/nembutalhouse.com\/product\/buy-2mmc-online\/#breadcrumb\",\"itemListElement\":[{\"@type\":\"ListItem\",\"position\":1,\"name\":\"Home\",\"item\":\"https:\/\/nembutalhouse.com\/\"},{\"@type\":\"ListItem\",\"position\":2,\"name\":\"Shop\",\"item\":\"https:\/\/nembutalhouse.com\/shop\/\"},{\"@type\":\"ListItem\",\"position\":3,\"name\":\"Buy 2mmc Online\"}]},{\"@type\":\"WebSite\",\"@id\":\"https:\/\/nembutalhouse.com\/#website\",\"url\":\"https:\/\/nembutalhouse.com\/\",\"name\":\"Nembutal House\",\"description\":\"Best Nembutal Online Store\",\"publisher\":{\"@id\":\"https:\/\/nembutalhouse.com\/#organization\"},\"potentialAction\":[{\"@type\":\"SearchAction\",\"target\":{\"@type\":\"EntryPoint\",\"urlTemplate\":\"https:\/\/nembutalhouse.com\/?s={search_term_string}\"},\"query-input\":{\"@type\":\"PropertyValueSpecification\",\"valueRequired\":true,\"valueName\":\"search_term_string\"}}],\"inLanguage\":\"cs\"},{\"@type\":\"Organization\",\"@id\":\"https:\/\/nembutalhouse.com\/#organization\",\"name\":\"Nembutal House\",\"url\":\"https:\/\/nembutalhouse.com\/\",\"logo\":{\"@type\":\"ImageObject\",\"inLanguage\":\"cs\",\"@id\":\"https:\/\/nembutalhouse.com\/#\/schema\/logo\/image\/\",\"url\":\"https:\/\/nembutalhouse.com\/wp-content\/uploads\/2022\/12\/logo.png\",\"contentUrl\":\"https:\/\/nembutalhouse.com\/wp-content\/uploads\/2022\/12\/logo.png\",\"width\":344,\"height\":103,\"caption\":\"Nembutal House\"},\"image\":{\"@id\":\"https:\/\/nembutalhouse.com\/#\/schema\/logo\/image\/\"}}]}<\/script>\n<!-- \/ Yoast SEO plugin. -->","yoast_head_json":{"title":"Buy 2MMC Online - 2MMC for sale - Order 2MMC","description":"Looking to further your research? Buy 2mmc conveniently and securely online, with a straightforward ordering process for 2mmc for sale. Explore the possibilities and buy 2mmc online for your research endeavors today.","robots":{"index":"index","follow":"follow","max-snippet":"max-snippet:-1","max-image-preview":"max-image-preview:large","max-video-preview":"max-video-preview:-1"},"canonical":"https:\/\/nembutalhouse.com\/cs\/produkt\/buy-2mmc-online\/","og_locale":"cs_CZ","og_type":"article","og_title":"Buy 2MMC Online - 2MMC for sale - Order 2MMC","og_description":"Looking to further your research? Buy 2mmc conveniently and securely online, with a straightforward ordering process for 2mmc for sale. Explore the possibilities and buy 2mmc online for your research endeavors today.","og_url":"https:\/\/nembutalhouse.com\/cs\/produkt\/buy-2mmc-online\/","og_site_name":"Nembutal House","article_modified_time":"2026-03-06T07:02:49+00:00","og_image":[{"width":600,"height":600,"url":"https:\/\/nembutalhouse.com\/wp-content\/uploads\/2024\/10\/2mmc-1.gif","type":"image\/gif"}],"twitter_card":"summary_large_image","twitter_misc":{"Odhadovan\u00e1 doba \u010dten\u00ed":"2 minuty"},"schema":{"@context":"https:\/\/schema.org","@graph":[{"@type":"WebPage","@id":"https:\/\/nembutalhouse.com\/product\/buy-2mmc-online\/","url":"https:\/\/nembutalhouse.com\/product\/buy-2mmc-online\/","name":"Buy 2MMC Online - 2MMC for sale - Order 2MMC","isPartOf":{"@id":"https:\/\/nembutalhouse.com\/#website"},"primaryImageOfPage":{"@id":"https:\/\/nembutalhouse.com\/product\/buy-2mmc-online\/#primaryimage"},"image":{"@id":"https:\/\/nembutalhouse.com\/product\/buy-2mmc-online\/#primaryimage"},"thumbnailUrl":"https:\/\/nembutalhouse.com\/wp-content\/uploads\/2024\/10\/2mmc-1.gif","datePublished":"2024-10-16T11:47:46+00:00","dateModified":"2026-03-06T07:02:49+00:00","description":"Looking to further your research? Buy 2mmc conveniently and securely online, with a straightforward ordering process for 2mmc for sale. Explore the possibilities and buy 2mmc online for your research endeavors today.","breadcrumb":{"@id":"https:\/\/nembutalhouse.com\/product\/buy-2mmc-online\/#breadcrumb"},"inLanguage":"cs","potentialAction":[{"@type":"ReadAction","target":["https:\/\/nembutalhouse.com\/product\/buy-2mmc-online\/"]}]},{"@type":"ImageObject","inLanguage":"cs","@id":"https:\/\/nembutalhouse.com\/product\/buy-2mmc-online\/#primaryimage","url":"https:\/\/nembutalhouse.com\/wp-content\/uploads\/2024\/10\/2mmc-1.gif","contentUrl":"https:\/\/nembutalhouse.com\/wp-content\/uploads\/2024\/10\/2mmc-1.gif","width":600,"height":600,"caption":"Buy 2mmc Online"},{"@type":"BreadcrumbList","@id":"https:\/\/nembutalhouse.com\/product\/buy-2mmc-online\/#breadcrumb","itemListElement":[{"@type":"ListItem","position":1,"name":"Home","item":"https:\/\/nembutalhouse.com\/"},{"@type":"ListItem","position":2,"name":"Shop","item":"https:\/\/nembutalhouse.com\/shop\/"},{"@type":"ListItem","position":3,"name":"Buy 2mmc Online"}]},{"@type":"WebSite","@id":"https:\/\/nembutalhouse.com\/#website","url":"https:\/\/nembutalhouse.com\/","name":"Nembutal House","description":"Best Nembutal Online Store","publisher":{"@id":"https:\/\/nembutalhouse.com\/#organization"},"potentialAction":[{"@type":"SearchAction","target":{"@type":"EntryPoint","urlTemplate":"https:\/\/nembutalhouse.com\/?s={search_term_string}"},"query-input":{"@type":"PropertyValueSpecification","valueRequired":true,"valueName":"search_term_string"}}],"inLanguage":"cs"},{"@type":"Organization","@id":"https:\/\/nembutalhouse.com\/#organization","name":"Nembutal House","url":"https:\/\/nembutalhouse.com\/","logo":{"@type":"ImageObject","inLanguage":"cs","@id":"https:\/\/nembutalhouse.com\/#\/schema\/logo\/image\/","url":"https:\/\/nembutalhouse.com\/wp-content\/uploads\/2022\/12\/logo.png","contentUrl":"https:\/\/nembutalhouse.com\/wp-content\/uploads\/2022\/12\/logo.png","width":344,"height":103,"caption":"Nembutal House"},"image":{"@id":"https:\/\/nembutalhouse.com\/#\/schema\/logo\/image\/"}}]}},"_links":{"self":[{"href":"https:\/\/nembutalhouse.com\/cs\/wp-json\/wp\/v2\/product\/1104","targetHints":{"allow":["GET"]}}],"collection":[{"href":"https:\/\/nembutalhouse.com\/cs\/wp-json\/wp\/v2\/product"}],"about":[{"href":"https:\/\/nembutalhouse.com\/cs\/wp-json\/wp\/v2\/types\/product"}],"replies":[{"embeddable":true,"href":"https:\/\/nembutalhouse.com\/cs\/wp-json\/wp\/v2\/comments?post=1104"}],"wp:featuredmedia":[{"embeddable":true,"href":"https:\/\/nembutalhouse.com\/cs\/wp-json\/wp\/v2\/media\/1608"}],"wp:attachment":[{"href":"https:\/\/nembutalhouse.com\/cs\/wp-json\/wp\/v2\/media?parent=1104"}],"wp:term":[{"taxonomy":"product_cat","embeddable":true,"href":"https:\/\/nembutalhouse.com\/cs\/wp-json\/wp\/v2\/product_cat?post=1104"},{"taxonomy":"product_tag","embeddable":true,"href":"https:\/\/nembutalhouse.com\/cs\/wp-json\/wp\/v2\/product_tag?post=1104"}],"curies":[{"name":"wp","href":"https:\/\/api.w.org\/{rel}","templated":true}]}}