{"id":1050,"date":"2024-10-16T11:47:23","date_gmt":"2024-10-16T11:47:23","guid":{"rendered":"https:\/\/nembutalhouse.com\/?post_type=product&#038;p=1050"},"modified":"2026-02-25T11:04:38","modified_gmt":"2026-02-25T11:04:38","slug":"2-fa","status":"publish","type":"product","link":"https:\/\/nembutalhouse.com\/cs\/produkt\/2-fa\/","title":{"rendered":"Koupit 2-FA online"},"content":{"rendered":"<h2><strong>Kupte si 2-FA hydrochlorid online \u2013 Komplexn\u00ed pr\u016fvodce n\u00e1kupem a pochopen\u00edm jeho pou\u017eit\u00ed na NembutalHouse<\/strong><\/h2>\n<p>Chcete se dozv\u011bd\u011bt v\u00edce o <strong>2-FA hydrochlorid<\/strong> nebo zva\u017eujete, kam <a href=\"https:\/\/nembutalhouse.com\/cs\/produkt\/2-fa\/\"><strong>koupit 2-FA hydrochlorid online<\/strong><\/a>? Na adrese <a href=\"https:\/\/nembutalhouse.com\/cs\/\"><strong>NembutalHouse<\/strong><\/a>, poskytujeme podrobn\u00fd pohled na tuto slou\u010deninu, zahrnuj\u00edc\u00ed jej\u00ed pou\u017eit\u00ed, \u00fa\u010dinky, bezpe\u010dnost a dal\u0161\u00ed informace. <strong>2-FA hydrochlorid<\/strong>, zn\u00e1m\u00fd tak\u00e9 jako <strong>2-fluoroamfetamin<\/strong>, je v\u00fdzkumn\u00e1 chemick\u00e1 l\u00e1tka, kter\u00e1 si z\u00edsk\u00e1v\u00e1 pozornost pro sv\u00e9 stimula\u010dn\u00ed vlastnosti a potenci\u00e1ln\u00ed vyu\u017eit\u00ed ve v\u011bdeck\u00fdch studi\u00edch.<a href=\"https:\/\/nembutalhouse.com\/cs\/produkt\/2-fa\/\">.<\/a><\/p>\n<h3>Co je 2-FA hydrochlorid?<\/h3>\n<p><strong>2-FA hydrochlorid<\/strong> je fluorovan\u00fd analog amfetaminu, kter\u00fd se hojn\u011b pou\u017e\u00edv\u00e1 p\u0159i v\u00fdrob\u011b <strong>v\u00fdzkum<\/strong> zkoumat jeho \u00fa\u010dinky na centr\u00e1ln\u00ed nervov\u00fd syst\u00e9m. Je zn\u00e1m\u00fd pro svou podobnost s amfetaminem, <strong>2-FA vs. amfetamin<\/strong> srovn\u00e1n\u00ed zd\u016fraz\u0148uj\u00ed jeho m\u00edrn\u011bj\u0161\u00ed stimula\u010dn\u00ed vlastnosti a jedine\u010dn\u00fd farmakologick\u00fd profil.<a href=\"https:\/\/nembutalhouse.com\/cs\/\">.<\/a><\/p>\n<h3>Kl\u00ed\u010dov\u00e9 vlastnosti a pou\u017eit\u00ed hydrochloridu 2-FA:<\/h3>\n<ul>\n<li><strong>2-FA pou\u017e\u00edv\u00e1<\/strong>: B\u011b\u017en\u011b se pou\u017e\u00edv\u00e1 ve v\u00fdzkumu pro studium jeho metabolismu, neurologick\u00fdch \u00fa\u010dink\u016f a potenci\u00e1ln\u00edch terapeutick\u00fdch aplikac\u00ed.<\/li>\n<li><strong>V\u00fdzkum 2-FA hydrochloridu<\/strong>: V\u011bdci zkoumaj\u00ed jeho vlastnosti, aby pochopili jeho interakce s neurotransmitery.<\/li>\n<li><strong>Analogy 2-FA hydrochloridu<\/strong>: Pat\u0159\u00ed do skupiny slou\u010denin se strukturn\u00ed a funk\u010dn\u00ed podobnost\u00ed s amfetaminy.<\/li>\n<\/ul>\n<h3>D\u00e1vkov\u00e1n\u00ed a bezpe\u010dnostn\u00ed opat\u0159en\u00ed<\/h3>\n<ul>\n<li><strong>D\u00e1vkov\u00e1n\u00ed 2-FA hydrochloridu<\/strong>: D\u00e1vkov\u00e1n\u00ed se li\u0161\u00ed v z\u00e1vislosti na v\u00fdzkumn\u00fdch protokolech, co\u017e zd\u016fraz\u0148uje pot\u0159ebu p\u0159esn\u00e9ho m\u011b\u0159en\u00ed a dodr\u017eov\u00e1n\u00ed bezpe\u010dnostn\u00edch pokyn\u016f.<\/li>\n<li><strong>Bezpe\u010dnost 2-FA hydrochloridu<\/strong>: Zajist\u011bte spr\u00e1vnou manipulaci a skladov\u00e1n\u00ed, abyste p\u0159ede\u0161li nehod\u00e1m nebo nespr\u00e1vn\u00e9mu pou\u017eit\u00ed.<\/li>\n<li><strong>Abstinen\u010dn\u00ed p\u0159\u00edznaky 2-FA<\/strong>: V\u00fdzkum nazna\u010duje, \u017ee dlouhodob\u00e1 expozice m\u016f\u017ee v\u00e9st k odvyk\u00e1n\u00ed, co\u017e podtrhuje v\u00fdznam kontrolovan\u00e9ho u\u017e\u00edv\u00e1n\u00ed.<\/li>\n<\/ul>\n<h3>\u00da\u010dinky, v\u00fdhody a vedlej\u0161\u00ed \u00fa\u010dinky<\/h3>\n<ul>\n<li><strong>\u00da\u010dinky 2-FA<\/strong>: Zn\u00e1m\u00fd pro m\u00edrnou stimulaci, zlep\u0161en\u00ed soust\u0159ed\u011bn\u00ed a zv\u00fd\u0161en\u00ed energie.<\/li>\n<li><strong>V\u00fdhody 2-FA<\/strong>: Potenci\u00e1ln\u011b u\u017eite\u010dn\u00fd p\u0159i studiu pozornosti, pozn\u00e1v\u00e1n\u00ed a funkce neurotransmiter\u016f.<\/li>\n<li><strong>Ne\u017e\u00e1douc\u00ed \u00fa\u010dinky 2-FA<\/strong>: Zpr\u00e1vy uv\u00e1d\u011bj\u00ed mo\u017en\u00fd kardiovaskul\u00e1rn\u00ed stres, \u00fazkost a nespavost p\u0159i vy\u0161\u0161\u00edch d\u00e1vk\u00e1ch.<\/li>\n<li><strong>Po\u0161kozen\u00ed 2-FA<\/strong>: Nespr\u00e1vn\u00e9 pou\u017eit\u00ed m\u016f\u017ee v\u00e9st ke zdravotn\u00edm rizik\u016fm, co\u017e zd\u016fraz\u0148uje pot\u0159ebu opatrn\u00e9ho zach\u00e1zen\u00ed ve v\u00fdzkumu.<\/li>\n<\/ul>\n<h3>Pr\u00e1vn\u00ed status a mo\u017enost zneu\u017eit\u00ed<\/h3>\n<ul>\n<li><strong>Z\u00e1konnost 2-FA<\/strong>: Na <strong>pr\u00e1vn\u00ed status 2-FA hydrochloridu<\/strong> se v jednotliv\u00fdch zem\u00edch li\u0161\u00ed, v n\u011bkter\u00fdch regionech je jeho prodej omezen nebo je vy\u017eadov\u00e1no povolen\u00ed pro pou\u017eit\u00ed ve v\u00fdzkumu.<\/li>\n<li><strong>Potenci\u00e1l zneu\u017eit\u00ed 2-FA<\/strong>: D\u00edky sv\u00fdm stimula\u010dn\u00edm vlastnostem m\u016f\u017ee b\u00fdt c\u00edlem zneu\u017e\u00edv\u00e1n\u00ed, co\u017e vy\u017eaduje regulaci a dohled.<\/li>\n<li><strong>Uli\u010dn\u00ed cena 2-FA<\/strong>: Na neregulovan\u00fdch trz\u00edch ceny v\u00fdrazn\u011b kol\u00edsaj\u00ed, co\u017e p\u0159edstavuje riziko pad\u011blan\u00fdch nebo kontaminovan\u00fdch v\u00fdrobk\u016f.<\/li>\n<\/ul>\n<h3>Srovn\u00e1n\u00ed a poznatky z v\u00fdzkumu<\/h3>\n<ul>\n<li><strong>2-FA vs. amfetamin<\/strong>: A\u010dkoli je 2-FA strukturn\u011b podobn\u00fd, je \u010dasto pova\u017eov\u00e1n za m\u00e9n\u011b \u00fa\u010dinn\u00fd a m\u00e1 selektivn\u011bj\u0161\u00ed \u00fa\u010dinky.<\/li>\n<li><strong>Metabolismus 2-FA<\/strong>: Studie o jeho metabolick\u00fdch cest\u00e1ch umo\u017e\u0148uj\u00ed nahl\u00e9dnout do jeho interakce s organismem a potenci\u00e1ln\u00edch aplikac\u00ed.<\/li>\n<li><strong>Synt\u00e9za 2-FA hydrochloridu<\/strong>: V\u011bdci zkoumaj\u00ed metody synt\u00e9zy k v\u00fdrob\u011b vysoce \u010dist\u00fdch slou\u010denin pro studium.<\/li>\n<\/ul>\n<h3>Pro\u010d si koupit 2-FA hydrochlorid od spole\u010dnosti NembutalHouse?<\/h3>\n<p>Na adrese <strong>NembutalHouse<\/strong>, je pro n\u00e1s prioritou kvalita a spokojenost z\u00e1kazn\u00edk\u016f. A\u0165 u\u017e hled\u00e1te <a href=\"https:\/\/en.wikipedia.org\/wiki\/2-FA\"><strong>koupit 2-FA hydrochlorid<\/strong><\/a> pro v\u00fdzkum nebo hled\u00e1n\u00ed podrobn\u00fdch informac\u00ed, poskytujeme:<\/p>\n<ul>\n<li><strong>Slou\u010deniny vysok\u00e9 \u010distoty<\/strong>: Zaru\u010den\u00e1 laboratorn\u011b testovan\u00e1 kvalita pro spolehliv\u00e9 v\u00fdsledky.<\/li>\n<li><strong>Komplexn\u00ed informace<\/strong>: Podrobn\u00e9 \u00fadaje o <strong>\u00da\u010dinky, bezpe\u010dnost a pou\u017eit\u00ed 2-FA hydrochloridu<\/strong>.<\/li>\n<li><strong>Zabezpe\u010den\u00e9 transakce<\/strong>: Diskr\u00e9tn\u00ed p\u0159eprava a spolehliv\u00fd z\u00e1kaznick\u00fd servis pro bezprobl\u00e9mov\u00fd z\u00e1\u017eitek.<\/li>\n<\/ul>\n<h3>Objednejte si 2-FA hydrochlorid je\u0161t\u011b dnes<\/h3>\n<p>P\u0159ipraveni prozkoumat potenci\u00e1l <strong>2-FA hydrochlorid<\/strong>? Nav\u0161tivte <strong>NembutalHouse<\/strong> pro prvot\u0159\u00eddn\u00ed produkty a d\u016fv\u011bryhodn\u00fd servis. S rozs\u00e1hl\u00fdmi informacemi o <strong>V\u00fdzkum 2-FA hydrochloridu<\/strong>, <strong>z\u00e1konnost<\/strong>a <strong>d\u00e1vkov\u00e1n\u00ed<\/strong>, jsme va\u0161\u00edm zdrojem informac\u00ed o v\u0161ech v\u011bcech souvisej\u00edc\u00edch s touto v\u00fdzkumnou chemik\u00e1li\u00ed. <strong>Objednejte si nyn\u00ed<\/strong> a p\u0159ipojte se k p\u0159edn\u00edm v\u011bdeck\u00fdm objev\u016fm!<\/p>","protected":false},"excerpt":{"rendered":"<p><strong>2-FA hydrochlorid (2-fluoroamfetamin hydrochlorid)<\/strong> je syntetick\u00fd stimulant pat\u0159\u00edc\u00ed do skupiny amfetamin\u016f. \u010casto b\u00fdv\u00e1 \u0159azen mezi v\u00fdzkumn\u00e9 chemick\u00e9 l\u00e1tky a v ur\u010dit\u00fdch kruz\u00edch si z\u00edskal pozornost d\u00edky sv\u00fdm psychoaktivn\u00edm vlastnostem. Tato p\u0159\u00edru\u010dka poskytuje ucelen\u00fd p\u0159ehled o hydrochloridu 2-FA, v\u010detn\u011b jeho chemick\u00e9 struktury, \u00fa\u010dink\u016f, rizik a pr\u00e1vn\u00edho statusu.<\/p>\n<h3>Chemick\u00e1 struktura a vzorec<\/h3>\n<ul>\n<li><strong>Chemick\u00fd vzorec:<\/strong> C\u2081\u2080H\u2081\u2084FNO<\/li>\n<li><strong>N\u00e1zev IUPAC:<\/strong> 1-(2-fluorfenyl)propan-2-amin<\/li>\n<li><strong>\u010c\u00edslo CAS:<\/strong> 123450-12-3 <em>(Ov\u011b\u0159te si pros\u00edm p\u0159esn\u00e9 \u010d\u00edslo CAS, proto\u017ee se m\u016f\u017ee li\u0161it v z\u00e1vislosti na konkr\u00e9tn\u00edm izomeru.)<\/em><\/li>\n<\/ul>","protected":false},"featured_media":1612,"comment_status":"open","ping_status":"closed","template":"","meta":{"_joinchat":[]},"product_cat":[188],"product_tag":[1834,218,210,214,219,217,1851,1830,189,204,208,216,1840,209,221,215,207,223,213,212,211,1843,220,206,1849,222,1850,1848,190,203,195,1847,1837,205,1839,1829,197,1845,191,199,1842,1836,202,201,1832,1833,1846,193,194,1844,198,196,1841,200,1835,1838,1831,192],"class_list":{"0":"post-1050","1":"product","2":"type-product","3":"status-publish","4":"has-post-thumbnail","6":"product_cat-stimulants","7":"product_tag-2-fa","8":"product_tag-2-fa-analysis","9":"product_tag-2-fa-application","10":"product_tag-2-fa-availability","11":"product_tag-2-fa-chemistry","12":"product_tag-2-fa-distribution","13":"product_tag-2-fa-for-cleaning","14":"product_tag-2-fa-for-sale","15":"product_tag-2-fa-hydrochlorid","16":"product_tag-2-fa-hydrochloride","17":"product_tag-2-fa-laboratory","18":"product_tag-2-fa-market","19":"product_tag-2-fa-online","20":"product_tag-2-fa-price","21":"product_tag-2-fa-reference-material","22":"product_tag-2-fa-regulations","23":"product_tag-2-fa-research","24":"product_tag-2-fa-research-laboratory","25":"product_tag-2-fa-risks","26":"product_tag-2-fa-safety","27":"product_tag-2-fa-storage","28":"product_tag-2-fa-store","29":"product_tag-2-fa-substance","30":"product_tag-2-fa-supplier","31":"product_tag-2-fa-use","32":"product_tag-2-fa-wholesale","33":"product_tag-2-fa-wiki","34":"product_tag-2-fa-worldwide","35":"product_tag-2-fluoroamphetamin-hydrochlorid","36":"product_tag-3-fluoroamphetamine","37":"product_tag-amphetamine","38":"product_tag-best-cheap-price-2-fa","39":"product_tag-best-place-to-buy-2-fa","40":"product_tag-buy-2-fa","41":"product_tag-buy-2-fa-legally","42":"product_tag-buy-2-fa-online","43":"product_tag-cathinone","44":"product_tag-cheap-2-fa","45":"product_tag-chemische-formel-2-fa","46":"product_tag-gesundheitliche-risiken","47":"product_tag-high-quality-2-fa","48":"product_tag-how-to-buy-2-fa","49":"product_tag-mdma","50":"product_tag-methamphetamin","51":"product_tag-order-2-fa","52":"product_tag-order-2-fa-online","53":"product_tag-purcharse-2-fa-powder","54":"product_tag-rechtlicher-status-2-fa-hydrochlorid","55":"product_tag-risiken-2-fa-hydrochlorid","56":"product_tag-shop-2-fa","57":"product_tag-suchtgefahr","58":"product_tag-synthetische-stimulanzien","59":"product_tag-top-quality-2-fa","60":"product_tag-vergleich-zu-4-fa","61":"product_tag-where-to-buy-2-fa","62":"product_tag-where-to-order-2-fa","63":"product_tag-wholesale-2-fa-bulk-online","64":"product_tag-wirkungen-von-2-fa-hydrochlorid","66":"first","67":"instock","68":"shipping-taxable","69":"purchasable","70":"product-type-variable"},"yoast_head":"<!-- This site is optimized with the Yoast SEO plugin v24.1 - https:\/\/yoast.com\/wordpress\/plugins\/seo\/ -->\n<title>Buy 2-FA Online - 2-FA for Sale - Order 2-FA<\/title>\n<meta name=\"description\" content=\"Looking high-quality 2-fa for sale online? NembutalHouse is a leading store where you can buy 2-fa online at the best price. Order Now with Discreet Shipping!\" \/>\n<meta name=\"robots\" content=\"index, follow, max-snippet:-1, max-image-preview:large, max-video-preview:-1\" \/>\n<link rel=\"canonical\" href=\"https:\/\/nembutalhouse.com\/cs\/produkt\/2-fa\/\" \/>\n<meta property=\"og:locale\" content=\"cs_CZ\" \/>\n<meta property=\"og:type\" content=\"article\" \/>\n<meta property=\"og:title\" content=\"Buy 2-FA Online - 2-FA for Sale - Order 2-FA\" \/>\n<meta property=\"og:description\" content=\"Looking high-quality 2-fa for sale online? NembutalHouse is a leading store where you can buy 2-fa online at the best price. Order Now with Discreet Shipping!\" \/>\n<meta property=\"og:url\" content=\"https:\/\/nembutalhouse.com\/cs\/produkt\/2-fa\/\" \/>\n<meta property=\"og:site_name\" content=\"Nembutal House\" \/>\n<meta property=\"article:modified_time\" content=\"2026-02-25T11:04:38+00:00\" \/>\n<meta property=\"og:image\" content=\"https:\/\/nembutalhouse.com\/wp-content\/uploads\/2024\/10\/2-FA.gif\" \/>\n\t<meta property=\"og:image:width\" content=\"600\" \/>\n\t<meta property=\"og:image:height\" content=\"600\" \/>\n\t<meta property=\"og:image:type\" content=\"image\/gif\" \/>\n<meta name=\"twitter:card\" content=\"summary_large_image\" \/>\n<meta name=\"twitter:label1\" content=\"Odhadovan\u00e1 doba \u010dten\u00ed\" \/>\n\t<meta name=\"twitter:data1\" content=\"3 minuty\" \/>\n<script type=\"application\/ld+json\" class=\"yoast-schema-graph\">{\"@context\":\"https:\/\/schema.org\",\"@graph\":[{\"@type\":\"WebPage\",\"@id\":\"https:\/\/nembutalhouse.com\/product\/2-fa\/\",\"url\":\"https:\/\/nembutalhouse.com\/product\/2-fa\/\",\"name\":\"Buy 2-FA Online - 2-FA for Sale - Order 2-FA\",\"isPartOf\":{\"@id\":\"https:\/\/nembutalhouse.com\/#website\"},\"primaryImageOfPage\":{\"@id\":\"https:\/\/nembutalhouse.com\/product\/2-fa\/#primaryimage\"},\"image\":{\"@id\":\"https:\/\/nembutalhouse.com\/product\/2-fa\/#primaryimage\"},\"thumbnailUrl\":\"https:\/\/nembutalhouse.com\/wp-content\/uploads\/2024\/10\/2-FA.gif\",\"datePublished\":\"2024-10-16T11:47:23+00:00\",\"dateModified\":\"2026-02-25T11:04:38+00:00\",\"description\":\"Looking high-quality 2-fa for sale online? NembutalHouse is a leading store where you can buy 2-fa online at the best price. Order Now with Discreet Shipping!\",\"breadcrumb\":{\"@id\":\"https:\/\/nembutalhouse.com\/product\/2-fa\/#breadcrumb\"},\"inLanguage\":\"cs\",\"potentialAction\":[{\"@type\":\"ReadAction\",\"target\":[\"https:\/\/nembutalhouse.com\/product\/2-fa\/\"]}]},{\"@type\":\"ImageObject\",\"inLanguage\":\"cs\",\"@id\":\"https:\/\/nembutalhouse.com\/product\/2-fa\/#primaryimage\",\"url\":\"https:\/\/nembutalhouse.com\/wp-content\/uploads\/2024\/10\/2-FA.gif\",\"contentUrl\":\"https:\/\/nembutalhouse.com\/wp-content\/uploads\/2024\/10\/2-FA.gif\",\"width\":600,\"height\":600,\"caption\":\"Buy 2-FA Online\"},{\"@type\":\"BreadcrumbList\",\"@id\":\"https:\/\/nembutalhouse.com\/product\/2-fa\/#breadcrumb\",\"itemListElement\":[{\"@type\":\"ListItem\",\"position\":1,\"name\":\"Home\",\"item\":\"https:\/\/nembutalhouse.com\/\"},{\"@type\":\"ListItem\",\"position\":2,\"name\":\"Shop\",\"item\":\"https:\/\/nembutalhouse.com\/shop\/\"},{\"@type\":\"ListItem\",\"position\":3,\"name\":\"Buy 2-FA Online\"}]},{\"@type\":\"WebSite\",\"@id\":\"https:\/\/nembutalhouse.com\/#website\",\"url\":\"https:\/\/nembutalhouse.com\/\",\"name\":\"Nembutal House\",\"description\":\"Best Nembutal Online Store\",\"publisher\":{\"@id\":\"https:\/\/nembutalhouse.com\/#organization\"},\"potentialAction\":[{\"@type\":\"SearchAction\",\"target\":{\"@type\":\"EntryPoint\",\"urlTemplate\":\"https:\/\/nembutalhouse.com\/?s={search_term_string}\"},\"query-input\":{\"@type\":\"PropertyValueSpecification\",\"valueRequired\":true,\"valueName\":\"search_term_string\"}}],\"inLanguage\":\"cs\"},{\"@type\":\"Organization\",\"@id\":\"https:\/\/nembutalhouse.com\/#organization\",\"name\":\"Nembutal House\",\"url\":\"https:\/\/nembutalhouse.com\/\",\"logo\":{\"@type\":\"ImageObject\",\"inLanguage\":\"cs\",\"@id\":\"https:\/\/nembutalhouse.com\/#\/schema\/logo\/image\/\",\"url\":\"https:\/\/nembutalhouse.com\/wp-content\/uploads\/2022\/12\/logo.png\",\"contentUrl\":\"https:\/\/nembutalhouse.com\/wp-content\/uploads\/2022\/12\/logo.png\",\"width\":344,\"height\":103,\"caption\":\"Nembutal House\"},\"image\":{\"@id\":\"https:\/\/nembutalhouse.com\/#\/schema\/logo\/image\/\"}}]}<\/script>\n<!-- \/ Yoast SEO plugin. -->","yoast_head_json":{"title":"Buy 2-FA Online - 2-FA for Sale - Order 2-FA","description":"Looking high-quality 2-fa for sale online? NembutalHouse is a leading store where you can buy 2-fa online at the best price. Order Now with Discreet Shipping!","robots":{"index":"index","follow":"follow","max-snippet":"max-snippet:-1","max-image-preview":"max-image-preview:large","max-video-preview":"max-video-preview:-1"},"canonical":"https:\/\/nembutalhouse.com\/cs\/produkt\/2-fa\/","og_locale":"cs_CZ","og_type":"article","og_title":"Buy 2-FA Online - 2-FA for Sale - Order 2-FA","og_description":"Looking high-quality 2-fa for sale online? NembutalHouse is a leading store where you can buy 2-fa online at the best price. Order Now with Discreet Shipping!","og_url":"https:\/\/nembutalhouse.com\/cs\/produkt\/2-fa\/","og_site_name":"Nembutal House","article_modified_time":"2026-02-25T11:04:38+00:00","og_image":[{"width":600,"height":600,"url":"https:\/\/nembutalhouse.com\/wp-content\/uploads\/2024\/10\/2-FA.gif","type":"image\/gif"}],"twitter_card":"summary_large_image","twitter_misc":{"Odhadovan\u00e1 doba \u010dten\u00ed":"3 minuty"},"schema":{"@context":"https:\/\/schema.org","@graph":[{"@type":"WebPage","@id":"https:\/\/nembutalhouse.com\/product\/2-fa\/","url":"https:\/\/nembutalhouse.com\/product\/2-fa\/","name":"Buy 2-FA Online - 2-FA for Sale - Order 2-FA","isPartOf":{"@id":"https:\/\/nembutalhouse.com\/#website"},"primaryImageOfPage":{"@id":"https:\/\/nembutalhouse.com\/product\/2-fa\/#primaryimage"},"image":{"@id":"https:\/\/nembutalhouse.com\/product\/2-fa\/#primaryimage"},"thumbnailUrl":"https:\/\/nembutalhouse.com\/wp-content\/uploads\/2024\/10\/2-FA.gif","datePublished":"2024-10-16T11:47:23+00:00","dateModified":"2026-02-25T11:04:38+00:00","description":"Looking high-quality 2-fa for sale online? NembutalHouse is a leading store where you can buy 2-fa online at the best price. Order Now with Discreet Shipping!","breadcrumb":{"@id":"https:\/\/nembutalhouse.com\/product\/2-fa\/#breadcrumb"},"inLanguage":"cs","potentialAction":[{"@type":"ReadAction","target":["https:\/\/nembutalhouse.com\/product\/2-fa\/"]}]},{"@type":"ImageObject","inLanguage":"cs","@id":"https:\/\/nembutalhouse.com\/product\/2-fa\/#primaryimage","url":"https:\/\/nembutalhouse.com\/wp-content\/uploads\/2024\/10\/2-FA.gif","contentUrl":"https:\/\/nembutalhouse.com\/wp-content\/uploads\/2024\/10\/2-FA.gif","width":600,"height":600,"caption":"Buy 2-FA Online"},{"@type":"BreadcrumbList","@id":"https:\/\/nembutalhouse.com\/product\/2-fa\/#breadcrumb","itemListElement":[{"@type":"ListItem","position":1,"name":"Home","item":"https:\/\/nembutalhouse.com\/"},{"@type":"ListItem","position":2,"name":"Shop","item":"https:\/\/nembutalhouse.com\/shop\/"},{"@type":"ListItem","position":3,"name":"Buy 2-FA Online"}]},{"@type":"WebSite","@id":"https:\/\/nembutalhouse.com\/#website","url":"https:\/\/nembutalhouse.com\/","name":"Nembutal House","description":"Best Nembutal Online Store","publisher":{"@id":"https:\/\/nembutalhouse.com\/#organization"},"potentialAction":[{"@type":"SearchAction","target":{"@type":"EntryPoint","urlTemplate":"https:\/\/nembutalhouse.com\/?s={search_term_string}"},"query-input":{"@type":"PropertyValueSpecification","valueRequired":true,"valueName":"search_term_string"}}],"inLanguage":"cs"},{"@type":"Organization","@id":"https:\/\/nembutalhouse.com\/#organization","name":"Nembutal House","url":"https:\/\/nembutalhouse.com\/","logo":{"@type":"ImageObject","inLanguage":"cs","@id":"https:\/\/nembutalhouse.com\/#\/schema\/logo\/image\/","url":"https:\/\/nembutalhouse.com\/wp-content\/uploads\/2022\/12\/logo.png","contentUrl":"https:\/\/nembutalhouse.com\/wp-content\/uploads\/2022\/12\/logo.png","width":344,"height":103,"caption":"Nembutal House"},"image":{"@id":"https:\/\/nembutalhouse.com\/#\/schema\/logo\/image\/"}}]}},"_links":{"self":[{"href":"https:\/\/nembutalhouse.com\/cs\/wp-json\/wp\/v2\/product\/1050","targetHints":{"allow":["GET"]}}],"collection":[{"href":"https:\/\/nembutalhouse.com\/cs\/wp-json\/wp\/v2\/product"}],"about":[{"href":"https:\/\/nembutalhouse.com\/cs\/wp-json\/wp\/v2\/types\/product"}],"replies":[{"embeddable":true,"href":"https:\/\/nembutalhouse.com\/cs\/wp-json\/wp\/v2\/comments?post=1050"}],"wp:featuredmedia":[{"embeddable":true,"href":"https:\/\/nembutalhouse.com\/cs\/wp-json\/wp\/v2\/media\/1612"}],"wp:attachment":[{"href":"https:\/\/nembutalhouse.com\/cs\/wp-json\/wp\/v2\/media?parent=1050"}],"wp:term":[{"taxonomy":"product_cat","embeddable":true,"href":"https:\/\/nembutalhouse.com\/cs\/wp-json\/wp\/v2\/product_cat?post=1050"},{"taxonomy":"product_tag","embeddable":true,"href":"https:\/\/nembutalhouse.com\/cs\/wp-json\/wp\/v2\/product_tag?post=1050"}],"curies":[{"name":"wp","href":"https:\/\/api.w.org\/{rel}","templated":true}]}}