{"id":91,"date":"2022-12-14T06:49:39","date_gmt":"2022-12-14T06:49:39","guid":{"rendered":"https:\/\/nembutalhouse.com\/?page_id=91"},"modified":"2022-12-14T07:00:36","modified_gmt":"2022-12-14T07:00:36","slug":"about-us","status":"publish","type":"page","link":"https:\/\/nembutalhouse.com\/cs\/o-nas\/","title":{"rendered":"O n\u00e1s"},"content":{"rendered":"<div data-elementor-type=\"wp-page\" data-elementor-id=\"91\" class=\"elementor elementor-91\">\n\t\t\t\t\t\t<section class=\"elementor-section elementor-top-section elementor-element elementor-element-20ba00c elementor-section-boxed elementor-section-height-default elementor-section-height-default\" data-id=\"20ba00c\" data-element_type=\"section\">\n\t\t\t\t\t\t<div class=\"elementor-container elementor-column-gap-default\">\n\t\t\t\t\t<div class=\"elementor-column elementor-col-100 elementor-top-column elementor-element elementor-element-16a6bc4\" data-id=\"16a6bc4\" data-element_type=\"column\">\n\t\t\t<div class=\"elementor-widget-wrap elementor-element-populated\">\n\t\t\t\t\t\t<div class=\"elementor-element elementor-element-436affe elementor-widget elementor-widget-heading\" data-id=\"436affe\" data-element_type=\"widget\" data-widget_type=\"heading.default\">\n\t\t\t\t<div class=\"elementor-widget-container\">\n\t\t\t\t\t<h2 class=\"elementor-heading-title elementor-size-default\">O n\u00e1s pro Nembutal na prodej<\/h2>\t\t\t\t<\/div>\n\t\t\t\t<\/div>\n\t\t\t\t<div class=\"elementor-element elementor-element-53ece00 elementor-widget elementor-widget-text-editor\" data-id=\"53ece00\" data-element_type=\"widget\" data-widget_type=\"text-editor.default\">\n\t\t\t\t<div class=\"elementor-widget-container\">\n\t\t\t\t\t\t\t\t\t<p>M\u00e1me dob\u0159e organizovan\u00fd t\u00fdm p\u0159ipraven\u00fd a kdykoli k dispozici, aby odpov\u011bd\u011bl na v\u00e1\u0161 po\u017eadavek. Nepot\u0159ebujete p\u0159edpis. Na\u0161e ceny jsou m\u00edrn\u00e9. Na\u0161e balic\u00ed a doru\u010dovac\u00ed slu\u017eby jsou rychl\u00e9, levn\u00e9, diskr\u00e9tn\u00ed a vysoce bezpe\u010dn\u00e9. Jsme nejlep\u0161\u00edm zdrojem informac\u00ed o zdravotn\u00ed p\u00e9\u010di a farmaceutick\u00fdch dodavatel\u016f s certifikac\u00ed PCCA u va\u0161ich dve\u0159\u00ed.<\/p>\t\t\t\t\t\t\t\t<\/div>\n\t\t\t\t<\/div>\n\t\t\t\t<section class=\"elementor-section elementor-inner-section elementor-element elementor-element-4c4d2a0 elementor-section-boxed elementor-section-height-default elementor-section-height-default\" data-id=\"4c4d2a0\" data-element_type=\"section\">\n\t\t\t\t\t\t<div class=\"elementor-container elementor-column-gap-default\">\n\t\t\t\t\t<div class=\"elementor-column elementor-col-50 elementor-inner-column elementor-element elementor-element-5941eec\" data-id=\"5941eec\" data-element_type=\"column\">\n\t\t\t<div class=\"elementor-widget-wrap elementor-element-populated\">\n\t\t\t\t\t\t<div class=\"elementor-element elementor-element-8b9e898 elementor-widget elementor-widget-text-editor\" data-id=\"8b9e898\" data-element_type=\"widget\" data-widget_type=\"text-editor.default\">\n\t\t\t\t<div class=\"elementor-widget-container\">\n\t\t\t\t\t\t\t\t\t<p>Bezpe\u010dnost z\u00e1kazn\u00edk\u016f je na\u0161\u00ed nejvy\u0161\u0161\u00ed prioritou. Ke v\u0161em na\u0161im z\u00e1kazn\u00edk\u016fm p\u0159istupujeme se 100% d\u016fv\u011brnost\u00ed a bezpe\u010dnost\u00ed. Db\u00e1me na to, aby v\u0161echny z\u00e1silky byly maxim\u00e1ln\u011b diskr\u00e9tn\u00ed. Tak\u017ee nev\u00e1hejte a objednejte si u n\u00e1s nyn\u00ed. Informace, kter\u00e9 poskytujeme, jsou pouze pro referen\u010dn\u00ed \u00fa\u010dely a nem\u00e1me v \u00famyslu nahrazovat odborn\u00fd n\u00e1zor l\u00e9ka\u0159e.<\/p><p>Usilujeme o zlep\u0161en\u00ed bezpe\u010dnosti spot\u0159ebitel\u016f, abyste nepot\u0159ebovali pouze p\u0159edpis. Na\u0161e platforma je navr\u017eena tak, aby pom\u00e1hala licencovan\u00fdm l\u00e9ka\u0159\u016fm slou\u017eit sv\u00fdm pacient\u016fm lep\u0161\u00edm zp\u016fsobem. Na\u0161e ceny jsou velmi m\u00edrn\u00e9. Jsme odborn\u00edci na rychl\u00e9 doru\u010dovac\u00ed slu\u017eby, levn\u00e9 ceny, diskr\u00e9tn\u00ed a vysoce bezpe\u010dn\u00e9. Bezpe\u010dnost z\u00e1kazn\u00edk\u016f je na\u0161\u00ed nejvy\u0161\u0161\u00ed prioritou.<\/p>\t\t\t\t\t\t\t\t<\/div>\n\t\t\t\t<\/div>\n\t\t\t\t\t<\/div>\n\t\t<\/div>\n\t\t\t\t<div class=\"elementor-column elementor-col-50 elementor-inner-column elementor-element elementor-element-6c25ab1\" data-id=\"6c25ab1\" data-element_type=\"column\">\n\t\t\t<div class=\"elementor-widget-wrap elementor-element-populated\">\n\t\t\t\t\t\t<div class=\"elementor-element elementor-element-f2dab8a elementor-widget elementor-widget-text-editor\" data-id=\"f2dab8a\" data-element_type=\"widget\" data-widget_type=\"text-editor.default\">\n\t\t\t\t<div class=\"elementor-widget-container\">\n\t\t\t\t\t\t\t\t\t<p>Z toho d\u016fvodu je NembutalHouse internetov\u00fd obchod, kter\u00fd slibuje, \u017ee v\u00e1m po rozd\u011blen\u00ed l\u00e9k\u016f podle d\u00e1vkov\u00e1n\u00ed co nejd\u0159\u00edve dod\u00e1 ty nejkvalitn\u011bj\u0161\u00ed farmaceutick\u00e9 produkty a\u017e k va\u0161im dve\u0159\u00edm. V obchod\u011b Nembutal si cen\u00edme kvality produkt\u016f, abychom se ujistili, \u017ee budete spokojeni. Proto\u017ee va\u0161e spokojenost je na\u0161\u00ed nejvy\u0161\u0161\u00ed prioritou, najdete Nembutal v na\u0161em obchod\u011b v r\u016fzn\u00fdch form\u00e1ch, jako je Nembutal tekut\u00fd, Nembutalov\u00e9 pilulky a Nembutalov\u00fd pr\u00e1\u0161ek ve \u0160pan\u011blsku, Kanad\u011b a Austr\u00e1lii. Nicm\u00e9n\u011b, toto je nejlep\u0161\u00ed m\u00edsto, kde m\u016f\u017eete naj\u00edt nejlep\u0161\u00ed Nembutal za nejdostupn\u011bj\u0161\u00ed cenu bez l\u00e9ka\u0159sk\u00e9ho p\u0159edpisu. Pot\u00e9 bude cena produktu takov\u00e1, jak\u00e1 je uvedena na na\u0161ich webov\u00fdch str\u00e1nk\u00e1ch.<\/p>\t\t\t\t\t\t\t\t<\/div>\n\t\t\t\t<\/div>\n\t\t\t\t\t<\/div>\n\t\t<\/div>\n\t\t\t\t\t<\/div>\n\t\t<\/section>\n\t\t\t\t<section class=\"elementor-section elementor-inner-section elementor-element elementor-element-09d2854 elementor-section-boxed elementor-section-height-default elementor-section-height-default\" data-id=\"09d2854\" data-element_type=\"section\">\n\t\t\t\t\t\t<div class=\"elementor-container elementor-column-gap-default\">\n\t\t\t\t\t<div class=\"elementor-column elementor-col-100 elementor-inner-column elementor-element elementor-element-775372c\" data-id=\"775372c\" data-element_type=\"column\">\n\t\t\t<div class=\"elementor-widget-wrap elementor-element-populated\">\n\t\t\t\t\t\t<div class=\"elementor-element elementor-element-3ddf45b elementor-widget elementor-widget-text-editor\" data-id=\"3ddf45b\" data-element_type=\"widget\" data-widget_type=\"text-editor.default\">\n\t\t\t\t<div class=\"elementor-widget-container\">\n\t\t\t\t\t\t\t\t\t<p>V\u0161ichni na\u0161i z\u00e1kazn\u00edci se 100% d\u016fv\u011brnost\u00ed a bezpe\u010dnost\u00ed zaji\u0161\u0165ujeme, \u017ee v\u0161echny z\u00e1silky doraz\u00ed na m\u00edsto ur\u010den\u00ed bezpe\u010dn\u011b. M\u00e1me dob\u0159e organizovan\u00fd t\u00fdm p\u0159ipraven\u00fd a kdykoli k dispozici, aby odpov\u011bd\u011bl na v\u00e1\u0161 po\u017eadavek. Nepot\u0159ebujete p\u0159edpis. Na\u0161e platforma je tak\u00e9 navr\u017eena tak, aby pom\u00e1hala licencovan\u00fdm l\u00e9ka\u0159\u016fm slou\u017eit pacient\u016fm lep\u0161\u00edm zp\u016fsobem.<\/p>\t\t\t\t\t\t\t\t<\/div>\n\t\t\t\t<\/div>\n\t\t\t\t<div class=\"elementor-element elementor-element-d81c0c1 elementor-widget elementor-widget-text-editor\" data-id=\"d81c0c1\" data-element_type=\"widget\" data-widget_type=\"text-editor.default\">\n\t\t\t\t<div class=\"elementor-widget-container\">\n\t\t\t\t\t\t\t\t\t<p><strong>Z\u00e1sady ochrany osobn\u00edch \u00fadaj\u016f:<\/strong><\/p><p>V prvn\u00ed \u0159ad\u011b zaji\u0161\u0165ujeme, aby v\u0161echna va\u0161e data byla uchov\u00e1v\u00e1na v soukrom\u00ed na zabezpe\u010den\u00e9m serveru. Va\u0161e \u00fadaje mohou b\u00fdt pou\u017eity v\u00fdhradn\u011b k tomu, abychom v\u00e1s informovali o nab\u00eddk\u00e1ch nebo zm\u011bn\u00e1ch na\u0161ich z\u00e1sad.<\/p><p><strong>Z\u00e1sady dopravy a doru\u010den\u00ed:<\/strong><\/p><p>Za druh\u00e9, proces doru\u010den\u00ed za\u010d\u00edn\u00e1, jakmile ode\u0161lete svou objedn\u00e1vku. Sna\u017e\u00edme se, abychom objedn\u00e1vky odeslali co nejrychleji. Pokud bydl\u00edte v zemi, produkt v\u00e1m bude doru\u010den do 2 a\u017e 3 dn\u016f. Mimo n\u00e1rod to bude trvat maxim\u00e1ln\u011b 3 a\u017e 4 dny.<\/p><p><strong>Reklama\u010dn\u00ed \u0159\u00e1d:<\/strong><\/p><p>Nab\u00edz\u00edme z\u00e1sady vr\u00e1cen\u00ed pro va\u0161e \u00fapln\u00e9 pohodl\u00ed. Pokud m\u00e1te dobr\u00fd d\u016fvod b\u00fdt s n\u00e1kupem nespokojeni, m\u00e1te p\u011bt dn\u016f na vr\u00e1cen\u00ed polo\u017eky. Vr\u00e1cen\u00ed m\u016f\u017eete prov\u00e9st pouze do p\u011bti dn\u016f t\u00edm, \u017ee se obr\u00e1t\u00edte na na\u0161i z\u00e1kaznickou p\u00e9\u010di a po\u017e\u00e1d\u00e1te o povolen\u00ed pomoc\u00ed na\u0161eho formul\u00e1\u0159e pro vr\u00e1cen\u00ed z\u00e1kazn\u00edk\u016f.<\/p>\t\t\t\t\t\t\t\t<\/div>\n\t\t\t\t<\/div>\n\t\t\t\t\t<\/div>\n\t\t<\/div>\n\t\t\t\t\t<\/div>\n\t\t<\/section>\n\t\t\t\t\t<\/div>\n\t\t<\/div>\n\t\t\t\t\t<\/div>\n\t\t<\/section>\n\t\t\t\t<\/div>","protected":false},"excerpt":{"rendered":"<p>About us for Nembutal for Sale We have a well-organized team ready and available at any time to answer your request. You don&#8217;t need a prescription. Our prices are moderate.&hellip;<\/p>","protected":false},"author":1,"featured_media":0,"parent":0,"menu_order":0,"comment_status":"closed","ping_status":"closed","template":"page-templates\/template-sinatra-fullwidth.php","meta":{"_joinchat":[],"footnotes":""},"class_list":["post-91","page","type-page","status-publish","hentry"],"yoast_head":"<!-- This site is optimized with the Yoast SEO plugin v24.1 - https:\/\/yoast.com\/wordpress\/plugins\/seo\/ -->\n<title>About us | Nembutal House<\/title>\n<meta name=\"robots\" content=\"index, follow, max-snippet:-1, max-image-preview:large, max-video-preview:-1\" \/>\n<link rel=\"canonical\" href=\"https:\/\/nembutalhouse.com\/cs\/o-nas\/\" \/>\n<meta property=\"og:locale\" content=\"cs_CZ\" \/>\n<meta property=\"og:type\" content=\"article\" \/>\n<meta property=\"og:title\" content=\"About us | Nembutal House\" \/>\n<meta property=\"og:description\" content=\"About us for Nembutal for Sale We have a well-organized team ready and available at any time to answer your request. You don&#8217;t need a prescription. Our prices are moderate.&hellip;\" \/>\n<meta property=\"og:url\" content=\"https:\/\/nembutalhouse.com\/cs\/o-nas\/\" \/>\n<meta property=\"og:site_name\" content=\"Nembutal House\" \/>\n<meta property=\"article:modified_time\" content=\"2022-12-14T07:00:36+00:00\" \/>\n<meta name=\"twitter:card\" content=\"summary_large_image\" \/>\n<meta name=\"twitter:label1\" content=\"Odhadovan\u00e1 doba \u010dten\u00ed\" \/>\n\t<meta name=\"twitter:data1\" content=\"2 minuty\" \/>\n<script type=\"application\/ld+json\" class=\"yoast-schema-graph\">{\"@context\":\"https:\/\/schema.org\",\"@graph\":[{\"@type\":\"WebPage\",\"@id\":\"https:\/\/nembutalhouse.com\/about-us\/\",\"url\":\"https:\/\/nembutalhouse.com\/about-us\/\",\"name\":\"About us | Nembutal House\",\"isPartOf\":{\"@id\":\"https:\/\/nembutalhouse.com\/#website\"},\"datePublished\":\"2022-12-14T06:49:39+00:00\",\"dateModified\":\"2022-12-14T07:00:36+00:00\",\"breadcrumb\":{\"@id\":\"https:\/\/nembutalhouse.com\/about-us\/#breadcrumb\"},\"inLanguage\":\"cs\",\"potentialAction\":[{\"@type\":\"ReadAction\",\"target\":[\"https:\/\/nembutalhouse.com\/about-us\/\"]}]},{\"@type\":\"BreadcrumbList\",\"@id\":\"https:\/\/nembutalhouse.com\/about-us\/#breadcrumb\",\"itemListElement\":[{\"@type\":\"ListItem\",\"position\":1,\"name\":\"Home\",\"item\":\"https:\/\/nembutalhouse.com\/\"},{\"@type\":\"ListItem\",\"position\":2,\"name\":\"About us\"}]},{\"@type\":\"WebSite\",\"@id\":\"https:\/\/nembutalhouse.com\/#website\",\"url\":\"https:\/\/nembutalhouse.com\/\",\"name\":\"Nembutal House\",\"description\":\"Best Nembutal Online Store\",\"publisher\":{\"@id\":\"https:\/\/nembutalhouse.com\/#organization\"},\"potentialAction\":[{\"@type\":\"SearchAction\",\"target\":{\"@type\":\"EntryPoint\",\"urlTemplate\":\"https:\/\/nembutalhouse.com\/?s={search_term_string}\"},\"query-input\":{\"@type\":\"PropertyValueSpecification\",\"valueRequired\":true,\"valueName\":\"search_term_string\"}}],\"inLanguage\":\"cs\"},{\"@type\":\"Organization\",\"@id\":\"https:\/\/nembutalhouse.com\/#organization\",\"name\":\"Nembutal House\",\"url\":\"https:\/\/nembutalhouse.com\/\",\"logo\":{\"@type\":\"ImageObject\",\"inLanguage\":\"cs\",\"@id\":\"https:\/\/nembutalhouse.com\/#\/schema\/logo\/image\/\",\"url\":\"https:\/\/nembutalhouse.com\/wp-content\/uploads\/2022\/12\/logo.png\",\"contentUrl\":\"https:\/\/nembutalhouse.com\/wp-content\/uploads\/2022\/12\/logo.png\",\"width\":344,\"height\":103,\"caption\":\"Nembutal House\"},\"image\":{\"@id\":\"https:\/\/nembutalhouse.com\/#\/schema\/logo\/image\/\"}}]}<\/script>\n<!-- \/ Yoast SEO plugin. -->","yoast_head_json":{"title":"About us | Nembutal House","robots":{"index":"index","follow":"follow","max-snippet":"max-snippet:-1","max-image-preview":"max-image-preview:large","max-video-preview":"max-video-preview:-1"},"canonical":"https:\/\/nembutalhouse.com\/cs\/o-nas\/","og_locale":"cs_CZ","og_type":"article","og_title":"About us | Nembutal House","og_description":"About us for Nembutal for Sale We have a well-organized team ready and available at any time to answer your request. You don&#8217;t need a prescription. Our prices are moderate.&hellip;","og_url":"https:\/\/nembutalhouse.com\/cs\/o-nas\/","og_site_name":"Nembutal House","article_modified_time":"2022-12-14T07:00:36+00:00","twitter_card":"summary_large_image","twitter_misc":{"Odhadovan\u00e1 doba \u010dten\u00ed":"2 minuty"},"schema":{"@context":"https:\/\/schema.org","@graph":[{"@type":"WebPage","@id":"https:\/\/nembutalhouse.com\/about-us\/","url":"https:\/\/nembutalhouse.com\/about-us\/","name":"About us | Nembutal House","isPartOf":{"@id":"https:\/\/nembutalhouse.com\/#website"},"datePublished":"2022-12-14T06:49:39+00:00","dateModified":"2022-12-14T07:00:36+00:00","breadcrumb":{"@id":"https:\/\/nembutalhouse.com\/about-us\/#breadcrumb"},"inLanguage":"cs","potentialAction":[{"@type":"ReadAction","target":["https:\/\/nembutalhouse.com\/about-us\/"]}]},{"@type":"BreadcrumbList","@id":"https:\/\/nembutalhouse.com\/about-us\/#breadcrumb","itemListElement":[{"@type":"ListItem","position":1,"name":"Home","item":"https:\/\/nembutalhouse.com\/"},{"@type":"ListItem","position":2,"name":"About us"}]},{"@type":"WebSite","@id":"https:\/\/nembutalhouse.com\/#website","url":"https:\/\/nembutalhouse.com\/","name":"Nembutal House","description":"Best Nembutal Online Store","publisher":{"@id":"https:\/\/nembutalhouse.com\/#organization"},"potentialAction":[{"@type":"SearchAction","target":{"@type":"EntryPoint","urlTemplate":"https:\/\/nembutalhouse.com\/?s={search_term_string}"},"query-input":{"@type":"PropertyValueSpecification","valueRequired":true,"valueName":"search_term_string"}}],"inLanguage":"cs"},{"@type":"Organization","@id":"https:\/\/nembutalhouse.com\/#organization","name":"Nembutal House","url":"https:\/\/nembutalhouse.com\/","logo":{"@type":"ImageObject","inLanguage":"cs","@id":"https:\/\/nembutalhouse.com\/#\/schema\/logo\/image\/","url":"https:\/\/nembutalhouse.com\/wp-content\/uploads\/2022\/12\/logo.png","contentUrl":"https:\/\/nembutalhouse.com\/wp-content\/uploads\/2022\/12\/logo.png","width":344,"height":103,"caption":"Nembutal House"},"image":{"@id":"https:\/\/nembutalhouse.com\/#\/schema\/logo\/image\/"}}]}},"_links":{"self":[{"href":"https:\/\/nembutalhouse.com\/cs\/wp-json\/wp\/v2\/pages\/91","targetHints":{"allow":["GET"]}}],"collection":[{"href":"https:\/\/nembutalhouse.com\/cs\/wp-json\/wp\/v2\/pages"}],"about":[{"href":"https:\/\/nembutalhouse.com\/cs\/wp-json\/wp\/v2\/types\/page"}],"author":[{"embeddable":true,"href":"https:\/\/nembutalhouse.com\/cs\/wp-json\/wp\/v2\/users\/1"}],"replies":[{"embeddable":true,"href":"https:\/\/nembutalhouse.com\/cs\/wp-json\/wp\/v2\/comments?post=91"}],"version-history":[{"count":0,"href":"https:\/\/nembutalhouse.com\/cs\/wp-json\/wp\/v2\/pages\/91\/revisions"}],"wp:attachment":[{"href":"https:\/\/nembutalhouse.com\/cs\/wp-json\/wp\/v2\/media?parent=91"}],"curies":[{"name":"wp","href":"https:\/\/api.w.org\/{rel}","templated":true}]}}